{"id":1018,"date":"2022-01-13T20:46:11","date_gmt":"2022-01-13T17:46:11","guid":{"rendered":"http:\/\/auraparis2021.pastelle.fr\/?page_id=1018"},"modified":"2022-01-16T16:40:39","modified_gmt":"2022-01-16T13:40:39","slug":"le-service-dietetique","status":"publish","type":"page","link":"https:\/\/auraparis.org\/fr\/qui-sommes-nous\/nos-atouts\/des-equipes-pluridisciplinaires-au-service-du-patient\/le-service-dietetique\/","title":{"rendered":"Le service di\u00e9t\u00e9tique"},"content":{"rendered":"<p>[vc_row][vc_column][vc_row_inner][vc_column_inner][vc_custom_heading text=\u00a0\u00bbLe service di\u00e9t\u00e9tique\u00a0\u00bb font_container=\u00a0\u00bbtag:div|text_align:left\u00a0\u00bb use_theme_fonts=\u00a0\u00bbyes\u00a0\u00bb el_class=\u00a0\u00bbcontent-sub-title\u00a0\u00bb][vc_column_text]<\/p>\n<p class=\"p1\">L\u2019AURA s\u2019est dot\u00e9e de 4 di\u00e9t\u00e9ticiennes, afin de couvrir l\u2019ensemble de ses sites\/services.<\/p>\n<p class=\"p1\">En effet, que l\u2019on soit en dialyse, ou suivi pour une maladie r\u00e9nale, hospitalis\u00e9 ou non, l\u2019alimentation a un r\u00f4le important dans l\u2019\u00e9tat de sant\u00e9 du patient.<\/p>\n<p class=\"p1\">Un accompagnement est donc propos\u00e9 \u00e0 chaque \u00e9tape pour r\u00e9pondre aux diff\u00e9rents besoins.<\/p>\n<p class=\"p1\">Dans l\u2019\u00e9tymologie grecque le terme \u00ab\u00a0diaita\u00a0\u00bb signifie \u00ab\u00a0art de vivre\u00a0\u00bb.<\/p>\n<p>&nbsp;<\/p>\n<p class=\"p1\"><b>\u00ab\u00a0Di\u00e9t\u00e9tique\u00a0\u00bb selon Hippocrate (V<sup>e<\/sup> si\u00e8cle avant JC)\u00a0:<\/b><\/p>\n<p>&nbsp;<\/p>\n<p class=\"p1\">\u00ab\u00a0La di\u00e9t\u00e9tique est un art, l\u2019art de bien vivre, donc du bien manger, pour conserver la sant\u00e9 et assurer son \u00e9quilibre. La di\u00e9t\u00e9tique moderne est destin\u00e9e \u00e0 soigner les maladies du savoir-vivre. C\u2019est le comportement dans son ensemble, corps et \u00e2me, qui est en cause. Tout cela constitue une entreprise th\u00e9rapeutique qui touche au plus profond et engage l\u2019\u00eatre m\u00eame\u00a0\u00bb.<\/p>\n<p>&nbsp;<\/p>\n<p class=\"p1\"><span class=\"s1\" style=\"text-decoration: underline; font-size: 17pt;\"><b>Le conseil di\u00e9t\u00e9tique <\/b><\/span><\/p>\n<p class=\"p1\">La nutrition est partie prenante de la sant\u00e9, d\u2019autant plus en n\u00e9phrologie.<\/p>\n<p class=\"p1\">En collaboration avec l\u2019\u00e9quipe m\u00e9dicale et soignante, elles accompagneront le patient, et son entourage si besoin.<\/p>\n<p class=\"p1\">Les di\u00e9t\u00e9ticiennes sont l\u00e0 pour d\u00e9pister les troubles m\u00e9taboliques, en rechercher les causes (diagnostic di\u00e9t\u00e9tique), et aider le patient \u00e0 modifier ce qui doit l\u2019\u00eatre, pour am\u00e9liorer son \u00e9tat de sant\u00e9 et sa qualit\u00e9 de vie.<\/p>\n<p class=\"p1\">L\u2019\u00e9ducation nutritionnelle ce n\u2019est pas \u00ab\u00a0donner un r\u00e9gime\u00a0\u00bb ou \u00ab\u00a0une fiche conseil\u00a0\u00bb, c\u2019est accompagner le patient dans le changement, en fonction de sa situation personnelle.<\/p>\n<p class=\"p1\">Entretiens individuels, plan alimentaire n\u00e9goci\u00e9 sur mesure, ateliers d\u2019ETP, proposition de menus ou de recettes, guide de choix des aliments\u2026 tout est mis en \u0153uvre pour rendre le patient acteur et autonome.<\/p>\n<p>[\/vc_column_text][\/vc_column_inner][\/vc_row_inner][\/vc_column][\/vc_row]<\/p>\n","protected":false},"excerpt":{"rendered":"<p>[vc_row][vc_column][vc_row_inner][vc_column_inner][vc_custom_heading text=\u00a0\u00bbLe service di\u00e9t\u00e9tique\u00a0\u00bb font_container=\u00a0\u00bbtag:div|text_align:left\u00a0\u00bb use_theme_fonts=\u00a0\u00bbyes\u00a0\u00bb el_class=\u00a0\u00bbcontent-sub-title\u00a0\u00bb][vc_column_text] L\u2019AURA s\u2019est dot\u00e9e de 4 di\u00e9t\u00e9ticiennes, afin de couvrir l\u2019ensemble de ses sites\/services. En effet, que l\u2019on soit en dialyse, ou suivi pour une maladie r\u00e9nale, hospitalis\u00e9 ou non, l\u2019alimentation a un r\u00f4le important dans l\u2019\u00e9tat de sant\u00e9 du patient. Un accompagnement est donc propos\u00e9 \u00e0 chaque \u00e9tape &hellip; <\/p>\n<p class=\"link-more\"><a href=\"https:\/\/auraparis.org\/fr\/qui-sommes-nous\/nos-atouts\/des-equipes-pluridisciplinaires-au-service-du-patient\/le-service-dietetique\/\" class=\"more-link\">Continuer la lecture <span class=\"screen-reader-text\"> \u00ab\u00a0Le service di\u00e9t\u00e9tique\u00a0\u00bb<\/span><\/a><\/p>\n","protected":false},"author":5,"featured_media":152,"parent":393,"menu_order":22,"comment_status":"closed","ping_status":"closed","template":"templates\/template-asset-sub.php","meta":{"_acf_changed":false,"footnotes":""},"class_list":["post-1018","page","type-page","status-publish","has-post-thumbnail","hentry","entry"],"acf":[],"yoast_head":"<!-- This site is optimized with the Yoast SEO plugin v27.4 - https:\/\/yoast.com\/product\/yoast-seo-wordpress\/ -->\n<title>Le service di\u00e9t\u00e9tique - L&#039;AURA Paris<\/title>\n<meta name=\"robots\" content=\"index, follow, max-snippet:-1, max-image-preview:large, max-video-preview:-1\" \/>\n<link rel=\"canonical\" href=\"https:\/\/auraparis.org\/fr\/qui-sommes-nous\/nos-atouts\/des-equipes-pluridisciplinaires-au-service-du-patient\/le-service-dietetique\/\" \/>\n<meta property=\"og:locale\" content=\"fr_FR\" \/>\n<meta property=\"og:type\" content=\"article\" \/>\n<meta property=\"og:title\" content=\"Le service di\u00e9t\u00e9tique - L&#039;AURA Paris\" \/>\n<meta property=\"og:description\" content=\"[vc_row][vc_column][vc_row_inner][vc_column_inner][vc_custom_heading text=\u00a0\u00bbLe service di\u00e9t\u00e9tique\u00a0\u00bb font_container=\u00a0\u00bbtag:div|text_align:left\u00a0\u00bb use_theme_fonts=\u00a0\u00bbyes\u00a0\u00bb el_class=\u00a0\u00bbcontent-sub-title\u00a0\u00bb][vc_column_text] L\u2019AURA s\u2019est dot\u00e9e de 4 di\u00e9t\u00e9ticiennes, afin de couvrir l\u2019ensemble de ses sites\/services. En effet, que l\u2019on soit en dialyse, ou suivi pour une maladie r\u00e9nale, hospitalis\u00e9 ou non, l\u2019alimentation a un r\u00f4le important dans l\u2019\u00e9tat de sant\u00e9 du patient. Un accompagnement est donc propos\u00e9 \u00e0 chaque \u00e9tape &hellip; Continuer la lecture \u00ab\u00a0Le service di\u00e9t\u00e9tique\u00a0\u00bb\" \/>\n<meta property=\"og:url\" content=\"https:\/\/auraparis.org\/fr\/qui-sommes-nous\/nos-atouts\/des-equipes-pluridisciplinaires-au-service-du-patient\/le-service-dietetique\/\" \/>\n<meta property=\"og:site_name\" content=\"L&#039;AURA Paris\" \/>\n<meta property=\"article:modified_time\" content=\"2022-01-16T13:40:39+00:00\" \/>\n<meta property=\"og:image\" content=\"https:\/\/auraparis.org\/wp-content\/uploads\/2021\/11\/iStock-643637182@kupicoo-1.jpg\" \/>\n\t<meta property=\"og:image:width\" content=\"2500\" \/>\n\t<meta property=\"og:image:height\" content=\"778\" \/>\n\t<meta property=\"og:image:type\" content=\"image\/jpeg\" \/>\n<meta name=\"twitter:card\" content=\"summary_large_image\" \/>\n<meta name=\"twitter:label1\" content=\"Dur\u00e9e de lecture estim\u00e9e\" \/>\n\t<meta name=\"twitter:data1\" content=\"2 minutes\" \/>\n<script type=\"application\/ld+json\" class=\"yoast-schema-graph\">{\"@context\":\"https:\\\/\\\/schema.org\",\"@graph\":[{\"@type\":\"WebPage\",\"@id\":\"https:\\\/\\\/auraparis.org\\\/fr\\\/qui-sommes-nous\\\/nos-atouts\\\/des-equipes-pluridisciplinaires-au-service-du-patient\\\/le-service-dietetique\\\/\",\"url\":\"https:\\\/\\\/auraparis.org\\\/fr\\\/qui-sommes-nous\\\/nos-atouts\\\/des-equipes-pluridisciplinaires-au-service-du-patient\\\/le-service-dietetique\\\/\",\"name\":\"Le service di\u00e9t\u00e9tique - L&#039;AURA Paris\",\"isPartOf\":{\"@id\":\"https:\\\/\\\/auraparis.org\\\/#website\"},\"primaryImageOfPage\":{\"@id\":\"https:\\\/\\\/auraparis.org\\\/fr\\\/qui-sommes-nous\\\/nos-atouts\\\/des-equipes-pluridisciplinaires-au-service-du-patient\\\/le-service-dietetique\\\/#primaryimage\"},\"image\":{\"@id\":\"https:\\\/\\\/auraparis.org\\\/fr\\\/qui-sommes-nous\\\/nos-atouts\\\/des-equipes-pluridisciplinaires-au-service-du-patient\\\/le-service-dietetique\\\/#primaryimage\"},\"thumbnailUrl\":\"https:\\\/\\\/auraparis.org\\\/wp-content\\\/uploads\\\/2021\\\/11\\\/iStock-643637182@kupicoo-1.jpg\",\"datePublished\":\"2022-01-13T17:46:11+00:00\",\"dateModified\":\"2022-01-16T13:40:39+00:00\",\"breadcrumb\":{\"@id\":\"https:\\\/\\\/auraparis.org\\\/fr\\\/qui-sommes-nous\\\/nos-atouts\\\/des-equipes-pluridisciplinaires-au-service-du-patient\\\/le-service-dietetique\\\/#breadcrumb\"},\"inLanguage\":\"fr-FR\",\"potentialAction\":[{\"@type\":\"ReadAction\",\"target\":[\"https:\\\/\\\/auraparis.org\\\/fr\\\/qui-sommes-nous\\\/nos-atouts\\\/des-equipes-pluridisciplinaires-au-service-du-patient\\\/le-service-dietetique\\\/\"]}]},{\"@type\":\"ImageObject\",\"inLanguage\":\"fr-FR\",\"@id\":\"https:\\\/\\\/auraparis.org\\\/fr\\\/qui-sommes-nous\\\/nos-atouts\\\/des-equipes-pluridisciplinaires-au-service-du-patient\\\/le-service-dietetique\\\/#primaryimage\",\"url\":\"https:\\\/\\\/auraparis.org\\\/wp-content\\\/uploads\\\/2021\\\/11\\\/iStock-643637182@kupicoo-1.jpg\",\"contentUrl\":\"https:\\\/\\\/auraparis.org\\\/wp-content\\\/uploads\\\/2021\\\/11\\\/iStock-643637182@kupicoo-1.jpg\",\"width\":2500,\"height\":778},{\"@type\":\"BreadcrumbList\",\"@id\":\"https:\\\/\\\/auraparis.org\\\/fr\\\/qui-sommes-nous\\\/nos-atouts\\\/des-equipes-pluridisciplinaires-au-service-du-patient\\\/le-service-dietetique\\\/#breadcrumb\",\"itemListElement\":[{\"@type\":\"ListItem\",\"position\":1,\"name\":\"Accueil\",\"item\":\"https:\\\/\\\/auraparis.org\\\/fr\\\/\"},{\"@type\":\"ListItem\",\"position\":2,\"name\":\"Qui sommes-nous ?\",\"item\":\"https:\\\/\\\/auraparis.org\\\/fr\\\/qui-sommes-nous\\\/\"},{\"@type\":\"ListItem\",\"position\":3,\"name\":\"Nos atouts\",\"item\":\"https:\\\/\\\/auraparis.org\\\/fr\\\/qui-sommes-nous\\\/nos-atouts\\\/\"},{\"@type\":\"ListItem\",\"position\":4,\"name\":\"Des \u00e9quipes pluridisciplinaires au service du patient\",\"item\":\"https:\\\/\\\/auraparis.org\\\/fr\\\/qui-sommes-nous\\\/nos-atouts\\\/des-equipes-pluridisciplinaires-au-service-du-patient\\\/\"},{\"@type\":\"ListItem\",\"position\":5,\"name\":\"Le service di\u00e9t\u00e9tique\"}]},{\"@type\":\"WebSite\",\"@id\":\"https:\\\/\\\/auraparis.org\\\/#website\",\"url\":\"https:\\\/\\\/auraparis.org\\\/\",\"name\":\"L&#039;AURA Paris\",\"description\":\"\",\"publisher\":{\"@id\":\"https:\\\/\\\/auraparis.org\\\/#organization\"},\"potentialAction\":[{\"@type\":\"SearchAction\",\"target\":{\"@type\":\"EntryPoint\",\"urlTemplate\":\"https:\\\/\\\/auraparis.org\\\/?s={search_term_string}\"},\"query-input\":{\"@type\":\"PropertyValueSpecification\",\"valueRequired\":true,\"valueName\":\"search_term_string\"}}],\"inLanguage\":\"fr-FR\"},{\"@type\":\"Organization\",\"@id\":\"https:\\\/\\\/auraparis.org\\\/#organization\",\"name\":\"L&#039;AURA Paris\",\"url\":\"https:\\\/\\\/auraparis.org\\\/\",\"logo\":{\"@type\":\"ImageObject\",\"inLanguage\":\"fr-FR\",\"@id\":\"https:\\\/\\\/auraparis.org\\\/#\\\/schema\\\/logo\\\/image\\\/\",\"url\":\"https:\\\/\\\/auraparis.org\\\/wp-content\\\/uploads\\\/2026\\\/02\\\/cropped-favicon-dore.jpg\",\"contentUrl\":\"https:\\\/\\\/auraparis.org\\\/wp-content\\\/uploads\\\/2026\\\/02\\\/cropped-favicon-dore.jpg\",\"width\":190,\"height\":190,\"caption\":\"L&#039;AURA Paris\"},\"image\":{\"@id\":\"https:\\\/\\\/auraparis.org\\\/#\\\/schema\\\/logo\\\/image\\\/\"}}]}<\/script>\n<!-- \/ Yoast SEO plugin. -->","yoast_head_json":{"title":"Le service di\u00e9t\u00e9tique - L&#039;AURA Paris","robots":{"index":"index","follow":"follow","max-snippet":"max-snippet:-1","max-image-preview":"max-image-preview:large","max-video-preview":"max-video-preview:-1"},"canonical":"https:\/\/auraparis.org\/fr\/qui-sommes-nous\/nos-atouts\/des-equipes-pluridisciplinaires-au-service-du-patient\/le-service-dietetique\/","og_locale":"fr_FR","og_type":"article","og_title":"Le service di\u00e9t\u00e9tique - L&#039;AURA Paris","og_description":"[vc_row][vc_column][vc_row_inner][vc_column_inner][vc_custom_heading text=\u00a0\u00bbLe service di\u00e9t\u00e9tique\u00a0\u00bb font_container=\u00a0\u00bbtag:div|text_align:left\u00a0\u00bb use_theme_fonts=\u00a0\u00bbyes\u00a0\u00bb el_class=\u00a0\u00bbcontent-sub-title\u00a0\u00bb][vc_column_text] L\u2019AURA s\u2019est dot\u00e9e de 4 di\u00e9t\u00e9ticiennes, afin de couvrir l\u2019ensemble de ses sites\/services. En effet, que l\u2019on soit en dialyse, ou suivi pour une maladie r\u00e9nale, hospitalis\u00e9 ou non, l\u2019alimentation a un r\u00f4le important dans l\u2019\u00e9tat de sant\u00e9 du patient. Un accompagnement est donc propos\u00e9 \u00e0 chaque \u00e9tape &hellip; Continuer la lecture \u00ab\u00a0Le service di\u00e9t\u00e9tique\u00a0\u00bb","og_url":"https:\/\/auraparis.org\/fr\/qui-sommes-nous\/nos-atouts\/des-equipes-pluridisciplinaires-au-service-du-patient\/le-service-dietetique\/","og_site_name":"L&#039;AURA Paris","article_modified_time":"2022-01-16T13:40:39+00:00","og_image":[{"width":2500,"height":778,"url":"https:\/\/auraparis.org\/wp-content\/uploads\/2021\/11\/iStock-643637182@kupicoo-1.jpg","type":"image\/jpeg"}],"twitter_card":"summary_large_image","twitter_misc":{"Dur\u00e9e de lecture estim\u00e9e":"2 minutes"},"schema":{"@context":"https:\/\/schema.org","@graph":[{"@type":"WebPage","@id":"https:\/\/auraparis.org\/fr\/qui-sommes-nous\/nos-atouts\/des-equipes-pluridisciplinaires-au-service-du-patient\/le-service-dietetique\/","url":"https:\/\/auraparis.org\/fr\/qui-sommes-nous\/nos-atouts\/des-equipes-pluridisciplinaires-au-service-du-patient\/le-service-dietetique\/","name":"Le service di\u00e9t\u00e9tique - L&#039;AURA Paris","isPartOf":{"@id":"https:\/\/auraparis.org\/#website"},"primaryImageOfPage":{"@id":"https:\/\/auraparis.org\/fr\/qui-sommes-nous\/nos-atouts\/des-equipes-pluridisciplinaires-au-service-du-patient\/le-service-dietetique\/#primaryimage"},"image":{"@id":"https:\/\/auraparis.org\/fr\/qui-sommes-nous\/nos-atouts\/des-equipes-pluridisciplinaires-au-service-du-patient\/le-service-dietetique\/#primaryimage"},"thumbnailUrl":"https:\/\/auraparis.org\/wp-content\/uploads\/2021\/11\/iStock-643637182@kupicoo-1.jpg","datePublished":"2022-01-13T17:46:11+00:00","dateModified":"2022-01-16T13:40:39+00:00","breadcrumb":{"@id":"https:\/\/auraparis.org\/fr\/qui-sommes-nous\/nos-atouts\/des-equipes-pluridisciplinaires-au-service-du-patient\/le-service-dietetique\/#breadcrumb"},"inLanguage":"fr-FR","potentialAction":[{"@type":"ReadAction","target":["https:\/\/auraparis.org\/fr\/qui-sommes-nous\/nos-atouts\/des-equipes-pluridisciplinaires-au-service-du-patient\/le-service-dietetique\/"]}]},{"@type":"ImageObject","inLanguage":"fr-FR","@id":"https:\/\/auraparis.org\/fr\/qui-sommes-nous\/nos-atouts\/des-equipes-pluridisciplinaires-au-service-du-patient\/le-service-dietetique\/#primaryimage","url":"https:\/\/auraparis.org\/wp-content\/uploads\/2021\/11\/iStock-643637182@kupicoo-1.jpg","contentUrl":"https:\/\/auraparis.org\/wp-content\/uploads\/2021\/11\/iStock-643637182@kupicoo-1.jpg","width":2500,"height":778},{"@type":"BreadcrumbList","@id":"https:\/\/auraparis.org\/fr\/qui-sommes-nous\/nos-atouts\/des-equipes-pluridisciplinaires-au-service-du-patient\/le-service-dietetique\/#breadcrumb","itemListElement":[{"@type":"ListItem","position":1,"name":"Accueil","item":"https:\/\/auraparis.org\/fr\/"},{"@type":"ListItem","position":2,"name":"Qui sommes-nous ?","item":"https:\/\/auraparis.org\/fr\/qui-sommes-nous\/"},{"@type":"ListItem","position":3,"name":"Nos atouts","item":"https:\/\/auraparis.org\/fr\/qui-sommes-nous\/nos-atouts\/"},{"@type":"ListItem","position":4,"name":"Des \u00e9quipes pluridisciplinaires au service du patient","item":"https:\/\/auraparis.org\/fr\/qui-sommes-nous\/nos-atouts\/des-equipes-pluridisciplinaires-au-service-du-patient\/"},{"@type":"ListItem","position":5,"name":"Le service di\u00e9t\u00e9tique"}]},{"@type":"WebSite","@id":"https:\/\/auraparis.org\/#website","url":"https:\/\/auraparis.org\/","name":"L&#039;AURA Paris","description":"","publisher":{"@id":"https:\/\/auraparis.org\/#organization"},"potentialAction":[{"@type":"SearchAction","target":{"@type":"EntryPoint","urlTemplate":"https:\/\/auraparis.org\/?s={search_term_string}"},"query-input":{"@type":"PropertyValueSpecification","valueRequired":true,"valueName":"search_term_string"}}],"inLanguage":"fr-FR"},{"@type":"Organization","@id":"https:\/\/auraparis.org\/#organization","name":"L&#039;AURA Paris","url":"https:\/\/auraparis.org\/","logo":{"@type":"ImageObject","inLanguage":"fr-FR","@id":"https:\/\/auraparis.org\/#\/schema\/logo\/image\/","url":"https:\/\/auraparis.org\/wp-content\/uploads\/2026\/02\/cropped-favicon-dore.jpg","contentUrl":"https:\/\/auraparis.org\/wp-content\/uploads\/2026\/02\/cropped-favicon-dore.jpg","width":190,"height":190,"caption":"L&#039;AURA Paris"},"image":{"@id":"https:\/\/auraparis.org\/#\/schema\/logo\/image\/"}}]}},"_links":{"self":[{"href":"https:\/\/auraparis.org\/fr\/wp-json\/wp\/v2\/pages\/1018","targetHints":{"allow":["GET"]}}],"collection":[{"href":"https:\/\/auraparis.org\/fr\/wp-json\/wp\/v2\/pages"}],"about":[{"href":"https:\/\/auraparis.org\/fr\/wp-json\/wp\/v2\/types\/page"}],"author":[{"embeddable":true,"href":"https:\/\/auraparis.org\/fr\/wp-json\/wp\/v2\/users\/5"}],"replies":[{"embeddable":true,"href":"https:\/\/auraparis.org\/fr\/wp-json\/wp\/v2\/comments?post=1018"}],"version-history":[{"count":7,"href":"https:\/\/auraparis.org\/fr\/wp-json\/wp\/v2\/pages\/1018\/revisions"}],"predecessor-version":[{"id":1050,"href":"https:\/\/auraparis.org\/fr\/wp-json\/wp\/v2\/pages\/1018\/revisions\/1050"}],"up":[{"embeddable":true,"href":"https:\/\/auraparis.org\/fr\/wp-json\/wp\/v2\/pages\/393"}],"wp:featuredmedia":[{"embeddable":true,"href":"https:\/\/auraparis.org\/fr\/wp-json\/wp\/v2\/media\/152"}],"wp:attachment":[{"href":"https:\/\/auraparis.org\/fr\/wp-json\/wp\/v2\/media?parent=1018"}],"curies":[{"name":"wp","href":"https:\/\/api.w.org\/{rel}","templated":true}]}}