{"id":1021,"date":"2022-01-13T20:47:46","date_gmt":"2022-01-13T17:47:46","guid":{"rendered":"http:\/\/auraparis2021.pastelle.fr\/?page_id=1021"},"modified":"2022-11-29T19:19:55","modified_gmt":"2022-11-29T16:19:55","slug":"le-kinesitherapeute","status":"publish","type":"page","link":"https:\/\/auraparis.org\/fr\/qui-sommes-nous\/nos-atouts\/des-equipes-pluridisciplinaires-au-service-du-patient\/le-kinesitherapeute\/","title":{"rendered":"Le kin\u00e9sith\u00e9rapeute"},"content":{"rendered":"<p>[vc_row][vc_column][vc_row_inner][vc_column_inner][vc_custom_heading text=\u00a0\u00bbLe kin\u00e9sith\u00e9rapeute\u00a0\u00bb font_container=\u00a0\u00bbtag:div|text_align:left\u00a0\u00bb use_theme_fonts=\u00a0\u00bbyes\u00a0\u00bb el_class=\u00a0\u00bbcontent-sub-title\u00a0\u00bb][vc_column_text]<\/p>\n<p class=\"p1\">Au sein du service d\u2019hospitalisation, le kin\u00e9sith\u00e9rapeute a pour mission la prise en charge de la r\u00e9\u00e9ducation des patients.<\/p>\n<p>&nbsp;<\/p>\n<p class=\"p1\">En \u00e9troite collaboration avec l\u2019\u00e9quipe m\u00e9dicale et soignante, il r\u00e9alise les soins de r\u00e9\u00e9ducation afin de maintenir ou de restaurer les capacit\u00e9s fonctionnelles des patients.<\/p>\n<p>&nbsp;<\/p>\n<p class=\"p1\">Il contribue \u00e0 l&rsquo;am\u00e9lioration continue de la prise en charge en participant \u00e0 la coordination des soins et \u00e0 la d\u00e9marche qualit\u00e9 (tra\u00e7abilit\u00e9 des soins, participation aux transmissions, participation \u00e0 la d\u00e9marche qualit\u00e9 de l\u2019\u00e9tablissement).<\/p>\n<p>[\/vc_column_text][\/vc_column_inner][\/vc_row_inner][\/vc_column][\/vc_row]<\/p>\n","protected":false},"excerpt":{"rendered":"<p>[vc_row][vc_column][vc_row_inner][vc_column_inner][vc_custom_heading text=\u00a0\u00bbLe kin\u00e9sith\u00e9rapeute\u00a0\u00bb font_container=\u00a0\u00bbtag:div|text_align:left\u00a0\u00bb use_theme_fonts=\u00a0\u00bbyes\u00a0\u00bb el_class=\u00a0\u00bbcontent-sub-title\u00a0\u00bb][vc_column_text] Au sein du service d\u2019hospitalisation, le kin\u00e9sith\u00e9rapeute a pour mission la prise en charge de la r\u00e9\u00e9ducation des patients. &nbsp; En \u00e9troite collaboration avec l\u2019\u00e9quipe m\u00e9dicale et soignante, il r\u00e9alise les soins de r\u00e9\u00e9ducation afin de maintenir ou de restaurer les capacit\u00e9s fonctionnelles des patients. &nbsp; Il contribue \u00e0 &hellip; <\/p>\n<p class=\"link-more\"><a href=\"https:\/\/auraparis.org\/fr\/qui-sommes-nous\/nos-atouts\/des-equipes-pluridisciplinaires-au-service-du-patient\/le-kinesitherapeute\/\" class=\"more-link\">Continuer la lecture <span class=\"screen-reader-text\"> \u00ab\u00a0Le kin\u00e9sith\u00e9rapeute\u00a0\u00bb<\/span><\/a><\/p>\n","protected":false},"author":5,"featured_media":152,"parent":393,"menu_order":21,"comment_status":"closed","ping_status":"closed","template":"templates\/template-asset-sub.php","meta":{"_acf_changed":false,"footnotes":""},"class_list":["post-1021","page","type-page","status-publish","has-post-thumbnail","hentry","entry"],"acf":[],"yoast_head":"<!-- This site is optimized with the Yoast SEO plugin v27.3 - https:\/\/yoast.com\/product\/yoast-seo-wordpress\/ -->\n<title>Le kin\u00e9sith\u00e9rapeute - L&#039;AURA Paris<\/title>\n<meta name=\"robots\" content=\"index, follow, max-snippet:-1, max-image-preview:large, max-video-preview:-1\" \/>\n<link rel=\"canonical\" href=\"https:\/\/auraparis.org\/fr\/qui-sommes-nous\/nos-atouts\/des-equipes-pluridisciplinaires-au-service-du-patient\/le-kinesitherapeute\/\" \/>\n<meta property=\"og:locale\" content=\"fr_FR\" \/>\n<meta property=\"og:type\" content=\"article\" \/>\n<meta property=\"og:title\" content=\"Le kin\u00e9sith\u00e9rapeute - L&#039;AURA Paris\" \/>\n<meta property=\"og:description\" content=\"[vc_row][vc_column][vc_row_inner][vc_column_inner][vc_custom_heading text=\u00a0\u00bbLe kin\u00e9sith\u00e9rapeute\u00a0\u00bb font_container=\u00a0\u00bbtag:div|text_align:left\u00a0\u00bb use_theme_fonts=\u00a0\u00bbyes\u00a0\u00bb el_class=\u00a0\u00bbcontent-sub-title\u00a0\u00bb][vc_column_text] Au sein du service d\u2019hospitalisation, le kin\u00e9sith\u00e9rapeute a pour mission la prise en charge de la r\u00e9\u00e9ducation des patients. &nbsp; En \u00e9troite collaboration avec l\u2019\u00e9quipe m\u00e9dicale et soignante, il r\u00e9alise les soins de r\u00e9\u00e9ducation afin de maintenir ou de restaurer les capacit\u00e9s fonctionnelles des patients. &nbsp; Il contribue \u00e0 &hellip; Continuer la lecture \u00ab\u00a0Le kin\u00e9sith\u00e9rapeute\u00a0\u00bb\" \/>\n<meta property=\"og:url\" content=\"https:\/\/auraparis.org\/fr\/qui-sommes-nous\/nos-atouts\/des-equipes-pluridisciplinaires-au-service-du-patient\/le-kinesitherapeute\/\" \/>\n<meta property=\"og:site_name\" content=\"L&#039;AURA Paris\" \/>\n<meta property=\"article:modified_time\" content=\"2022-11-29T16:19:55+00:00\" \/>\n<meta property=\"og:image\" content=\"https:\/\/auraparis.org\/wp-content\/uploads\/2021\/11\/iStock-643637182@kupicoo-1.jpg\" \/>\n\t<meta property=\"og:image:width\" content=\"2500\" \/>\n\t<meta property=\"og:image:height\" content=\"778\" \/>\n\t<meta property=\"og:image:type\" content=\"image\/jpeg\" \/>\n<meta name=\"twitter:card\" content=\"summary_large_image\" \/>\n<meta name=\"twitter:label1\" content=\"Dur\u00e9e de lecture estim\u00e9e\" \/>\n\t<meta name=\"twitter:data1\" content=\"1 minute\" \/>\n<script type=\"application\/ld+json\" class=\"yoast-schema-graph\">{\"@context\":\"https:\\\/\\\/schema.org\",\"@graph\":[{\"@type\":\"WebPage\",\"@id\":\"https:\\\/\\\/auraparis.org\\\/fr\\\/qui-sommes-nous\\\/nos-atouts\\\/des-equipes-pluridisciplinaires-au-service-du-patient\\\/le-kinesitherapeute\\\/\",\"url\":\"https:\\\/\\\/auraparis.org\\\/fr\\\/qui-sommes-nous\\\/nos-atouts\\\/des-equipes-pluridisciplinaires-au-service-du-patient\\\/le-kinesitherapeute\\\/\",\"name\":\"Le kin\u00e9sith\u00e9rapeute - L&#039;AURA Paris\",\"isPartOf\":{\"@id\":\"https:\\\/\\\/auraparis.org\\\/#website\"},\"primaryImageOfPage\":{\"@id\":\"https:\\\/\\\/auraparis.org\\\/fr\\\/qui-sommes-nous\\\/nos-atouts\\\/des-equipes-pluridisciplinaires-au-service-du-patient\\\/le-kinesitherapeute\\\/#primaryimage\"},\"image\":{\"@id\":\"https:\\\/\\\/auraparis.org\\\/fr\\\/qui-sommes-nous\\\/nos-atouts\\\/des-equipes-pluridisciplinaires-au-service-du-patient\\\/le-kinesitherapeute\\\/#primaryimage\"},\"thumbnailUrl\":\"https:\\\/\\\/auraparis.org\\\/wp-content\\\/uploads\\\/2021\\\/11\\\/iStock-643637182@kupicoo-1.jpg\",\"datePublished\":\"2022-01-13T17:47:46+00:00\",\"dateModified\":\"2022-11-29T16:19:55+00:00\",\"breadcrumb\":{\"@id\":\"https:\\\/\\\/auraparis.org\\\/fr\\\/qui-sommes-nous\\\/nos-atouts\\\/des-equipes-pluridisciplinaires-au-service-du-patient\\\/le-kinesitherapeute\\\/#breadcrumb\"},\"inLanguage\":\"fr-FR\",\"potentialAction\":[{\"@type\":\"ReadAction\",\"target\":[\"https:\\\/\\\/auraparis.org\\\/fr\\\/qui-sommes-nous\\\/nos-atouts\\\/des-equipes-pluridisciplinaires-au-service-du-patient\\\/le-kinesitherapeute\\\/\"]}]},{\"@type\":\"ImageObject\",\"inLanguage\":\"fr-FR\",\"@id\":\"https:\\\/\\\/auraparis.org\\\/fr\\\/qui-sommes-nous\\\/nos-atouts\\\/des-equipes-pluridisciplinaires-au-service-du-patient\\\/le-kinesitherapeute\\\/#primaryimage\",\"url\":\"https:\\\/\\\/auraparis.org\\\/wp-content\\\/uploads\\\/2021\\\/11\\\/iStock-643637182@kupicoo-1.jpg\",\"contentUrl\":\"https:\\\/\\\/auraparis.org\\\/wp-content\\\/uploads\\\/2021\\\/11\\\/iStock-643637182@kupicoo-1.jpg\",\"width\":2500,\"height\":778},{\"@type\":\"BreadcrumbList\",\"@id\":\"https:\\\/\\\/auraparis.org\\\/fr\\\/qui-sommes-nous\\\/nos-atouts\\\/des-equipes-pluridisciplinaires-au-service-du-patient\\\/le-kinesitherapeute\\\/#breadcrumb\",\"itemListElement\":[{\"@type\":\"ListItem\",\"position\":1,\"name\":\"Accueil\",\"item\":\"https:\\\/\\\/auraparis.org\\\/fr\\\/\"},{\"@type\":\"ListItem\",\"position\":2,\"name\":\"Qui sommes-nous ?\",\"item\":\"https:\\\/\\\/auraparis.org\\\/fr\\\/qui-sommes-nous\\\/\"},{\"@type\":\"ListItem\",\"position\":3,\"name\":\"Nos atouts\",\"item\":\"https:\\\/\\\/auraparis.org\\\/fr\\\/qui-sommes-nous\\\/nos-atouts\\\/\"},{\"@type\":\"ListItem\",\"position\":4,\"name\":\"Des \u00e9quipes pluridisciplinaires au service du patient\",\"item\":\"https:\\\/\\\/auraparis.org\\\/fr\\\/qui-sommes-nous\\\/nos-atouts\\\/des-equipes-pluridisciplinaires-au-service-du-patient\\\/\"},{\"@type\":\"ListItem\",\"position\":5,\"name\":\"Le kin\u00e9sith\u00e9rapeute\"}]},{\"@type\":\"WebSite\",\"@id\":\"https:\\\/\\\/auraparis.org\\\/#website\",\"url\":\"https:\\\/\\\/auraparis.org\\\/\",\"name\":\"L&#039;AURA Paris\",\"description\":\"\",\"publisher\":{\"@id\":\"https:\\\/\\\/auraparis.org\\\/#organization\"},\"potentialAction\":[{\"@type\":\"SearchAction\",\"target\":{\"@type\":\"EntryPoint\",\"urlTemplate\":\"https:\\\/\\\/auraparis.org\\\/?s={search_term_string}\"},\"query-input\":{\"@type\":\"PropertyValueSpecification\",\"valueRequired\":true,\"valueName\":\"search_term_string\"}}],\"inLanguage\":\"fr-FR\"},{\"@type\":\"Organization\",\"@id\":\"https:\\\/\\\/auraparis.org\\\/#organization\",\"name\":\"L&#039;AURA Paris\",\"url\":\"https:\\\/\\\/auraparis.org\\\/\",\"logo\":{\"@type\":\"ImageObject\",\"inLanguage\":\"fr-FR\",\"@id\":\"https:\\\/\\\/auraparis.org\\\/#\\\/schema\\\/logo\\\/image\\\/\",\"url\":\"https:\\\/\\\/auraparis.org\\\/wp-content\\\/uploads\\\/2026\\\/02\\\/cropped-favicon-dore.jpg\",\"contentUrl\":\"https:\\\/\\\/auraparis.org\\\/wp-content\\\/uploads\\\/2026\\\/02\\\/cropped-favicon-dore.jpg\",\"width\":190,\"height\":190,\"caption\":\"L&#039;AURA Paris\"},\"image\":{\"@id\":\"https:\\\/\\\/auraparis.org\\\/#\\\/schema\\\/logo\\\/image\\\/\"}}]}<\/script>\n<!-- \/ Yoast SEO plugin. -->","yoast_head_json":{"title":"Le kin\u00e9sith\u00e9rapeute - L&#039;AURA Paris","robots":{"index":"index","follow":"follow","max-snippet":"max-snippet:-1","max-image-preview":"max-image-preview:large","max-video-preview":"max-video-preview:-1"},"canonical":"https:\/\/auraparis.org\/fr\/qui-sommes-nous\/nos-atouts\/des-equipes-pluridisciplinaires-au-service-du-patient\/le-kinesitherapeute\/","og_locale":"fr_FR","og_type":"article","og_title":"Le kin\u00e9sith\u00e9rapeute - L&#039;AURA Paris","og_description":"[vc_row][vc_column][vc_row_inner][vc_column_inner][vc_custom_heading text=\u00a0\u00bbLe kin\u00e9sith\u00e9rapeute\u00a0\u00bb font_container=\u00a0\u00bbtag:div|text_align:left\u00a0\u00bb use_theme_fonts=\u00a0\u00bbyes\u00a0\u00bb el_class=\u00a0\u00bbcontent-sub-title\u00a0\u00bb][vc_column_text] Au sein du service d\u2019hospitalisation, le kin\u00e9sith\u00e9rapeute a pour mission la prise en charge de la r\u00e9\u00e9ducation des patients. &nbsp; En \u00e9troite collaboration avec l\u2019\u00e9quipe m\u00e9dicale et soignante, il r\u00e9alise les soins de r\u00e9\u00e9ducation afin de maintenir ou de restaurer les capacit\u00e9s fonctionnelles des patients. &nbsp; Il contribue \u00e0 &hellip; Continuer la lecture \u00ab\u00a0Le kin\u00e9sith\u00e9rapeute\u00a0\u00bb","og_url":"https:\/\/auraparis.org\/fr\/qui-sommes-nous\/nos-atouts\/des-equipes-pluridisciplinaires-au-service-du-patient\/le-kinesitherapeute\/","og_site_name":"L&#039;AURA Paris","article_modified_time":"2022-11-29T16:19:55+00:00","og_image":[{"width":2500,"height":778,"url":"https:\/\/auraparis.org\/wp-content\/uploads\/2021\/11\/iStock-643637182@kupicoo-1.jpg","type":"image\/jpeg"}],"twitter_card":"summary_large_image","twitter_misc":{"Dur\u00e9e de lecture estim\u00e9e":"1 minute"},"schema":{"@context":"https:\/\/schema.org","@graph":[{"@type":"WebPage","@id":"https:\/\/auraparis.org\/fr\/qui-sommes-nous\/nos-atouts\/des-equipes-pluridisciplinaires-au-service-du-patient\/le-kinesitherapeute\/","url":"https:\/\/auraparis.org\/fr\/qui-sommes-nous\/nos-atouts\/des-equipes-pluridisciplinaires-au-service-du-patient\/le-kinesitherapeute\/","name":"Le kin\u00e9sith\u00e9rapeute - L&#039;AURA Paris","isPartOf":{"@id":"https:\/\/auraparis.org\/#website"},"primaryImageOfPage":{"@id":"https:\/\/auraparis.org\/fr\/qui-sommes-nous\/nos-atouts\/des-equipes-pluridisciplinaires-au-service-du-patient\/le-kinesitherapeute\/#primaryimage"},"image":{"@id":"https:\/\/auraparis.org\/fr\/qui-sommes-nous\/nos-atouts\/des-equipes-pluridisciplinaires-au-service-du-patient\/le-kinesitherapeute\/#primaryimage"},"thumbnailUrl":"https:\/\/auraparis.org\/wp-content\/uploads\/2021\/11\/iStock-643637182@kupicoo-1.jpg","datePublished":"2022-01-13T17:47:46+00:00","dateModified":"2022-11-29T16:19:55+00:00","breadcrumb":{"@id":"https:\/\/auraparis.org\/fr\/qui-sommes-nous\/nos-atouts\/des-equipes-pluridisciplinaires-au-service-du-patient\/le-kinesitherapeute\/#breadcrumb"},"inLanguage":"fr-FR","potentialAction":[{"@type":"ReadAction","target":["https:\/\/auraparis.org\/fr\/qui-sommes-nous\/nos-atouts\/des-equipes-pluridisciplinaires-au-service-du-patient\/le-kinesitherapeute\/"]}]},{"@type":"ImageObject","inLanguage":"fr-FR","@id":"https:\/\/auraparis.org\/fr\/qui-sommes-nous\/nos-atouts\/des-equipes-pluridisciplinaires-au-service-du-patient\/le-kinesitherapeute\/#primaryimage","url":"https:\/\/auraparis.org\/wp-content\/uploads\/2021\/11\/iStock-643637182@kupicoo-1.jpg","contentUrl":"https:\/\/auraparis.org\/wp-content\/uploads\/2021\/11\/iStock-643637182@kupicoo-1.jpg","width":2500,"height":778},{"@type":"BreadcrumbList","@id":"https:\/\/auraparis.org\/fr\/qui-sommes-nous\/nos-atouts\/des-equipes-pluridisciplinaires-au-service-du-patient\/le-kinesitherapeute\/#breadcrumb","itemListElement":[{"@type":"ListItem","position":1,"name":"Accueil","item":"https:\/\/auraparis.org\/fr\/"},{"@type":"ListItem","position":2,"name":"Qui sommes-nous ?","item":"https:\/\/auraparis.org\/fr\/qui-sommes-nous\/"},{"@type":"ListItem","position":3,"name":"Nos atouts","item":"https:\/\/auraparis.org\/fr\/qui-sommes-nous\/nos-atouts\/"},{"@type":"ListItem","position":4,"name":"Des \u00e9quipes pluridisciplinaires au service du patient","item":"https:\/\/auraparis.org\/fr\/qui-sommes-nous\/nos-atouts\/des-equipes-pluridisciplinaires-au-service-du-patient\/"},{"@type":"ListItem","position":5,"name":"Le kin\u00e9sith\u00e9rapeute"}]},{"@type":"WebSite","@id":"https:\/\/auraparis.org\/#website","url":"https:\/\/auraparis.org\/","name":"L&#039;AURA Paris","description":"","publisher":{"@id":"https:\/\/auraparis.org\/#organization"},"potentialAction":[{"@type":"SearchAction","target":{"@type":"EntryPoint","urlTemplate":"https:\/\/auraparis.org\/?s={search_term_string}"},"query-input":{"@type":"PropertyValueSpecification","valueRequired":true,"valueName":"search_term_string"}}],"inLanguage":"fr-FR"},{"@type":"Organization","@id":"https:\/\/auraparis.org\/#organization","name":"L&#039;AURA Paris","url":"https:\/\/auraparis.org\/","logo":{"@type":"ImageObject","inLanguage":"fr-FR","@id":"https:\/\/auraparis.org\/#\/schema\/logo\/image\/","url":"https:\/\/auraparis.org\/wp-content\/uploads\/2026\/02\/cropped-favicon-dore.jpg","contentUrl":"https:\/\/auraparis.org\/wp-content\/uploads\/2026\/02\/cropped-favicon-dore.jpg","width":190,"height":190,"caption":"L&#039;AURA Paris"},"image":{"@id":"https:\/\/auraparis.org\/#\/schema\/logo\/image\/"}}]}},"_links":{"self":[{"href":"https:\/\/auraparis.org\/fr\/wp-json\/wp\/v2\/pages\/1021","targetHints":{"allow":["GET"]}}],"collection":[{"href":"https:\/\/auraparis.org\/fr\/wp-json\/wp\/v2\/pages"}],"about":[{"href":"https:\/\/auraparis.org\/fr\/wp-json\/wp\/v2\/types\/page"}],"author":[{"embeddable":true,"href":"https:\/\/auraparis.org\/fr\/wp-json\/wp\/v2\/users\/5"}],"replies":[{"embeddable":true,"href":"https:\/\/auraparis.org\/fr\/wp-json\/wp\/v2\/comments?post=1021"}],"version-history":[{"count":9,"href":"https:\/\/auraparis.org\/fr\/wp-json\/wp\/v2\/pages\/1021\/revisions"}],"predecessor-version":[{"id":2395,"href":"https:\/\/auraparis.org\/fr\/wp-json\/wp\/v2\/pages\/1021\/revisions\/2395"}],"up":[{"embeddable":true,"href":"https:\/\/auraparis.org\/fr\/wp-json\/wp\/v2\/pages\/393"}],"wp:featuredmedia":[{"embeddable":true,"href":"https:\/\/auraparis.org\/fr\/wp-json\/wp\/v2\/media\/152"}],"wp:attachment":[{"href":"https:\/\/auraparis.org\/fr\/wp-json\/wp\/v2\/media?parent=1021"}],"curies":[{"name":"wp","href":"https:\/\/api.w.org\/{rel}","templated":true}]}}