{"id":1025,"date":"2022-01-13T20:49:00","date_gmt":"2022-01-13T17:49:00","guid":{"rendered":"http:\/\/auraparis2021.pastelle.fr\/?page_id=1025"},"modified":"2025-10-02T11:31:00","modified_gmt":"2025-10-02T10:31:00","slug":"les-equipes-logistiques-et-techniques","status":"publish","type":"page","link":"https:\/\/auraparis.org\/fr\/qui-sommes-nous\/nos-atouts\/des-equipes-pluridisciplinaires-au-service-du-patient\/les-equipes-logistiques-et-techniques\/","title":{"rendered":"Les \u00e9quipes logistiques et techniques"},"content":{"rendered":"<p>[vc_row][vc_column][vc_row_inner][vc_column_inner][vc_custom_heading text=\u00a0\u00bbLes \u00e9quipes logistiques et techniques\u00a0\u00bb font_container=\u00a0\u00bbtag:div|text_align:left\u00a0\u00bb use_theme_fonts=\u00a0\u00bbyes\u00a0\u00bb el_class=\u00a0\u00bbcontent-sub-title\u00a0\u00bb][vc_single_image image=\u00a0\u00bb1579&Prime; img_size=\u00a0\u00bbfull\u00a0\u00bb alignment=\u00a0\u00bbcenter\u00a0\u00bb][vc_column_text]<span style=\"font-size: 17pt;\"><strong>Zoom sur l&rsquo;organisation logistique de l&rsquo;AURA Paris. Dans la r\u00e9gion \u00cele-de-France, l\u2019association AURA PARIS dispose d\u2019un entrep\u00f4t principal situ\u00e9 dans le d\u00e9partement de l\u2019Essonne (91) \u00e0 Verri\u00e8res-le-Buisson avec un espace de stockage d\u2019environ 1500 m<sup>2<\/sup> pour g\u00e9rer toutes ses activit\u00e9s :<\/strong><\/span><\/p>\n<p>&nbsp;<\/p>\n<ul>\n<li class=\"p1\">Pr\u00e9paration des commandes patients h\u00e9modialys\u00e9s \u00e0 domicile<\/li>\n<li class=\"p1\">Pr\u00e9paration des commandes patients en dialyse p\u00e9riton\u00e9ale \u00e0 domicile<\/li>\n<li class=\"p1\">Pr\u00e9paration des commandes patients pour leur s\u00e9jour vacances<\/li>\n<li class=\"p1\">Pr\u00e9paration des commandes pour toutes nos unit\u00e9s d\u2019auto-dialyse<\/li>\n<li class=\"p1\">Pr\u00e9paration des commandes pour nos centres de formation<\/li>\n<\/ul>\n<p>&nbsp;<\/p>\n<p><span style=\"color: #f08000; font-size: 17pt;\"><strong>Notre \u00e9quipe logistique se d\u00e9compose de la mani\u00e8re suivante :<\/strong><\/span><\/p>\n<ul>\n<li class=\"p1\">Responsable logistique<\/li>\n<li class=\"p1\">Responsables de Magasin r\u00e9partis sur 3 sites (Aura Paris Plaisance, Saint-Ouen et Verri\u00e8res-le-Buisson)<\/li>\n<li class=\"p1\">Collaborateurs pour les pr\u00e9parations de commandes<\/li>\n<li class=\"p1\">Collaborateurs pour la livraison \u00e0 domicile des patients et des onze structures de soins<\/li>\n<li class=\"p1\">Responsable du p\u00f4le domicile et son \u00e9quipe de 3 collaborateurs pour la gestion des bons de commandes patients<\/li>\n<\/ul>\n<p>&nbsp;<\/p>\n<p><span style=\"color: #f08000; font-size: 17pt;\"><strong>Nos engagements logistiques :<\/strong><\/span><\/p>\n<ul>\n<li class=\"p1\">Contr\u00f4le de la qualit\u00e9 et de la quantit\u00e9<\/li>\n<li class=\"p1\">Reconditionnement et \u00e9tiquetage<\/li>\n<li class=\"p1\">Zone s\u00e9curis\u00e9e pour le stockage des produits<\/li>\n<li class=\"p1\">Temp\u00e9rature contr\u00f4l\u00e9e : 20-25 degr\u00e9s<\/li>\n<li class=\"p1\">R\u00e9approvisionnement des stocks dynamiques dans les zones de picking<\/li>\n<li class=\"p1\">Gestion de la date d\u2019expiration<\/li>\n<li class=\"p1\">Gestion FIFO<\/li>\n<li class=\"p1\">Inventaires tournants<\/li>\n<\/ul>\n<p>&nbsp;<\/p>\n<p><span style=\"color: #f08000; font-size: 17pt;\"><strong>Nos engagements transports :<\/strong><\/span><\/p>\n<ul>\n<li class=\"p1\">Planification et ajustement des livraisons patients<\/li>\n<li class=\"p1\">Chargement des camions au d\u00e9part de l\u2019entrep\u00f4t principal<\/li>\n<li class=\"p1\">Gestion des palettes non livr\u00e9es<\/li>\n<li class=\"p1\">Gestion des retraits marchandises et du mat\u00e9riel mis \u00e0 disposition<\/li>\n<\/ul>\n<p>&nbsp;<\/p>\n<p class=\"p1\"><strong>Toute notre \u00e9quipe est pr\u00e9sente pour r\u00e9pondre aux diff\u00e9rentes demandes, s\u2019organiser et s\u2019adapter aux situations que vivent nos patients au quotidien.<\/strong><\/p>\n<p>&nbsp;<\/p>\n<p class=\"p1\"><strong>Nous soignons la pr\u00e9paration de vos commandes ainsi que la livraison \u00e0 domicile pour vous donner un service de qualit\u00e9.<\/strong><\/p>\n<p>[\/vc_column_text][\/vc_column_inner][\/vc_row_inner][\/vc_column][\/vc_row]<\/p>\n","protected":false},"excerpt":{"rendered":"<p>[vc_row][vc_column][vc_row_inner][vc_column_inner][vc_custom_heading text=\u00a0\u00bbLes \u00e9quipes logistiques et techniques\u00a0\u00bb font_container=\u00a0\u00bbtag:div|text_align:left\u00a0\u00bb use_theme_fonts=\u00a0\u00bbyes\u00a0\u00bb el_class=\u00a0\u00bbcontent-sub-title\u00a0\u00bb][vc_single_image image=\u00a0\u00bb1579&Prime; img_size=\u00a0\u00bbfull\u00a0\u00bb alignment=\u00a0\u00bbcenter\u00a0\u00bb][vc_column_text]Zoom sur l&rsquo;organisation logistique de l&rsquo;AURA Paris. Dans la r\u00e9gion \u00cele-de-France, l\u2019association AURA PARIS dispose d\u2019un entrep\u00f4t principal situ\u00e9 dans le d\u00e9partement de l\u2019Essonne (91) \u00e0 Verri\u00e8res-le-Buisson avec un espace de stockage d\u2019environ 1500 m2 pour g\u00e9rer toutes ses activit\u00e9s : &nbsp; Pr\u00e9paration des &hellip; <\/p>\n<p class=\"link-more\"><a href=\"https:\/\/auraparis.org\/fr\/qui-sommes-nous\/nos-atouts\/des-equipes-pluridisciplinaires-au-service-du-patient\/les-equipes-logistiques-et-techniques\/\" class=\"more-link\">Continuer la lecture <span class=\"screen-reader-text\"> \u00ab\u00a0Les \u00e9quipes logistiques et techniques\u00a0\u00bb<\/span><\/a><\/p>\n","protected":false},"author":5,"featured_media":152,"parent":393,"menu_order":18,"comment_status":"closed","ping_status":"closed","template":"templates\/template-asset-sub.php","meta":{"_acf_changed":false,"footnotes":""},"class_list":["post-1025","page","type-page","status-publish","has-post-thumbnail","hentry","entry"],"acf":[],"yoast_head":"<!-- This site is optimized with the Yoast SEO plugin v27.3 - https:\/\/yoast.com\/product\/yoast-seo-wordpress\/ -->\n<title>Les \u00e9quipes logistiques et techniques - L&#039;AURA Paris<\/title>\n<meta name=\"robots\" content=\"index, follow, max-snippet:-1, max-image-preview:large, max-video-preview:-1\" \/>\n<link rel=\"canonical\" href=\"https:\/\/auraparis.org\/fr\/qui-sommes-nous\/nos-atouts\/des-equipes-pluridisciplinaires-au-service-du-patient\/les-equipes-logistiques-et-techniques\/\" \/>\n<meta property=\"og:locale\" content=\"fr_FR\" \/>\n<meta property=\"og:type\" content=\"article\" \/>\n<meta property=\"og:title\" content=\"Les \u00e9quipes logistiques et techniques - L&#039;AURA Paris\" \/>\n<meta property=\"og:description\" content=\"[vc_row][vc_column][vc_row_inner][vc_column_inner][vc_custom_heading text=\u00a0\u00bbLes \u00e9quipes logistiques et techniques\u00a0\u00bb font_container=\u00a0\u00bbtag:div|text_align:left\u00a0\u00bb use_theme_fonts=\u00a0\u00bbyes\u00a0\u00bb el_class=\u00a0\u00bbcontent-sub-title\u00a0\u00bb][vc_single_image image=\u00a0\u00bb1579&Prime; img_size=\u00a0\u00bbfull\u00a0\u00bb alignment=\u00a0\u00bbcenter\u00a0\u00bb][vc_column_text]Zoom sur l&rsquo;organisation logistique de l&rsquo;AURA Paris. Dans la r\u00e9gion \u00cele-de-France, l\u2019association AURA PARIS dispose d\u2019un entrep\u00f4t principal situ\u00e9 dans le d\u00e9partement de l\u2019Essonne (91) \u00e0 Verri\u00e8res-le-Buisson avec un espace de stockage d\u2019environ 1500 m2 pour g\u00e9rer toutes ses activit\u00e9s : &nbsp; Pr\u00e9paration des &hellip; Continuer la lecture \u00ab\u00a0Les \u00e9quipes logistiques et techniques\u00a0\u00bb\" \/>\n<meta property=\"og:url\" content=\"https:\/\/auraparis.org\/fr\/qui-sommes-nous\/nos-atouts\/des-equipes-pluridisciplinaires-au-service-du-patient\/les-equipes-logistiques-et-techniques\/\" \/>\n<meta property=\"og:site_name\" content=\"L&#039;AURA Paris\" \/>\n<meta property=\"article:modified_time\" content=\"2025-10-02T10:31:00+00:00\" \/>\n<meta property=\"og:image\" content=\"https:\/\/auraparis.org\/wp-content\/uploads\/2021\/11\/iStock-643637182@kupicoo-1.jpg\" \/>\n\t<meta property=\"og:image:width\" content=\"2500\" \/>\n\t<meta property=\"og:image:height\" content=\"778\" \/>\n\t<meta property=\"og:image:type\" content=\"image\/jpeg\" \/>\n<meta name=\"twitter:card\" content=\"summary_large_image\" \/>\n<meta name=\"twitter:label1\" content=\"Dur\u00e9e de lecture estim\u00e9e\" \/>\n\t<meta name=\"twitter:data1\" content=\"2 minutes\" \/>\n<script type=\"application\/ld+json\" class=\"yoast-schema-graph\">{\"@context\":\"https:\\\/\\\/schema.org\",\"@graph\":[{\"@type\":\"WebPage\",\"@id\":\"https:\\\/\\\/auraparis.org\\\/fr\\\/qui-sommes-nous\\\/nos-atouts\\\/des-equipes-pluridisciplinaires-au-service-du-patient\\\/les-equipes-logistiques-et-techniques\\\/\",\"url\":\"https:\\\/\\\/auraparis.org\\\/fr\\\/qui-sommes-nous\\\/nos-atouts\\\/des-equipes-pluridisciplinaires-au-service-du-patient\\\/les-equipes-logistiques-et-techniques\\\/\",\"name\":\"Les \u00e9quipes logistiques et techniques - L&#039;AURA Paris\",\"isPartOf\":{\"@id\":\"https:\\\/\\\/auraparis.org\\\/#website\"},\"primaryImageOfPage\":{\"@id\":\"https:\\\/\\\/auraparis.org\\\/fr\\\/qui-sommes-nous\\\/nos-atouts\\\/des-equipes-pluridisciplinaires-au-service-du-patient\\\/les-equipes-logistiques-et-techniques\\\/#primaryimage\"},\"image\":{\"@id\":\"https:\\\/\\\/auraparis.org\\\/fr\\\/qui-sommes-nous\\\/nos-atouts\\\/des-equipes-pluridisciplinaires-au-service-du-patient\\\/les-equipes-logistiques-et-techniques\\\/#primaryimage\"},\"thumbnailUrl\":\"https:\\\/\\\/auraparis.org\\\/wp-content\\\/uploads\\\/2021\\\/11\\\/iStock-643637182@kupicoo-1.jpg\",\"datePublished\":\"2022-01-13T17:49:00+00:00\",\"dateModified\":\"2025-10-02T10:31:00+00:00\",\"breadcrumb\":{\"@id\":\"https:\\\/\\\/auraparis.org\\\/fr\\\/qui-sommes-nous\\\/nos-atouts\\\/des-equipes-pluridisciplinaires-au-service-du-patient\\\/les-equipes-logistiques-et-techniques\\\/#breadcrumb\"},\"inLanguage\":\"fr-FR\",\"potentialAction\":[{\"@type\":\"ReadAction\",\"target\":[\"https:\\\/\\\/auraparis.org\\\/fr\\\/qui-sommes-nous\\\/nos-atouts\\\/des-equipes-pluridisciplinaires-au-service-du-patient\\\/les-equipes-logistiques-et-techniques\\\/\"]}]},{\"@type\":\"ImageObject\",\"inLanguage\":\"fr-FR\",\"@id\":\"https:\\\/\\\/auraparis.org\\\/fr\\\/qui-sommes-nous\\\/nos-atouts\\\/des-equipes-pluridisciplinaires-au-service-du-patient\\\/les-equipes-logistiques-et-techniques\\\/#primaryimage\",\"url\":\"https:\\\/\\\/auraparis.org\\\/wp-content\\\/uploads\\\/2021\\\/11\\\/iStock-643637182@kupicoo-1.jpg\",\"contentUrl\":\"https:\\\/\\\/auraparis.org\\\/wp-content\\\/uploads\\\/2021\\\/11\\\/iStock-643637182@kupicoo-1.jpg\",\"width\":2500,\"height\":778},{\"@type\":\"BreadcrumbList\",\"@id\":\"https:\\\/\\\/auraparis.org\\\/fr\\\/qui-sommes-nous\\\/nos-atouts\\\/des-equipes-pluridisciplinaires-au-service-du-patient\\\/les-equipes-logistiques-et-techniques\\\/#breadcrumb\",\"itemListElement\":[{\"@type\":\"ListItem\",\"position\":1,\"name\":\"Accueil\",\"item\":\"https:\\\/\\\/auraparis.org\\\/fr\\\/\"},{\"@type\":\"ListItem\",\"position\":2,\"name\":\"Qui sommes-nous ?\",\"item\":\"https:\\\/\\\/auraparis.org\\\/fr\\\/qui-sommes-nous\\\/\"},{\"@type\":\"ListItem\",\"position\":3,\"name\":\"Nos atouts\",\"item\":\"https:\\\/\\\/auraparis.org\\\/fr\\\/qui-sommes-nous\\\/nos-atouts\\\/\"},{\"@type\":\"ListItem\",\"position\":4,\"name\":\"Des \u00e9quipes pluridisciplinaires au service du patient\",\"item\":\"https:\\\/\\\/auraparis.org\\\/fr\\\/qui-sommes-nous\\\/nos-atouts\\\/des-equipes-pluridisciplinaires-au-service-du-patient\\\/\"},{\"@type\":\"ListItem\",\"position\":5,\"name\":\"Les \u00e9quipes logistiques et techniques\"}]},{\"@type\":\"WebSite\",\"@id\":\"https:\\\/\\\/auraparis.org\\\/#website\",\"url\":\"https:\\\/\\\/auraparis.org\\\/\",\"name\":\"L&#039;AURA Paris\",\"description\":\"\",\"publisher\":{\"@id\":\"https:\\\/\\\/auraparis.org\\\/#organization\"},\"potentialAction\":[{\"@type\":\"SearchAction\",\"target\":{\"@type\":\"EntryPoint\",\"urlTemplate\":\"https:\\\/\\\/auraparis.org\\\/?s={search_term_string}\"},\"query-input\":{\"@type\":\"PropertyValueSpecification\",\"valueRequired\":true,\"valueName\":\"search_term_string\"}}],\"inLanguage\":\"fr-FR\"},{\"@type\":\"Organization\",\"@id\":\"https:\\\/\\\/auraparis.org\\\/#organization\",\"name\":\"L&#039;AURA Paris\",\"url\":\"https:\\\/\\\/auraparis.org\\\/\",\"logo\":{\"@type\":\"ImageObject\",\"inLanguage\":\"fr-FR\",\"@id\":\"https:\\\/\\\/auraparis.org\\\/#\\\/schema\\\/logo\\\/image\\\/\",\"url\":\"https:\\\/\\\/auraparis.org\\\/wp-content\\\/uploads\\\/2026\\\/02\\\/cropped-favicon-dore.jpg\",\"contentUrl\":\"https:\\\/\\\/auraparis.org\\\/wp-content\\\/uploads\\\/2026\\\/02\\\/cropped-favicon-dore.jpg\",\"width\":190,\"height\":190,\"caption\":\"L&#039;AURA Paris\"},\"image\":{\"@id\":\"https:\\\/\\\/auraparis.org\\\/#\\\/schema\\\/logo\\\/image\\\/\"}}]}<\/script>\n<!-- \/ Yoast SEO plugin. -->","yoast_head_json":{"title":"Les \u00e9quipes logistiques et techniques - L&#039;AURA Paris","robots":{"index":"index","follow":"follow","max-snippet":"max-snippet:-1","max-image-preview":"max-image-preview:large","max-video-preview":"max-video-preview:-1"},"canonical":"https:\/\/auraparis.org\/fr\/qui-sommes-nous\/nos-atouts\/des-equipes-pluridisciplinaires-au-service-du-patient\/les-equipes-logistiques-et-techniques\/","og_locale":"fr_FR","og_type":"article","og_title":"Les \u00e9quipes logistiques et techniques - L&#039;AURA Paris","og_description":"[vc_row][vc_column][vc_row_inner][vc_column_inner][vc_custom_heading text=\u00a0\u00bbLes \u00e9quipes logistiques et techniques\u00a0\u00bb font_container=\u00a0\u00bbtag:div|text_align:left\u00a0\u00bb use_theme_fonts=\u00a0\u00bbyes\u00a0\u00bb el_class=\u00a0\u00bbcontent-sub-title\u00a0\u00bb][vc_single_image image=\u00a0\u00bb1579&Prime; img_size=\u00a0\u00bbfull\u00a0\u00bb alignment=\u00a0\u00bbcenter\u00a0\u00bb][vc_column_text]Zoom sur l&rsquo;organisation logistique de l&rsquo;AURA Paris. Dans la r\u00e9gion \u00cele-de-France, l\u2019association AURA PARIS dispose d\u2019un entrep\u00f4t principal situ\u00e9 dans le d\u00e9partement de l\u2019Essonne (91) \u00e0 Verri\u00e8res-le-Buisson avec un espace de stockage d\u2019environ 1500 m2 pour g\u00e9rer toutes ses activit\u00e9s : &nbsp; Pr\u00e9paration des &hellip; Continuer la lecture \u00ab\u00a0Les \u00e9quipes logistiques et techniques\u00a0\u00bb","og_url":"https:\/\/auraparis.org\/fr\/qui-sommes-nous\/nos-atouts\/des-equipes-pluridisciplinaires-au-service-du-patient\/les-equipes-logistiques-et-techniques\/","og_site_name":"L&#039;AURA Paris","article_modified_time":"2025-10-02T10:31:00+00:00","og_image":[{"width":2500,"height":778,"url":"https:\/\/auraparis.org\/wp-content\/uploads\/2021\/11\/iStock-643637182@kupicoo-1.jpg","type":"image\/jpeg"}],"twitter_card":"summary_large_image","twitter_misc":{"Dur\u00e9e de lecture estim\u00e9e":"2 minutes"},"schema":{"@context":"https:\/\/schema.org","@graph":[{"@type":"WebPage","@id":"https:\/\/auraparis.org\/fr\/qui-sommes-nous\/nos-atouts\/des-equipes-pluridisciplinaires-au-service-du-patient\/les-equipes-logistiques-et-techniques\/","url":"https:\/\/auraparis.org\/fr\/qui-sommes-nous\/nos-atouts\/des-equipes-pluridisciplinaires-au-service-du-patient\/les-equipes-logistiques-et-techniques\/","name":"Les \u00e9quipes logistiques et techniques - L&#039;AURA Paris","isPartOf":{"@id":"https:\/\/auraparis.org\/#website"},"primaryImageOfPage":{"@id":"https:\/\/auraparis.org\/fr\/qui-sommes-nous\/nos-atouts\/des-equipes-pluridisciplinaires-au-service-du-patient\/les-equipes-logistiques-et-techniques\/#primaryimage"},"image":{"@id":"https:\/\/auraparis.org\/fr\/qui-sommes-nous\/nos-atouts\/des-equipes-pluridisciplinaires-au-service-du-patient\/les-equipes-logistiques-et-techniques\/#primaryimage"},"thumbnailUrl":"https:\/\/auraparis.org\/wp-content\/uploads\/2021\/11\/iStock-643637182@kupicoo-1.jpg","datePublished":"2022-01-13T17:49:00+00:00","dateModified":"2025-10-02T10:31:00+00:00","breadcrumb":{"@id":"https:\/\/auraparis.org\/fr\/qui-sommes-nous\/nos-atouts\/des-equipes-pluridisciplinaires-au-service-du-patient\/les-equipes-logistiques-et-techniques\/#breadcrumb"},"inLanguage":"fr-FR","potentialAction":[{"@type":"ReadAction","target":["https:\/\/auraparis.org\/fr\/qui-sommes-nous\/nos-atouts\/des-equipes-pluridisciplinaires-au-service-du-patient\/les-equipes-logistiques-et-techniques\/"]}]},{"@type":"ImageObject","inLanguage":"fr-FR","@id":"https:\/\/auraparis.org\/fr\/qui-sommes-nous\/nos-atouts\/des-equipes-pluridisciplinaires-au-service-du-patient\/les-equipes-logistiques-et-techniques\/#primaryimage","url":"https:\/\/auraparis.org\/wp-content\/uploads\/2021\/11\/iStock-643637182@kupicoo-1.jpg","contentUrl":"https:\/\/auraparis.org\/wp-content\/uploads\/2021\/11\/iStock-643637182@kupicoo-1.jpg","width":2500,"height":778},{"@type":"BreadcrumbList","@id":"https:\/\/auraparis.org\/fr\/qui-sommes-nous\/nos-atouts\/des-equipes-pluridisciplinaires-au-service-du-patient\/les-equipes-logistiques-et-techniques\/#breadcrumb","itemListElement":[{"@type":"ListItem","position":1,"name":"Accueil","item":"https:\/\/auraparis.org\/fr\/"},{"@type":"ListItem","position":2,"name":"Qui sommes-nous ?","item":"https:\/\/auraparis.org\/fr\/qui-sommes-nous\/"},{"@type":"ListItem","position":3,"name":"Nos atouts","item":"https:\/\/auraparis.org\/fr\/qui-sommes-nous\/nos-atouts\/"},{"@type":"ListItem","position":4,"name":"Des \u00e9quipes pluridisciplinaires au service du patient","item":"https:\/\/auraparis.org\/fr\/qui-sommes-nous\/nos-atouts\/des-equipes-pluridisciplinaires-au-service-du-patient\/"},{"@type":"ListItem","position":5,"name":"Les \u00e9quipes logistiques et techniques"}]},{"@type":"WebSite","@id":"https:\/\/auraparis.org\/#website","url":"https:\/\/auraparis.org\/","name":"L&#039;AURA Paris","description":"","publisher":{"@id":"https:\/\/auraparis.org\/#organization"},"potentialAction":[{"@type":"SearchAction","target":{"@type":"EntryPoint","urlTemplate":"https:\/\/auraparis.org\/?s={search_term_string}"},"query-input":{"@type":"PropertyValueSpecification","valueRequired":true,"valueName":"search_term_string"}}],"inLanguage":"fr-FR"},{"@type":"Organization","@id":"https:\/\/auraparis.org\/#organization","name":"L&#039;AURA Paris","url":"https:\/\/auraparis.org\/","logo":{"@type":"ImageObject","inLanguage":"fr-FR","@id":"https:\/\/auraparis.org\/#\/schema\/logo\/image\/","url":"https:\/\/auraparis.org\/wp-content\/uploads\/2026\/02\/cropped-favicon-dore.jpg","contentUrl":"https:\/\/auraparis.org\/wp-content\/uploads\/2026\/02\/cropped-favicon-dore.jpg","width":190,"height":190,"caption":"L&#039;AURA Paris"},"image":{"@id":"https:\/\/auraparis.org\/#\/schema\/logo\/image\/"}}]}},"_links":{"self":[{"href":"https:\/\/auraparis.org\/fr\/wp-json\/wp\/v2\/pages\/1025","targetHints":{"allow":["GET"]}}],"collection":[{"href":"https:\/\/auraparis.org\/fr\/wp-json\/wp\/v2\/pages"}],"about":[{"href":"https:\/\/auraparis.org\/fr\/wp-json\/wp\/v2\/types\/page"}],"author":[{"embeddable":true,"href":"https:\/\/auraparis.org\/fr\/wp-json\/wp\/v2\/users\/5"}],"replies":[{"embeddable":true,"href":"https:\/\/auraparis.org\/fr\/wp-json\/wp\/v2\/comments?post=1025"}],"version-history":[{"count":10,"href":"https:\/\/auraparis.org\/fr\/wp-json\/wp\/v2\/pages\/1025\/revisions"}],"predecessor-version":[{"id":3747,"href":"https:\/\/auraparis.org\/fr\/wp-json\/wp\/v2\/pages\/1025\/revisions\/3747"}],"up":[{"embeddable":true,"href":"https:\/\/auraparis.org\/fr\/wp-json\/wp\/v2\/pages\/393"}],"wp:featuredmedia":[{"embeddable":true,"href":"https:\/\/auraparis.org\/fr\/wp-json\/wp\/v2\/media\/152"}],"wp:attachment":[{"href":"https:\/\/auraparis.org\/fr\/wp-json\/wp\/v2\/media?parent=1025"}],"curies":[{"name":"wp","href":"https:\/\/api.w.org\/{rel}","templated":true}]}}