{"id":1072,"date":"2022-01-16T19:30:30","date_gmt":"2022-01-16T16:30:30","guid":{"rendered":"http:\/\/auraparis2021.pastelle.fr\/?page_id=1072"},"modified":"2026-02-01T13:32:56","modified_gmt":"2026-02-01T12:32:56","slug":"une-qualite-de-formation-certifiee","status":"publish","type":"page","link":"https:\/\/auraparis.org\/fr\/centre-de-formation-fid-2\/une-qualite-de-formation-certifiee\/","title":{"rendered":"Une qualit\u00e9 de formation certifi\u00e9e"},"content":{"rendered":"<p>[vc_row el_class=\u00a0\u00bbaura-small-container key-content\u00a0\u00bb css=\u00a0\u00bb.vc_custom_1642352484773{margin-bottom: 5% !important;}\u00a0\u00bb][vc_column][vc_row_inner][vc_column_inner css=\u00a0\u00bb.vc_custom_1637071812658{padding-top: 40px !important;}\u00a0\u00bb][vc_custom_heading text=\u00a0\u00bbUne certification Qualiopi\u00a0\u00bb font_container=\u00a0\u00bbtag:h3|text_align:left\u00a0\u00bb use_theme_fonts=\u00a0\u00bbyes\u00a0\u00bb][vc_empty_space][vc_column_text]<\/p>\n<div class=\"page\" title=\"Page 4\">\n<div class=\"section\">\n<div class=\"layoutArea\">\n<div class=\"column\">\n<ul>\n<li>Nos actions de formations continues ont e\u0301te\u0301 e\u0301value\u0301es et juge\u0301es conformes aux 7 crit\u00e8res du Re\u0301fe\u0301rentiel National Qualite\u0301 (RNQ) QUALIOPI.<br \/>\nLa certification qualite\u0301 a e\u0301te\u0301 de\u0301livre\u0301e au titre des cate\u0301gories d&rsquo;actions suivantes : Actions de formation.<\/li>\n<\/ul>\n<\/div>\n<div class=\"page\" title=\"Page 4\">\n<div class=\"section\">\n<div class=\"layoutArea\">\n<div class=\"column\">\n<p>&nbsp;<\/p>\n<ul>\n<li>Par cette certification, L\u2019AURA Paris d\u00e9montre qu\u2019elle veille \u00e0 l\u2019harmonisation des pratiques professionnelles et au renforcement de sa d\u00e9marche d\u2019am\u00e9lioration continue.<\/li>\n<\/ul>\n<\/div>\n<\/div>\n<\/div>\n<\/div>\n<\/div>\n<\/div>\n<\/div>\n<p>[\/vc_column_text][\/vc_column_inner][\/vc_row_inner][vc_row_inner][vc_column_inner css=\u00a0\u00bb.vc_custom_1637071812658{padding-top: 40px !important;}\u00a0\u00bb][vc_custom_heading text=\u00a0\u00bbLe D\u00e9veloppement Professionnel Continu (DPC)\u00a0\u00bb font_container=\u00a0\u00bbtag:h3|text_align:left\u00a0\u00bb use_theme_fonts=\u00a0\u00bbyes\u00a0\u00bb][vc_empty_space][vc_column_text]<\/p>\n<ul style=\"lis-style: none;\">\n<li>\u202fDepuis le 1\u1d49\u02b3 janvier 2013, chaque professionnel de sant\u00e9 doit attester de son engagement dans une d\u00e9marche de D\u00e9veloppement Professionnel Continu (DPC). Cette obligation individuelle s\u2019inscrit dans un processus permanent d\u2019am\u00e9lioration des pratiques, commun aux professions m\u00e9dicales, pharmaceutiques et param\u00e9dicales.<br \/>\nIl est \u00e0 noter que les programmes de formation de L\u2019AURA Paris r\u00e9pondent aux orientations nationales en vigueur \u00e9mises par le minist\u00e8re de la Sant\u00e9.<\/li>\n<\/ul>\n<p>[\/vc_column_text][\/vc_column_inner][\/vc_row_inner][\/vc_column][\/vc_row]<\/p>\n","protected":false},"excerpt":{"rendered":"<p>[vc_row el_class=\u00a0\u00bbaura-small-container key-content\u00a0\u00bb css=\u00a0\u00bb.vc_custom_1642352484773{margin-bottom: 5% !important;}\u00a0\u00bb][vc_column][vc_row_inner][vc_column_inner css=\u00a0\u00bb.vc_custom_1637071812658{padding-top: 40px !important;}\u00a0\u00bb][vc_custom_heading text=\u00a0\u00bbUne certification Qualiopi\u00a0\u00bb font_container=\u00a0\u00bbtag:h3|text_align:left\u00a0\u00bb use_theme_fonts=\u00a0\u00bbyes\u00a0\u00bb][vc_empty_space][vc_column_text] Nos actions de formations continues ont e\u0301te\u0301 e\u0301value\u0301es et juge\u0301es conformes aux 7 crit\u00e8res du Re\u0301fe\u0301rentiel National Qualite\u0301 (RNQ) QUALIOPI. La certification qualite\u0301 a e\u0301te\u0301 de\u0301livre\u0301e au titre des cate\u0301gories d&rsquo;actions suivantes : Actions de formation. &nbsp; Par cette certification, L\u2019AURA &hellip; <\/p>\n<p class=\"link-more\"><a href=\"https:\/\/auraparis.org\/fr\/centre-de-formation-fid-2\/une-qualite-de-formation-certifiee\/\" class=\"more-link\">Continuer la lecture <span class=\"screen-reader-text\"> \u00ab\u00a0Une qualit\u00e9 de formation certifi\u00e9e\u00a0\u00bb<\/span><\/a><\/p>\n","protected":false},"author":5,"featured_media":2146,"parent":1063,"menu_order":54,"comment_status":"closed","ping_status":"closed","template":"templates\/template-about.php","meta":{"_acf_changed":false,"footnotes":""},"class_list":["post-1072","page","type-page","status-publish","has-post-thumbnail","hentry","entry"],"acf":[],"yoast_head":"<!-- This site is optimized with the Yoast SEO plugin v27.3 - https:\/\/yoast.com\/product\/yoast-seo-wordpress\/ -->\n<title>Une qualit\u00e9 de formation certifi\u00e9e - L&#039;AURA Paris<\/title>\n<meta name=\"robots\" content=\"index, follow, max-snippet:-1, max-image-preview:large, max-video-preview:-1\" \/>\n<link rel=\"canonical\" href=\"https:\/\/auraparis.org\/fr\/centre-de-formation-fid-2\/une-qualite-de-formation-certifiee\/\" \/>\n<meta property=\"og:locale\" content=\"fr_FR\" \/>\n<meta property=\"og:type\" content=\"article\" \/>\n<meta property=\"og:title\" content=\"Une qualit\u00e9 de formation certifi\u00e9e - L&#039;AURA Paris\" \/>\n<meta property=\"og:description\" content=\"[vc_row el_class=\u00a0\u00bbaura-small-container key-content\u00a0\u00bb css=\u00a0\u00bb.vc_custom_1642352484773{margin-bottom: 5% !important;}\u00a0\u00bb][vc_column][vc_row_inner][vc_column_inner css=\u00a0\u00bb.vc_custom_1637071812658{padding-top: 40px !important;}\u00a0\u00bb][vc_custom_heading text=\u00a0\u00bbUne certification Qualiopi\u00a0\u00bb font_container=\u00a0\u00bbtag:h3|text_align:left\u00a0\u00bb use_theme_fonts=\u00a0\u00bbyes\u00a0\u00bb][vc_empty_space][vc_column_text] Nos actions de formations continues ont e\u0301te\u0301 e\u0301value\u0301es et juge\u0301es conformes aux 7 crit\u00e8res du Re\u0301fe\u0301rentiel National Qualite\u0301 (RNQ) QUALIOPI. La certification qualite\u0301 a e\u0301te\u0301 de\u0301livre\u0301e au titre des cate\u0301gories d&rsquo;actions suivantes : Actions de formation. &nbsp; Par cette certification, L\u2019AURA &hellip; Continuer la lecture \u00ab\u00a0Une qualit\u00e9 de formation certifi\u00e9e\u00a0\u00bb\" \/>\n<meta property=\"og:url\" content=\"https:\/\/auraparis.org\/fr\/centre-de-formation-fid-2\/une-qualite-de-formation-certifiee\/\" \/>\n<meta property=\"og:site_name\" content=\"L&#039;AURA Paris\" \/>\n<meta property=\"article:modified_time\" content=\"2026-02-01T12:32:56+00:00\" \/>\n<meta property=\"og:image\" content=\"https:\/\/auraparis.org\/wp-content\/uploads\/2022\/11\/iStock-1204089506\u00a9andresr-1-scaled-e1668520069572.jpg\" \/>\n\t<meta property=\"og:image:width\" content=\"1900\" \/>\n\t<meta property=\"og:image:height\" content=\"665\" \/>\n\t<meta property=\"og:image:type\" content=\"image\/jpeg\" \/>\n<meta name=\"twitter:card\" content=\"summary_large_image\" \/>\n<meta name=\"twitter:label1\" content=\"Dur\u00e9e de lecture estim\u00e9e\" \/>\n\t<meta name=\"twitter:data1\" content=\"1 minute\" \/>\n<script type=\"application\/ld+json\" class=\"yoast-schema-graph\">{\"@context\":\"https:\\\/\\\/schema.org\",\"@graph\":[{\"@type\":\"WebPage\",\"@id\":\"https:\\\/\\\/auraparis.org\\\/fr\\\/centre-de-formation-fid-2\\\/une-qualite-de-formation-certifiee\\\/\",\"url\":\"https:\\\/\\\/auraparis.org\\\/fr\\\/centre-de-formation-fid-2\\\/une-qualite-de-formation-certifiee\\\/\",\"name\":\"Une qualit\u00e9 de formation certifi\u00e9e - L&#039;AURA Paris\",\"isPartOf\":{\"@id\":\"https:\\\/\\\/auraparis.org\\\/#website\"},\"primaryImageOfPage\":{\"@id\":\"https:\\\/\\\/auraparis.org\\\/fr\\\/centre-de-formation-fid-2\\\/une-qualite-de-formation-certifiee\\\/#primaryimage\"},\"image\":{\"@id\":\"https:\\\/\\\/auraparis.org\\\/fr\\\/centre-de-formation-fid-2\\\/une-qualite-de-formation-certifiee\\\/#primaryimage\"},\"thumbnailUrl\":\"https:\\\/\\\/auraparis.org\\\/wp-content\\\/uploads\\\/2022\\\/11\\\/iStock-1204089506\u00a9andresr-1-scaled-e1668520069572.jpg\",\"datePublished\":\"2022-01-16T16:30:30+00:00\",\"dateModified\":\"2026-02-01T12:32:56+00:00\",\"breadcrumb\":{\"@id\":\"https:\\\/\\\/auraparis.org\\\/fr\\\/centre-de-formation-fid-2\\\/une-qualite-de-formation-certifiee\\\/#breadcrumb\"},\"inLanguage\":\"fr-FR\",\"potentialAction\":[{\"@type\":\"ReadAction\",\"target\":[\"https:\\\/\\\/auraparis.org\\\/fr\\\/centre-de-formation-fid-2\\\/une-qualite-de-formation-certifiee\\\/\"]}]},{\"@type\":\"ImageObject\",\"inLanguage\":\"fr-FR\",\"@id\":\"https:\\\/\\\/auraparis.org\\\/fr\\\/centre-de-formation-fid-2\\\/une-qualite-de-formation-certifiee\\\/#primaryimage\",\"url\":\"https:\\\/\\\/auraparis.org\\\/wp-content\\\/uploads\\\/2022\\\/11\\\/iStock-1204089506\u00a9andresr-1-scaled-e1668520069572.jpg\",\"contentUrl\":\"https:\\\/\\\/auraparis.org\\\/wp-content\\\/uploads\\\/2022\\\/11\\\/iStock-1204089506\u00a9andresr-1-scaled-e1668520069572.jpg\",\"width\":1900,\"height\":665,\"caption\":\"Portrait of a happy female student in medical school with a group of classmates and looking at the camera smiling\"},{\"@type\":\"BreadcrumbList\",\"@id\":\"https:\\\/\\\/auraparis.org\\\/fr\\\/centre-de-formation-fid-2\\\/une-qualite-de-formation-certifiee\\\/#breadcrumb\",\"itemListElement\":[{\"@type\":\"ListItem\",\"position\":1,\"name\":\"Accueil\",\"item\":\"https:\\\/\\\/auraparis.org\\\/fr\\\/\"},{\"@type\":\"ListItem\",\"position\":2,\"name\":\"Centre de formation aura paris\",\"item\":\"https:\\\/\\\/auraparis.org\\\/fr\\\/centre-de-formation-fid-2\\\/\"},{\"@type\":\"ListItem\",\"position\":3,\"name\":\"Une qualit\u00e9 de formation certifi\u00e9e\"}]},{\"@type\":\"WebSite\",\"@id\":\"https:\\\/\\\/auraparis.org\\\/#website\",\"url\":\"https:\\\/\\\/auraparis.org\\\/\",\"name\":\"L&#039;AURA Paris\",\"description\":\"\",\"publisher\":{\"@id\":\"https:\\\/\\\/auraparis.org\\\/#organization\"},\"potentialAction\":[{\"@type\":\"SearchAction\",\"target\":{\"@type\":\"EntryPoint\",\"urlTemplate\":\"https:\\\/\\\/auraparis.org\\\/?s={search_term_string}\"},\"query-input\":{\"@type\":\"PropertyValueSpecification\",\"valueRequired\":true,\"valueName\":\"search_term_string\"}}],\"inLanguage\":\"fr-FR\"},{\"@type\":\"Organization\",\"@id\":\"https:\\\/\\\/auraparis.org\\\/#organization\",\"name\":\"L&#039;AURA Paris\",\"url\":\"https:\\\/\\\/auraparis.org\\\/\",\"logo\":{\"@type\":\"ImageObject\",\"inLanguage\":\"fr-FR\",\"@id\":\"https:\\\/\\\/auraparis.org\\\/#\\\/schema\\\/logo\\\/image\\\/\",\"url\":\"https:\\\/\\\/auraparis.org\\\/wp-content\\\/uploads\\\/2026\\\/02\\\/cropped-favicon-dore.jpg\",\"contentUrl\":\"https:\\\/\\\/auraparis.org\\\/wp-content\\\/uploads\\\/2026\\\/02\\\/cropped-favicon-dore.jpg\",\"width\":190,\"height\":190,\"caption\":\"L&#039;AURA Paris\"},\"image\":{\"@id\":\"https:\\\/\\\/auraparis.org\\\/#\\\/schema\\\/logo\\\/image\\\/\"}}]}<\/script>\n<!-- \/ Yoast SEO plugin. -->","yoast_head_json":{"title":"Une qualit\u00e9 de formation certifi\u00e9e - L&#039;AURA Paris","robots":{"index":"index","follow":"follow","max-snippet":"max-snippet:-1","max-image-preview":"max-image-preview:large","max-video-preview":"max-video-preview:-1"},"canonical":"https:\/\/auraparis.org\/fr\/centre-de-formation-fid-2\/une-qualite-de-formation-certifiee\/","og_locale":"fr_FR","og_type":"article","og_title":"Une qualit\u00e9 de formation certifi\u00e9e - L&#039;AURA Paris","og_description":"[vc_row el_class=\u00a0\u00bbaura-small-container key-content\u00a0\u00bb css=\u00a0\u00bb.vc_custom_1642352484773{margin-bottom: 5% !important;}\u00a0\u00bb][vc_column][vc_row_inner][vc_column_inner css=\u00a0\u00bb.vc_custom_1637071812658{padding-top: 40px !important;}\u00a0\u00bb][vc_custom_heading text=\u00a0\u00bbUne certification Qualiopi\u00a0\u00bb font_container=\u00a0\u00bbtag:h3|text_align:left\u00a0\u00bb use_theme_fonts=\u00a0\u00bbyes\u00a0\u00bb][vc_empty_space][vc_column_text] Nos actions de formations continues ont e\u0301te\u0301 e\u0301value\u0301es et juge\u0301es conformes aux 7 crit\u00e8res du Re\u0301fe\u0301rentiel National Qualite\u0301 (RNQ) QUALIOPI. La certification qualite\u0301 a e\u0301te\u0301 de\u0301livre\u0301e au titre des cate\u0301gories d&rsquo;actions suivantes : Actions de formation. &nbsp; Par cette certification, L\u2019AURA &hellip; Continuer la lecture \u00ab\u00a0Une qualit\u00e9 de formation certifi\u00e9e\u00a0\u00bb","og_url":"https:\/\/auraparis.org\/fr\/centre-de-formation-fid-2\/une-qualite-de-formation-certifiee\/","og_site_name":"L&#039;AURA Paris","article_modified_time":"2026-02-01T12:32:56+00:00","og_image":[{"width":1900,"height":665,"url":"https:\/\/auraparis.org\/wp-content\/uploads\/2022\/11\/iStock-1204089506\u00a9andresr-1-scaled-e1668520069572.jpg","type":"image\/jpeg"}],"twitter_card":"summary_large_image","twitter_misc":{"Dur\u00e9e de lecture estim\u00e9e":"1 minute"},"schema":{"@context":"https:\/\/schema.org","@graph":[{"@type":"WebPage","@id":"https:\/\/auraparis.org\/fr\/centre-de-formation-fid-2\/une-qualite-de-formation-certifiee\/","url":"https:\/\/auraparis.org\/fr\/centre-de-formation-fid-2\/une-qualite-de-formation-certifiee\/","name":"Une qualit\u00e9 de formation certifi\u00e9e - L&#039;AURA Paris","isPartOf":{"@id":"https:\/\/auraparis.org\/#website"},"primaryImageOfPage":{"@id":"https:\/\/auraparis.org\/fr\/centre-de-formation-fid-2\/une-qualite-de-formation-certifiee\/#primaryimage"},"image":{"@id":"https:\/\/auraparis.org\/fr\/centre-de-formation-fid-2\/une-qualite-de-formation-certifiee\/#primaryimage"},"thumbnailUrl":"https:\/\/auraparis.org\/wp-content\/uploads\/2022\/11\/iStock-1204089506\u00a9andresr-1-scaled-e1668520069572.jpg","datePublished":"2022-01-16T16:30:30+00:00","dateModified":"2026-02-01T12:32:56+00:00","breadcrumb":{"@id":"https:\/\/auraparis.org\/fr\/centre-de-formation-fid-2\/une-qualite-de-formation-certifiee\/#breadcrumb"},"inLanguage":"fr-FR","potentialAction":[{"@type":"ReadAction","target":["https:\/\/auraparis.org\/fr\/centre-de-formation-fid-2\/une-qualite-de-formation-certifiee\/"]}]},{"@type":"ImageObject","inLanguage":"fr-FR","@id":"https:\/\/auraparis.org\/fr\/centre-de-formation-fid-2\/une-qualite-de-formation-certifiee\/#primaryimage","url":"https:\/\/auraparis.org\/wp-content\/uploads\/2022\/11\/iStock-1204089506\u00a9andresr-1-scaled-e1668520069572.jpg","contentUrl":"https:\/\/auraparis.org\/wp-content\/uploads\/2022\/11\/iStock-1204089506\u00a9andresr-1-scaled-e1668520069572.jpg","width":1900,"height":665,"caption":"Portrait of a happy female student in medical school with a group of classmates and looking at the camera smiling"},{"@type":"BreadcrumbList","@id":"https:\/\/auraparis.org\/fr\/centre-de-formation-fid-2\/une-qualite-de-formation-certifiee\/#breadcrumb","itemListElement":[{"@type":"ListItem","position":1,"name":"Accueil","item":"https:\/\/auraparis.org\/fr\/"},{"@type":"ListItem","position":2,"name":"Centre de formation aura paris","item":"https:\/\/auraparis.org\/fr\/centre-de-formation-fid-2\/"},{"@type":"ListItem","position":3,"name":"Une qualit\u00e9 de formation certifi\u00e9e"}]},{"@type":"WebSite","@id":"https:\/\/auraparis.org\/#website","url":"https:\/\/auraparis.org\/","name":"L&#039;AURA Paris","description":"","publisher":{"@id":"https:\/\/auraparis.org\/#organization"},"potentialAction":[{"@type":"SearchAction","target":{"@type":"EntryPoint","urlTemplate":"https:\/\/auraparis.org\/?s={search_term_string}"},"query-input":{"@type":"PropertyValueSpecification","valueRequired":true,"valueName":"search_term_string"}}],"inLanguage":"fr-FR"},{"@type":"Organization","@id":"https:\/\/auraparis.org\/#organization","name":"L&#039;AURA Paris","url":"https:\/\/auraparis.org\/","logo":{"@type":"ImageObject","inLanguage":"fr-FR","@id":"https:\/\/auraparis.org\/#\/schema\/logo\/image\/","url":"https:\/\/auraparis.org\/wp-content\/uploads\/2026\/02\/cropped-favicon-dore.jpg","contentUrl":"https:\/\/auraparis.org\/wp-content\/uploads\/2026\/02\/cropped-favicon-dore.jpg","width":190,"height":190,"caption":"L&#039;AURA Paris"},"image":{"@id":"https:\/\/auraparis.org\/#\/schema\/logo\/image\/"}}]}},"_links":{"self":[{"href":"https:\/\/auraparis.org\/fr\/wp-json\/wp\/v2\/pages\/1072","targetHints":{"allow":["GET"]}}],"collection":[{"href":"https:\/\/auraparis.org\/fr\/wp-json\/wp\/v2\/pages"}],"about":[{"href":"https:\/\/auraparis.org\/fr\/wp-json\/wp\/v2\/types\/page"}],"author":[{"embeddable":true,"href":"https:\/\/auraparis.org\/fr\/wp-json\/wp\/v2\/users\/5"}],"replies":[{"embeddable":true,"href":"https:\/\/auraparis.org\/fr\/wp-json\/wp\/v2\/comments?post=1072"}],"version-history":[{"count":10,"href":"https:\/\/auraparis.org\/fr\/wp-json\/wp\/v2\/pages\/1072\/revisions"}],"predecessor-version":[{"id":3800,"href":"https:\/\/auraparis.org\/fr\/wp-json\/wp\/v2\/pages\/1072\/revisions\/3800"}],"up":[{"embeddable":true,"href":"https:\/\/auraparis.org\/fr\/wp-json\/wp\/v2\/pages\/1063"}],"wp:featuredmedia":[{"embeddable":true,"href":"https:\/\/auraparis.org\/fr\/wp-json\/wp\/v2\/media\/2146"}],"wp:attachment":[{"href":"https:\/\/auraparis.org\/fr\/wp-json\/wp\/v2\/media?parent=1072"}],"curies":[{"name":"wp","href":"https:\/\/api.w.org\/{rel}","templated":true}]}}