{"id":1074,"date":"2022-01-16T19:30:46","date_gmt":"2022-01-16T16:30:46","guid":{"rendered":"http:\/\/auraparis2021.pastelle.fr\/?page_id=1074"},"modified":"2022-11-15T17:00:44","modified_gmt":"2022-11-15T14:00:44","slug":"organisation","status":"publish","type":"page","link":"https:\/\/auraparis.org\/fr\/centre-de-formation-fid-2\/organisation\/","title":{"rendered":"Organisation"},"content":{"rendered":"<p>[vc_row el_class=\u00a0\u00bbaura-small-container key-content\u00a0\u00bb][vc_column][vc_row_inner][vc_column_inner css=\u00a0\u00bb.vc_custom_1637071812658{padding-top: 40px !important;}\u00a0\u00bb][vc_column_text]<span style=\"font-size: 18pt;\"><strong>L&rsquo;organisation du Centre de formation (FID) est structure\u0301e autour de deux instances :<\/strong><\/span>[\/vc_column_text][vc_custom_heading text=\u00a0\u00bbLe comit\u00e9 de pilotage\u00a0\u00bb font_container=\u00a0\u00bbtag:h3|text_align:left\u00a0\u00bb use_theme_fonts=\u00a0\u00bbyes\u00a0\u00bb][vc_column_text]Le comit\u00e9 de pilotage fixe les axes et le d\u00e9veloppement des programmes de formation selon les orientations nationales de la Haute Autorit\u00e9 de sant\u00e9 (HAS) et de l\u2019Agence R\u00e9gional de Sant\u00e9 (ARS).<br \/>\nCe comit\u00e9 est constitu\u00e9 de la Directrice des Soins Infirmiers (DSI), de l&rsquo;infirmi\u00e8re formatrice et des professionnels de sant\u00e9 qui interviennent au quotidien aupr\u00e8s des personnes atteintes d\u2019une maladie r\u00e9nale (m\u00e9decins n\u00e9phrologues, infirmiers en h\u00e9modialyse, en dialyse p\u00e9riton\u00e9ale, infirmiers hygi\u00e9nistes, di\u00e9t\u00e9ticiennes&#8230;).[\/vc_column_text][\/vc_column_inner][\/vc_row_inner][vc_row_inner][vc_column_inner css=\u00a0\u00bb.vc_custom_1637071812658{padding-top: 40px !important;}\u00a0\u00bb][vc_custom_heading text=\u00a0\u00bbLa commission m\u00e9dicale\u00a0\u00bb font_container=\u00a0\u00bbtag:h3|text_align:left\u00a0\u00bb use_theme_fonts=\u00a0\u00bbyes\u00a0\u00bb][vc_column_text]La commission m\u00e9dicale apporte son expertise et veille \u00e0 la qualit\u00e9 des intervenants et du contenu scientifique des formations. Cette commission valide les contenus p\u00e9dagogiques, leur actualisation, les intervenants et fait des propositions d\u2019axes de d\u00e9veloppement, au regard des nouvelles techniques m\u00e9dicales devant faire l\u2019objet de formations. Elle veille \u00e0 garantir la bonne adaptation des contenus des programmes selon les publics vis\u00e9s. Elle est compos\u00e9e de m\u00e9decins n\u00e9phrologues, hygi\u00e9nistes et pharmaciens.[\/vc_column_text][\/vc_column_inner][\/vc_row_inner][vc_row_inner][vc_column_inner css=\u00a0\u00bb.vc_custom_1637071812658{padding-top: 40px !important;}\u00a0\u00bb][vc_column_text]<\/p>\n<div class=\"page\" title=\"Page 5\">\n<div class=\"section\">\n<div class=\"layoutArea\">\n<div class=\"column\">\n<p><span style=\"font-size: 18pt;\"><strong>En plus de ces instances, le Centre de Formation de l&rsquo;AURA (FID) est e\u0301galement compose\u0301 d&rsquo;une e\u0301quipe permanente :<\/strong><\/span><\/p>\n<\/div>\n<\/div>\n<\/div>\n<\/div>\n<p>[\/vc_column_text][vc_custom_heading text=\u00a0\u00bbLe comit\u00e9 scientifique et de recherche\u00a0\u00bb font_container=\u00a0\u00bbtag:h3|text_align:left\u00a0\u00bb use_theme_fonts=\u00a0\u00bbyes\u00a0\u00bb][vc_column_text]Le comit\u00e9 scientifique et de recherche apporte son expertise et veille \u00e0 la qualit\u00e9 des intervenants et du contenu scientifique des formations. Ce comit\u00e9 valide les contenus p\u00e9dagogiques, leur actualisation, les intervenants et fait des propositions d\u2019axes de d\u00e9veloppement, au regard des nouvelles techniques m\u00e9dicales devant faire l\u2019objet de formations. Il veille \u00e0 garantir la bonne adaptation des contenus des programmes selon les publics vis\u00e9s. Il est compos\u00e9 de m\u00e9decins n\u00e9phrologues, hygi\u00e9nistes et pharmaciens.[\/vc_column_text][vc_custom_heading text=\u00a0\u00bbL\u2019infirmi\u00e8re formatrice et p\u00e9dagogique\u00a0\u00bb font_container=\u00a0\u00bbtag:h3|text_align:left\u00a0\u00bb use_theme_fonts=\u00a0\u00bbyes\u00a0\u00bb][vc_column_text]<\/p>\n<ul>\n<li>Elle d\u00e9finit le contenu p\u00e9dagogique en accord avec les instances du Centre et contribue au bon d\u00e9roulement des actions de formation.<\/li>\n<li>Elle pilote \u00e9galement les formations et en animent certaines, planifie et coordonne les diff\u00e9rents intervenants. Elle est votre interlocuteur privil\u00e9gi\u00e9 au centre de formation.<\/li>\n<\/ul>\n<p>[\/vc_column_text][\/vc_column_inner][\/vc_row_inner][vc_row_inner][vc_column_inner css=\u00a0\u00bb.vc_custom_1637071812658{padding-top: 40px !important;}\u00a0\u00bb][vc_custom_heading text=\u00a0\u00bbL\u2019\u00e9quipe administrative et communication\u00a0\u00bb font_container=\u00a0\u00bbtag:h3|text_align:left\u00a0\u00bb use_theme_fonts=\u00a0\u00bbyes\u00a0\u00bb][vc_column_text]Elle assure la gestion administrative du centre de formation et la communication interne et externe.[\/vc_column_text][\/vc_column_inner][\/vc_row_inner][\/vc_column][\/vc_row]<\/p>\n","protected":false},"excerpt":{"rendered":"<p>[vc_row el_class=\u00a0\u00bbaura-small-container key-content\u00a0\u00bb][vc_column][vc_row_inner][vc_column_inner css=\u00a0\u00bb.vc_custom_1637071812658{padding-top: 40px !important;}\u00a0\u00bb][vc_column_text]L&rsquo;organisation du Centre de formation (FID) est structure\u0301e autour de deux instances :[\/vc_column_text][vc_custom_heading text=\u00a0\u00bbLe comit\u00e9 de pilotage\u00a0\u00bb font_container=\u00a0\u00bbtag:h3|text_align:left\u00a0\u00bb use_theme_fonts=\u00a0\u00bbyes\u00a0\u00bb][vc_column_text]Le comit\u00e9 de pilotage fixe les axes et le d\u00e9veloppement des programmes de formation selon les orientations nationales de la Haute Autorit\u00e9 de sant\u00e9 (HAS) et de l\u2019Agence R\u00e9gional de Sant\u00e9 (ARS). &hellip; <\/p>\n<p class=\"link-more\"><a href=\"https:\/\/auraparis.org\/fr\/centre-de-formation-fid-2\/organisation\/\" class=\"more-link\">Continuer la lecture <span class=\"screen-reader-text\"> \u00ab\u00a0Organisation\u00a0\u00bb<\/span><\/a><\/p>\n","protected":false},"author":5,"featured_media":2147,"parent":1063,"menu_order":53,"comment_status":"closed","ping_status":"closed","template":"templates\/template-about.php","meta":{"_acf_changed":false,"footnotes":""},"class_list":["post-1074","page","type-page","status-publish","has-post-thumbnail","hentry","entry"],"acf":[],"yoast_head":"<!-- This site is optimized with the Yoast SEO plugin v27.4 - https:\/\/yoast.com\/product\/yoast-seo-wordpress\/ -->\n<title>Organisation - L&#039;AURA Paris<\/title>\n<meta name=\"robots\" content=\"index, follow, max-snippet:-1, max-image-preview:large, max-video-preview:-1\" \/>\n<link rel=\"canonical\" href=\"https:\/\/auraparis.org\/fr\/centre-de-formation-fid-2\/organisation\/\" \/>\n<meta property=\"og:locale\" content=\"fr_FR\" \/>\n<meta property=\"og:type\" content=\"article\" \/>\n<meta property=\"og:title\" content=\"Organisation - L&#039;AURA Paris\" \/>\n<meta property=\"og:description\" content=\"[vc_row el_class=\u00a0\u00bbaura-small-container key-content\u00a0\u00bb][vc_column][vc_row_inner][vc_column_inner css=\u00a0\u00bb.vc_custom_1637071812658{padding-top: 40px !important;}\u00a0\u00bb][vc_column_text]L&rsquo;organisation du Centre de formation (FID) est structure\u0301e autour de deux instances :[\/vc_column_text][vc_custom_heading text=\u00a0\u00bbLe comit\u00e9 de pilotage\u00a0\u00bb font_container=\u00a0\u00bbtag:h3|text_align:left\u00a0\u00bb use_theme_fonts=\u00a0\u00bbyes\u00a0\u00bb][vc_column_text]Le comit\u00e9 de pilotage fixe les axes et le d\u00e9veloppement des programmes de formation selon les orientations nationales de la Haute Autorit\u00e9 de sant\u00e9 (HAS) et de l\u2019Agence R\u00e9gional de Sant\u00e9 (ARS). &hellip; Continuer la lecture \u00ab\u00a0Organisation\u00a0\u00bb\" \/>\n<meta property=\"og:url\" content=\"https:\/\/auraparis.org\/fr\/centre-de-formation-fid-2\/organisation\/\" \/>\n<meta property=\"og:site_name\" content=\"L&#039;AURA Paris\" \/>\n<meta property=\"article:modified_time\" content=\"2022-11-15T14:00:44+00:00\" \/>\n<meta property=\"og:image\" content=\"http:\/\/auraparis.org\/wp-content\/uploads\/2022\/11\/iStock-1277148425\u00a9Drazen-Zigic-scaled-e1668520013191.jpg\" \/>\n\t<meta property=\"og:image:width\" content=\"1800\" \/>\n\t<meta property=\"og:image:height\" content=\"648\" \/>\n\t<meta property=\"og:image:type\" content=\"image\/jpeg\" \/>\n<meta name=\"twitter:card\" content=\"summary_large_image\" \/>\n<meta name=\"twitter:label1\" content=\"Dur\u00e9e de lecture estim\u00e9e\" \/>\n\t<meta name=\"twitter:data1\" content=\"2 minutes\" \/>\n<script type=\"application\/ld+json\" class=\"yoast-schema-graph\">{\"@context\":\"https:\\\/\\\/schema.org\",\"@graph\":[{\"@type\":\"WebPage\",\"@id\":\"https:\\\/\\\/auraparis.org\\\/fr\\\/centre-de-formation-fid-2\\\/organisation\\\/\",\"url\":\"https:\\\/\\\/auraparis.org\\\/fr\\\/centre-de-formation-fid-2\\\/organisation\\\/\",\"name\":\"Organisation - L&#039;AURA Paris\",\"isPartOf\":{\"@id\":\"https:\\\/\\\/auraparis.org\\\/#website\"},\"primaryImageOfPage\":{\"@id\":\"https:\\\/\\\/auraparis.org\\\/fr\\\/centre-de-formation-fid-2\\\/organisation\\\/#primaryimage\"},\"image\":{\"@id\":\"https:\\\/\\\/auraparis.org\\\/fr\\\/centre-de-formation-fid-2\\\/organisation\\\/#primaryimage\"},\"thumbnailUrl\":\"https:\\\/\\\/auraparis.org\\\/wp-content\\\/uploads\\\/2022\\\/11\\\/iStock-1277148425\u00a9Drazen-Zigic-scaled-e1668520013191.jpg\",\"datePublished\":\"2022-01-16T16:30:46+00:00\",\"dateModified\":\"2022-11-15T14:00:44+00:00\",\"breadcrumb\":{\"@id\":\"https:\\\/\\\/auraparis.org\\\/fr\\\/centre-de-formation-fid-2\\\/organisation\\\/#breadcrumb\"},\"inLanguage\":\"fr-FR\",\"potentialAction\":[{\"@type\":\"ReadAction\",\"target\":[\"https:\\\/\\\/auraparis.org\\\/fr\\\/centre-de-formation-fid-2\\\/organisation\\\/\"]}]},{\"@type\":\"ImageObject\",\"inLanguage\":\"fr-FR\",\"@id\":\"https:\\\/\\\/auraparis.org\\\/fr\\\/centre-de-formation-fid-2\\\/organisation\\\/#primaryimage\",\"url\":\"https:\\\/\\\/auraparis.org\\\/wp-content\\\/uploads\\\/2022\\\/11\\\/iStock-1277148425\u00a9Drazen-Zigic-scaled-e1668520013191.jpg\",\"contentUrl\":\"https:\\\/\\\/auraparis.org\\\/wp-content\\\/uploads\\\/2022\\\/11\\\/iStock-1277148425\u00a9Drazen-Zigic-scaled-e1668520013191.jpg\",\"width\":1800,\"height\":648,\"caption\":\"Young doctor talking to group of his colleagues and business people during presentation in convention center.\"},{\"@type\":\"BreadcrumbList\",\"@id\":\"https:\\\/\\\/auraparis.org\\\/fr\\\/centre-de-formation-fid-2\\\/organisation\\\/#breadcrumb\",\"itemListElement\":[{\"@type\":\"ListItem\",\"position\":1,\"name\":\"Accueil\",\"item\":\"https:\\\/\\\/auraparis.org\\\/fr\\\/\"},{\"@type\":\"ListItem\",\"position\":2,\"name\":\"Centre de formation aura paris\",\"item\":\"https:\\\/\\\/auraparis.org\\\/fr\\\/centre-de-formation-fid-2\\\/\"},{\"@type\":\"ListItem\",\"position\":3,\"name\":\"Organisation\"}]},{\"@type\":\"WebSite\",\"@id\":\"https:\\\/\\\/auraparis.org\\\/#website\",\"url\":\"https:\\\/\\\/auraparis.org\\\/\",\"name\":\"L&#039;AURA Paris\",\"description\":\"\",\"publisher\":{\"@id\":\"https:\\\/\\\/auraparis.org\\\/#organization\"},\"potentialAction\":[{\"@type\":\"SearchAction\",\"target\":{\"@type\":\"EntryPoint\",\"urlTemplate\":\"https:\\\/\\\/auraparis.org\\\/?s={search_term_string}\"},\"query-input\":{\"@type\":\"PropertyValueSpecification\",\"valueRequired\":true,\"valueName\":\"search_term_string\"}}],\"inLanguage\":\"fr-FR\"},{\"@type\":\"Organization\",\"@id\":\"https:\\\/\\\/auraparis.org\\\/#organization\",\"name\":\"L&#039;AURA Paris\",\"url\":\"https:\\\/\\\/auraparis.org\\\/\",\"logo\":{\"@type\":\"ImageObject\",\"inLanguage\":\"fr-FR\",\"@id\":\"https:\\\/\\\/auraparis.org\\\/#\\\/schema\\\/logo\\\/image\\\/\",\"url\":\"https:\\\/\\\/auraparis.org\\\/wp-content\\\/uploads\\\/2026\\\/02\\\/cropped-favicon-dore.jpg\",\"contentUrl\":\"https:\\\/\\\/auraparis.org\\\/wp-content\\\/uploads\\\/2026\\\/02\\\/cropped-favicon-dore.jpg\",\"width\":190,\"height\":190,\"caption\":\"L&#039;AURA Paris\"},\"image\":{\"@id\":\"https:\\\/\\\/auraparis.org\\\/#\\\/schema\\\/logo\\\/image\\\/\"}}]}<\/script>\n<!-- \/ Yoast SEO plugin. -->","yoast_head_json":{"title":"Organisation - L&#039;AURA Paris","robots":{"index":"index","follow":"follow","max-snippet":"max-snippet:-1","max-image-preview":"max-image-preview:large","max-video-preview":"max-video-preview:-1"},"canonical":"https:\/\/auraparis.org\/fr\/centre-de-formation-fid-2\/organisation\/","og_locale":"fr_FR","og_type":"article","og_title":"Organisation - L&#039;AURA Paris","og_description":"[vc_row el_class=\u00a0\u00bbaura-small-container key-content\u00a0\u00bb][vc_column][vc_row_inner][vc_column_inner css=\u00a0\u00bb.vc_custom_1637071812658{padding-top: 40px !important;}\u00a0\u00bb][vc_column_text]L&rsquo;organisation du Centre de formation (FID) est structure\u0301e autour de deux instances :[\/vc_column_text][vc_custom_heading text=\u00a0\u00bbLe comit\u00e9 de pilotage\u00a0\u00bb font_container=\u00a0\u00bbtag:h3|text_align:left\u00a0\u00bb use_theme_fonts=\u00a0\u00bbyes\u00a0\u00bb][vc_column_text]Le comit\u00e9 de pilotage fixe les axes et le d\u00e9veloppement des programmes de formation selon les orientations nationales de la Haute Autorit\u00e9 de sant\u00e9 (HAS) et de l\u2019Agence R\u00e9gional de Sant\u00e9 (ARS). &hellip; Continuer la lecture \u00ab\u00a0Organisation\u00a0\u00bb","og_url":"https:\/\/auraparis.org\/fr\/centre-de-formation-fid-2\/organisation\/","og_site_name":"L&#039;AURA Paris","article_modified_time":"2022-11-15T14:00:44+00:00","og_image":[{"width":1800,"height":648,"url":"http:\/\/auraparis.org\/wp-content\/uploads\/2022\/11\/iStock-1277148425\u00a9Drazen-Zigic-scaled-e1668520013191.jpg","type":"image\/jpeg"}],"twitter_card":"summary_large_image","twitter_misc":{"Dur\u00e9e de lecture estim\u00e9e":"2 minutes"},"schema":{"@context":"https:\/\/schema.org","@graph":[{"@type":"WebPage","@id":"https:\/\/auraparis.org\/fr\/centre-de-formation-fid-2\/organisation\/","url":"https:\/\/auraparis.org\/fr\/centre-de-formation-fid-2\/organisation\/","name":"Organisation - L&#039;AURA Paris","isPartOf":{"@id":"https:\/\/auraparis.org\/#website"},"primaryImageOfPage":{"@id":"https:\/\/auraparis.org\/fr\/centre-de-formation-fid-2\/organisation\/#primaryimage"},"image":{"@id":"https:\/\/auraparis.org\/fr\/centre-de-formation-fid-2\/organisation\/#primaryimage"},"thumbnailUrl":"https:\/\/auraparis.org\/wp-content\/uploads\/2022\/11\/iStock-1277148425\u00a9Drazen-Zigic-scaled-e1668520013191.jpg","datePublished":"2022-01-16T16:30:46+00:00","dateModified":"2022-11-15T14:00:44+00:00","breadcrumb":{"@id":"https:\/\/auraparis.org\/fr\/centre-de-formation-fid-2\/organisation\/#breadcrumb"},"inLanguage":"fr-FR","potentialAction":[{"@type":"ReadAction","target":["https:\/\/auraparis.org\/fr\/centre-de-formation-fid-2\/organisation\/"]}]},{"@type":"ImageObject","inLanguage":"fr-FR","@id":"https:\/\/auraparis.org\/fr\/centre-de-formation-fid-2\/organisation\/#primaryimage","url":"https:\/\/auraparis.org\/wp-content\/uploads\/2022\/11\/iStock-1277148425\u00a9Drazen-Zigic-scaled-e1668520013191.jpg","contentUrl":"https:\/\/auraparis.org\/wp-content\/uploads\/2022\/11\/iStock-1277148425\u00a9Drazen-Zigic-scaled-e1668520013191.jpg","width":1800,"height":648,"caption":"Young doctor talking to group of his colleagues and business people during presentation in convention center."},{"@type":"BreadcrumbList","@id":"https:\/\/auraparis.org\/fr\/centre-de-formation-fid-2\/organisation\/#breadcrumb","itemListElement":[{"@type":"ListItem","position":1,"name":"Accueil","item":"https:\/\/auraparis.org\/fr\/"},{"@type":"ListItem","position":2,"name":"Centre de formation aura paris","item":"https:\/\/auraparis.org\/fr\/centre-de-formation-fid-2\/"},{"@type":"ListItem","position":3,"name":"Organisation"}]},{"@type":"WebSite","@id":"https:\/\/auraparis.org\/#website","url":"https:\/\/auraparis.org\/","name":"L&#039;AURA Paris","description":"","publisher":{"@id":"https:\/\/auraparis.org\/#organization"},"potentialAction":[{"@type":"SearchAction","target":{"@type":"EntryPoint","urlTemplate":"https:\/\/auraparis.org\/?s={search_term_string}"},"query-input":{"@type":"PropertyValueSpecification","valueRequired":true,"valueName":"search_term_string"}}],"inLanguage":"fr-FR"},{"@type":"Organization","@id":"https:\/\/auraparis.org\/#organization","name":"L&#039;AURA Paris","url":"https:\/\/auraparis.org\/","logo":{"@type":"ImageObject","inLanguage":"fr-FR","@id":"https:\/\/auraparis.org\/#\/schema\/logo\/image\/","url":"https:\/\/auraparis.org\/wp-content\/uploads\/2026\/02\/cropped-favicon-dore.jpg","contentUrl":"https:\/\/auraparis.org\/wp-content\/uploads\/2026\/02\/cropped-favicon-dore.jpg","width":190,"height":190,"caption":"L&#039;AURA Paris"},"image":{"@id":"https:\/\/auraparis.org\/#\/schema\/logo\/image\/"}}]}},"_links":{"self":[{"href":"https:\/\/auraparis.org\/fr\/wp-json\/wp\/v2\/pages\/1074","targetHints":{"allow":["GET"]}}],"collection":[{"href":"https:\/\/auraparis.org\/fr\/wp-json\/wp\/v2\/pages"}],"about":[{"href":"https:\/\/auraparis.org\/fr\/wp-json\/wp\/v2\/types\/page"}],"author":[{"embeddable":true,"href":"https:\/\/auraparis.org\/fr\/wp-json\/wp\/v2\/users\/5"}],"replies":[{"embeddable":true,"href":"https:\/\/auraparis.org\/fr\/wp-json\/wp\/v2\/comments?post=1074"}],"version-history":[{"count":12,"href":"https:\/\/auraparis.org\/fr\/wp-json\/wp\/v2\/pages\/1074\/revisions"}],"predecessor-version":[{"id":1667,"href":"https:\/\/auraparis.org\/fr\/wp-json\/wp\/v2\/pages\/1074\/revisions\/1667"}],"up":[{"embeddable":true,"href":"https:\/\/auraparis.org\/fr\/wp-json\/wp\/v2\/pages\/1063"}],"wp:featuredmedia":[{"embeddable":true,"href":"https:\/\/auraparis.org\/fr\/wp-json\/wp\/v2\/media\/2147"}],"wp:attachment":[{"href":"https:\/\/auraparis.org\/fr\/wp-json\/wp\/v2\/media?parent=1074"}],"curies":[{"name":"wp","href":"https:\/\/api.w.org\/{rel}","templated":true}]}}