{"id":1076,"date":"2022-01-16T19:31:01","date_gmt":"2022-01-16T16:31:01","guid":{"rendered":"http:\/\/auraparis2021.pastelle.fr\/?page_id=1076"},"modified":"2026-02-01T13:36:43","modified_gmt":"2026-02-01T12:36:43","slug":"contact","status":"publish","type":"page","link":"https:\/\/auraparis.org\/fr\/centre-de-formation-fid-2\/contact\/","title":{"rendered":"Contact"},"content":{"rendered":"<p>[vc_row el_class=\u00a0\u00bbaura-medium-container\u00a0\u00bb][vc_column][vc_column_text el_class=\u00a0\u00bbkey-content\u00a0\u00bb]Pour toutes questions \u00e9ventuelles concernant l\u2019offre de formation, le d\u00e9roulement ou encore le financement, n\u2019h\u00e9sitez pas \u00e0 vous adresser \u00e0 l\u2019\u00e9quipe du FID.[\/vc_column_text][\/vc_column][\/vc_row][vc_row equal_height=\u00a0\u00bbyes\u00a0\u00bb el_class=\u00a0\u00bbaura-medium-container\u00a0\u00bb][vc_column width=\u00a0\u00bb2\/5&Prime;][vc_gmaps link=\u00a0\u00bb#E-8_JTNDaWZyYW1lJTIwc3JjJTNEJTIyaHR0cHMlM0ElMkYlMkZ3d3cuZ29vZ2xlLmNvbSUyRm1hcHMlMkZlbWJlZCUzRnBiJTNEJTIxMW0xOCUyMTFtMTIlMjExbTMlMjExZDI2MjcuMTU1NjYzODczNjM3JTIxMmQyLjM2NzU1MjQ5OTk5OTk5OTUlMjEzZDQ4LjgxNzA5MTMlMjEybTMlMjExZjAlMjEyZjAlMjEzZjAlMjEzbTIlMjExaTEwMjQlMjEyaTc2OCUyMTRmMTMuMSUyMTNtMyUyMTFtMiUyMTFzMHg0N2U2NzIyYjE5ZGU2MzE5JTI1M0EweGE3YTU4MThhNjdkNGY4M2ElMjEyczUlMjUyMEF2LiUyNTIwZGUlMjUyMFZlcmR1biUyNTJDJTI1MjA5NDIwMCUyNTIwSXZyeS1zdXItU2VpbmUlMjUyQyUyNTIwRnJhbmNlJTIxNWUwJTIxM20yJTIxMXNlbiUyMTJzJTIxNHYxNjUyNjk3MTQxMzU0JTIxNW0yJTIxMXNlbiUyMTJzJTIyJTIwd2lkdGglM0QlMjI2MDAlMjIlMjBoZWlnaHQlM0QlMjI0NTAlMjIlMjBzdHlsZSUzRCUyMmJvcmRlciUzQTAlM0IlMjIlMjBhbGxvd2Z1bGxzY3JlZW4lM0QlMjIlMjIlMjBsb2FkaW5nJTNEJTIybGF6eSUyMiUyMHJlZmVycmVycG9saWN5JTNEJTIybm8tcmVmZXJyZXItd2hlbi1kb3duZ3JhZGUlMjIlM0UlM0MlMkZpZnJhbWUlM0U=\u00a0\u00bb size=\u00a0\u00bb\u00a0\u00bb css=\u00a0\u00bb.vc_custom_1652697157733{margin-right: 5% !important;}\u00a0\u00bb][vc_row_inner][vc_column_inner el_class=\u00a0\u00bblocation-address-data\u00a0\u00bb][vc_column_text el_class=\u00a0\u00bblocation-address-item-sub-title\u00a0\u00bb]<\/p>\n<div class=\"page\" title=\"Page 6\">\n<div class=\"section\">\n<div class=\"layoutArea\">\n<div class=\"column\">\n<p>Centre de formation FID Immeuble \u201cLe Panoramique\u201d<br \/>\n5, Avenue de Verdun<br \/>\n94200 Ivry-sur-Seine<\/p>\n<\/div>\n<\/div>\n<\/div>\n<\/div>\n<p>[\/vc_column_text][vc_column_text]<\/p>\n<div class=\"location-address-item-phone\">01 53 62 66 03 &#8211; 01 53 62 66 42<\/div>\n<div class=\"location-address-item-email\"><a href=\"mailto:fid@auraparis.org\">fid@auraparis.org<\/a><\/div>\n<p>[\/vc_column_text][\/vc_column_inner][\/vc_row_inner][\/vc_column][vc_column width=\u00a0\u00bb3\/5&Prime;][vc_tta_tabs active_section=\u00a0\u00bb1&Prime; el_class=\u00a0\u00bblocation-tab-list-block\u00a0\u00bb][vc_tta_section title=\u00a0\u00bbHORAIRES\u00a0\u00bb tab_id=\u00a0\u00bb1638036768105-f2f961d2-f31f\u00a0\u00bb][vc_column_text]<span style=\"color: #be952a;\"><strong>Secre\u0301tariat du centre de formation<\/strong><\/span><\/p>\n<p>Lundi au vendredi de 9h00 \u00e0 17h00[\/vc_column_text][\/vc_tta_section][vc_tta_section title=\u00a0\u00bb\u00c9QUIPE\u00a0\u00bb tab_id=\u00a0\u00bb1638036768117-e2c558ad-e648&Prime;][vc_column_text]<strong><span style=\"color: #f08000;\">L\u2019infirmi\u00e8re formatrice et p\u00e9dagogique<\/span><\/strong><\/p>\n<p>Elle d\u00e9finit le contenu p\u00e9dagogique en accord avec les instances du Centre et contribue au bon d\u00e9roulement des actions de formation. Elle pilote \u00e9galement les formations et en anime certaines, planifie et coordonne les diff\u00e9rents intervenants. Elle est votre interlocutrice privil\u00e9gi\u00e9e au centre de formation.[\/vc_column_text][vc_column_text]<strong><span style=\"color: #f08000;\">L\u2019\u00e9quipe administrative et communication<\/span><\/strong><\/p>\n<p>Elle assure la gestion administrative du centre de formation et la communication interne et externe.[\/vc_column_text][\/vc_tta_section][vc_tta_section title=\u00a0\u00bbACC\u00c8S\u00a0\u00bb tab_id=\u00a0\u00bb1638036823226-3a8aeb64-8f13&Prime; el_class=\u00a0\u00bblocation-tab-list-block-content\u00a0\u00bb][vc_column_text]Immeuble\u00a0 \u00ab\u00a0Le Panoramique\u00a0\u00bb<br \/>\n5, Avenue de Verdun \u2013 94200 Ivry-sur-Seine<br \/>\nTram T3 \/ M\u00e9tro Ligne 7\u00a0: Porte de Choisy[\/vc_column_text][\/vc_tta_section][\/vc_tta_tabs][\/vc_column][\/vc_row][vc_row el_class=\u00a0\u00bbaura-medium-container\u00a0\u00bb css=\u00a0\u00bb.vc_custom_1652204661296{margin-bottom: 3% !important;}\u00a0\u00bb][vc_column][vc_custom_heading text=\u00a0\u00bbAccessibilit\u00e9 handicap\u00a0\u00bb font_container=\u00a0\u00bbtag:h2|text_align:left|color:%23f08000&Prime; use_theme_fonts=\u00a0\u00bbyes\u00a0\u00bb css=\u00a0\u00bb.vc_custom_1652438440363{margin-bottom: 50px !important;}\u00a0\u00bb][vc_row_inner][vc_column_inner width=\u00a0\u00bb1\/2&Prime;][vc_column_text]<strong>Accueil du public en situation de handicap<\/strong><\/p>\n<p>Notre centre de formation est situ\u00e9 dans un b\u00e2timent adapt\u00e9 \u00e0 l\u2019accueil de public en situation de handicap et permet la libre circulation dans les zones d\u2019accessibilit\u00e9 cl\u00e9s : accueil, zone de circulation, salle de formation, sanitaires.[\/vc_column_text][\/vc_column_inner][vc_column_inner width=\u00a0\u00bb1\/2&Prime;][vc_column_text]<strong>Adaptation des formations<\/strong><\/p>\n<p>Les personnes en situation de handicap souhaitant suivre une formation sont invit\u00e9es \u00e0 nous contacter directement afin d\u2019\u00e9tudier ensemble les possibilit\u00e9s d\u2019am\u00e9nagement au sein de notre centre de formation.[\/vc_column_text][\/vc_column_inner][\/vc_row_inner][vc_column_text]Email\u00a0: <a href=\"mailto:rhf-idf@agefiph.asso.fr\">rhf-idf@agefiph.asso.fr<\/a><\/p>\n<p>Contact handicap\u00a0: <a href=\"mailto:farida.mazouni@auraparis.org\">farida.mazouni@auraparis.org<\/a>[\/vc_column_text][\/vc_column][\/vc_row]<\/p>\n","protected":false},"excerpt":{"rendered":"<p>[vc_row el_class=\u00a0\u00bbaura-medium-container\u00a0\u00bb][vc_column][vc_column_text el_class=\u00a0\u00bbkey-content\u00a0\u00bb]Pour toutes questions \u00e9ventuelles concernant l\u2019offre de formation, le d\u00e9roulement ou encore le financement, n\u2019h\u00e9sitez pas \u00e0 vous adresser \u00e0 l\u2019\u00e9quipe du FID.[\/vc_column_text][\/vc_column][\/vc_row][vc_row equal_height=\u00a0\u00bbyes\u00a0\u00bb el_class=\u00a0\u00bbaura-medium-container\u00a0\u00bb][vc_column width=\u00a0\u00bb2\/5&Prime;][vc_gmaps link=\u00a0\u00bb#E-8_JTNDaWZyYW1lJTIwc3JjJTNEJTIyaHR0cHMlM0ElMkYlMkZ3d3cuZ29vZ2xlLmNvbSUyRm1hcHMlMkZlbWJlZCUzRnBiJTNEJTIxMW0xOCUyMTFtMTIlMjExbTMlMjExZDI2MjcuMTU1NjYzODczNjM3JTIxMmQyLjM2NzU1MjQ5OTk5OTk5OTUlMjEzZDQ4LjgxNzA5MTMlMjEybTMlMjExZjAlMjEyZjAlMjEzZjAlMjEzbTIlMjExaTEwMjQlMjEyaTc2OCUyMTRmMTMuMSUyMTNtMyUyMTFtMiUyMTFzMHg0N2U2NzIyYjE5ZGU2MzE5JTI1M0EweGE3YTU4MThhNjdkNGY4M2ElMjEyczUlMjUyMEF2LiUyNTIwZGUlMjUyMFZlcmR1biUyNTJDJTI1MjA5NDIwMCUyNTIwSXZyeS1zdXItU2VpbmUlMjUyQyUyNTIwRnJhbmNlJTIxNWUwJTIxM20yJTIxMXNlbiUyMTJzJTIxNHYxNjUyNjk3MTQxMzU0JTIxNW0yJTIxMXNlbiUyMTJzJTIyJTIwd2lkdGglM0QlMjI2MDAlMjIlMjBoZWlnaHQlM0QlMjI0NTAlMjIlMjBzdHlsZSUzRCUyMmJvcmRlciUzQTAlM0IlMjIlMjBhbGxvd2Z1bGxzY3JlZW4lM0QlMjIlMjIlMjBsb2FkaW5nJTNEJTIybGF6eSUyMiUyMHJlZmVycmVycG9saWN5JTNEJTIybm8tcmVmZXJyZXItd2hlbi1kb3duZ3JhZGUlMjIlM0UlM0MlMkZpZnJhbWUlM0U=\u00a0\u00bb size=\u00a0\u00bb\u00a0\u00bb css=\u00a0\u00bb.vc_custom_1652697157733{margin-right: 5% !important;}\u00a0\u00bb][vc_row_inner][vc_column_inner el_class=\u00a0\u00bblocation-address-data\u00a0\u00bb][vc_column_text el_class=\u00a0\u00bblocation-address-item-sub-title\u00a0\u00bb] Centre de formation FID Immeuble \u201cLe Panoramique\u201d 5, Avenue de Verdun 94200 Ivry-sur-Seine [\/vc_column_text][vc_column_text] 01 53 62 66 03 &#8211; &hellip; <\/p>\n<p class=\"link-more\"><a href=\"https:\/\/auraparis.org\/fr\/centre-de-formation-fid-2\/contact\/\" class=\"more-link\">Continuer la lecture <span class=\"screen-reader-text\"> \u00ab\u00a0Contact\u00a0\u00bb<\/span><\/a><\/p>\n","protected":false},"author":5,"featured_media":2146,"parent":1063,"menu_order":52,"comment_status":"closed","ping_status":"closed","template":"templates\/template-about.php","meta":{"_acf_changed":false,"footnotes":""},"class_list":["post-1076","page","type-page","status-publish","has-post-thumbnail","hentry","entry"],"acf":[],"yoast_head":"<!-- This site is optimized with the Yoast SEO plugin v27.3 - https:\/\/yoast.com\/product\/yoast-seo-wordpress\/ -->\n<title>Contact - L&#039;AURA Paris<\/title>\n<meta name=\"robots\" content=\"index, follow, max-snippet:-1, max-image-preview:large, max-video-preview:-1\" \/>\n<link rel=\"canonical\" href=\"https:\/\/auraparis.org\/fr\/centre-de-formation-fid-2\/contact\/\" \/>\n<meta property=\"og:locale\" content=\"fr_FR\" \/>\n<meta property=\"og:type\" content=\"article\" \/>\n<meta property=\"og:title\" content=\"Contact - L&#039;AURA Paris\" \/>\n<meta property=\"og:description\" content=\"[vc_row el_class=\u00a0\u00bbaura-medium-container\u00a0\u00bb][vc_column][vc_column_text el_class=\u00a0\u00bbkey-content\u00a0\u00bb]Pour toutes questions \u00e9ventuelles concernant l\u2019offre de formation, le d\u00e9roulement ou encore le financement, n\u2019h\u00e9sitez pas \u00e0 vous adresser \u00e0 l\u2019\u00e9quipe du FID.[\/vc_column_text][\/vc_column][\/vc_row][vc_row equal_height=\u00a0\u00bbyes\u00a0\u00bb el_class=\u00a0\u00bbaura-medium-container\u00a0\u00bb][vc_column width=\u00a0\u00bb2\/5&Prime;][vc_gmaps link=\u00a0\u00bb#E-8_JTNDaWZyYW1lJTIwc3JjJTNEJTIyaHR0cHMlM0ElMkYlMkZ3d3cuZ29vZ2xlLmNvbSUyRm1hcHMlMkZlbWJlZCUzRnBiJTNEJTIxMW0xOCUyMTFtMTIlMjExbTMlMjExZDI2MjcuMTU1NjYzODczNjM3JTIxMmQyLjM2NzU1MjQ5OTk5OTk5OTUlMjEzZDQ4LjgxNzA5MTMlMjEybTMlMjExZjAlMjEyZjAlMjEzZjAlMjEzbTIlMjExaTEwMjQlMjEyaTc2OCUyMTRmMTMuMSUyMTNtMyUyMTFtMiUyMTFzMHg0N2U2NzIyYjE5ZGU2MzE5JTI1M0EweGE3YTU4MThhNjdkNGY4M2ElMjEyczUlMjUyMEF2LiUyNTIwZGUlMjUyMFZlcmR1biUyNTJDJTI1MjA5NDIwMCUyNTIwSXZyeS1zdXItU2VpbmUlMjUyQyUyNTIwRnJhbmNlJTIxNWUwJTIxM20yJTIxMXNlbiUyMTJzJTIxNHYxNjUyNjk3MTQxMzU0JTIxNW0yJTIxMXNlbiUyMTJzJTIyJTIwd2lkdGglM0QlMjI2MDAlMjIlMjBoZWlnaHQlM0QlMjI0NTAlMjIlMjBzdHlsZSUzRCUyMmJvcmRlciUzQTAlM0IlMjIlMjBhbGxvd2Z1bGxzY3JlZW4lM0QlMjIlMjIlMjBsb2FkaW5nJTNEJTIybGF6eSUyMiUyMHJlZmVycmVycG9saWN5JTNEJTIybm8tcmVmZXJyZXItd2hlbi1kb3duZ3JhZGUlMjIlM0UlM0MlMkZpZnJhbWUlM0U=\u00a0\u00bb size=\u00a0\u00bb\u00a0\u00bb css=\u00a0\u00bb.vc_custom_1652697157733{margin-right: 5% !important;}\u00a0\u00bb][vc_row_inner][vc_column_inner el_class=\u00a0\u00bblocation-address-data\u00a0\u00bb][vc_column_text el_class=\u00a0\u00bblocation-address-item-sub-title\u00a0\u00bb] Centre de formation FID Immeuble \u201cLe Panoramique\u201d 5, Avenue de Verdun 94200 Ivry-sur-Seine [\/vc_column_text][vc_column_text] 01 53 62 66 03 &#8211; &hellip; Continuer la lecture \u00ab\u00a0Contact\u00a0\u00bb\" \/>\n<meta property=\"og:url\" content=\"https:\/\/auraparis.org\/fr\/centre-de-formation-fid-2\/contact\/\" \/>\n<meta property=\"og:site_name\" content=\"L&#039;AURA Paris\" \/>\n<meta property=\"article:modified_time\" content=\"2026-02-01T12:36:43+00:00\" \/>\n<meta property=\"og:image\" content=\"https:\/\/auraparis.org\/wp-content\/uploads\/2022\/11\/iStock-1204089506\u00a9andresr-1-scaled-e1668520069572.jpg\" \/>\n\t<meta property=\"og:image:width\" content=\"1900\" \/>\n\t<meta property=\"og:image:height\" content=\"665\" \/>\n\t<meta property=\"og:image:type\" content=\"image\/jpeg\" \/>\n<meta name=\"twitter:card\" content=\"summary_large_image\" \/>\n<meta name=\"twitter:label1\" content=\"Dur\u00e9e de lecture estim\u00e9e\" \/>\n\t<meta name=\"twitter:data1\" content=\"2 minutes\" \/>\n<script type=\"application\/ld+json\" class=\"yoast-schema-graph\">{\"@context\":\"https:\\\/\\\/schema.org\",\"@graph\":[{\"@type\":\"WebPage\",\"@id\":\"https:\\\/\\\/auraparis.org\\\/fr\\\/centre-de-formation-fid-2\\\/contact\\\/\",\"url\":\"https:\\\/\\\/auraparis.org\\\/fr\\\/centre-de-formation-fid-2\\\/contact\\\/\",\"name\":\"Contact - L&#039;AURA Paris\",\"isPartOf\":{\"@id\":\"https:\\\/\\\/auraparis.org\\\/#website\"},\"primaryImageOfPage\":{\"@id\":\"https:\\\/\\\/auraparis.org\\\/fr\\\/centre-de-formation-fid-2\\\/contact\\\/#primaryimage\"},\"image\":{\"@id\":\"https:\\\/\\\/auraparis.org\\\/fr\\\/centre-de-formation-fid-2\\\/contact\\\/#primaryimage\"},\"thumbnailUrl\":\"https:\\\/\\\/auraparis.org\\\/wp-content\\\/uploads\\\/2022\\\/11\\\/iStock-1204089506\u00a9andresr-1-scaled-e1668520069572.jpg\",\"datePublished\":\"2022-01-16T16:31:01+00:00\",\"dateModified\":\"2026-02-01T12:36:43+00:00\",\"breadcrumb\":{\"@id\":\"https:\\\/\\\/auraparis.org\\\/fr\\\/centre-de-formation-fid-2\\\/contact\\\/#breadcrumb\"},\"inLanguage\":\"fr-FR\",\"potentialAction\":[{\"@type\":\"ReadAction\",\"target\":[\"https:\\\/\\\/auraparis.org\\\/fr\\\/centre-de-formation-fid-2\\\/contact\\\/\"]}]},{\"@type\":\"ImageObject\",\"inLanguage\":\"fr-FR\",\"@id\":\"https:\\\/\\\/auraparis.org\\\/fr\\\/centre-de-formation-fid-2\\\/contact\\\/#primaryimage\",\"url\":\"https:\\\/\\\/auraparis.org\\\/wp-content\\\/uploads\\\/2022\\\/11\\\/iStock-1204089506\u00a9andresr-1-scaled-e1668520069572.jpg\",\"contentUrl\":\"https:\\\/\\\/auraparis.org\\\/wp-content\\\/uploads\\\/2022\\\/11\\\/iStock-1204089506\u00a9andresr-1-scaled-e1668520069572.jpg\",\"width\":1900,\"height\":665,\"caption\":\"Portrait of a happy female student in medical school with a group of classmates and looking at the camera smiling\"},{\"@type\":\"BreadcrumbList\",\"@id\":\"https:\\\/\\\/auraparis.org\\\/fr\\\/centre-de-formation-fid-2\\\/contact\\\/#breadcrumb\",\"itemListElement\":[{\"@type\":\"ListItem\",\"position\":1,\"name\":\"Accueil\",\"item\":\"https:\\\/\\\/auraparis.org\\\/fr\\\/\"},{\"@type\":\"ListItem\",\"position\":2,\"name\":\"Centre de formation aura paris\",\"item\":\"https:\\\/\\\/auraparis.org\\\/fr\\\/centre-de-formation-fid-2\\\/\"},{\"@type\":\"ListItem\",\"position\":3,\"name\":\"Contact\"}]},{\"@type\":\"WebSite\",\"@id\":\"https:\\\/\\\/auraparis.org\\\/#website\",\"url\":\"https:\\\/\\\/auraparis.org\\\/\",\"name\":\"L&#039;AURA Paris\",\"description\":\"\",\"publisher\":{\"@id\":\"https:\\\/\\\/auraparis.org\\\/#organization\"},\"potentialAction\":[{\"@type\":\"SearchAction\",\"target\":{\"@type\":\"EntryPoint\",\"urlTemplate\":\"https:\\\/\\\/auraparis.org\\\/?s={search_term_string}\"},\"query-input\":{\"@type\":\"PropertyValueSpecification\",\"valueRequired\":true,\"valueName\":\"search_term_string\"}}],\"inLanguage\":\"fr-FR\"},{\"@type\":\"Organization\",\"@id\":\"https:\\\/\\\/auraparis.org\\\/#organization\",\"name\":\"L&#039;AURA Paris\",\"url\":\"https:\\\/\\\/auraparis.org\\\/\",\"logo\":{\"@type\":\"ImageObject\",\"inLanguage\":\"fr-FR\",\"@id\":\"https:\\\/\\\/auraparis.org\\\/#\\\/schema\\\/logo\\\/image\\\/\",\"url\":\"https:\\\/\\\/auraparis.org\\\/wp-content\\\/uploads\\\/2026\\\/02\\\/cropped-favicon-dore.jpg\",\"contentUrl\":\"https:\\\/\\\/auraparis.org\\\/wp-content\\\/uploads\\\/2026\\\/02\\\/cropped-favicon-dore.jpg\",\"width\":190,\"height\":190,\"caption\":\"L&#039;AURA Paris\"},\"image\":{\"@id\":\"https:\\\/\\\/auraparis.org\\\/#\\\/schema\\\/logo\\\/image\\\/\"}}]}<\/script>\n<!-- \/ Yoast SEO plugin. -->","yoast_head_json":{"title":"Contact - L&#039;AURA Paris","robots":{"index":"index","follow":"follow","max-snippet":"max-snippet:-1","max-image-preview":"max-image-preview:large","max-video-preview":"max-video-preview:-1"},"canonical":"https:\/\/auraparis.org\/fr\/centre-de-formation-fid-2\/contact\/","og_locale":"fr_FR","og_type":"article","og_title":"Contact - L&#039;AURA Paris","og_description":"[vc_row el_class=\u00a0\u00bbaura-medium-container\u00a0\u00bb][vc_column][vc_column_text el_class=\u00a0\u00bbkey-content\u00a0\u00bb]Pour toutes questions \u00e9ventuelles concernant l\u2019offre de formation, le d\u00e9roulement ou encore le financement, n\u2019h\u00e9sitez pas \u00e0 vous adresser \u00e0 l\u2019\u00e9quipe du FID.[\/vc_column_text][\/vc_column][\/vc_row][vc_row equal_height=\u00a0\u00bbyes\u00a0\u00bb el_class=\u00a0\u00bbaura-medium-container\u00a0\u00bb][vc_column width=\u00a0\u00bb2\/5&Prime;][vc_gmaps link=\u00a0\u00bb#E-8_JTNDaWZyYW1lJTIwc3JjJTNEJTIyaHR0cHMlM0ElMkYlMkZ3d3cuZ29vZ2xlLmNvbSUyRm1hcHMlMkZlbWJlZCUzRnBiJTNEJTIxMW0xOCUyMTFtMTIlMjExbTMlMjExZDI2MjcuMTU1NjYzODczNjM3JTIxMmQyLjM2NzU1MjQ5OTk5OTk5OTUlMjEzZDQ4LjgxNzA5MTMlMjEybTMlMjExZjAlMjEyZjAlMjEzZjAlMjEzbTIlMjExaTEwMjQlMjEyaTc2OCUyMTRmMTMuMSUyMTNtMyUyMTFtMiUyMTFzMHg0N2U2NzIyYjE5ZGU2MzE5JTI1M0EweGE3YTU4MThhNjdkNGY4M2ElMjEyczUlMjUyMEF2LiUyNTIwZGUlMjUyMFZlcmR1biUyNTJDJTI1MjA5NDIwMCUyNTIwSXZyeS1zdXItU2VpbmUlMjUyQyUyNTIwRnJhbmNlJTIxNWUwJTIxM20yJTIxMXNlbiUyMTJzJTIxNHYxNjUyNjk3MTQxMzU0JTIxNW0yJTIxMXNlbiUyMTJzJTIyJTIwd2lkdGglM0QlMjI2MDAlMjIlMjBoZWlnaHQlM0QlMjI0NTAlMjIlMjBzdHlsZSUzRCUyMmJvcmRlciUzQTAlM0IlMjIlMjBhbGxvd2Z1bGxzY3JlZW4lM0QlMjIlMjIlMjBsb2FkaW5nJTNEJTIybGF6eSUyMiUyMHJlZmVycmVycG9saWN5JTNEJTIybm8tcmVmZXJyZXItd2hlbi1kb3duZ3JhZGUlMjIlM0UlM0MlMkZpZnJhbWUlM0U=\u00a0\u00bb size=\u00a0\u00bb\u00a0\u00bb css=\u00a0\u00bb.vc_custom_1652697157733{margin-right: 5% !important;}\u00a0\u00bb][vc_row_inner][vc_column_inner el_class=\u00a0\u00bblocation-address-data\u00a0\u00bb][vc_column_text el_class=\u00a0\u00bblocation-address-item-sub-title\u00a0\u00bb] Centre de formation FID Immeuble \u201cLe Panoramique\u201d 5, Avenue de Verdun 94200 Ivry-sur-Seine [\/vc_column_text][vc_column_text] 01 53 62 66 03 &#8211; &hellip; Continuer la lecture \u00ab\u00a0Contact\u00a0\u00bb","og_url":"https:\/\/auraparis.org\/fr\/centre-de-formation-fid-2\/contact\/","og_site_name":"L&#039;AURA Paris","article_modified_time":"2026-02-01T12:36:43+00:00","og_image":[{"width":1900,"height":665,"url":"https:\/\/auraparis.org\/wp-content\/uploads\/2022\/11\/iStock-1204089506\u00a9andresr-1-scaled-e1668520069572.jpg","type":"image\/jpeg"}],"twitter_card":"summary_large_image","twitter_misc":{"Dur\u00e9e de lecture estim\u00e9e":"2 minutes"},"schema":{"@context":"https:\/\/schema.org","@graph":[{"@type":"WebPage","@id":"https:\/\/auraparis.org\/fr\/centre-de-formation-fid-2\/contact\/","url":"https:\/\/auraparis.org\/fr\/centre-de-formation-fid-2\/contact\/","name":"Contact - L&#039;AURA Paris","isPartOf":{"@id":"https:\/\/auraparis.org\/#website"},"primaryImageOfPage":{"@id":"https:\/\/auraparis.org\/fr\/centre-de-formation-fid-2\/contact\/#primaryimage"},"image":{"@id":"https:\/\/auraparis.org\/fr\/centre-de-formation-fid-2\/contact\/#primaryimage"},"thumbnailUrl":"https:\/\/auraparis.org\/wp-content\/uploads\/2022\/11\/iStock-1204089506\u00a9andresr-1-scaled-e1668520069572.jpg","datePublished":"2022-01-16T16:31:01+00:00","dateModified":"2026-02-01T12:36:43+00:00","breadcrumb":{"@id":"https:\/\/auraparis.org\/fr\/centre-de-formation-fid-2\/contact\/#breadcrumb"},"inLanguage":"fr-FR","potentialAction":[{"@type":"ReadAction","target":["https:\/\/auraparis.org\/fr\/centre-de-formation-fid-2\/contact\/"]}]},{"@type":"ImageObject","inLanguage":"fr-FR","@id":"https:\/\/auraparis.org\/fr\/centre-de-formation-fid-2\/contact\/#primaryimage","url":"https:\/\/auraparis.org\/wp-content\/uploads\/2022\/11\/iStock-1204089506\u00a9andresr-1-scaled-e1668520069572.jpg","contentUrl":"https:\/\/auraparis.org\/wp-content\/uploads\/2022\/11\/iStock-1204089506\u00a9andresr-1-scaled-e1668520069572.jpg","width":1900,"height":665,"caption":"Portrait of a happy female student in medical school with a group of classmates and looking at the camera smiling"},{"@type":"BreadcrumbList","@id":"https:\/\/auraparis.org\/fr\/centre-de-formation-fid-2\/contact\/#breadcrumb","itemListElement":[{"@type":"ListItem","position":1,"name":"Accueil","item":"https:\/\/auraparis.org\/fr\/"},{"@type":"ListItem","position":2,"name":"Centre de formation aura paris","item":"https:\/\/auraparis.org\/fr\/centre-de-formation-fid-2\/"},{"@type":"ListItem","position":3,"name":"Contact"}]},{"@type":"WebSite","@id":"https:\/\/auraparis.org\/#website","url":"https:\/\/auraparis.org\/","name":"L&#039;AURA Paris","description":"","publisher":{"@id":"https:\/\/auraparis.org\/#organization"},"potentialAction":[{"@type":"SearchAction","target":{"@type":"EntryPoint","urlTemplate":"https:\/\/auraparis.org\/?s={search_term_string}"},"query-input":{"@type":"PropertyValueSpecification","valueRequired":true,"valueName":"search_term_string"}}],"inLanguage":"fr-FR"},{"@type":"Organization","@id":"https:\/\/auraparis.org\/#organization","name":"L&#039;AURA Paris","url":"https:\/\/auraparis.org\/","logo":{"@type":"ImageObject","inLanguage":"fr-FR","@id":"https:\/\/auraparis.org\/#\/schema\/logo\/image\/","url":"https:\/\/auraparis.org\/wp-content\/uploads\/2026\/02\/cropped-favicon-dore.jpg","contentUrl":"https:\/\/auraparis.org\/wp-content\/uploads\/2026\/02\/cropped-favicon-dore.jpg","width":190,"height":190,"caption":"L&#039;AURA Paris"},"image":{"@id":"https:\/\/auraparis.org\/#\/schema\/logo\/image\/"}}]}},"_links":{"self":[{"href":"https:\/\/auraparis.org\/fr\/wp-json\/wp\/v2\/pages\/1076","targetHints":{"allow":["GET"]}}],"collection":[{"href":"https:\/\/auraparis.org\/fr\/wp-json\/wp\/v2\/pages"}],"about":[{"href":"https:\/\/auraparis.org\/fr\/wp-json\/wp\/v2\/types\/page"}],"author":[{"embeddable":true,"href":"https:\/\/auraparis.org\/fr\/wp-json\/wp\/v2\/users\/5"}],"replies":[{"embeddable":true,"href":"https:\/\/auraparis.org\/fr\/wp-json\/wp\/v2\/comments?post=1076"}],"version-history":[{"count":28,"href":"https:\/\/auraparis.org\/fr\/wp-json\/wp\/v2\/pages\/1076\/revisions"}],"predecessor-version":[{"id":3803,"href":"https:\/\/auraparis.org\/fr\/wp-json\/wp\/v2\/pages\/1076\/revisions\/3803"}],"up":[{"embeddable":true,"href":"https:\/\/auraparis.org\/fr\/wp-json\/wp\/v2\/pages\/1063"}],"wp:featuredmedia":[{"embeddable":true,"href":"https:\/\/auraparis.org\/fr\/wp-json\/wp\/v2\/media\/2146"}],"wp:attachment":[{"href":"https:\/\/auraparis.org\/fr\/wp-json\/wp\/v2\/media?parent=1076"}],"curies":[{"name":"wp","href":"https:\/\/api.w.org\/{rel}","templated":true}]}}