{"id":108,"date":"2021-11-14T14:07:21","date_gmt":"2021-11-14T11:07:21","guid":{"rendered":"http:\/\/auraparis2021.pastelle.fr\/?page_id=108"},"modified":"2021-11-29T00:19:34","modified_gmt":"2021-11-28T21:19:34","slug":"plan-du-site","status":"publish","type":"page","link":"https:\/\/auraparis.org\/fr\/plan-du-site\/","title":{"rendered":"Plan du site"},"content":{"rendered":"<p>[vc_row el_class=\u00a0\u00bbaura-container\u00a0\u00bb][vc_column][vc_column_text]<ul><li class=\"page_item page-item-2570\"><a href=\"https:\/\/auraparis.org\/fr\/info-flash-popup-settings\/\">Info flash popup settings<\/a><\/li>\n<li class=\"page_item page-item-2658\"><a href=\"https:\/\/auraparis.org\/fr\/infos-coupures-electriques\/\">Infos coupures \u00e9lectriques<\/a><\/li>\n<li class=\"page_item page-item-59 page_item_has_children\"><a href=\"https:\/\/auraparis.org\/fr\/qui-sommes-nous\/\">Qui sommes-nous ?<\/a>\n<ul class='children'>\n\t<li class=\"page_item page-item-70\"><a href=\"https:\/\/auraparis.org\/fr\/qui-sommes-nous\/les-chiffres-cles\/\">Chiffres cl\u00e9s<\/a><\/li>\n\t<li class=\"page_item page-item-65\"><a href=\"https:\/\/auraparis.org\/fr\/qui-sommes-nous\/nos-sites-geographiques\/\">Nos sites g\u00e9ographiques<\/a><\/li>\n\t<li class=\"page_item page-item-67\"><a href=\"https:\/\/auraparis.org\/fr\/qui-sommes-nous\/nos-instances-et-comites\/\">Nos instances et comit\u00e9s<\/a><\/li>\n\t<li class=\"page_item page-item-63 page_item_has_children\"><a href=\"https:\/\/auraparis.org\/fr\/qui-sommes-nous\/nos-atouts\/\">Nos atouts<\/a>\n\t<ul class='children'>\n\t\t<li class=\"page_item page-item-393 page_item_has_children\"><a href=\"https:\/\/auraparis.org\/fr\/qui-sommes-nous\/nos-atouts\/des-equipes-pluridisciplinaires-au-service-du-patient\/\">Des \u00e9quipes pluridisciplinaires au service du patient<\/a>\n\t\t<ul class='children'>\n\t\t\t<li class=\"page_item page-item-1025\"><a href=\"https:\/\/auraparis.org\/fr\/qui-sommes-nous\/nos-atouts\/des-equipes-pluridisciplinaires-au-service-du-patient\/les-equipes-logistiques-et-techniques\/\">Les \u00e9quipes logistiques et techniques<\/a><\/li>\n\t\t\t<li class=\"page_item page-item-1023\"><a href=\"https:\/\/auraparis.org\/fr\/qui-sommes-nous\/nos-atouts\/des-equipes-pluridisciplinaires-au-service-du-patient\/le-service-social\/\">Le service social<\/a><\/li>\n\t\t\t<li class=\"page_item page-item-1021\"><a href=\"https:\/\/auraparis.org\/fr\/qui-sommes-nous\/nos-atouts\/des-equipes-pluridisciplinaires-au-service-du-patient\/le-kinesitherapeute\/\">Le kin\u00e9sith\u00e9rapeute<\/a><\/li>\n\t\t\t<li class=\"page_item page-item-1018\"><a href=\"https:\/\/auraparis.org\/fr\/qui-sommes-nous\/nos-atouts\/des-equipes-pluridisciplinaires-au-service-du-patient\/le-service-dietetique\/\">Le service di\u00e9t\u00e9tique<\/a><\/li>\n\t\t\t<li class=\"page_item page-item-2425\"><a href=\"https:\/\/auraparis.org\/fr\/qui-sommes-nous\/nos-atouts\/des-equipes-pluridisciplinaires-au-service-du-patient\/lunite-de-psycho-nephrologie\/\">L&rsquo;unit\u00e9 de psycho n\u00e9phrologie<\/a><\/li>\n\t\t\t<li class=\"page_item page-item-1013\"><a href=\"https:\/\/auraparis.org\/fr\/qui-sommes-nous\/nos-atouts\/des-equipes-pluridisciplinaires-au-service-du-patient\/les-equipes-medicales-et-paramedicales\/\">Les \u00e9quipes m\u00e9dicales et param\u00e9dicales<\/a><\/li>\n\t\t<\/ul>\n<\/li>\n\t\t<li class=\"page_item page-item-408\"><a href=\"https:\/\/auraparis.org\/fr\/qui-sommes-nous\/nos-atouts\/des-pratiques-therapeutiques-novatrices\/\">Des pratiques th\u00e9rapeutiques novatrices<\/a><\/li>\n\t\t<li class=\"page_item page-item-395 page_item_has_children\"><a href=\"https:\/\/auraparis.org\/fr\/qui-sommes-nous\/nos-atouts\/notre-centre-de-formation-des-professionnels-a-la-dialyse\/\">Un centre de formation des professionnels de la sant\u00e9<\/a>\n\t\t<ul class='children'>\n\t\t\t<li class=\"page_item page-item-2030\"><a href=\"https:\/\/auraparis.org\/fr\/qui-sommes-nous\/nos-atouts\/notre-centre-de-formation-des-professionnels-a-la-dialyse\/qualite-et-programme-pedagogique\/\">Qualit\u00e9 et programme p\u00e9dagogique<\/a><\/li>\n\t\t<\/ul>\n<\/li>\n\t\t<li class=\"page_item page-item-398 page_item_has_children\"><a href=\"https:\/\/auraparis.org\/fr\/qui-sommes-nous\/nos-atouts\/qualite-gestiondesrisques\/\">La d\u00e9marche qualit\u00e9 et gestion des risques<\/a>\n\t\t<ul class='children'>\n\t\t\t<li class=\"page_item page-item-2406\"><a href=\"https:\/\/auraparis.org\/fr\/qui-sommes-nous\/nos-atouts\/qualite-gestiondesrisques\/livretaccueil\/\">Livret d\u2019accueil (en cours de modification)<\/a><\/li>\n\t\t<\/ul>\n<\/li>\n\t\t<li class=\"page_item page-item-400\"><a href=\"https:\/\/auraparis.org\/fr\/qui-sommes-nous\/nos-atouts\/patients-en-sejour-temporaire-dans-paris-et-sa-region\/\">Patients en s\u00e9jour temporaire dans paris et sa r\u00e9gion<\/a><\/li>\n\t\t<li class=\"page_item page-item-402\"><a href=\"https:\/\/auraparis.org\/fr\/qui-sommes-nous\/nos-atouts\/dialyse-longue-nocturne\/\">H\u00e9modialyse longue nocturne<\/a><\/li>\n\t\t<li class=\"page_item page-item-404\"><a href=\"https:\/\/auraparis.org\/fr\/qui-sommes-nous\/nos-atouts\/hemodialyse-et-dialyse-peritoneale-a-domicile\/\">H\u00e9modialyse et dialyse p\u00e9riton\u00e9ale \u00e0 domicile<\/a><\/li>\n\t<\/ul>\n<\/li>\n\t<li class=\"page_item page-item-61\"><a href=\"https:\/\/auraparis.org\/fr\/qui-sommes-nous\/presentation-historique-missions\/\">Pr\u00e9sentation de l&rsquo;association aura paris<\/a><\/li>\n<\/ul>\n<\/li>\n<li class=\"page_item page-item-79 page_item_has_children\"><a href=\"https:\/\/auraparis.org\/fr\/prevention-et-suivi-des-maladies-renales\/\">Pr\u00e9vention et suivi des maladies r\u00e9nales<\/a>\n<ul class='children'>\n\t<li class=\"page_item page-item-1739 page_item_has_children\"><a href=\"https:\/\/auraparis.org\/fr\/prevention-et-suivi-des-maladies-renales\/les-techniques-de-suppleance\/\">Les techniques de suppl\u00e9ance<\/a>\n\t<ul class='children'>\n\t\t<li class=\"page_item page-item-1765\"><a href=\"https:\/\/auraparis.org\/fr\/prevention-et-suivi-des-maladies-renales\/les-techniques-de-suppleance\/la-transplantation\/\">La transplantation<\/a><\/li>\n\t\t<li class=\"page_item page-item-1763\"><a href=\"https:\/\/auraparis.org\/fr\/prevention-et-suivi-des-maladies-renales\/les-techniques-de-suppleance\/la-dialyse-a-domicile\/\">La dialyse \u00e0 domicile<\/a><\/li>\n\t\t<li class=\"page_item page-item-1761\"><a href=\"https:\/\/auraparis.org\/fr\/prevention-et-suivi-des-maladies-renales\/les-techniques-de-suppleance\/la-dialyse-en-centre\/\">La dialyse en centre<\/a><\/li>\n\t\t<li class=\"page_item page-item-1755\"><a href=\"https:\/\/auraparis.org\/fr\/prevention-et-suivi-des-maladies-renales\/les-techniques-de-suppleance\/la-dialyse\/\">La dialyse<\/a><\/li>\n\t<\/ul>\n<\/li>\n\t<li class=\"page_item page-item-1737\"><a href=\"https:\/\/auraparis.org\/fr\/prevention-et-suivi-des-maladies-renales\/comment-proteger-mes-reins\/\">Comment prot\u00e9ger mes reins ?<\/a><\/li>\n\t<li class=\"page_item page-item-1735\"><a href=\"https:\/\/auraparis.org\/fr\/prevention-et-suivi-des-maladies-renales\/la-maladie-renale-chronique\/\">La maladie r\u00e9nale chronique<\/a><\/li>\n\t<li class=\"page_item page-item-1733\"><a href=\"https:\/\/auraparis.org\/fr\/prevention-et-suivi-des-maladies-renales\/a-quoi-servent-les-reins\/\">\u00e0 quoi servent les reins ? (physiologie r\u00e9nale)<\/a><\/li>\n<\/ul>\n<\/li>\n<li class=\"page_item page-item-81 page_item_has_children\"><a href=\"https:\/\/auraparis.org\/fr\/prise-en-charge\/\">Prise en charge<\/a>\n<ul class='children'>\n\t<li class=\"page_item page-item-1200\"><a href=\"https:\/\/auraparis.org\/fr\/prise-en-charge\/la-dialyse-a-domicile\/\">La dialyse \u00e0 domicile<\/a><\/li>\n\t<li class=\"page_item page-item-1198\"><a href=\"https:\/\/auraparis.org\/fr\/prise-en-charge\/le-service-dhospitalisation\/\">Le service d\u2019hospitalisation<\/a><\/li>\n\t<li class=\"page_item page-item-1196\"><a href=\"https:\/\/auraparis.org\/fr\/prise-en-charge\/votre-sejour\/\">Votre s\u00e9jour<\/a><\/li>\n\t<li class=\"page_item page-item-1208\"><a href=\"https:\/\/auraparis.org\/fr\/prise-en-charge\/liens-utiles\/\">Liens utiles<\/a><\/li>\n\t<li class=\"page_item page-item-1206\"><a href=\"https:\/\/auraparis.org\/fr\/prise-en-charge\/la-dialyse-saisonniere\/\">La dialyse saisonni\u00e8re<\/a><\/li>\n\t<li class=\"page_item page-item-1204\"><a href=\"https:\/\/auraparis.org\/fr\/prise-en-charge\/le-programme-detp\/\">Le programme d&rsquo;etp<\/a><\/li>\n\t<li class=\"page_item page-item-1202\"><a href=\"https:\/\/auraparis.org\/fr\/prise-en-charge\/le-pole-de-consultations\/\">Le p\u00f4le de consultations<\/a><\/li>\n<\/ul>\n<\/li>\n<li class=\"page_item page-item-976 page_item_has_children\"><a href=\"https:\/\/auraparis.org\/fr\/recherche-et-enseignement\/\">Recherche et enseignement<\/a>\n<ul class='children'>\n\t<li class=\"page_item page-item-949\"><a href=\"https:\/\/auraparis.org\/fr\/recherche-et-enseignement\/le-mot-du-directeurmedical\/\">Le mot du directeur m\u00e9dical<\/a><\/li>\n\t<li class=\"page_item page-item-951\"><a href=\"https:\/\/auraparis.org\/fr\/recherche-et-enseignement\/objectif\/\">Objectif<\/a><\/li>\n\t<li class=\"page_item page-item-953\"><a href=\"https:\/\/auraparis.org\/fr\/recherche-et-enseignement\/domaines-de-recherche\/\">Domaines de recherche<\/a><\/li>\n\t<li class=\"page_item page-item-955\"><a href=\"https:\/\/auraparis.org\/fr\/recherche-et-enseignement\/le-conseil-scientifique\/\">Le conseil scientifique<\/a><\/li>\n\t<li class=\"page_item page-item-957\"><a href=\"https:\/\/auraparis.org\/fr\/recherche-et-enseignement\/activites-de-recherche\/\">Activit\u00e9s de recherche<\/a><\/li>\n\t<li class=\"page_item page-item-959\"><a href=\"https:\/\/auraparis.org\/fr\/recherche-et-enseignement\/etudes-en-cours\/\">\u00e9tudes en cours<\/a><\/li>\n\t<li class=\"page_item page-item-938\"><a href=\"https:\/\/auraparis.org\/fr\/recherche-et-enseignement\/actualites-2\/\">Actualit\u00e9s<\/a><\/li>\n<\/ul>\n<\/li>\n<li class=\"page_item page-item-74\"><a href=\"https:\/\/auraparis.org\/fr\/recrutement\/\">Recrutement<\/a><\/li>\n<li class=\"page_item page-item-1063 page_item_has_children\"><a href=\"https:\/\/auraparis.org\/fr\/centre-de-formation-fid-2\/\">Centre de formation aura paris<\/a>\n<ul class='children'>\n\t<li class=\"page_item page-item-1076\"><a href=\"https:\/\/auraparis.org\/fr\/centre-de-formation-fid-2\/contact\/\">Contact<\/a><\/li>\n\t<li class=\"page_item page-item-1074\"><a href=\"https:\/\/auraparis.org\/fr\/centre-de-formation-fid-2\/organisation\/\">Organisation<\/a><\/li>\n\t<li class=\"page_item page-item-1072\"><a href=\"https:\/\/auraparis.org\/fr\/centre-de-formation-fid-2\/une-qualite-de-formation-certifiee\/\">Une qualit\u00e9 de formation certifi\u00e9e<\/a><\/li>\n\t<li class=\"page_item page-item-1062 page_item_has_children\"><a href=\"https:\/\/auraparis.org\/fr\/centre-de-formation-fid-2\/loffre-de-formation\/\">L&rsquo;offre de formation<\/a>\n\t<ul class='children'>\n\t\t<li class=\"page_item page-item-1085\"><a href=\"https:\/\/auraparis.org\/fr\/centre-de-formation-fid-2\/loffre-de-formation\/hygiene-en-dialyse-nephrologie\/\">Hygi\u00e8ne en dialyse \/ n\u00e9phrologie # hydia<\/a><\/li>\n\t\t<li class=\"page_item page-item-1081\"><a href=\"https:\/\/auraparis.org\/fr\/centre-de-formation-fid-2\/loffre-de-formation\/education-therapeutique-du-patient\/\">\u00e9ducation th\u00e9rapeutique du patient #etp<\/a><\/li>\n\t\t<li class=\"page_item page-item-1087\"><a href=\"https:\/\/auraparis.org\/fr\/centre-de-formation-fid-2\/loffre-de-formation\/qualite-et-gestion-des-risques\/\">Qualit\u00e9 et gestion des risques #qgr<\/a><\/li>\n\t\t<li class=\"page_item page-item-1094\"><a href=\"https:\/\/auraparis.org\/fr\/centre-de-formation-fid-2\/loffre-de-formation\/formation-a-la-dialyse-peritoneale\/\">Dialyse p\u00e9riton\u00e9ale #dp<\/a><\/li>\n\t\t<li class=\"page_item page-item-1098\"><a href=\"https:\/\/auraparis.org\/fr\/centre-de-formation-fid-2\/loffre-de-formation\/la-fonction-ash-en-dialyse-nephrologie\/\">Fonction ash et brancardier en dialyse #abdial<\/a><\/li>\n\t\t<li class=\"page_item page-item-1110\"><a href=\"https:\/\/auraparis.org\/fr\/centre-de-formation-fid-2\/loffre-de-formation\/formation-sur-mesure-en-intra\/\">Formation \u00e0 la technique du buttonhole dans votre service #bh<\/a><\/li>\n\t\t<li class=\"page_item page-item-1102\"><a href=\"https:\/\/auraparis.org\/fr\/centre-de-formation-fid-2\/loffre-de-formation\/circuit-du-medicament\/\">Circuit du m\u00e9dicament #mdct<\/a><\/li>\n\t\t<li class=\"page_item page-item-1108\"><a href=\"https:\/\/auraparis.org\/fr\/centre-de-formation-fid-2\/loffre-de-formation\/formation-dietetique\/\">Di\u00e9t\u00e9tique dans la maladie r\u00e9nale chronique #dietmrc<\/a><\/li>\n\t\t<li class=\"page_item page-item-1092\"><a href=\"https:\/\/auraparis.org\/fr\/centre-de-formation-fid-2\/loffre-de-formation\/la-personne-agee-en-dialyse\/\">La personne \u00e2g\u00e9e en dialyse\/n\u00e9phrologie #padia<\/a><\/li>\n\t\t<li class=\"page_item page-item-1104\"><a href=\"https:\/\/auraparis.org\/fr\/centre-de-formation-fid-2\/loffre-de-formation\/ipecmrc\/\">Initiation \u00e0 la prise en charge du malade r\u00e9nal chronique #ipecmrc<\/a><\/li>\n\t\t<li class=\"page_item page-item-1452\"><a href=\"https:\/\/auraparis.org\/fr\/centre-de-formation-fid-2\/loffre-de-formation\/modalites-de-dialyse-perfectionnement\/\">Perfectionnement \u00e0 la prise en charge du mrc #perfmrc<\/a><\/li>\n\t\t<li class=\"page_item page-item-1096\"><a href=\"https:\/\/auraparis.org\/fr\/centre-de-formation-fid-2\/loffre-de-formation\/la-fonction-aide-soignante-en-dialyse-nephrologie\/\">L\u2019aide-soignant dans la prise en charge du mrc #asmrc<\/a><\/li>\n\t\t<li class=\"page_item page-item-2460\"><a href=\"https:\/\/auraparis.org\/fr\/centre-de-formation-fid-2\/loffre-de-formation\/perfectionnement-education-therapeutique-du-patient-perfetp\/\">Perfectionnement \u00e9ducation th\u00e9rapeutique du patient #perfetp<\/a><\/li>\n\t\t<li class=\"page_item page-item-2464\"><a href=\"https:\/\/auraparis.org\/fr\/centre-de-formation-fid-2\/loffre-de-formation\/accompagnement-du-patient-a-la-dialyse-a-domicile-diadom\/\">Accompagnement du patient \u00e0 la dialyse \u00e0 domicile #diadom<\/a><\/li>\n\t\t<li class=\"page_item page-item-2468\"><a href=\"https:\/\/auraparis.org\/fr\/centre-de-formation-fid-2\/loffre-de-formation\/les-soins-palliatifs-et-la-dialyse-diasp\/\">Les soins palliatifs et la dialyse #diasp<\/a><\/li>\n\t\t<li class=\"page_item page-item-2470\"><a href=\"https:\/\/auraparis.org\/fr\/centre-de-formation-fid-2\/loffre-de-formation\/la-relation-daide-soignant-soigne-direla\/\">La relation d&rsquo;aide soignant \/ soign\u00e9 #direla<\/a><\/li>\n\t\t<li class=\"page_item page-item-2472\"><a href=\"https:\/\/auraparis.org\/fr\/centre-de-formation-fid-2\/loffre-de-formation\/la-transplantation-renale-greffe\/\">La transplantation r\u00e9nale #greffe<\/a><\/li>\n\t\t<li class=\"page_item page-item-2475\"><a href=\"https:\/\/auraparis.org\/fr\/centre-de-formation-fid-2\/loffre-de-formation\/la-consultation-dannonce-dans-une-maladie-renale-dicsan\/\">La consultation d\u2019annonce dans une maladie r\u00e9nale #dicsan<\/a><\/li>\n\t\t<li class=\"page_item page-item-2478\"><a href=\"https:\/\/auraparis.org\/fr\/centre-de-formation-fid-2\/loffre-de-formation\/plaies-et-cicatrisations-diaplai\/\">Plaies et cicatrisations #diaplai<\/a><\/li>\n\t<\/ul>\n<\/li>\n\t<li class=\"page_item page-item-83\"><a href=\"https:\/\/auraparis.org\/fr\/centre-de-formation-fid-2\/centre-de-formation-fid\/\">Notre organisme de formation<\/a><\/li>\n<\/ul>\n<\/li>\n<li class=\"page_item page-item-77\"><a href=\"https:\/\/auraparis.org\/fr\/actualites\/\">Actualit\u00e9s<\/a><\/li>\n<li class=\"page_item page-item-577 page_item_has_children\"><a href=\"https:\/\/auraparis.org\/fr\/prendre-rdv-en-ligne\/\">Prendre rendez-vous en ligne<\/a>\n<ul class='children'>\n\t<li class=\"page_item page-item-985\"><a href=\"https:\/\/auraparis.org\/fr\/prendre-rdv-en-ligne\/aura-saint-ouen\/\">Aura saint-ouen<\/a><\/li>\n\t<li class=\"page_item page-item-983\"><a href=\"https:\/\/auraparis.org\/fr\/prendre-rdv-en-ligne\/aura-padd-2\/\">Aura padd<\/a><\/li>\n\t<li class=\"page_item page-item-981\"><a href=\"https:\/\/auraparis.org\/fr\/prendre-rdv-en-ligne\/aura-paris-plaisance\/\">Aura paris plaisance<\/a><\/li>\n<\/ul>\n<\/li>\n<li class=\"page_item page-item-450\"><a href=\"https:\/\/auraparis.org\/fr\/contact\/\">Contact<\/a><\/li>\n<li class=\"page_item page-item-98\"><a href=\"https:\/\/auraparis.org\/fr\/mentions-legales\/\">Mentions l\u00e9gales<\/a><\/li>\n<li class=\"page_item page-item-100\"><a href=\"https:\/\/auraparis.org\/fr\/cgu\/\">Cgu<\/a><\/li>\n<li class=\"page_item page-item-104\"><a href=\"https:\/\/auraparis.org\/fr\/politique-de-protection-des-donnees\/\">Politique de confidentialit\u00e9 et protection des donn\u00e9es<\/a><\/li>\n<li class=\"page_item page-item-106\"><a href=\"https:\/\/auraparis.org\/fr\/liens-utiles\/\">Liens utiles<\/a><\/li>\n<li class=\"s-title\"><a target=\"_blank\" href=\"https:\/\/auraparis.org\/fr\/actualites\/\">Actualit\u00e9s<\/a><\/li><li><ul class=\"s-list\"><li><a target=\"_blank\" href=\"https:\/\/auraparis.org\/fr\/discours-de-voeux-du-mercredi-29-janvier-2025-par-le-professeur-pierre-ronco\/\">Discours de v\u0153ux du Mercredi 29 Janvier 2025 par le Professeur Pierre RONCO<\/a><\/li><li><a target=\"_blank\" href=\"https:\/\/auraparis.org\/fr\/fluid-volume-management-in-hemodialysis-never-give-up\/\">Fluid Volume Management in Hemodialysis: Never give up!<\/a><\/li><li><a target=\"_blank\" href=\"https:\/\/auraparis.org\/fr\/prime-de-bienvenue\/\">La prime de bienvenue \u00e0 AURA PARIS PLAISANCE<\/a><\/li><li><a target=\"_blank\" href=\"https:\/\/auraparis.org\/fr\/rapport-egalite-femmes-hommes-2022\/\">Rapport \u00e9galit\u00e9 femmes-hommes 2022<\/a><\/li><\/ul><\/li><\/ul>[\/vc_column_text][\/vc_column][\/vc_row]<\/p>\n","protected":false},"excerpt":{"rendered":"<p>[vc_row el_class=\u00a0\u00bbaura-container\u00a0\u00bb][vc_column][vc_column_text][\/vc_column_text][\/vc_column][\/vc_row]<\/p>\n","protected":false},"author":5,"featured_media":0,"parent":0,"menu_order":86,"comment_status":"closed","ping_status":"closed","template":"","meta":{"_acf_changed":false,"footnotes":""},"class_list":["post-108","page","type-page","status-publish","hentry","entry"],"acf":[],"yoast_head":"<!-- This site is optimized with the Yoast SEO plugin v27.3 - https:\/\/yoast.com\/product\/yoast-seo-wordpress\/ -->\n<title>Plan du site - L&#039;AURA Paris<\/title>\n<meta name=\"robots\" content=\"index, follow, max-snippet:-1, max-image-preview:large, max-video-preview:-1\" \/>\n<link rel=\"canonical\" href=\"https:\/\/auraparis.org\/fr\/plan-du-site\/\" \/>\n<meta property=\"og:locale\" content=\"fr_FR\" \/>\n<meta property=\"og:type\" content=\"article\" \/>\n<meta property=\"og:title\" content=\"Plan du site - L&#039;AURA Paris\" \/>\n<meta property=\"og:description\" content=\"[vc_row el_class=\u00a0\u00bbaura-container\u00a0\u00bb][vc_column][vc_column_text][\/vc_column_text][\/vc_column][\/vc_row]\" \/>\n<meta property=\"og:url\" content=\"https:\/\/auraparis.org\/fr\/plan-du-site\/\" \/>\n<meta property=\"og:site_name\" content=\"L&#039;AURA Paris\" \/>\n<meta property=\"article:modified_time\" content=\"2021-11-28T21:19:34+00:00\" \/>\n<meta name=\"twitter:card\" content=\"summary_large_image\" \/>\n<script type=\"application\/ld+json\" class=\"yoast-schema-graph\">{\"@context\":\"https:\\\/\\\/schema.org\",\"@graph\":[{\"@type\":\"WebPage\",\"@id\":\"https:\\\/\\\/auraparis.org\\\/fr\\\/plan-du-site\\\/\",\"url\":\"https:\\\/\\\/auraparis.org\\\/fr\\\/plan-du-site\\\/\",\"name\":\"Plan du site - L&#039;AURA Paris\",\"isPartOf\":{\"@id\":\"https:\\\/\\\/auraparis.org\\\/#website\"},\"datePublished\":\"2021-11-14T11:07:21+00:00\",\"dateModified\":\"2021-11-28T21:19:34+00:00\",\"breadcrumb\":{\"@id\":\"https:\\\/\\\/auraparis.org\\\/fr\\\/plan-du-site\\\/#breadcrumb\"},\"inLanguage\":\"fr-FR\",\"potentialAction\":[{\"@type\":\"ReadAction\",\"target\":[\"https:\\\/\\\/auraparis.org\\\/fr\\\/plan-du-site\\\/\"]}]},{\"@type\":\"BreadcrumbList\",\"@id\":\"https:\\\/\\\/auraparis.org\\\/fr\\\/plan-du-site\\\/#breadcrumb\",\"itemListElement\":[{\"@type\":\"ListItem\",\"position\":1,\"name\":\"Accueil\",\"item\":\"https:\\\/\\\/auraparis.org\\\/fr\\\/\"},{\"@type\":\"ListItem\",\"position\":2,\"name\":\"Plan du site\"}]},{\"@type\":\"WebSite\",\"@id\":\"https:\\\/\\\/auraparis.org\\\/#website\",\"url\":\"https:\\\/\\\/auraparis.org\\\/\",\"name\":\"L&#039;AURA Paris\",\"description\":\"\",\"publisher\":{\"@id\":\"https:\\\/\\\/auraparis.org\\\/#organization\"},\"potentialAction\":[{\"@type\":\"SearchAction\",\"target\":{\"@type\":\"EntryPoint\",\"urlTemplate\":\"https:\\\/\\\/auraparis.org\\\/?s={search_term_string}\"},\"query-input\":{\"@type\":\"PropertyValueSpecification\",\"valueRequired\":true,\"valueName\":\"search_term_string\"}}],\"inLanguage\":\"fr-FR\"},{\"@type\":\"Organization\",\"@id\":\"https:\\\/\\\/auraparis.org\\\/#organization\",\"name\":\"L&#039;AURA Paris\",\"url\":\"https:\\\/\\\/auraparis.org\\\/\",\"logo\":{\"@type\":\"ImageObject\",\"inLanguage\":\"fr-FR\",\"@id\":\"https:\\\/\\\/auraparis.org\\\/#\\\/schema\\\/logo\\\/image\\\/\",\"url\":\"https:\\\/\\\/auraparis.org\\\/wp-content\\\/uploads\\\/2026\\\/02\\\/cropped-favicon-dore.jpg\",\"contentUrl\":\"https:\\\/\\\/auraparis.org\\\/wp-content\\\/uploads\\\/2026\\\/02\\\/cropped-favicon-dore.jpg\",\"width\":190,\"height\":190,\"caption\":\"L&#039;AURA Paris\"},\"image\":{\"@id\":\"https:\\\/\\\/auraparis.org\\\/#\\\/schema\\\/logo\\\/image\\\/\"}}]}<\/script>\n<!-- \/ Yoast SEO plugin. -->","yoast_head_json":{"title":"Plan du site - L&#039;AURA Paris","robots":{"index":"index","follow":"follow","max-snippet":"max-snippet:-1","max-image-preview":"max-image-preview:large","max-video-preview":"max-video-preview:-1"},"canonical":"https:\/\/auraparis.org\/fr\/plan-du-site\/","og_locale":"fr_FR","og_type":"article","og_title":"Plan du site - L&#039;AURA Paris","og_description":"[vc_row el_class=\u00a0\u00bbaura-container\u00a0\u00bb][vc_column][vc_column_text][\/vc_column_text][\/vc_column][\/vc_row]","og_url":"https:\/\/auraparis.org\/fr\/plan-du-site\/","og_site_name":"L&#039;AURA Paris","article_modified_time":"2021-11-28T21:19:34+00:00","twitter_card":"summary_large_image","schema":{"@context":"https:\/\/schema.org","@graph":[{"@type":"WebPage","@id":"https:\/\/auraparis.org\/fr\/plan-du-site\/","url":"https:\/\/auraparis.org\/fr\/plan-du-site\/","name":"Plan du site - L&#039;AURA Paris","isPartOf":{"@id":"https:\/\/auraparis.org\/#website"},"datePublished":"2021-11-14T11:07:21+00:00","dateModified":"2021-11-28T21:19:34+00:00","breadcrumb":{"@id":"https:\/\/auraparis.org\/fr\/plan-du-site\/#breadcrumb"},"inLanguage":"fr-FR","potentialAction":[{"@type":"ReadAction","target":["https:\/\/auraparis.org\/fr\/plan-du-site\/"]}]},{"@type":"BreadcrumbList","@id":"https:\/\/auraparis.org\/fr\/plan-du-site\/#breadcrumb","itemListElement":[{"@type":"ListItem","position":1,"name":"Accueil","item":"https:\/\/auraparis.org\/fr\/"},{"@type":"ListItem","position":2,"name":"Plan du site"}]},{"@type":"WebSite","@id":"https:\/\/auraparis.org\/#website","url":"https:\/\/auraparis.org\/","name":"L&#039;AURA Paris","description":"","publisher":{"@id":"https:\/\/auraparis.org\/#organization"},"potentialAction":[{"@type":"SearchAction","target":{"@type":"EntryPoint","urlTemplate":"https:\/\/auraparis.org\/?s={search_term_string}"},"query-input":{"@type":"PropertyValueSpecification","valueRequired":true,"valueName":"search_term_string"}}],"inLanguage":"fr-FR"},{"@type":"Organization","@id":"https:\/\/auraparis.org\/#organization","name":"L&#039;AURA Paris","url":"https:\/\/auraparis.org\/","logo":{"@type":"ImageObject","inLanguage":"fr-FR","@id":"https:\/\/auraparis.org\/#\/schema\/logo\/image\/","url":"https:\/\/auraparis.org\/wp-content\/uploads\/2026\/02\/cropped-favicon-dore.jpg","contentUrl":"https:\/\/auraparis.org\/wp-content\/uploads\/2026\/02\/cropped-favicon-dore.jpg","width":190,"height":190,"caption":"L&#039;AURA Paris"},"image":{"@id":"https:\/\/auraparis.org\/#\/schema\/logo\/image\/"}}]}},"_links":{"self":[{"href":"https:\/\/auraparis.org\/fr\/wp-json\/wp\/v2\/pages\/108","targetHints":{"allow":["GET"]}}],"collection":[{"href":"https:\/\/auraparis.org\/fr\/wp-json\/wp\/v2\/pages"}],"about":[{"href":"https:\/\/auraparis.org\/fr\/wp-json\/wp\/v2\/types\/page"}],"author":[{"embeddable":true,"href":"https:\/\/auraparis.org\/fr\/wp-json\/wp\/v2\/users\/5"}],"replies":[{"embeddable":true,"href":"https:\/\/auraparis.org\/fr\/wp-json\/wp\/v2\/comments?post=108"}],"version-history":[{"count":5,"href":"https:\/\/auraparis.org\/fr\/wp-json\/wp\/v2\/pages\/108\/revisions"}],"predecessor-version":[{"id":659,"href":"https:\/\/auraparis.org\/fr\/wp-json\/wp\/v2\/pages\/108\/revisions\/659"}],"wp:attachment":[{"href":"https:\/\/auraparis.org\/fr\/wp-json\/wp\/v2\/media?parent=108"}],"curies":[{"name":"wp","href":"https:\/\/api.w.org\/{rel}","templated":true}]}}