{"id":1200,"date":"2022-04-05T22:53:12","date_gmt":"2022-04-05T19:53:12","guid":{"rendered":"http:\/\/auraparis2021.pastelle.fr\/?page_id=1200"},"modified":"2025-09-26T15:07:19","modified_gmt":"2025-09-26T14:07:19","slug":"la-dialyse-a-domicile","status":"publish","type":"page","link":"https:\/\/auraparis.org\/fr\/prise-en-charge\/la-dialyse-a-domicile\/","title":{"rendered":"La dialyse \u00e0 domicile"},"content":{"rendered":"<p>[vc_row el_class=\u00a0\u00bbaura-small-container\u00a0\u00bb][vc_column][vc_row_inner equal_height=\u00a0\u00bbyes\u00a0\u00bb gap=\u00a0\u00bb35&Prime;][vc_column_inner el_class=\u00a0\u00bbmission-content\u00a0\u00bb width=\u00a0\u00bb1\/2&Prime;][vc_custom_heading text=\u00a0\u00bbPrise en charge des patients dialys\u00e9s \u00e0 domicile (h\u00e9modialyse et dialyse p\u00e9riton\u00e9ale)\u00a0\u00bb font_container=\u00a0\u00bbtag:h3|text_align:left\u00a0\u00bb use_theme_fonts=\u00a0\u00bbyes\u00a0\u00bb][vc_column_text css=\u00a0\u00bb.vc_custom_1652447897855{border-bottom-width: 0px !important;padding-bottom: 0px !important;}\u00a0\u00bb]<\/p>\n<p class=\"p3\">L\u2019AURA joue un r\u00f4le majeur, dans la r\u00e9gion \u00cele-de-France, dans la prise en charge des patients dialys\u00e9s \u00e0 domicile que ce soit en h\u00e9modialyse quotidienne ou en dialyse p\u00e9riton\u00e9ale. Pionni\u00e8re dans ces techniques, elle d\u00e9fend et veut promouvoir l\u2019autonomie des patients.<\/p>\n<p>&nbsp;<\/p>\n<p class=\"p3\">Apr\u00e8s avoir \u00e9t\u00e9 form\u00e9s dans les centres AURA (Centre de formation AURA Saint-Ouen et AURA PADD) ou dans d\u2019autres centres de formation relevant d\u2019h\u00f4pitaux partenaires avec lesquels l\u2019AURA a sign\u00e9 une convention de coop\u00e9ration, les patients continuent d\u2019\u00eatre suivis chez eux par les m\u00eames \u00e9quipes m\u00e9dicales.<\/p>\n<p>&nbsp;<\/p>\n<p class=\"p3\">De m\u00eame lorsque leur \u00e9tat de sant\u00e9 n\u00e9cessite un repli en Unit\u00e9 de dialyse M\u00e9dicalis\u00e9e, en centre d\u2019h\u00e9modialyse ou en hospitalisation, les patients sont orient\u00e9s dans une des nombreuses structures directement g\u00e9r\u00e9es par l\u2019AURA ou relevant des h\u00f4pitaux partenaires.<\/p>\n<p>&nbsp;<\/p>\n<p class=\"p3\">Ainsi le vaste r\u00e9seau de soins dans lequel s\u2019int\u00e8gre l\u2019AURA permet aux malades d\u2019\u00eatre pris en charge de fa\u00e7on s\u00e9curisante, coordonn\u00e9e gr\u00e2ce \u00e0 des \u00e9quipes m\u00e9dicales, infirmi\u00e8re et techniques qui les suivent tout au long de leur maladie et quel que ce soit le niveau d\u2019\u00e9volution de leur pathologie.<\/p>\n<p>[\/vc_column_text][\/vc_column_inner][vc_column_inner width=\u00a0\u00bb1\/2&Prime;][vc_single_image image=\u00a0\u00bb2335&Prime; img_size=\u00a0\u00bbfull\u00a0\u00bb alignment=\u00a0\u00bbcenter\u00a0\u00bb][\/vc_column_inner][\/vc_row_inner][vc_row_inner equal_height=\u00a0\u00bbyes\u00a0\u00bb gap=\u00a0\u00bb35&Prime;][vc_column_inner width=\u00a0\u00bb1\/2&Prime;][vc_single_image image=\u00a0\u00bb1327&Prime; img_size=\u00a0\u00bbfull\u00a0\u00bb alignment=\u00a0\u00bbcenter\u00a0\u00bb][\/vc_column_inner][vc_column_inner el_class=\u00a0\u00bbmission-content\u00a0\u00bb width=\u00a0\u00bb1\/2&Prime;][vc_custom_heading text=\u00a0\u00bbNos structures sp\u00e9cialis\u00e9es : le PADD\u00a0\u00bb font_container=\u00a0\u00bbtag:h3|text_align:left\u00a0\u00bb use_theme_fonts=\u00a0\u00bbyes\u00a0\u00bb][vc_column_text]<\/p>\n<p class=\"p2\"><strong>Pr\u00e9sentation de l\u2019\u00e9quipe :<\/strong><\/p>\n<p class=\"p3\">L\u2019\u00e9quipe pluridisciplinaire du PADD est compos\u00e9e de m\u00e9decins, un cadre de sant\u00e9, IDE, une IDE de pratique avanc\u00e9e (IPA), une assistante sociale, un psychologue, des di\u00e9t\u00e9ticiennes, une secr\u00e9taire, un ouvrier logistique, un pharmacien. Cette \u00e9quipe b\u00e9n\u00e9ficie d\u2019une expertise en formation \u00e0 domicile qui vous accompagnera de la consultation d\u2019annonce \u00e0 votre choix de traitement de suppl\u00e9ance.<\/p>\n<p>&nbsp;<\/p>\n<p class=\"p2\"><strong>Les missions :\u00a0<\/strong><\/p>\n<p class=\"p4\">&#8211; La formation \u00e0 la dialyse \u00e0 domicile (h\u00e9modialyse quotidienne ou dialyse p\u00e9riton\u00e9ale).<\/p>\n<p class=\"p4\">&#8211; Le repli de votre traitement s\u2019effectue dans ce service, lors des probl\u00e8mes m\u00e9dicaux, techniques ou personnels. En cas de probl\u00e8me m\u00e9dical le n\u00e9cessitant, le repli peut \u00eatre organis\u00e9 sur AURA SUD.<\/p>\n<p class=\"p4\">&#8211; Des consultations de n\u00e9phrologie pour les patients dialys\u00e9s \u00e0 domicile ou en rendez-vous.<\/p>\n<p class=\"p4\">&#8211; Des consultations di\u00e9t\u00e9tiques et infirmi\u00e8res dans le cadre du parcours de soin MRC 4 et 5.<\/p>\n<p class=\"p4\">&#8211; L\u2019\u00e9ducation th\u00e9rapeutique des insuffisants r\u00e9naux en ateliers individuels ou collectifs.<\/p>\n<p>[\/vc_column_text][\/vc_column_inner][\/vc_row_inner][vc_row_inner equal_height=\u00a0\u00bbyes\u00a0\u00bb gap=\u00a0\u00bb35&Prime;][vc_column_inner el_class=\u00a0\u00bbmission-content\u00a0\u00bb width=\u00a0\u00bb1\/2&Prime;][vc_custom_heading text=\u00a0\u00bbNos structures sp\u00e9cialis\u00e9es : Saint-Ouen\u00a0\u00bb font_container=\u00a0\u00bbtag:h3|text_align:left\u00a0\u00bb use_theme_fonts=\u00a0\u00bbyes\u00a0\u00bb][vc_column_text]<\/p>\n<p class=\"p1\"><strong><span class=\"s1\">Pr\u00e9sentation de l\u2019\u00e9quipe : <\/span><\/strong><\/p>\n<p class=\"p1\">L\u2019\u00e9quipe pluridisciplinaire de l\u2019AURA Nord Saint Ouen est compos\u00e9e des m\u00e9decins, un cadre de sant\u00e9, IDE, une IDE de pratique avanc\u00e9e (IPA), une assistante sociale, un psychologue, des di\u00e9t\u00e9ticiennes, des secr\u00e9taires, un ouvrier logistique, un pharmacien. Cette \u00e9quipe b\u00e9n\u00e9ficie d\u2019une expertise en formation \u00e0 domicile qui vous accompagnera de la consultation d\u2019annonce \u00e0 votre choix de traitement de suppl\u00e9ance.<\/p>\n<p>&nbsp;<\/p>\n<p class=\"p2\"><strong>Les missions :\u00a0<\/strong><\/p>\n<p class=\"p1\">&#8211; La formation \u00e0 la dialyse \u00e0 domicile (h\u00e9modialyse quotidienne).<\/p>\n<p class=\"p1\">&#8211; Le repli de votre traitement s\u2019effectue dans ce service, lors des probl\u00e8mes m\u00e9dicaux, techniques ou personnels. En cas de probl\u00e8me m\u00e9dical le n\u00e9cessitant, le repli peut \u00eatre organis\u00e9 sur l\u2019AURA Nord Saint Ouen.<\/p>\n<p class=\"p1\">&#8211; Des consultations de n\u00e9phrologie pour les patients dialys\u00e9s \u00e0 domicile ou en rendez-vous.<\/p>\n<p class=\"p1\">&#8211; Des consultations di\u00e9t\u00e9tiques et infirmi\u00e8res dans le cadre du parcours de soin MRC 4 et 5.<\/p>\n<p class=\"p2\"><span class=\"s1\">&#8211; L\u2019\u00e9ducation <\/span>th\u00e9rapeutique des insuffisants r\u00e9naux en ateliers individuels ou collectifs.<\/p>\n<p>[\/vc_column_text][\/vc_column_inner][vc_column_inner width=\u00a0\u00bb1\/2&Prime;][vc_single_image image=\u00a0\u00bb1315&Prime; img_size=\u00a0\u00bbfull\u00a0\u00bb alignment=\u00a0\u00bbcenter\u00a0\u00bb][\/vc_column_inner][\/vc_row_inner][\/vc_column][\/vc_row]<\/p>\n","protected":false},"excerpt":{"rendered":"<p>[vc_row el_class=\u00a0\u00bbaura-small-container\u00a0\u00bb][vc_column][vc_row_inner equal_height=\u00a0\u00bbyes\u00a0\u00bb gap=\u00a0\u00bb35&Prime;][vc_column_inner el_class=\u00a0\u00bbmission-content\u00a0\u00bb width=\u00a0\u00bb1\/2&Prime;][vc_custom_heading text=\u00a0\u00bbPrise en charge des patients dialys\u00e9s \u00e0 domicile (h\u00e9modialyse et dialyse p\u00e9riton\u00e9ale)\u00a0\u00bb font_container=\u00a0\u00bbtag:h3|text_align:left\u00a0\u00bb use_theme_fonts=\u00a0\u00bbyes\u00a0\u00bb][vc_column_text css=\u00a0\u00bb.vc_custom_1652447897855{border-bottom-width: 0px !important;padding-bottom: 0px !important;}\u00a0\u00bb] L\u2019AURA joue un r\u00f4le majeur, dans la r\u00e9gion \u00cele-de-France, dans la prise en charge des patients dialys\u00e9s \u00e0 domicile que ce soit en h\u00e9modialyse quotidienne ou en dialyse p\u00e9riton\u00e9ale. Pionni\u00e8re &hellip; <\/p>\n<p class=\"link-more\"><a href=\"https:\/\/auraparis.org\/fr\/prise-en-charge\/la-dialyse-a-domicile\/\" class=\"more-link\">Continuer la lecture <span class=\"screen-reader-text\"> \u00ab\u00a0La dialyse \u00e0 domicile\u00a0\u00bb<\/span><\/a><\/p>\n","protected":false},"author":5,"featured_media":3669,"parent":81,"menu_order":15,"comment_status":"closed","ping_status":"closed","template":"templates\/template-about.php","meta":{"_acf_changed":false,"footnotes":""},"class_list":["post-1200","page","type-page","status-publish","has-post-thumbnail","hentry","entry"],"acf":[],"yoast_head":"<!-- This site is optimized with the Yoast SEO plugin v27.3 - https:\/\/yoast.com\/product\/yoast-seo-wordpress\/ -->\n<title>La dialyse \u00e0 domicile - L&#039;AURA Paris<\/title>\n<meta name=\"robots\" content=\"index, follow, max-snippet:-1, max-image-preview:large, max-video-preview:-1\" \/>\n<link rel=\"canonical\" href=\"https:\/\/auraparis.org\/fr\/prise-en-charge\/la-dialyse-a-domicile\/\" \/>\n<meta property=\"og:locale\" content=\"fr_FR\" \/>\n<meta property=\"og:type\" content=\"article\" \/>\n<meta property=\"og:title\" content=\"La dialyse \u00e0 domicile - L&#039;AURA Paris\" \/>\n<meta property=\"og:description\" content=\"[vc_row el_class=\u00a0\u00bbaura-small-container\u00a0\u00bb][vc_column][vc_row_inner equal_height=\u00a0\u00bbyes\u00a0\u00bb gap=\u00a0\u00bb35&Prime;][vc_column_inner el_class=\u00a0\u00bbmission-content\u00a0\u00bb width=\u00a0\u00bb1\/2&Prime;][vc_custom_heading text=\u00a0\u00bbPrise en charge des patients dialys\u00e9s \u00e0 domicile (h\u00e9modialyse et dialyse p\u00e9riton\u00e9ale)\u00a0\u00bb font_container=\u00a0\u00bbtag:h3|text_align:left\u00a0\u00bb use_theme_fonts=\u00a0\u00bbyes\u00a0\u00bb][vc_column_text css=\u00a0\u00bb.vc_custom_1652447897855{border-bottom-width: 0px !important;padding-bottom: 0px !important;}\u00a0\u00bb] L\u2019AURA joue un r\u00f4le majeur, dans la r\u00e9gion \u00cele-de-France, dans la prise en charge des patients dialys\u00e9s \u00e0 domicile que ce soit en h\u00e9modialyse quotidienne ou en dialyse p\u00e9riton\u00e9ale. Pionni\u00e8re &hellip; Continuer la lecture \u00ab\u00a0La dialyse \u00e0 domicile\u00a0\u00bb\" \/>\n<meta property=\"og:url\" content=\"https:\/\/auraparis.org\/fr\/prise-en-charge\/la-dialyse-a-domicile\/\" \/>\n<meta property=\"og:site_name\" content=\"L&#039;AURA Paris\" \/>\n<meta property=\"article:modified_time\" content=\"2025-09-26T14:07:19+00:00\" \/>\n<meta property=\"og:image\" content=\"https:\/\/auraparis.org\/wp-content\/uploads\/2025\/09\/Design-sans-titre-12-1024x318.png\" \/>\n\t<meta property=\"og:image:width\" content=\"1024\" \/>\n\t<meta property=\"og:image:height\" content=\"318\" \/>\n\t<meta property=\"og:image:type\" content=\"image\/png\" \/>\n<meta name=\"twitter:card\" content=\"summary_large_image\" \/>\n<meta name=\"twitter:label1\" content=\"Dur\u00e9e de lecture estim\u00e9e\" \/>\n\t<meta name=\"twitter:data1\" content=\"3 minutes\" \/>\n<script type=\"application\/ld+json\" class=\"yoast-schema-graph\">{\"@context\":\"https:\\\/\\\/schema.org\",\"@graph\":[{\"@type\":\"WebPage\",\"@id\":\"https:\\\/\\\/auraparis.org\\\/fr\\\/prise-en-charge\\\/la-dialyse-a-domicile\\\/\",\"url\":\"https:\\\/\\\/auraparis.org\\\/fr\\\/prise-en-charge\\\/la-dialyse-a-domicile\\\/\",\"name\":\"La dialyse \u00e0 domicile - L&#039;AURA Paris\",\"isPartOf\":{\"@id\":\"https:\\\/\\\/auraparis.org\\\/#website\"},\"primaryImageOfPage\":{\"@id\":\"https:\\\/\\\/auraparis.org\\\/fr\\\/prise-en-charge\\\/la-dialyse-a-domicile\\\/#primaryimage\"},\"image\":{\"@id\":\"https:\\\/\\\/auraparis.org\\\/fr\\\/prise-en-charge\\\/la-dialyse-a-domicile\\\/#primaryimage\"},\"thumbnailUrl\":\"https:\\\/\\\/auraparis.org\\\/wp-content\\\/uploads\\\/2025\\\/09\\\/Design-sans-titre-12.png\",\"datePublished\":\"2022-04-05T19:53:12+00:00\",\"dateModified\":\"2025-09-26T14:07:19+00:00\",\"breadcrumb\":{\"@id\":\"https:\\\/\\\/auraparis.org\\\/fr\\\/prise-en-charge\\\/la-dialyse-a-domicile\\\/#breadcrumb\"},\"inLanguage\":\"fr-FR\",\"potentialAction\":[{\"@type\":\"ReadAction\",\"target\":[\"https:\\\/\\\/auraparis.org\\\/fr\\\/prise-en-charge\\\/la-dialyse-a-domicile\\\/\"]}]},{\"@type\":\"ImageObject\",\"inLanguage\":\"fr-FR\",\"@id\":\"https:\\\/\\\/auraparis.org\\\/fr\\\/prise-en-charge\\\/la-dialyse-a-domicile\\\/#primaryimage\",\"url\":\"https:\\\/\\\/auraparis.org\\\/wp-content\\\/uploads\\\/2025\\\/09\\\/Design-sans-titre-12.png\",\"contentUrl\":\"https:\\\/\\\/auraparis.org\\\/wp-content\\\/uploads\\\/2025\\\/09\\\/Design-sans-titre-12.png\",\"width\":6400,\"height\":1988},{\"@type\":\"BreadcrumbList\",\"@id\":\"https:\\\/\\\/auraparis.org\\\/fr\\\/prise-en-charge\\\/la-dialyse-a-domicile\\\/#breadcrumb\",\"itemListElement\":[{\"@type\":\"ListItem\",\"position\":1,\"name\":\"Accueil\",\"item\":\"https:\\\/\\\/auraparis.org\\\/fr\\\/\"},{\"@type\":\"ListItem\",\"position\":2,\"name\":\"Prise en charge\",\"item\":\"https:\\\/\\\/auraparis.org\\\/fr\\\/prise-en-charge\\\/\"},{\"@type\":\"ListItem\",\"position\":3,\"name\":\"La dialyse \u00e0 domicile\"}]},{\"@type\":\"WebSite\",\"@id\":\"https:\\\/\\\/auraparis.org\\\/#website\",\"url\":\"https:\\\/\\\/auraparis.org\\\/\",\"name\":\"L&#039;AURA Paris\",\"description\":\"\",\"publisher\":{\"@id\":\"https:\\\/\\\/auraparis.org\\\/#organization\"},\"potentialAction\":[{\"@type\":\"SearchAction\",\"target\":{\"@type\":\"EntryPoint\",\"urlTemplate\":\"https:\\\/\\\/auraparis.org\\\/?s={search_term_string}\"},\"query-input\":{\"@type\":\"PropertyValueSpecification\",\"valueRequired\":true,\"valueName\":\"search_term_string\"}}],\"inLanguage\":\"fr-FR\"},{\"@type\":\"Organization\",\"@id\":\"https:\\\/\\\/auraparis.org\\\/#organization\",\"name\":\"L&#039;AURA Paris\",\"url\":\"https:\\\/\\\/auraparis.org\\\/\",\"logo\":{\"@type\":\"ImageObject\",\"inLanguage\":\"fr-FR\",\"@id\":\"https:\\\/\\\/auraparis.org\\\/#\\\/schema\\\/logo\\\/image\\\/\",\"url\":\"https:\\\/\\\/auraparis.org\\\/wp-content\\\/uploads\\\/2026\\\/02\\\/cropped-favicon-dore.jpg\",\"contentUrl\":\"https:\\\/\\\/auraparis.org\\\/wp-content\\\/uploads\\\/2026\\\/02\\\/cropped-favicon-dore.jpg\",\"width\":190,\"height\":190,\"caption\":\"L&#039;AURA Paris\"},\"image\":{\"@id\":\"https:\\\/\\\/auraparis.org\\\/#\\\/schema\\\/logo\\\/image\\\/\"}}]}<\/script>\n<!-- \/ Yoast SEO plugin. -->","yoast_head_json":{"title":"La dialyse \u00e0 domicile - L&#039;AURA Paris","robots":{"index":"index","follow":"follow","max-snippet":"max-snippet:-1","max-image-preview":"max-image-preview:large","max-video-preview":"max-video-preview:-1"},"canonical":"https:\/\/auraparis.org\/fr\/prise-en-charge\/la-dialyse-a-domicile\/","og_locale":"fr_FR","og_type":"article","og_title":"La dialyse \u00e0 domicile - L&#039;AURA Paris","og_description":"[vc_row el_class=\u00a0\u00bbaura-small-container\u00a0\u00bb][vc_column][vc_row_inner equal_height=\u00a0\u00bbyes\u00a0\u00bb gap=\u00a0\u00bb35&Prime;][vc_column_inner el_class=\u00a0\u00bbmission-content\u00a0\u00bb width=\u00a0\u00bb1\/2&Prime;][vc_custom_heading text=\u00a0\u00bbPrise en charge des patients dialys\u00e9s \u00e0 domicile (h\u00e9modialyse et dialyse p\u00e9riton\u00e9ale)\u00a0\u00bb font_container=\u00a0\u00bbtag:h3|text_align:left\u00a0\u00bb use_theme_fonts=\u00a0\u00bbyes\u00a0\u00bb][vc_column_text css=\u00a0\u00bb.vc_custom_1652447897855{border-bottom-width: 0px !important;padding-bottom: 0px !important;}\u00a0\u00bb] L\u2019AURA joue un r\u00f4le majeur, dans la r\u00e9gion \u00cele-de-France, dans la prise en charge des patients dialys\u00e9s \u00e0 domicile que ce soit en h\u00e9modialyse quotidienne ou en dialyse p\u00e9riton\u00e9ale. Pionni\u00e8re &hellip; Continuer la lecture \u00ab\u00a0La dialyse \u00e0 domicile\u00a0\u00bb","og_url":"https:\/\/auraparis.org\/fr\/prise-en-charge\/la-dialyse-a-domicile\/","og_site_name":"L&#039;AURA Paris","article_modified_time":"2025-09-26T14:07:19+00:00","og_image":[{"width":1024,"height":318,"url":"https:\/\/auraparis.org\/wp-content\/uploads\/2025\/09\/Design-sans-titre-12-1024x318.png","type":"image\/png"}],"twitter_card":"summary_large_image","twitter_misc":{"Dur\u00e9e de lecture estim\u00e9e":"3 minutes"},"schema":{"@context":"https:\/\/schema.org","@graph":[{"@type":"WebPage","@id":"https:\/\/auraparis.org\/fr\/prise-en-charge\/la-dialyse-a-domicile\/","url":"https:\/\/auraparis.org\/fr\/prise-en-charge\/la-dialyse-a-domicile\/","name":"La dialyse \u00e0 domicile - L&#039;AURA Paris","isPartOf":{"@id":"https:\/\/auraparis.org\/#website"},"primaryImageOfPage":{"@id":"https:\/\/auraparis.org\/fr\/prise-en-charge\/la-dialyse-a-domicile\/#primaryimage"},"image":{"@id":"https:\/\/auraparis.org\/fr\/prise-en-charge\/la-dialyse-a-domicile\/#primaryimage"},"thumbnailUrl":"https:\/\/auraparis.org\/wp-content\/uploads\/2025\/09\/Design-sans-titre-12.png","datePublished":"2022-04-05T19:53:12+00:00","dateModified":"2025-09-26T14:07:19+00:00","breadcrumb":{"@id":"https:\/\/auraparis.org\/fr\/prise-en-charge\/la-dialyse-a-domicile\/#breadcrumb"},"inLanguage":"fr-FR","potentialAction":[{"@type":"ReadAction","target":["https:\/\/auraparis.org\/fr\/prise-en-charge\/la-dialyse-a-domicile\/"]}]},{"@type":"ImageObject","inLanguage":"fr-FR","@id":"https:\/\/auraparis.org\/fr\/prise-en-charge\/la-dialyse-a-domicile\/#primaryimage","url":"https:\/\/auraparis.org\/wp-content\/uploads\/2025\/09\/Design-sans-titre-12.png","contentUrl":"https:\/\/auraparis.org\/wp-content\/uploads\/2025\/09\/Design-sans-titre-12.png","width":6400,"height":1988},{"@type":"BreadcrumbList","@id":"https:\/\/auraparis.org\/fr\/prise-en-charge\/la-dialyse-a-domicile\/#breadcrumb","itemListElement":[{"@type":"ListItem","position":1,"name":"Accueil","item":"https:\/\/auraparis.org\/fr\/"},{"@type":"ListItem","position":2,"name":"Prise en charge","item":"https:\/\/auraparis.org\/fr\/prise-en-charge\/"},{"@type":"ListItem","position":3,"name":"La dialyse \u00e0 domicile"}]},{"@type":"WebSite","@id":"https:\/\/auraparis.org\/#website","url":"https:\/\/auraparis.org\/","name":"L&#039;AURA Paris","description":"","publisher":{"@id":"https:\/\/auraparis.org\/#organization"},"potentialAction":[{"@type":"SearchAction","target":{"@type":"EntryPoint","urlTemplate":"https:\/\/auraparis.org\/?s={search_term_string}"},"query-input":{"@type":"PropertyValueSpecification","valueRequired":true,"valueName":"search_term_string"}}],"inLanguage":"fr-FR"},{"@type":"Organization","@id":"https:\/\/auraparis.org\/#organization","name":"L&#039;AURA Paris","url":"https:\/\/auraparis.org\/","logo":{"@type":"ImageObject","inLanguage":"fr-FR","@id":"https:\/\/auraparis.org\/#\/schema\/logo\/image\/","url":"https:\/\/auraparis.org\/wp-content\/uploads\/2026\/02\/cropped-favicon-dore.jpg","contentUrl":"https:\/\/auraparis.org\/wp-content\/uploads\/2026\/02\/cropped-favicon-dore.jpg","width":190,"height":190,"caption":"L&#039;AURA Paris"},"image":{"@id":"https:\/\/auraparis.org\/#\/schema\/logo\/image\/"}}]}},"_links":{"self":[{"href":"https:\/\/auraparis.org\/fr\/wp-json\/wp\/v2\/pages\/1200","targetHints":{"allow":["GET"]}}],"collection":[{"href":"https:\/\/auraparis.org\/fr\/wp-json\/wp\/v2\/pages"}],"about":[{"href":"https:\/\/auraparis.org\/fr\/wp-json\/wp\/v2\/types\/page"}],"author":[{"embeddable":true,"href":"https:\/\/auraparis.org\/fr\/wp-json\/wp\/v2\/users\/5"}],"replies":[{"embeddable":true,"href":"https:\/\/auraparis.org\/fr\/wp-json\/wp\/v2\/comments?post=1200"}],"version-history":[{"count":13,"href":"https:\/\/auraparis.org\/fr\/wp-json\/wp\/v2\/pages\/1200\/revisions"}],"predecessor-version":[{"id":2336,"href":"https:\/\/auraparis.org\/fr\/wp-json\/wp\/v2\/pages\/1200\/revisions\/2336"}],"up":[{"embeddable":true,"href":"https:\/\/auraparis.org\/fr\/wp-json\/wp\/v2\/pages\/81"}],"wp:featuredmedia":[{"embeddable":true,"href":"https:\/\/auraparis.org\/fr\/wp-json\/wp\/v2\/media\/3669"}],"wp:attachment":[{"href":"https:\/\/auraparis.org\/fr\/wp-json\/wp\/v2\/media?parent=1200"}],"curies":[{"name":"wp","href":"https:\/\/api.w.org\/{rel}","templated":true}]}}