{"id":1202,"date":"2022-04-05T22:53:30","date_gmt":"2022-04-05T19:53:30","guid":{"rendered":"http:\/\/auraparis2021.pastelle.fr\/?page_id=1202"},"modified":"2025-09-26T15:07:47","modified_gmt":"2025-09-26T14:07:47","slug":"le-pole-de-consultations","status":"publish","type":"page","link":"https:\/\/auraparis.org\/fr\/prise-en-charge\/le-pole-de-consultations\/","title":{"rendered":"Le p\u00f4le de consultations"},"content":{"rendered":"<p>[vc_row el_class=\u00a0\u00bbaura-small-container\u00a0\u00bb][vc_column][vc_column_text]<strong>Dans ces centres, sont assur\u00e9es les consultations sp\u00e9cialis\u00e9es de n\u00e9phrologie et diab\u00e9tologie.<\/strong><\/p>\n<p>[\/vc_column_text][vc_row_inner equal_height=\u00a0\u00bbyes\u00a0\u00bb gap=\u00a0\u00bb35&Prime;][vc_column_inner el_class=\u00a0\u00bbmission-content\u00a0\u00bb width=\u00a0\u00bb1\/2&Prime;][vc_custom_heading text=\u00a0\u00bbL&rsquo;AURA Paris Plaisance\u00a0\u00bb font_container=\u00a0\u00bbtag:h3|text_align:left\u00a0\u00bb use_theme_fonts=\u00a0\u00bbyes\u00a0\u00bb][vc_column_text css=\u00a0\u00bb.vc_custom_1664444947379{border-bottom-width: 0px !important;padding-bottom: 0px !important;}\u00a0\u00bb]<strong>P\u00f4le de consultations de n\u00e9phrologie et diab\u00e9tologie<\/strong>[\/vc_column_text][vc_column_text css=\u00a0\u00bb.vc_custom_1664438344625{border-bottom-width: 0px !important;padding-bottom: 0px !important;}\u00a0\u00bb]Du Lundi au Vendredi de 9h \u00e0 17h<br \/>\nPour prendre rendez-vous :<br \/>\nT\u00e9l. : 01 81 69 61 10<br \/>\nFax\u00a0: 01 81 69 60 99<br \/>\nEmail\u00a0: SecretariatConsultAPP@auraparis.org[\/vc_column_text][vc_column_text]<\/p>\n<p class=\"p2\"><strong>M\u00e9tro<\/strong><br \/>\nLigne 13 \u2013 stations Plaisance &#8211; Porte de Vanves<br \/>\n<strong>Bus<\/strong><br \/>\nLigne 62 \u2013 arr\u00eats Plaisance &#8211; H\u00f4pital Saint-Joseph<br \/>\n<strong>Tramway<\/strong><br \/>\nT3 &#8211; arr\u00eat Porte de Vanves<br \/>\n<strong>Parking public (payant)<\/strong><br \/>\n189, rue Raymond Losserand &#8211; Paris 14\u00e8me<\/p>\n<p>[\/vc_column_text][\/vc_column_inner][vc_column_inner width=\u00a0\u00bb1\/2&Prime;][vc_single_image image=\u00a0\u00bb2434&Prime; img_size=\u00a0\u00bbfull\u00a0\u00bb alignment=\u00a0\u00bbcenter\u00a0\u00bb][\/vc_column_inner][\/vc_row_inner][vc_row_inner equal_height=\u00a0\u00bbyes\u00a0\u00bb gap=\u00a0\u00bb35&Prime;][vc_column_inner width=\u00a0\u00bb1\/2&Prime;][vc_single_image image=\u00a0\u00bb1315&Prime; img_size=\u00a0\u00bbfull\u00a0\u00bb alignment=\u00a0\u00bbcenter\u00a0\u00bb][\/vc_column_inner][vc_column_inner el_class=\u00a0\u00bbmission-content\u00a0\u00bb width=\u00a0\u00bb1\/2&Prime;][vc_custom_heading text=\u00a0\u00bbL&rsquo;AURA Paris Saint-Ouen\u00a0\u00bb font_container=\u00a0\u00bbtag:h3|text_align:left\u00a0\u00bb use_theme_fonts=\u00a0\u00bbyes\u00a0\u00bb][vc_column_text css=\u00a0\u00bb.vc_custom_1664444956176{border-bottom-width: 0px !important;padding-bottom: 0px !important;}\u00a0\u00bb]<strong>P\u00f4le de consultations de n\u00e9phrologie<\/strong>[\/vc_column_text][vc_column_text css=\u00a0\u00bb.vc_custom_1664438467339{border-bottom-width: 0px !important;padding-bottom: 0px !important;}\u00a0\u00bb]Lundi 15h &#8211; 18h<br \/>\nMercredi 9h &#8211; 12h<br \/>\nVendredi 9h &#8211; 12h<br \/>\nPour prendre rendez-vous :<br \/>\nT\u00e9l. : 01 49 18 93 93<\/p>\n<p>&nbsp;<\/p>\n<p><strong>M\u00e9tro<\/strong><br \/>\nLigne 13 \u2013 station Garibaldi<br \/>\n<strong>Bus<\/strong><br \/>\nLigne 537 &#8211; arr\u00eat Garibaldi Ottino[\/vc_column_text][\/vc_column_inner][\/vc_row_inner][vc_row_inner equal_height=\u00a0\u00bbyes\u00a0\u00bb gap=\u00a0\u00bb35&Prime;][vc_column_inner el_class=\u00a0\u00bbmission-content\u00a0\u00bb width=\u00a0\u00bb1\/2&Prime;][vc_custom_heading text=\u00a0\u00bbL&rsquo;AURA Paris PADD\u00a0\u00bb font_container=\u00a0\u00bbtag:h3|text_align:left\u00a0\u00bb use_theme_fonts=\u00a0\u00bbyes\u00a0\u00bb][vc_column_text css=\u00a0\u00bb.vc_custom_1664444969902{border-bottom-width: 0px !important;padding-bottom: 0px !important;}\u00a0\u00bb]<strong>P\u00f4le de consultations de n\u00e9phrologie<\/strong>[\/vc_column_text][vc_column_text css=\u00a0\u00bb.vc_custom_1664448264437{border-bottom-width: 0px !important;padding-bottom: 0px !important;}\u00a0\u00bb]Du Lundi au Vendredi de 9h \u00e0 17h<br \/>\nPour prendre rendez-vous :<br \/>\nT\u00e9l. : 01 74 74 08 68<\/p>\n<p>&nbsp;<\/p>\n<p><strong>M\u00e9tro<\/strong><br \/>\nLigne 4 \u2013 station Porte d&rsquo;Orl\u00e9ans<br \/>\nT3 &#8211; station Porte d&rsquo;Orl\u00e9ans<br \/>\n<strong>Bus<\/strong><br \/>\nLignes 68 \u2013 arr\u00eat Porte d&rsquo;Orl\u00e9ans<\/p>\n<p>&nbsp;<\/p>\n<p>&nbsp;<\/p>\n<p>&nbsp;<\/p>\n<p>[\/vc_column_text][\/vc_column_inner][vc_column_inner width=\u00a0\u00bb1\/2&Prime;][vc_single_image image=\u00a0\u00bb1327&Prime; img_size=\u00a0\u00bbfull\u00a0\u00bb alignment=\u00a0\u00bbcenter\u00a0\u00bb][\/vc_column_inner][\/vc_row_inner][vc_row_inner equal_height=\u00a0\u00bbyes\u00a0\u00bb gap=\u00a0\u00bb35&Prime;][vc_column_inner el_class=\u00a0\u00bbmission-content\u00a0\u00bb width=\u00a0\u00bb1\/2&Prime;][vc_column_text css=\u00a0\u00bb.vc_custom_1664447517444{border-bottom-width: 0px !important;padding-bottom: 0px !important;}\u00a0\u00bb el_class=\u00a0\u00bbmore-link-block\u00a0\u00bb]<\/p>\n<table style=\"border-collapse: collapse; width: 100%;\">\n<tbody>\n<tr>\n<td style=\"width: 50%;\"><img loading=\"lazy\" decoding=\"async\" class=\"alignnone size-full wp-image-1892 lazyload\" data-src=\"\/wp-content\/uploads\/2022\/09\/En-savoir-plus.png\" alt=\"\" width=\"515\" height=\"131\" data-srcset=\"https:\/\/auraparis.org\/wp-content\/uploads\/2022\/09\/En-savoir-plus.png 515w, https:\/\/auraparis.org\/wp-content\/uploads\/2022\/09\/En-savoir-plus-300x76.png 300w\" data-sizes=\"auto, (max-width: 515px) 100vw, 515px\" src=\"data:image\/gif;base64,R0lGODlhAQABAAAAACH5BAEKAAEALAAAAAABAAEAAAICTAEAOw==\" style=\"--smush-placeholder-width: 515px; --smush-placeholder-aspect-ratio: 515\/131;\" \/><noscript><img loading=\"lazy\" decoding=\"async\" class=\"alignnone size-full wp-image-1892\" src=\"\/wp-content\/uploads\/2022\/09\/En-savoir-plus.png\" alt=\"\" width=\"515\" height=\"131\" srcset=\"https:\/\/auraparis.org\/wp-content\/uploads\/2022\/09\/En-savoir-plus.png 515w, https:\/\/auraparis.org\/wp-content\/uploads\/2022\/09\/En-savoir-plus-300x76.png 300w\" sizes=\"auto, (max-width: 515px) 100vw, 515px\" \/><\/noscript><\/td>\n<td style=\"width: 50%;\"><a href=\"\/prendre-rdv-en-ligne\/\">Nous retrouver sur Doctolib<\/a><\/td>\n<\/tr>\n<\/tbody>\n<\/table>\n<p>[\/vc_column_text][\/vc_column_inner][vc_column_inner width=\u00a0\u00bb1\/2&Prime;][\/vc_column_inner][\/vc_row_inner][\/vc_column][\/vc_row]<\/p>\n","protected":false},"excerpt":{"rendered":"<p>[vc_row el_class=\u00a0\u00bbaura-small-container\u00a0\u00bb][vc_column][vc_column_text]Dans ces centres, sont assur\u00e9es les consultations sp\u00e9cialis\u00e9es de n\u00e9phrologie et diab\u00e9tologie. [\/vc_column_text][vc_row_inner equal_height=\u00a0\u00bbyes\u00a0\u00bb gap=\u00a0\u00bb35&Prime;][vc_column_inner el_class=\u00a0\u00bbmission-content\u00a0\u00bb width=\u00a0\u00bb1\/2&Prime;][vc_custom_heading text=\u00a0\u00bbL&rsquo;AURA Paris Plaisance\u00a0\u00bb font_container=\u00a0\u00bbtag:h3|text_align:left\u00a0\u00bb use_theme_fonts=\u00a0\u00bbyes\u00a0\u00bb][vc_column_text css=\u00a0\u00bb.vc_custom_1664444947379{border-bottom-width: 0px !important;padding-bottom: 0px !important;}\u00a0\u00bb]P\u00f4le de consultations de n\u00e9phrologie et diab\u00e9tologie[\/vc_column_text][vc_column_text css=\u00a0\u00bb.vc_custom_1664438344625{border-bottom-width: 0px !important;padding-bottom: 0px !important;}\u00a0\u00bb]Du Lundi au Vendredi de 9h \u00e0 17h Pour prendre rendez-vous : T\u00e9l. : 01 81 69 &hellip; <\/p>\n<p class=\"link-more\"><a href=\"https:\/\/auraparis.org\/fr\/prise-en-charge\/le-pole-de-consultations\/\" class=\"more-link\">Continuer la lecture <span class=\"screen-reader-text\"> \u00ab\u00a0Le p\u00f4le de consultations\u00a0\u00bb<\/span><\/a><\/p>\n","protected":false},"author":5,"featured_media":3669,"parent":81,"menu_order":39,"comment_status":"closed","ping_status":"closed","template":"templates\/template-about.php","meta":{"_acf_changed":false,"footnotes":""},"class_list":["post-1202","page","type-page","status-publish","has-post-thumbnail","hentry","entry"],"acf":[],"yoast_head":"<!-- This site is optimized with the Yoast SEO plugin v27.4 - https:\/\/yoast.com\/product\/yoast-seo-wordpress\/ -->\n<title>Le p\u00f4le de consultations - L&#039;AURA Paris<\/title>\n<meta name=\"robots\" content=\"index, follow, max-snippet:-1, max-image-preview:large, max-video-preview:-1\" \/>\n<link rel=\"canonical\" href=\"https:\/\/auraparis.org\/fr\/prise-en-charge\/le-pole-de-consultations\/\" \/>\n<meta property=\"og:locale\" content=\"fr_FR\" \/>\n<meta property=\"og:type\" content=\"article\" \/>\n<meta property=\"og:title\" content=\"Le p\u00f4le de consultations - L&#039;AURA Paris\" \/>\n<meta property=\"og:description\" content=\"[vc_row el_class=\u00a0\u00bbaura-small-container\u00a0\u00bb][vc_column][vc_column_text]Dans ces centres, sont assur\u00e9es les consultations sp\u00e9cialis\u00e9es de n\u00e9phrologie et diab\u00e9tologie. [\/vc_column_text][vc_row_inner equal_height=\u00a0\u00bbyes\u00a0\u00bb gap=\u00a0\u00bb35&Prime;][vc_column_inner el_class=\u00a0\u00bbmission-content\u00a0\u00bb width=\u00a0\u00bb1\/2&Prime;][vc_custom_heading text=\u00a0\u00bbL&rsquo;AURA Paris Plaisance\u00a0\u00bb font_container=\u00a0\u00bbtag:h3|text_align:left\u00a0\u00bb use_theme_fonts=\u00a0\u00bbyes\u00a0\u00bb][vc_column_text css=\u00a0\u00bb.vc_custom_1664444947379{border-bottom-width: 0px !important;padding-bottom: 0px !important;}\u00a0\u00bb]P\u00f4le de consultations de n\u00e9phrologie et diab\u00e9tologie[\/vc_column_text][vc_column_text css=\u00a0\u00bb.vc_custom_1664438344625{border-bottom-width: 0px !important;padding-bottom: 0px !important;}\u00a0\u00bb]Du Lundi au Vendredi de 9h \u00e0 17h Pour prendre rendez-vous : T\u00e9l. : 01 81 69 &hellip; Continuer la lecture \u00ab\u00a0Le p\u00f4le de consultations\u00a0\u00bb\" \/>\n<meta property=\"og:url\" content=\"https:\/\/auraparis.org\/fr\/prise-en-charge\/le-pole-de-consultations\/\" \/>\n<meta property=\"og:site_name\" content=\"L&#039;AURA Paris\" \/>\n<meta property=\"article:modified_time\" content=\"2025-09-26T14:07:47+00:00\" \/>\n<meta property=\"og:image\" content=\"https:\/\/auraparis.org\/wp-content\/uploads\/2025\/09\/Design-sans-titre-12-1024x318.png\" \/>\n\t<meta property=\"og:image:width\" content=\"1024\" \/>\n\t<meta property=\"og:image:height\" content=\"318\" \/>\n\t<meta property=\"og:image:type\" content=\"image\/png\" \/>\n<meta name=\"twitter:card\" content=\"summary_large_image\" \/>\n<meta name=\"twitter:label1\" content=\"Dur\u00e9e de lecture estim\u00e9e\" \/>\n\t<meta name=\"twitter:data1\" content=\"2 minutes\" \/>\n<script type=\"application\/ld+json\" class=\"yoast-schema-graph\">{\"@context\":\"https:\\\/\\\/schema.org\",\"@graph\":[{\"@type\":\"WebPage\",\"@id\":\"https:\\\/\\\/auraparis.org\\\/fr\\\/prise-en-charge\\\/le-pole-de-consultations\\\/\",\"url\":\"https:\\\/\\\/auraparis.org\\\/fr\\\/prise-en-charge\\\/le-pole-de-consultations\\\/\",\"name\":\"Le p\u00f4le de consultations - L&#039;AURA Paris\",\"isPartOf\":{\"@id\":\"https:\\\/\\\/auraparis.org\\\/#website\"},\"primaryImageOfPage\":{\"@id\":\"https:\\\/\\\/auraparis.org\\\/fr\\\/prise-en-charge\\\/le-pole-de-consultations\\\/#primaryimage\"},\"image\":{\"@id\":\"https:\\\/\\\/auraparis.org\\\/fr\\\/prise-en-charge\\\/le-pole-de-consultations\\\/#primaryimage\"},\"thumbnailUrl\":\"https:\\\/\\\/auraparis.org\\\/wp-content\\\/uploads\\\/2025\\\/09\\\/Design-sans-titre-12.png\",\"datePublished\":\"2022-04-05T19:53:30+00:00\",\"dateModified\":\"2025-09-26T14:07:47+00:00\",\"breadcrumb\":{\"@id\":\"https:\\\/\\\/auraparis.org\\\/fr\\\/prise-en-charge\\\/le-pole-de-consultations\\\/#breadcrumb\"},\"inLanguage\":\"fr-FR\",\"potentialAction\":[{\"@type\":\"ReadAction\",\"target\":[\"https:\\\/\\\/auraparis.org\\\/fr\\\/prise-en-charge\\\/le-pole-de-consultations\\\/\"]}]},{\"@type\":\"ImageObject\",\"inLanguage\":\"fr-FR\",\"@id\":\"https:\\\/\\\/auraparis.org\\\/fr\\\/prise-en-charge\\\/le-pole-de-consultations\\\/#primaryimage\",\"url\":\"https:\\\/\\\/auraparis.org\\\/wp-content\\\/uploads\\\/2025\\\/09\\\/Design-sans-titre-12.png\",\"contentUrl\":\"https:\\\/\\\/auraparis.org\\\/wp-content\\\/uploads\\\/2025\\\/09\\\/Design-sans-titre-12.png\",\"width\":6400,\"height\":1988},{\"@type\":\"BreadcrumbList\",\"@id\":\"https:\\\/\\\/auraparis.org\\\/fr\\\/prise-en-charge\\\/le-pole-de-consultations\\\/#breadcrumb\",\"itemListElement\":[{\"@type\":\"ListItem\",\"position\":1,\"name\":\"Accueil\",\"item\":\"https:\\\/\\\/auraparis.org\\\/fr\\\/\"},{\"@type\":\"ListItem\",\"position\":2,\"name\":\"Prise en charge\",\"item\":\"https:\\\/\\\/auraparis.org\\\/fr\\\/prise-en-charge\\\/\"},{\"@type\":\"ListItem\",\"position\":3,\"name\":\"Le p\u00f4le de consultations\"}]},{\"@type\":\"WebSite\",\"@id\":\"https:\\\/\\\/auraparis.org\\\/#website\",\"url\":\"https:\\\/\\\/auraparis.org\\\/\",\"name\":\"L&#039;AURA Paris\",\"description\":\"\",\"publisher\":{\"@id\":\"https:\\\/\\\/auraparis.org\\\/#organization\"},\"potentialAction\":[{\"@type\":\"SearchAction\",\"target\":{\"@type\":\"EntryPoint\",\"urlTemplate\":\"https:\\\/\\\/auraparis.org\\\/?s={search_term_string}\"},\"query-input\":{\"@type\":\"PropertyValueSpecification\",\"valueRequired\":true,\"valueName\":\"search_term_string\"}}],\"inLanguage\":\"fr-FR\"},{\"@type\":\"Organization\",\"@id\":\"https:\\\/\\\/auraparis.org\\\/#organization\",\"name\":\"L&#039;AURA Paris\",\"url\":\"https:\\\/\\\/auraparis.org\\\/\",\"logo\":{\"@type\":\"ImageObject\",\"inLanguage\":\"fr-FR\",\"@id\":\"https:\\\/\\\/auraparis.org\\\/#\\\/schema\\\/logo\\\/image\\\/\",\"url\":\"https:\\\/\\\/auraparis.org\\\/wp-content\\\/uploads\\\/2026\\\/02\\\/cropped-favicon-dore.jpg\",\"contentUrl\":\"https:\\\/\\\/auraparis.org\\\/wp-content\\\/uploads\\\/2026\\\/02\\\/cropped-favicon-dore.jpg\",\"width\":190,\"height\":190,\"caption\":\"L&#039;AURA Paris\"},\"image\":{\"@id\":\"https:\\\/\\\/auraparis.org\\\/#\\\/schema\\\/logo\\\/image\\\/\"}}]}<\/script>\n<!-- \/ Yoast SEO plugin. -->","yoast_head_json":{"title":"Le p\u00f4le de consultations - L&#039;AURA Paris","robots":{"index":"index","follow":"follow","max-snippet":"max-snippet:-1","max-image-preview":"max-image-preview:large","max-video-preview":"max-video-preview:-1"},"canonical":"https:\/\/auraparis.org\/fr\/prise-en-charge\/le-pole-de-consultations\/","og_locale":"fr_FR","og_type":"article","og_title":"Le p\u00f4le de consultations - L&#039;AURA Paris","og_description":"[vc_row el_class=\u00a0\u00bbaura-small-container\u00a0\u00bb][vc_column][vc_column_text]Dans ces centres, sont assur\u00e9es les consultations sp\u00e9cialis\u00e9es de n\u00e9phrologie et diab\u00e9tologie. [\/vc_column_text][vc_row_inner equal_height=\u00a0\u00bbyes\u00a0\u00bb gap=\u00a0\u00bb35&Prime;][vc_column_inner el_class=\u00a0\u00bbmission-content\u00a0\u00bb width=\u00a0\u00bb1\/2&Prime;][vc_custom_heading text=\u00a0\u00bbL&rsquo;AURA Paris Plaisance\u00a0\u00bb font_container=\u00a0\u00bbtag:h3|text_align:left\u00a0\u00bb use_theme_fonts=\u00a0\u00bbyes\u00a0\u00bb][vc_column_text css=\u00a0\u00bb.vc_custom_1664444947379{border-bottom-width: 0px !important;padding-bottom: 0px !important;}\u00a0\u00bb]P\u00f4le de consultations de n\u00e9phrologie et diab\u00e9tologie[\/vc_column_text][vc_column_text css=\u00a0\u00bb.vc_custom_1664438344625{border-bottom-width: 0px !important;padding-bottom: 0px !important;}\u00a0\u00bb]Du Lundi au Vendredi de 9h \u00e0 17h Pour prendre rendez-vous : T\u00e9l. : 01 81 69 &hellip; Continuer la lecture \u00ab\u00a0Le p\u00f4le de consultations\u00a0\u00bb","og_url":"https:\/\/auraparis.org\/fr\/prise-en-charge\/le-pole-de-consultations\/","og_site_name":"L&#039;AURA Paris","article_modified_time":"2025-09-26T14:07:47+00:00","og_image":[{"width":1024,"height":318,"url":"https:\/\/auraparis.org\/wp-content\/uploads\/2025\/09\/Design-sans-titre-12-1024x318.png","type":"image\/png"}],"twitter_card":"summary_large_image","twitter_misc":{"Dur\u00e9e de lecture estim\u00e9e":"2 minutes"},"schema":{"@context":"https:\/\/schema.org","@graph":[{"@type":"WebPage","@id":"https:\/\/auraparis.org\/fr\/prise-en-charge\/le-pole-de-consultations\/","url":"https:\/\/auraparis.org\/fr\/prise-en-charge\/le-pole-de-consultations\/","name":"Le p\u00f4le de consultations - L&#039;AURA Paris","isPartOf":{"@id":"https:\/\/auraparis.org\/#website"},"primaryImageOfPage":{"@id":"https:\/\/auraparis.org\/fr\/prise-en-charge\/le-pole-de-consultations\/#primaryimage"},"image":{"@id":"https:\/\/auraparis.org\/fr\/prise-en-charge\/le-pole-de-consultations\/#primaryimage"},"thumbnailUrl":"https:\/\/auraparis.org\/wp-content\/uploads\/2025\/09\/Design-sans-titre-12.png","datePublished":"2022-04-05T19:53:30+00:00","dateModified":"2025-09-26T14:07:47+00:00","breadcrumb":{"@id":"https:\/\/auraparis.org\/fr\/prise-en-charge\/le-pole-de-consultations\/#breadcrumb"},"inLanguage":"fr-FR","potentialAction":[{"@type":"ReadAction","target":["https:\/\/auraparis.org\/fr\/prise-en-charge\/le-pole-de-consultations\/"]}]},{"@type":"ImageObject","inLanguage":"fr-FR","@id":"https:\/\/auraparis.org\/fr\/prise-en-charge\/le-pole-de-consultations\/#primaryimage","url":"https:\/\/auraparis.org\/wp-content\/uploads\/2025\/09\/Design-sans-titre-12.png","contentUrl":"https:\/\/auraparis.org\/wp-content\/uploads\/2025\/09\/Design-sans-titre-12.png","width":6400,"height":1988},{"@type":"BreadcrumbList","@id":"https:\/\/auraparis.org\/fr\/prise-en-charge\/le-pole-de-consultations\/#breadcrumb","itemListElement":[{"@type":"ListItem","position":1,"name":"Accueil","item":"https:\/\/auraparis.org\/fr\/"},{"@type":"ListItem","position":2,"name":"Prise en charge","item":"https:\/\/auraparis.org\/fr\/prise-en-charge\/"},{"@type":"ListItem","position":3,"name":"Le p\u00f4le de consultations"}]},{"@type":"WebSite","@id":"https:\/\/auraparis.org\/#website","url":"https:\/\/auraparis.org\/","name":"L&#039;AURA Paris","description":"","publisher":{"@id":"https:\/\/auraparis.org\/#organization"},"potentialAction":[{"@type":"SearchAction","target":{"@type":"EntryPoint","urlTemplate":"https:\/\/auraparis.org\/?s={search_term_string}"},"query-input":{"@type":"PropertyValueSpecification","valueRequired":true,"valueName":"search_term_string"}}],"inLanguage":"fr-FR"},{"@type":"Organization","@id":"https:\/\/auraparis.org\/#organization","name":"L&#039;AURA Paris","url":"https:\/\/auraparis.org\/","logo":{"@type":"ImageObject","inLanguage":"fr-FR","@id":"https:\/\/auraparis.org\/#\/schema\/logo\/image\/","url":"https:\/\/auraparis.org\/wp-content\/uploads\/2026\/02\/cropped-favicon-dore.jpg","contentUrl":"https:\/\/auraparis.org\/wp-content\/uploads\/2026\/02\/cropped-favicon-dore.jpg","width":190,"height":190,"caption":"L&#039;AURA Paris"},"image":{"@id":"https:\/\/auraparis.org\/#\/schema\/logo\/image\/"}}]}},"_links":{"self":[{"href":"https:\/\/auraparis.org\/fr\/wp-json\/wp\/v2\/pages\/1202","targetHints":{"allow":["GET"]}}],"collection":[{"href":"https:\/\/auraparis.org\/fr\/wp-json\/wp\/v2\/pages"}],"about":[{"href":"https:\/\/auraparis.org\/fr\/wp-json\/wp\/v2\/types\/page"}],"author":[{"embeddable":true,"href":"https:\/\/auraparis.org\/fr\/wp-json\/wp\/v2\/users\/5"}],"replies":[{"embeddable":true,"href":"https:\/\/auraparis.org\/fr\/wp-json\/wp\/v2\/comments?post=1202"}],"version-history":[{"count":15,"href":"https:\/\/auraparis.org\/fr\/wp-json\/wp\/v2\/pages\/1202\/revisions"}],"predecessor-version":[{"id":3592,"href":"https:\/\/auraparis.org\/fr\/wp-json\/wp\/v2\/pages\/1202\/revisions\/3592"}],"up":[{"embeddable":true,"href":"https:\/\/auraparis.org\/fr\/wp-json\/wp\/v2\/pages\/81"}],"wp:featuredmedia":[{"embeddable":true,"href":"https:\/\/auraparis.org\/fr\/wp-json\/wp\/v2\/media\/3669"}],"wp:attachment":[{"href":"https:\/\/auraparis.org\/fr\/wp-json\/wp\/v2\/media?parent=1202"}],"curies":[{"name":"wp","href":"https:\/\/api.w.org\/{rel}","templated":true}]}}