{"id":1204,"date":"2022-04-05T22:53:48","date_gmt":"2022-04-05T19:53:48","guid":{"rendered":"http:\/\/auraparis2021.pastelle.fr\/?page_id=1204"},"modified":"2025-09-26T15:13:19","modified_gmt":"2025-09-26T14:13:19","slug":"le-programme-detp","status":"publish","type":"page","link":"https:\/\/auraparis.org\/fr\/prise-en-charge\/le-programme-detp\/","title":{"rendered":"Le programme d&rsquo;etp"},"content":{"rendered":"<p>[vc_row el_class=\u00a0\u00bbaura-small-container\u00a0\u00bb][vc_column][vc_column_text][\/vc_column_text][vc_row_inner][vc_column_inner el_class=\u00a0\u00bbmission-content\u00a0\u00bb width=\u00a0\u00bb1\/2&Prime;][vc_custom_heading text=\u00a0\u00bbL\u2019\u00e9quipe pluridisciplinaire d\u2019\u00e9ducation th\u00e9rapeutique de l&rsquo;AURA\u00a0\u00bb font_container=\u00a0\u00bbtag:h3|text_align:left\u00a0\u00bb use_theme_fonts=\u00a0\u00bbyes\u00a0\u00bb][vc_column_text]<\/p>\n<p class=\"p1\"><em><br \/>\nProgramme : ETP\/10\/255 ARS Ile de France D\u00e9cembre 2010 \/ 2015 \/ 2019<\/em><\/p>\n<p>&nbsp;<\/p>\n<p class=\"p1\"><strong>L\u2019\u00e9ducation th\u00e9rapeutique du patient (ETP) est propos\u00e9e \u00e0 l\u2019AURA. Elle permet aux patients atteints de Maladie R\u00e9nale Chronique (MRC) d\u2019acqu\u00e9rir les comp\u00e9tences qui aident \u00e0 vivre avec leur maladie.<\/strong><\/p>\n<p>&nbsp;<\/p>\n<p class=\"p1\">Le programme propos\u00e9 permet <strong>l\u2019autonomisation et l\u2019aide \u00e0 l\u2019observance des patients<\/strong> insuffisants r\u00e9naux chroniques et des patients suivis en consultation de n\u00e9phrologie. Il s\u2019inscrit dans le parcours de soins de la Maladie R\u00e9nale Chronique. Il a \u00e9t\u00e9 con\u00e7u par les professionnels form\u00e9s \u00e0 la d\u00e9marche ETP et s\u2019appuie sur un diagnostic \u00e9ducatif personnalis\u00e9 du patient afin d\u2019\u00e9valuer ses besoins et son environnement pour lui proposer d\u2019acqu\u00e9rir des comp\u00e9tences d\u2019autosoins et d\u2019adaptation.<\/p>\n<p>&nbsp;<\/p>\n<p class=\"p1\">Apr\u00e8s l\u2019adh\u00e9sion du patient au programme, <strong>des ateliers d\u2019ETP sont propos\u00e9s<\/strong> soit en individuel soit en collectif, pour un transfert organis\u00e9 de comp\u00e9tences entre le soignant et le patient. Nous proposons des ateliers sur le r\u00f4le du rein, la fistule art\u00e9rioveineuse, la dialyse, les traitements m\u00e9dicamenteux, la di\u00e9t\u00e9tique et chaque ann\u00e9e de nouveaux ateliers sont cr\u00e9\u00e9s en fonction des besoins exprim\u00e9s par le patient. Ces ateliers sont des outils p\u00e9dagogiques, de communication centr\u00e9e sur le patient et d\u00e9velopp\u00e9s par les \u00e9quipes.<\/p>\n<p>&nbsp;<\/p>\n<p class=\"p1\">Nous disposons d\u2019<strong>une \u00e9quipe pluridisciplinaire d\u2019ETP<\/strong> (m\u00e9decins, cadres de sant\u00e9, infirmiers, aides-soignants, di\u00e9t\u00e9ticienne, assistante sociale, psychologue) afin de proposer un processus permanent visant \u00e0 aider tous les patients suivis et leurs entourages \u00e0 comprendre la maladie et le traitement pour am\u00e9liorer leur qualit\u00e9 de vie. Une collaboration \u00e9mane entre les soignants et le patient.<\/p>\n<p>&nbsp;<\/p>\n<p>[\/vc_column_text][\/vc_column_inner][vc_column_inner width=\u00a0\u00bb1\/2&Prime;][vc_single_image image=\u00a0\u00bb3674&Prime; img_size=\u00a0\u00bbfull\u00a0\u00bb alignment=\u00a0\u00bbcenter\u00a0\u00bb][\/vc_column_inner][\/vc_row_inner][\/vc_column][\/vc_row]<\/p>\n","protected":false},"excerpt":{"rendered":"<p>[vc_row el_class=\u00a0\u00bbaura-small-container\u00a0\u00bb][vc_column][vc_column_text][\/vc_column_text][vc_row_inner][vc_column_inner el_class=\u00a0\u00bbmission-content\u00a0\u00bb width=\u00a0\u00bb1\/2&Prime;][vc_custom_heading text=\u00a0\u00bbL\u2019\u00e9quipe pluridisciplinaire d\u2019\u00e9ducation th\u00e9rapeutique de l&rsquo;AURA\u00a0\u00bb font_container=\u00a0\u00bbtag:h3|text_align:left\u00a0\u00bb use_theme_fonts=\u00a0\u00bbyes\u00a0\u00bb][vc_column_text] Programme : ETP\/10\/255 ARS Ile de France D\u00e9cembre 2010 \/ 2015 \/ 2019 &nbsp; L\u2019\u00e9ducation th\u00e9rapeutique du patient (ETP) est propos\u00e9e \u00e0 l\u2019AURA. Elle permet aux patients atteints de Maladie R\u00e9nale Chronique (MRC) d\u2019acqu\u00e9rir les comp\u00e9tences qui aident \u00e0 vivre avec leur maladie. &hellip; <\/p>\n<p class=\"link-more\"><a href=\"https:\/\/auraparis.org\/fr\/prise-en-charge\/le-programme-detp\/\" class=\"more-link\">Continuer la lecture <span class=\"screen-reader-text\"> \u00ab\u00a0Le programme d&rsquo;etp\u00a0\u00bb<\/span><\/a><\/p>\n","protected":false},"author":5,"featured_media":3669,"parent":81,"menu_order":38,"comment_status":"closed","ping_status":"closed","template":"templates\/template-about.php","meta":{"_acf_changed":false,"footnotes":""},"class_list":["post-1204","page","type-page","status-publish","has-post-thumbnail","hentry","entry"],"acf":[],"yoast_head":"<!-- This site is optimized with the Yoast SEO plugin v27.3 - https:\/\/yoast.com\/product\/yoast-seo-wordpress\/ -->\n<title>Le programme d&#039;ETP - L&#039;AURA Paris<\/title>\n<meta name=\"robots\" content=\"index, follow, max-snippet:-1, max-image-preview:large, max-video-preview:-1\" \/>\n<link rel=\"canonical\" href=\"https:\/\/auraparis.org\/fr\/prise-en-charge\/le-programme-detp\/\" \/>\n<meta property=\"og:locale\" content=\"fr_FR\" \/>\n<meta property=\"og:type\" content=\"article\" \/>\n<meta property=\"og:title\" content=\"Le programme d&#039;ETP - L&#039;AURA Paris\" \/>\n<meta property=\"og:description\" content=\"[vc_row el_class=\u00a0\u00bbaura-small-container\u00a0\u00bb][vc_column][vc_column_text][\/vc_column_text][vc_row_inner][vc_column_inner el_class=\u00a0\u00bbmission-content\u00a0\u00bb width=\u00a0\u00bb1\/2&Prime;][vc_custom_heading text=\u00a0\u00bbL\u2019\u00e9quipe pluridisciplinaire d\u2019\u00e9ducation th\u00e9rapeutique de l&rsquo;AURA\u00a0\u00bb font_container=\u00a0\u00bbtag:h3|text_align:left\u00a0\u00bb use_theme_fonts=\u00a0\u00bbyes\u00a0\u00bb][vc_column_text] Programme : ETP\/10\/255 ARS Ile de France D\u00e9cembre 2010 \/ 2015 \/ 2019 &nbsp; L\u2019\u00e9ducation th\u00e9rapeutique du patient (ETP) est propos\u00e9e \u00e0 l\u2019AURA. Elle permet aux patients atteints de Maladie R\u00e9nale Chronique (MRC) d\u2019acqu\u00e9rir les comp\u00e9tences qui aident \u00e0 vivre avec leur maladie. &hellip; Continuer la lecture \u00ab\u00a0Le programme d&rsquo;etp\u00a0\u00bb\" \/>\n<meta property=\"og:url\" content=\"https:\/\/auraparis.org\/fr\/prise-en-charge\/le-programme-detp\/\" \/>\n<meta property=\"og:site_name\" content=\"L&#039;AURA Paris\" \/>\n<meta property=\"article:modified_time\" content=\"2025-09-26T14:13:19+00:00\" \/>\n<meta property=\"og:image\" content=\"https:\/\/auraparis.org\/wp-content\/uploads\/2025\/09\/Design-sans-titre-12-1024x318.png\" \/>\n\t<meta property=\"og:image:width\" content=\"1024\" \/>\n\t<meta property=\"og:image:height\" content=\"318\" \/>\n\t<meta property=\"og:image:type\" content=\"image\/png\" \/>\n<meta name=\"twitter:card\" content=\"summary_large_image\" \/>\n<meta name=\"twitter:label1\" content=\"Dur\u00e9e de lecture estim\u00e9e\" \/>\n\t<meta name=\"twitter:data1\" content=\"2 minutes\" \/>\n<script type=\"application\/ld+json\" class=\"yoast-schema-graph\">{\"@context\":\"https:\\\/\\\/schema.org\",\"@graph\":[{\"@type\":\"WebPage\",\"@id\":\"https:\\\/\\\/auraparis.org\\\/fr\\\/prise-en-charge\\\/le-programme-detp\\\/\",\"url\":\"https:\\\/\\\/auraparis.org\\\/fr\\\/prise-en-charge\\\/le-programme-detp\\\/\",\"name\":\"Le programme d'ETP - L&#039;AURA Paris\",\"isPartOf\":{\"@id\":\"https:\\\/\\\/auraparis.org\\\/#website\"},\"primaryImageOfPage\":{\"@id\":\"https:\\\/\\\/auraparis.org\\\/fr\\\/prise-en-charge\\\/le-programme-detp\\\/#primaryimage\"},\"image\":{\"@id\":\"https:\\\/\\\/auraparis.org\\\/fr\\\/prise-en-charge\\\/le-programme-detp\\\/#primaryimage\"},\"thumbnailUrl\":\"https:\\\/\\\/auraparis.org\\\/wp-content\\\/uploads\\\/2025\\\/09\\\/Design-sans-titre-12.png\",\"datePublished\":\"2022-04-05T19:53:48+00:00\",\"dateModified\":\"2025-09-26T14:13:19+00:00\",\"breadcrumb\":{\"@id\":\"https:\\\/\\\/auraparis.org\\\/fr\\\/prise-en-charge\\\/le-programme-detp\\\/#breadcrumb\"},\"inLanguage\":\"fr-FR\",\"potentialAction\":[{\"@type\":\"ReadAction\",\"target\":[\"https:\\\/\\\/auraparis.org\\\/fr\\\/prise-en-charge\\\/le-programme-detp\\\/\"]}]},{\"@type\":\"ImageObject\",\"inLanguage\":\"fr-FR\",\"@id\":\"https:\\\/\\\/auraparis.org\\\/fr\\\/prise-en-charge\\\/le-programme-detp\\\/#primaryimage\",\"url\":\"https:\\\/\\\/auraparis.org\\\/wp-content\\\/uploads\\\/2025\\\/09\\\/Design-sans-titre-12.png\",\"contentUrl\":\"https:\\\/\\\/auraparis.org\\\/wp-content\\\/uploads\\\/2025\\\/09\\\/Design-sans-titre-12.png\",\"width\":6400,\"height\":1988},{\"@type\":\"BreadcrumbList\",\"@id\":\"https:\\\/\\\/auraparis.org\\\/fr\\\/prise-en-charge\\\/le-programme-detp\\\/#breadcrumb\",\"itemListElement\":[{\"@type\":\"ListItem\",\"position\":1,\"name\":\"Accueil\",\"item\":\"https:\\\/\\\/auraparis.org\\\/fr\\\/\"},{\"@type\":\"ListItem\",\"position\":2,\"name\":\"Prise en charge\",\"item\":\"https:\\\/\\\/auraparis.org\\\/fr\\\/prise-en-charge\\\/\"},{\"@type\":\"ListItem\",\"position\":3,\"name\":\"Le programme d&rsquo;etp\"}]},{\"@type\":\"WebSite\",\"@id\":\"https:\\\/\\\/auraparis.org\\\/#website\",\"url\":\"https:\\\/\\\/auraparis.org\\\/\",\"name\":\"L&#039;AURA Paris\",\"description\":\"\",\"publisher\":{\"@id\":\"https:\\\/\\\/auraparis.org\\\/#organization\"},\"potentialAction\":[{\"@type\":\"SearchAction\",\"target\":{\"@type\":\"EntryPoint\",\"urlTemplate\":\"https:\\\/\\\/auraparis.org\\\/?s={search_term_string}\"},\"query-input\":{\"@type\":\"PropertyValueSpecification\",\"valueRequired\":true,\"valueName\":\"search_term_string\"}}],\"inLanguage\":\"fr-FR\"},{\"@type\":\"Organization\",\"@id\":\"https:\\\/\\\/auraparis.org\\\/#organization\",\"name\":\"L&#039;AURA Paris\",\"url\":\"https:\\\/\\\/auraparis.org\\\/\",\"logo\":{\"@type\":\"ImageObject\",\"inLanguage\":\"fr-FR\",\"@id\":\"https:\\\/\\\/auraparis.org\\\/#\\\/schema\\\/logo\\\/image\\\/\",\"url\":\"https:\\\/\\\/auraparis.org\\\/wp-content\\\/uploads\\\/2026\\\/02\\\/cropped-favicon-dore.jpg\",\"contentUrl\":\"https:\\\/\\\/auraparis.org\\\/wp-content\\\/uploads\\\/2026\\\/02\\\/cropped-favicon-dore.jpg\",\"width\":190,\"height\":190,\"caption\":\"L&#039;AURA Paris\"},\"image\":{\"@id\":\"https:\\\/\\\/auraparis.org\\\/#\\\/schema\\\/logo\\\/image\\\/\"}}]}<\/script>\n<!-- \/ Yoast SEO plugin. -->","yoast_head_json":{"title":"Le programme d'ETP - L&#039;AURA Paris","robots":{"index":"index","follow":"follow","max-snippet":"max-snippet:-1","max-image-preview":"max-image-preview:large","max-video-preview":"max-video-preview:-1"},"canonical":"https:\/\/auraparis.org\/fr\/prise-en-charge\/le-programme-detp\/","og_locale":"fr_FR","og_type":"article","og_title":"Le programme d'ETP - L&#039;AURA Paris","og_description":"[vc_row el_class=\u00a0\u00bbaura-small-container\u00a0\u00bb][vc_column][vc_column_text][\/vc_column_text][vc_row_inner][vc_column_inner el_class=\u00a0\u00bbmission-content\u00a0\u00bb width=\u00a0\u00bb1\/2&Prime;][vc_custom_heading text=\u00a0\u00bbL\u2019\u00e9quipe pluridisciplinaire d\u2019\u00e9ducation th\u00e9rapeutique de l&rsquo;AURA\u00a0\u00bb font_container=\u00a0\u00bbtag:h3|text_align:left\u00a0\u00bb use_theme_fonts=\u00a0\u00bbyes\u00a0\u00bb][vc_column_text] Programme : ETP\/10\/255 ARS Ile de France D\u00e9cembre 2010 \/ 2015 \/ 2019 &nbsp; L\u2019\u00e9ducation th\u00e9rapeutique du patient (ETP) est propos\u00e9e \u00e0 l\u2019AURA. Elle permet aux patients atteints de Maladie R\u00e9nale Chronique (MRC) d\u2019acqu\u00e9rir les comp\u00e9tences qui aident \u00e0 vivre avec leur maladie. &hellip; Continuer la lecture \u00ab\u00a0Le programme d&rsquo;etp\u00a0\u00bb","og_url":"https:\/\/auraparis.org\/fr\/prise-en-charge\/le-programme-detp\/","og_site_name":"L&#039;AURA Paris","article_modified_time":"2025-09-26T14:13:19+00:00","og_image":[{"width":1024,"height":318,"url":"https:\/\/auraparis.org\/wp-content\/uploads\/2025\/09\/Design-sans-titre-12-1024x318.png","type":"image\/png"}],"twitter_card":"summary_large_image","twitter_misc":{"Dur\u00e9e de lecture estim\u00e9e":"2 minutes"},"schema":{"@context":"https:\/\/schema.org","@graph":[{"@type":"WebPage","@id":"https:\/\/auraparis.org\/fr\/prise-en-charge\/le-programme-detp\/","url":"https:\/\/auraparis.org\/fr\/prise-en-charge\/le-programme-detp\/","name":"Le programme d'ETP - L&#039;AURA Paris","isPartOf":{"@id":"https:\/\/auraparis.org\/#website"},"primaryImageOfPage":{"@id":"https:\/\/auraparis.org\/fr\/prise-en-charge\/le-programme-detp\/#primaryimage"},"image":{"@id":"https:\/\/auraparis.org\/fr\/prise-en-charge\/le-programme-detp\/#primaryimage"},"thumbnailUrl":"https:\/\/auraparis.org\/wp-content\/uploads\/2025\/09\/Design-sans-titre-12.png","datePublished":"2022-04-05T19:53:48+00:00","dateModified":"2025-09-26T14:13:19+00:00","breadcrumb":{"@id":"https:\/\/auraparis.org\/fr\/prise-en-charge\/le-programme-detp\/#breadcrumb"},"inLanguage":"fr-FR","potentialAction":[{"@type":"ReadAction","target":["https:\/\/auraparis.org\/fr\/prise-en-charge\/le-programme-detp\/"]}]},{"@type":"ImageObject","inLanguage":"fr-FR","@id":"https:\/\/auraparis.org\/fr\/prise-en-charge\/le-programme-detp\/#primaryimage","url":"https:\/\/auraparis.org\/wp-content\/uploads\/2025\/09\/Design-sans-titre-12.png","contentUrl":"https:\/\/auraparis.org\/wp-content\/uploads\/2025\/09\/Design-sans-titre-12.png","width":6400,"height":1988},{"@type":"BreadcrumbList","@id":"https:\/\/auraparis.org\/fr\/prise-en-charge\/le-programme-detp\/#breadcrumb","itemListElement":[{"@type":"ListItem","position":1,"name":"Accueil","item":"https:\/\/auraparis.org\/fr\/"},{"@type":"ListItem","position":2,"name":"Prise en charge","item":"https:\/\/auraparis.org\/fr\/prise-en-charge\/"},{"@type":"ListItem","position":3,"name":"Le programme d&rsquo;etp"}]},{"@type":"WebSite","@id":"https:\/\/auraparis.org\/#website","url":"https:\/\/auraparis.org\/","name":"L&#039;AURA Paris","description":"","publisher":{"@id":"https:\/\/auraparis.org\/#organization"},"potentialAction":[{"@type":"SearchAction","target":{"@type":"EntryPoint","urlTemplate":"https:\/\/auraparis.org\/?s={search_term_string}"},"query-input":{"@type":"PropertyValueSpecification","valueRequired":true,"valueName":"search_term_string"}}],"inLanguage":"fr-FR"},{"@type":"Organization","@id":"https:\/\/auraparis.org\/#organization","name":"L&#039;AURA Paris","url":"https:\/\/auraparis.org\/","logo":{"@type":"ImageObject","inLanguage":"fr-FR","@id":"https:\/\/auraparis.org\/#\/schema\/logo\/image\/","url":"https:\/\/auraparis.org\/wp-content\/uploads\/2026\/02\/cropped-favicon-dore.jpg","contentUrl":"https:\/\/auraparis.org\/wp-content\/uploads\/2026\/02\/cropped-favicon-dore.jpg","width":190,"height":190,"caption":"L&#039;AURA Paris"},"image":{"@id":"https:\/\/auraparis.org\/#\/schema\/logo\/image\/"}}]}},"_links":{"self":[{"href":"https:\/\/auraparis.org\/fr\/wp-json\/wp\/v2\/pages\/1204","targetHints":{"allow":["GET"]}}],"collection":[{"href":"https:\/\/auraparis.org\/fr\/wp-json\/wp\/v2\/pages"}],"about":[{"href":"https:\/\/auraparis.org\/fr\/wp-json\/wp\/v2\/types\/page"}],"author":[{"embeddable":true,"href":"https:\/\/auraparis.org\/fr\/wp-json\/wp\/v2\/users\/5"}],"replies":[{"embeddable":true,"href":"https:\/\/auraparis.org\/fr\/wp-json\/wp\/v2\/comments?post=1204"}],"version-history":[{"count":18,"href":"https:\/\/auraparis.org\/fr\/wp-json\/wp\/v2\/pages\/1204\/revisions"}],"predecessor-version":[{"id":3676,"href":"https:\/\/auraparis.org\/fr\/wp-json\/wp\/v2\/pages\/1204\/revisions\/3676"}],"up":[{"embeddable":true,"href":"https:\/\/auraparis.org\/fr\/wp-json\/wp\/v2\/pages\/81"}],"wp:featuredmedia":[{"embeddable":true,"href":"https:\/\/auraparis.org\/fr\/wp-json\/wp\/v2\/media\/3669"}],"wp:attachment":[{"href":"https:\/\/auraparis.org\/fr\/wp-json\/wp\/v2\/media?parent=1204"}],"curies":[{"name":"wp","href":"https:\/\/api.w.org\/{rel}","templated":true}]}}