{"id":1206,"date":"2022-04-05T22:54:04","date_gmt":"2022-04-05T19:54:04","guid":{"rendered":"http:\/\/auraparis2021.pastelle.fr\/?page_id=1206"},"modified":"2025-09-26T15:08:22","modified_gmt":"2025-09-26T14:08:22","slug":"la-dialyse-saisonniere","status":"publish","type":"page","link":"https:\/\/auraparis.org\/fr\/prise-en-charge\/la-dialyse-saisonniere\/","title":{"rendered":"La dialyse saisonni\u00e8re"},"content":{"rendered":"<p>[vc_row el_class=\u00a0\u00bbaura-small-container\u00a0\u00bb][vc_column][vc_row_inner equal_height=\u00a0\u00bbyes\u00a0\u00bb gap=\u00a0\u00bb35&Prime;][vc_column_inner el_class=\u00a0\u00bbmission-content\u00a0\u00bb width=\u00a0\u00bb1\/2&Prime;][vc_custom_heading text=\u00a0\u00bbVous \u00eates un patient de l\u2019AURA et vous souhaitez dialyser sur votre lieu<br \/>\nde vill\u00e9giature en France ou \u00e0 l\u2019\u00e9tranger ?\u00a0\u00bb font_container=\u00a0\u00bbtag:h3|text_align:left\u00a0\u00bb use_theme_fonts=\u00a0\u00bbyes\u00a0\u00bb][vc_column_text css=\u00a0\u00bb.vc_custom_1664437804044{border-bottom-width: 0px !important;padding-bottom: 0px !important;}\u00a0\u00bb]L\u2019AURA met tout en \u0153uvre afin de vous accompagner dans vos d\u00e9placements et faciliter l\u2019organisation de vos livraisons de mat\u00e9riel de dialyse sur vos lieux de s\u00e9jours.<br \/>\nMerci de nous retourner le document \u00ab Dossiers vacances patients HDQ \u00bb \u00e0 transmettre au p\u00f4le logistique de l\u2019AURA pour en \u00e9tudier la faisabilit\u00e9.[\/vc_column_text][vc_column_text]<\/p>\n<p class=\"p2\"><strong>Pour les s\u00e9jours en France :<\/strong><\/p>\n<p class=\"p3\">L\u2019AURA recherche toujours la solution la plus adapt\u00e9e pour organiser votre s\u00e9jour \u00e0 moindre frais. Il se peut n\u00e9anmoins qu\u2019une partie des co\u00fbts li\u00e9s au transport des consommables de dialyse reste \u00e0 votre charge, un devis vous sera transmis pour acceptation de ces frais.<\/p>\n<p>&nbsp;<\/p>\n<p class=\"p2\"><strong>Pour les s\u00e9jours \u00e0 l\u2019\u00e9tranger : <\/strong><\/p>\n<p class=\"p4\">Une \u00e9tude de faisabilit\u00e9 est faite au cas par cas. Toute livraison sur un lieu de s\u00e9jour en dehors de la France m\u00e9tropolitaine fera l\u2019objet d\u2019un devis.<br \/>\nLes pharmaciens prendront rapidement contact avec vous quel que soit votre lieu de s\u00e9jour afin de vous faire part de l\u2019organisation \u00e0 mettre en place et des co\u00fbts inh\u00e9rents \u00e0 la livraison.<\/p>\n<p>[\/vc_column_text][\/vc_column_inner][vc_column_inner width=\u00a0\u00bb1\/2&Prime;][vc_single_image image=\u00a0\u00bb2140&Prime; img_size=\u00a0\u00bbfull\u00a0\u00bb alignment=\u00a0\u00bbcenter\u00a0\u00bb][\/vc_column_inner][\/vc_row_inner][\/vc_column][\/vc_row]<\/p>\n","protected":false},"excerpt":{"rendered":"<p>[vc_row el_class=\u00a0\u00bbaura-small-container\u00a0\u00bb][vc_column][vc_row_inner equal_height=\u00a0\u00bbyes\u00a0\u00bb gap=\u00a0\u00bb35&Prime;][vc_column_inner el_class=\u00a0\u00bbmission-content\u00a0\u00bb width=\u00a0\u00bb1\/2&Prime;][vc_custom_heading text=\u00a0\u00bbVous \u00eates un patient de l\u2019AURA et vous souhaitez dialyser sur votre lieu de vill\u00e9giature en France ou \u00e0 l\u2019\u00e9tranger ?\u00a0\u00bb font_container=\u00a0\u00bbtag:h3|text_align:left\u00a0\u00bb use_theme_fonts=\u00a0\u00bbyes\u00a0\u00bb][vc_column_text css=\u00a0\u00bb.vc_custom_1664437804044{border-bottom-width: 0px !important;padding-bottom: 0px !important;}\u00a0\u00bb]L\u2019AURA met tout en \u0153uvre afin de vous accompagner dans vos d\u00e9placements et faciliter l\u2019organisation de vos livraisons de mat\u00e9riel de dialyse &hellip; <\/p>\n<p class=\"link-more\"><a href=\"https:\/\/auraparis.org\/fr\/prise-en-charge\/la-dialyse-saisonniere\/\" class=\"more-link\">Continuer la lecture <span class=\"screen-reader-text\"> \u00ab\u00a0La dialyse saisonni\u00e8re\u00a0\u00bb<\/span><\/a><\/p>\n","protected":false},"author":5,"featured_media":3669,"parent":81,"menu_order":37,"comment_status":"closed","ping_status":"closed","template":"templates\/template-about.php","meta":{"_acf_changed":false,"footnotes":""},"class_list":["post-1206","page","type-page","status-publish","has-post-thumbnail","hentry","entry"],"acf":[],"yoast_head":"<!-- This site is optimized with the Yoast SEO plugin v27.3 - https:\/\/yoast.com\/product\/yoast-seo-wordpress\/ -->\n<title>La dialyse saisonni\u00e8re - L&#039;AURA Paris<\/title>\n<meta name=\"robots\" content=\"index, follow, max-snippet:-1, max-image-preview:large, max-video-preview:-1\" \/>\n<link rel=\"canonical\" href=\"https:\/\/auraparis.org\/fr\/prise-en-charge\/la-dialyse-saisonniere\/\" \/>\n<meta property=\"og:locale\" content=\"fr_FR\" \/>\n<meta property=\"og:type\" content=\"article\" \/>\n<meta property=\"og:title\" content=\"La dialyse saisonni\u00e8re - L&#039;AURA Paris\" \/>\n<meta property=\"og:description\" content=\"[vc_row el_class=\u00a0\u00bbaura-small-container\u00a0\u00bb][vc_column][vc_row_inner equal_height=\u00a0\u00bbyes\u00a0\u00bb gap=\u00a0\u00bb35&Prime;][vc_column_inner el_class=\u00a0\u00bbmission-content\u00a0\u00bb width=\u00a0\u00bb1\/2&Prime;][vc_custom_heading text=\u00a0\u00bbVous \u00eates un patient de l\u2019AURA et vous souhaitez dialyser sur votre lieu de vill\u00e9giature en France ou \u00e0 l\u2019\u00e9tranger ?\u00a0\u00bb font_container=\u00a0\u00bbtag:h3|text_align:left\u00a0\u00bb use_theme_fonts=\u00a0\u00bbyes\u00a0\u00bb][vc_column_text css=\u00a0\u00bb.vc_custom_1664437804044{border-bottom-width: 0px !important;padding-bottom: 0px !important;}\u00a0\u00bb]L\u2019AURA met tout en \u0153uvre afin de vous accompagner dans vos d\u00e9placements et faciliter l\u2019organisation de vos livraisons de mat\u00e9riel de dialyse &hellip; Continuer la lecture \u00ab\u00a0La dialyse saisonni\u00e8re\u00a0\u00bb\" \/>\n<meta property=\"og:url\" content=\"https:\/\/auraparis.org\/fr\/prise-en-charge\/la-dialyse-saisonniere\/\" \/>\n<meta property=\"og:site_name\" content=\"L&#039;AURA Paris\" \/>\n<meta property=\"article:modified_time\" content=\"2025-09-26T14:08:22+00:00\" \/>\n<meta property=\"og:image\" content=\"https:\/\/auraparis.org\/wp-content\/uploads\/2025\/09\/Design-sans-titre-12-1024x318.png\" \/>\n\t<meta property=\"og:image:width\" content=\"1024\" \/>\n\t<meta property=\"og:image:height\" content=\"318\" \/>\n\t<meta property=\"og:image:type\" content=\"image\/png\" \/>\n<meta name=\"twitter:card\" content=\"summary_large_image\" \/>\n<meta name=\"twitter:label1\" content=\"Dur\u00e9e de lecture estim\u00e9e\" \/>\n\t<meta name=\"twitter:data1\" content=\"2 minutes\" \/>\n<script type=\"application\/ld+json\" class=\"yoast-schema-graph\">{\"@context\":\"https:\\\/\\\/schema.org\",\"@graph\":[{\"@type\":\"WebPage\",\"@id\":\"https:\\\/\\\/auraparis.org\\\/fr\\\/prise-en-charge\\\/la-dialyse-saisonniere\\\/\",\"url\":\"https:\\\/\\\/auraparis.org\\\/fr\\\/prise-en-charge\\\/la-dialyse-saisonniere\\\/\",\"name\":\"La dialyse saisonni\u00e8re - L&#039;AURA Paris\",\"isPartOf\":{\"@id\":\"https:\\\/\\\/auraparis.org\\\/#website\"},\"primaryImageOfPage\":{\"@id\":\"https:\\\/\\\/auraparis.org\\\/fr\\\/prise-en-charge\\\/la-dialyse-saisonniere\\\/#primaryimage\"},\"image\":{\"@id\":\"https:\\\/\\\/auraparis.org\\\/fr\\\/prise-en-charge\\\/la-dialyse-saisonniere\\\/#primaryimage\"},\"thumbnailUrl\":\"https:\\\/\\\/auraparis.org\\\/wp-content\\\/uploads\\\/2025\\\/09\\\/Design-sans-titre-12.png\",\"datePublished\":\"2022-04-05T19:54:04+00:00\",\"dateModified\":\"2025-09-26T14:08:22+00:00\",\"breadcrumb\":{\"@id\":\"https:\\\/\\\/auraparis.org\\\/fr\\\/prise-en-charge\\\/la-dialyse-saisonniere\\\/#breadcrumb\"},\"inLanguage\":\"fr-FR\",\"potentialAction\":[{\"@type\":\"ReadAction\",\"target\":[\"https:\\\/\\\/auraparis.org\\\/fr\\\/prise-en-charge\\\/la-dialyse-saisonniere\\\/\"]}]},{\"@type\":\"ImageObject\",\"inLanguage\":\"fr-FR\",\"@id\":\"https:\\\/\\\/auraparis.org\\\/fr\\\/prise-en-charge\\\/la-dialyse-saisonniere\\\/#primaryimage\",\"url\":\"https:\\\/\\\/auraparis.org\\\/wp-content\\\/uploads\\\/2025\\\/09\\\/Design-sans-titre-12.png\",\"contentUrl\":\"https:\\\/\\\/auraparis.org\\\/wp-content\\\/uploads\\\/2025\\\/09\\\/Design-sans-titre-12.png\",\"width\":6400,\"height\":1988},{\"@type\":\"BreadcrumbList\",\"@id\":\"https:\\\/\\\/auraparis.org\\\/fr\\\/prise-en-charge\\\/la-dialyse-saisonniere\\\/#breadcrumb\",\"itemListElement\":[{\"@type\":\"ListItem\",\"position\":1,\"name\":\"Accueil\",\"item\":\"https:\\\/\\\/auraparis.org\\\/fr\\\/\"},{\"@type\":\"ListItem\",\"position\":2,\"name\":\"Prise en charge\",\"item\":\"https:\\\/\\\/auraparis.org\\\/fr\\\/prise-en-charge\\\/\"},{\"@type\":\"ListItem\",\"position\":3,\"name\":\"La dialyse saisonni\u00e8re\"}]},{\"@type\":\"WebSite\",\"@id\":\"https:\\\/\\\/auraparis.org\\\/#website\",\"url\":\"https:\\\/\\\/auraparis.org\\\/\",\"name\":\"L&#039;AURA Paris\",\"description\":\"\",\"publisher\":{\"@id\":\"https:\\\/\\\/auraparis.org\\\/#organization\"},\"potentialAction\":[{\"@type\":\"SearchAction\",\"target\":{\"@type\":\"EntryPoint\",\"urlTemplate\":\"https:\\\/\\\/auraparis.org\\\/?s={search_term_string}\"},\"query-input\":{\"@type\":\"PropertyValueSpecification\",\"valueRequired\":true,\"valueName\":\"search_term_string\"}}],\"inLanguage\":\"fr-FR\"},{\"@type\":\"Organization\",\"@id\":\"https:\\\/\\\/auraparis.org\\\/#organization\",\"name\":\"L&#039;AURA Paris\",\"url\":\"https:\\\/\\\/auraparis.org\\\/\",\"logo\":{\"@type\":\"ImageObject\",\"inLanguage\":\"fr-FR\",\"@id\":\"https:\\\/\\\/auraparis.org\\\/#\\\/schema\\\/logo\\\/image\\\/\",\"url\":\"https:\\\/\\\/auraparis.org\\\/wp-content\\\/uploads\\\/2026\\\/02\\\/cropped-favicon-dore.jpg\",\"contentUrl\":\"https:\\\/\\\/auraparis.org\\\/wp-content\\\/uploads\\\/2026\\\/02\\\/cropped-favicon-dore.jpg\",\"width\":190,\"height\":190,\"caption\":\"L&#039;AURA Paris\"},\"image\":{\"@id\":\"https:\\\/\\\/auraparis.org\\\/#\\\/schema\\\/logo\\\/image\\\/\"}}]}<\/script>\n<!-- \/ Yoast SEO plugin. -->","yoast_head_json":{"title":"La dialyse saisonni\u00e8re - L&#039;AURA Paris","robots":{"index":"index","follow":"follow","max-snippet":"max-snippet:-1","max-image-preview":"max-image-preview:large","max-video-preview":"max-video-preview:-1"},"canonical":"https:\/\/auraparis.org\/fr\/prise-en-charge\/la-dialyse-saisonniere\/","og_locale":"fr_FR","og_type":"article","og_title":"La dialyse saisonni\u00e8re - L&#039;AURA Paris","og_description":"[vc_row el_class=\u00a0\u00bbaura-small-container\u00a0\u00bb][vc_column][vc_row_inner equal_height=\u00a0\u00bbyes\u00a0\u00bb gap=\u00a0\u00bb35&Prime;][vc_column_inner el_class=\u00a0\u00bbmission-content\u00a0\u00bb width=\u00a0\u00bb1\/2&Prime;][vc_custom_heading text=\u00a0\u00bbVous \u00eates un patient de l\u2019AURA et vous souhaitez dialyser sur votre lieu de vill\u00e9giature en France ou \u00e0 l\u2019\u00e9tranger ?\u00a0\u00bb font_container=\u00a0\u00bbtag:h3|text_align:left\u00a0\u00bb use_theme_fonts=\u00a0\u00bbyes\u00a0\u00bb][vc_column_text css=\u00a0\u00bb.vc_custom_1664437804044{border-bottom-width: 0px !important;padding-bottom: 0px !important;}\u00a0\u00bb]L\u2019AURA met tout en \u0153uvre afin de vous accompagner dans vos d\u00e9placements et faciliter l\u2019organisation de vos livraisons de mat\u00e9riel de dialyse &hellip; Continuer la lecture \u00ab\u00a0La dialyse saisonni\u00e8re\u00a0\u00bb","og_url":"https:\/\/auraparis.org\/fr\/prise-en-charge\/la-dialyse-saisonniere\/","og_site_name":"L&#039;AURA Paris","article_modified_time":"2025-09-26T14:08:22+00:00","og_image":[{"width":1024,"height":318,"url":"https:\/\/auraparis.org\/wp-content\/uploads\/2025\/09\/Design-sans-titre-12-1024x318.png","type":"image\/png"}],"twitter_card":"summary_large_image","twitter_misc":{"Dur\u00e9e de lecture estim\u00e9e":"2 minutes"},"schema":{"@context":"https:\/\/schema.org","@graph":[{"@type":"WebPage","@id":"https:\/\/auraparis.org\/fr\/prise-en-charge\/la-dialyse-saisonniere\/","url":"https:\/\/auraparis.org\/fr\/prise-en-charge\/la-dialyse-saisonniere\/","name":"La dialyse saisonni\u00e8re - L&#039;AURA Paris","isPartOf":{"@id":"https:\/\/auraparis.org\/#website"},"primaryImageOfPage":{"@id":"https:\/\/auraparis.org\/fr\/prise-en-charge\/la-dialyse-saisonniere\/#primaryimage"},"image":{"@id":"https:\/\/auraparis.org\/fr\/prise-en-charge\/la-dialyse-saisonniere\/#primaryimage"},"thumbnailUrl":"https:\/\/auraparis.org\/wp-content\/uploads\/2025\/09\/Design-sans-titre-12.png","datePublished":"2022-04-05T19:54:04+00:00","dateModified":"2025-09-26T14:08:22+00:00","breadcrumb":{"@id":"https:\/\/auraparis.org\/fr\/prise-en-charge\/la-dialyse-saisonniere\/#breadcrumb"},"inLanguage":"fr-FR","potentialAction":[{"@type":"ReadAction","target":["https:\/\/auraparis.org\/fr\/prise-en-charge\/la-dialyse-saisonniere\/"]}]},{"@type":"ImageObject","inLanguage":"fr-FR","@id":"https:\/\/auraparis.org\/fr\/prise-en-charge\/la-dialyse-saisonniere\/#primaryimage","url":"https:\/\/auraparis.org\/wp-content\/uploads\/2025\/09\/Design-sans-titre-12.png","contentUrl":"https:\/\/auraparis.org\/wp-content\/uploads\/2025\/09\/Design-sans-titre-12.png","width":6400,"height":1988},{"@type":"BreadcrumbList","@id":"https:\/\/auraparis.org\/fr\/prise-en-charge\/la-dialyse-saisonniere\/#breadcrumb","itemListElement":[{"@type":"ListItem","position":1,"name":"Accueil","item":"https:\/\/auraparis.org\/fr\/"},{"@type":"ListItem","position":2,"name":"Prise en charge","item":"https:\/\/auraparis.org\/fr\/prise-en-charge\/"},{"@type":"ListItem","position":3,"name":"La dialyse saisonni\u00e8re"}]},{"@type":"WebSite","@id":"https:\/\/auraparis.org\/#website","url":"https:\/\/auraparis.org\/","name":"L&#039;AURA Paris","description":"","publisher":{"@id":"https:\/\/auraparis.org\/#organization"},"potentialAction":[{"@type":"SearchAction","target":{"@type":"EntryPoint","urlTemplate":"https:\/\/auraparis.org\/?s={search_term_string}"},"query-input":{"@type":"PropertyValueSpecification","valueRequired":true,"valueName":"search_term_string"}}],"inLanguage":"fr-FR"},{"@type":"Organization","@id":"https:\/\/auraparis.org\/#organization","name":"L&#039;AURA Paris","url":"https:\/\/auraparis.org\/","logo":{"@type":"ImageObject","inLanguage":"fr-FR","@id":"https:\/\/auraparis.org\/#\/schema\/logo\/image\/","url":"https:\/\/auraparis.org\/wp-content\/uploads\/2026\/02\/cropped-favicon-dore.jpg","contentUrl":"https:\/\/auraparis.org\/wp-content\/uploads\/2026\/02\/cropped-favicon-dore.jpg","width":190,"height":190,"caption":"L&#039;AURA Paris"},"image":{"@id":"https:\/\/auraparis.org\/#\/schema\/logo\/image\/"}}]}},"_links":{"self":[{"href":"https:\/\/auraparis.org\/fr\/wp-json\/wp\/v2\/pages\/1206","targetHints":{"allow":["GET"]}}],"collection":[{"href":"https:\/\/auraparis.org\/fr\/wp-json\/wp\/v2\/pages"}],"about":[{"href":"https:\/\/auraparis.org\/fr\/wp-json\/wp\/v2\/types\/page"}],"author":[{"embeddable":true,"href":"https:\/\/auraparis.org\/fr\/wp-json\/wp\/v2\/users\/5"}],"replies":[{"embeddable":true,"href":"https:\/\/auraparis.org\/fr\/wp-json\/wp\/v2\/comments?post=1206"}],"version-history":[{"count":5,"href":"https:\/\/auraparis.org\/fr\/wp-json\/wp\/v2\/pages\/1206\/revisions"}],"predecessor-version":[{"id":2141,"href":"https:\/\/auraparis.org\/fr\/wp-json\/wp\/v2\/pages\/1206\/revisions\/2141"}],"up":[{"embeddable":true,"href":"https:\/\/auraparis.org\/fr\/wp-json\/wp\/v2\/pages\/81"}],"wp:featuredmedia":[{"embeddable":true,"href":"https:\/\/auraparis.org\/fr\/wp-json\/wp\/v2\/media\/3669"}],"wp:attachment":[{"href":"https:\/\/auraparis.org\/fr\/wp-json\/wp\/v2\/media?parent=1206"}],"curies":[{"name":"wp","href":"https:\/\/api.w.org\/{rel}","templated":true}]}}