{"id":1735,"date":"2022-09-17T13:22:02","date_gmt":"2022-09-17T10:22:02","guid":{"rendered":"http:\/\/auraparis2021.pastelle.fr\/?page_id=1735"},"modified":"2025-10-02T13:35:03","modified_gmt":"2025-10-02T12:35:03","slug":"la-maladie-renale-chronique","status":"publish","type":"page","link":"https:\/\/auraparis.org\/fr\/prevention-et-suivi-des-maladies-renales\/la-maladie-renale-chronique\/","title":{"rendered":"La maladie r\u00e9nale chronique"},"content":{"rendered":"<p>[vc_row el_class=\u00a0\u00bbaura-container\u00a0\u00bb][vc_column el_class=\u00a0\u00bbmission-content\u00a0\u00bb][vc_column_text][\/vc_column_text][vc_row_inner][vc_column_inner width=\u00a0\u00bb1\/2&Prime;][vc_single_image image=\u00a0\u00bb2432&Prime; img_size=\u00a0\u00bbfull\u00a0\u00bb alignment=\u00a0\u00bbright\u00a0\u00bb][\/vc_column_inner][vc_column_inner el_class=\u00a0\u00bbmission-content\u00a0\u00bb width=\u00a0\u00bb1\/2&Prime;][vc_column_text]<span style=\"color: #be952a; font-size: 18pt;\"><strong>Qu\u2019est-ce que la Maladie R\u00e9nale Chronique (MRC) ?<\/strong><\/span><\/p>\n<p>&nbsp;<\/p>\n<p>La maladie r\u00e9nale d\u00e9signe une diminution du fonctionnement des reins, quelle qu\u2019en soit la cause.<br \/>\nOn dit qu\u2019elle est chronique, lorsque ce dysfonctionnement dure depuis plus de 3 mois. Les reins perdent, de fa\u00e7on durable et irr\u00e9versible, leur capacit\u00e9 \u00e0 filtrer correctement le sang de l\u2019organisme.<br \/>\n\u00c0 partir d\u2019un certain seuil de dysfonctionnement, on parle d\u2019insuffisance r\u00e9nale chronique.<\/p>\n<p>&nbsp;<\/p>\n<p>La MRC peut rester silencieuse jusqu\u2019\u00e0 un stade tr\u00e8s avanc\u00e9. Lorsqu\u2019elle progresse, <strong>des sympt\u00f4mes visibles et g\u00eanants finissent par appara\u00eetre :<\/strong><br \/>\n\u2022 L\u2019eau et le sel ne sont plus \u00e9limin\u00e9s correctement, ce qui peut provoquer des \u0153d\u00e8mes des jambes puis un essoufflement (\u0153d\u00e8me des poumons).<br \/>\n\u2022 Les toxines et les d\u00e9chets de l\u2019organisme s\u2019\u00e9liminent moins bien, ce qui provoque de la fatigue, des naus\u00e9es, une perte d\u2019app\u00e9tit, des insomnies, des d\u00e9mangeaisons, des crises de goutte\u2026<\/p>\n<p>&nbsp;<\/p>\n<p><strong>Les autres complications de l\u2019insuffisance r\u00e9nale sont\u00a0:<\/strong><br \/>\n\u2022 l\u2019an\u00e9mie (= taux de globules rouges bas) par d\u00e9faut de production d\u2019EPO par les reins<br \/>\n\u2022 l\u2019hypertension art\u00e9rielle par r\u00e9tention d\u2019eau et de sel<br \/>\n\u2022 la d\u00e9min\u00e9ralisation osseuse \u00e0 cause d\u2019un d\u00e9faut d\u2019activation de la vitamine D par les reins (donc diminution de l\u2019absorption du calcium) et une mauvaise \u00e9limination du phosphore.[\/vc_column_text][\/vc_column_inner][\/vc_row_inner][vc_row_inner][vc_column_inner el_class=\u00a0\u00bbmission-content\u00a0\u00bb width=\u00a0\u00bb1\/2&Prime;][vc_column_text]<span style=\"color: #be952a;\"><strong><span style=\"font-size: 18pt;\">Quelles sont les causes de la maladie r\u00e9nale ?<\/span><\/strong><\/span><\/p>\n<p>&nbsp;<\/p>\n<p>Les deux grands pourvoyeurs de maladie r\u00e9nale sont l<strong>\u2019hypertension art\u00e9rielle et le diab\u00e8te<\/strong>. Ils sont responsables de pr\u00e8s de 50 % des MRC.<\/p>\n<p>&nbsp;<\/p>\n<p><strong>D\u2019autres pathologies, moins fr\u00e9quentes, peuvent aussi entrainer une maladie r\u00e9nale chronique :<\/strong><br \/>\n\u2022 une <strong>glom\u00e9rulon\u00e9phrite<\/strong> (atteinte des glom\u00e9rules r\u00e9naux), parfois dans le cadre d\u2019une maladie inflammatoire auto-immune (lupus \u00e9ryth\u00e9mateux diss\u00e9min\u00e9, polyarthrite rhumato\u00efde\u2026)<br \/>\n\u2022 la <strong>polykystose r\u00e9nale<\/strong> (formation de nombreux kystes au niveau des reins, d\u2019origine g\u00e9n\u00e9tique et<br \/>\nh\u00e9r\u00e9ditaire)<br \/>\n\u2022 les <strong>py\u00e9lon\u00e9phrites<\/strong> \u00e0 r\u00e9p\u00e9tition (infection urinaire du rein)<br \/>\n\u2022 une anomalie ou un obstacle chronique sur les voies urinaires (calculs ou lithiase r\u00e9nale, malformation des voies urinaires&#8230;)<\/p>\n<p>&nbsp;<\/p>\n<p><strong>Par ailleurs, d\u2019autres facteurs peuvent favoriser l\u2019apparition d\u2019une maladie r\u00e9nale\u00a0:<\/strong><br \/>\n\u2022 les facteurs de risque cardiovasculaire : ob\u00e9sit\u00e9, tabac, cholest\u00e9rol, s\u00e9dentarit\u00e9&#8230;<br \/>\n\u2022 l\u2019\u00e2ge : apr\u00e8s 60 ans, les reins peuvent moins bien fonctionner<br \/>\n\u2022 les ant\u00e9c\u00e9dents familiaux d\u2019insuffisance r\u00e9nale chronique<br \/>\n\u2022 des \u00e9pisodes d\u2019insuffisance r\u00e9nale aigu\u00eb (qu\u2019elle qu\u2019en soit la raison)<br \/>\n\u2022 une prise de m\u00e9dicament toxique pour le rein (anti-inflammatoires non st\u00e9ro\u00efdiens en particulier, phytoth\u00e9rapie, herbes chinoises\u2026)<br \/>\n\u2022 l\u2019exposition \u00e0 des toxiques comme les produits de contraste iod\u00e9s (pour les scanners ou les coronarographies par exemple), certaines chimioth\u00e9rapies ou la radioth\u00e9rapie cibl\u00e9e sur les reins ainsi que les toxiques professionnels (plomb, mercure, cadmium\u2026)[\/vc_column_text][\/vc_column_inner][vc_column_inner width=\u00a0\u00bb1\/2&Prime;][vc_single_image image=\u00a0\u00bb2132&Prime; img_size=\u00a0\u00bblarge\u00a0\u00bb][\/vc_column_inner][\/vc_row_inner][vc_row_inner][vc_column_inner width=\u00a0\u00bb1\/2&Prime;][vc_single_image image=\u00a0\u00bb1831&Prime; img_size=\u00a0\u00bbfull\u00a0\u00bb][\/vc_column_inner][vc_column_inner width=\u00a0\u00bb1\/2&Prime;][vc_column_text]<span style=\"font-size: 18pt; color: #be952a;\"><strong>Comment savoir si mes reins sont malades ?<\/strong><\/span><\/p>\n<p>&nbsp;<\/p>\n<p><strong>En cas de facteurs de risque ou de sympt\u00f4mes \u00e9vocateurs, le diagnostic de maladie r\u00e9nale repose sur :<\/strong><\/p>\n<p>&nbsp;<\/p>\n<p>\u2022 <strong>le dosage sanguin de cr\u00e9atinine<\/strong> et le calcul du d\u00e9bit de filtration glom\u00e9rulaire (DFG), par une simple prise de sang au laboratoire<\/p>\n<p>&nbsp;<\/p>\n<p>\u2022 <strong>l\u2019analyse d\u2019urine<\/strong> \u00e0 la recherche de prot\u00e9ine (albumine) et de sang par une simple bandelette urinaire, en consultation, puis par une analyse en laboratoire pour confirmer.<\/p>\n<p>&nbsp;<\/p>\n<p><strong>Voir ci-contre les diff\u00e9rents stades de la maladie r\u00e9nale chronique.<\/strong>[\/vc_column_text][\/vc_column_inner][\/vc_row_inner][vc_row_inner][vc_column_inner width=\u00a0\u00bb1\/2&Prime;][vc_column_text]<span style=\"font-size: 18pt; color: #be952a;\"><strong>Que faire si mes reins sont malades ?<\/strong><\/span><\/p>\n<p>&nbsp;<\/p>\n<p>Les r\u00e9sultats doivent \u00eatre confirm\u00e9s par un deuxi\u00e8me examen.<\/p>\n<p>&nbsp;<\/p>\n<p>En cas de maladie r\u00e9nale av\u00e9r\u00e9e, votre m\u00e9decin et\/ou votre n\u00e9phrologue prescrira syst\u00e9matiquement une imagerie des reins (une \u00e9chographie en g\u00e9n\u00e9ral) et des examens compl\u00e9mentaires afin de d\u00e9terminer\u00a0:<br \/>\n\u2022 la cause de la maladie r\u00e9nale<br \/>\n\u2022 le stade de la maladie<br \/>\n\u2022 les \u00e9ventuelles complications d\u00e9j\u00e0 associ\u00e9es<\/p>\n<p>&nbsp;<\/p>\n<p>Pour affiner le diagnostic, il peut y avoir besoin de r\u00e9aliser une biopsie d\u2019un de vos reins afin de l\u2019analyser au microscope.<\/p>\n<p>Les reins ne peuvent pas \u00eatre \u00ab r\u00e9par\u00e9s \u00bb une fois que les dommages sont faits. N\u00e9anmoins, la progression de la maladie r\u00e9nale peut \u00eatre frein\u00e9e en traitant la cause et en adoptant <a href=\"https:\/\/auraparis2021.pastelle.fr\/prevention-et-suivi-des-maladies-renales\/comment-proteger-mes-reins\/\">les bonnes mesures de protection r\u00e9nale<\/a>.[\/vc_column_text][\/vc_column_inner][vc_column_inner width=\u00a0\u00bb1\/2&Prime;][vc_column_text]<\/p>\n<div style=\"width: 640px;\" class=\"wp-video\"><video class=\"wp-video-shortcode\" id=\"video-1735-1\" width=\"640\" height=\"360\" poster=\"\/wp-content\/uploads\/2022\/11\/Capture-decran-2022-11-29-a-14.24.54.png\" preload=\"metadata\" controls=\"controls\"><source type=\"video\/mp4\" src=\"\/wp-content\/uploads\/2022\/11\/LA-MRC-HD-1080p.mp4?_=1\" \/><a href=\"\/wp-content\/uploads\/2022\/11\/LA-MRC-HD-1080p.mp4\">\/wp-content\/uploads\/2022\/11\/LA-MRC-HD-1080p.mp4<\/a><\/video><\/div>\n<p><span style=\"color: #c19f7d;\"><strong>Lire la vid\u00e9o \u201cLa maladie r\u00e9nale chronique\u201d<\/strong><\/span> &#8211; \u00a9SNFDT2021[\/vc_column_text][\/vc_column_inner][\/vc_row_inner][\/vc_column][\/vc_row]<\/p>\n","protected":false},"excerpt":{"rendered":"<p>[vc_row el_class=\u00a0\u00bbaura-container\u00a0\u00bb][vc_column el_class=\u00a0\u00bbmission-content\u00a0\u00bb][vc_column_text][\/vc_column_text][vc_row_inner][vc_column_inner width=\u00a0\u00bb1\/2&Prime;][vc_single_image image=\u00a0\u00bb2432&Prime; img_size=\u00a0\u00bbfull\u00a0\u00bb alignment=\u00a0\u00bbright\u00a0\u00bb][\/vc_column_inner][vc_column_inner el_class=\u00a0\u00bbmission-content\u00a0\u00bb width=\u00a0\u00bb1\/2&Prime;][vc_column_text]Qu\u2019est-ce que la Maladie R\u00e9nale Chronique (MRC) ? &nbsp; La maladie r\u00e9nale d\u00e9signe une diminution du fonctionnement des reins, quelle qu\u2019en soit la cause. On dit qu\u2019elle est chronique, lorsque ce dysfonctionnement dure depuis plus de 3 mois. Les reins perdent, de fa\u00e7on durable et irr\u00e9versible, leur &hellip; <\/p>\n<p class=\"link-more\"><a href=\"https:\/\/auraparis.org\/fr\/prevention-et-suivi-des-maladies-renales\/la-maladie-renale-chronique\/\" class=\"more-link\">Continuer la lecture <span class=\"screen-reader-text\"> \u00ab\u00a0La maladie r\u00e9nale chronique\u00a0\u00bb<\/span><\/a><\/p>\n","protected":false},"author":5,"featured_media":2146,"parent":79,"menu_order":8,"comment_status":"closed","ping_status":"closed","template":"templates\/template-kidney-monitoring.php","meta":{"_acf_changed":false,"footnotes":""},"class_list":["post-1735","page","type-page","status-publish","has-post-thumbnail","hentry","entry"],"acf":[],"yoast_head":"<!-- This site is optimized with the Yoast SEO plugin v27.4 - https:\/\/yoast.com\/product\/yoast-seo-wordpress\/ -->\n<title>La maladie r\u00e9nale chronique - L&#039;AURA Paris<\/title>\n<meta name=\"robots\" content=\"index, follow, max-snippet:-1, max-image-preview:large, max-video-preview:-1\" \/>\n<link rel=\"canonical\" href=\"https:\/\/auraparis.org\/fr\/prevention-et-suivi-des-maladies-renales\/la-maladie-renale-chronique\/\" \/>\n<meta property=\"og:locale\" content=\"fr_FR\" \/>\n<meta property=\"og:type\" content=\"article\" \/>\n<meta property=\"og:title\" content=\"La maladie r\u00e9nale chronique - L&#039;AURA Paris\" \/>\n<meta property=\"og:description\" content=\"[vc_row el_class=\u00a0\u00bbaura-container\u00a0\u00bb][vc_column el_class=\u00a0\u00bbmission-content\u00a0\u00bb][vc_column_text][\/vc_column_text][vc_row_inner][vc_column_inner width=\u00a0\u00bb1\/2&Prime;][vc_single_image image=\u00a0\u00bb2432&Prime; img_size=\u00a0\u00bbfull\u00a0\u00bb alignment=\u00a0\u00bbright\u00a0\u00bb][\/vc_column_inner][vc_column_inner el_class=\u00a0\u00bbmission-content\u00a0\u00bb width=\u00a0\u00bb1\/2&Prime;][vc_column_text]Qu\u2019est-ce que la Maladie R\u00e9nale Chronique (MRC) ? &nbsp; La maladie r\u00e9nale d\u00e9signe une diminution du fonctionnement des reins, quelle qu\u2019en soit la cause. On dit qu\u2019elle est chronique, lorsque ce dysfonctionnement dure depuis plus de 3 mois. Les reins perdent, de fa\u00e7on durable et irr\u00e9versible, leur &hellip; Continuer la lecture \u00ab\u00a0La maladie r\u00e9nale chronique\u00a0\u00bb\" \/>\n<meta property=\"og:url\" content=\"https:\/\/auraparis.org\/fr\/prevention-et-suivi-des-maladies-renales\/la-maladie-renale-chronique\/\" \/>\n<meta property=\"og:site_name\" content=\"L&#039;AURA Paris\" \/>\n<meta property=\"article:modified_time\" content=\"2025-10-02T12:35:03+00:00\" \/>\n<meta property=\"og:image\" content=\"https:\/\/auraparis.org\/wp-content\/uploads\/2022\/11\/iStock-1204089506\u00a9andresr-1-scaled-e1668520069572.jpg\" \/>\n\t<meta property=\"og:image:width\" content=\"1900\" \/>\n\t<meta property=\"og:image:height\" content=\"665\" \/>\n\t<meta property=\"og:image:type\" content=\"image\/jpeg\" \/>\n<meta name=\"twitter:card\" content=\"summary_large_image\" \/>\n<meta name=\"twitter:label1\" content=\"Dur\u00e9e de lecture estim\u00e9e\" \/>\n\t<meta name=\"twitter:data1\" content=\"4 minutes\" \/>\n<script type=\"application\/ld+json\" class=\"yoast-schema-graph\">{\"@context\":\"https:\\\/\\\/schema.org\",\"@graph\":[{\"@type\":\"WebPage\",\"@id\":\"https:\\\/\\\/auraparis.org\\\/fr\\\/prevention-et-suivi-des-maladies-renales\\\/la-maladie-renale-chronique\\\/\",\"url\":\"https:\\\/\\\/auraparis.org\\\/fr\\\/prevention-et-suivi-des-maladies-renales\\\/la-maladie-renale-chronique\\\/\",\"name\":\"La maladie r\u00e9nale chronique - L&#039;AURA Paris\",\"isPartOf\":{\"@id\":\"https:\\\/\\\/auraparis.org\\\/#website\"},\"primaryImageOfPage\":{\"@id\":\"https:\\\/\\\/auraparis.org\\\/fr\\\/prevention-et-suivi-des-maladies-renales\\\/la-maladie-renale-chronique\\\/#primaryimage\"},\"image\":{\"@id\":\"https:\\\/\\\/auraparis.org\\\/fr\\\/prevention-et-suivi-des-maladies-renales\\\/la-maladie-renale-chronique\\\/#primaryimage\"},\"thumbnailUrl\":\"https:\\\/\\\/auraparis.org\\\/wp-content\\\/uploads\\\/2022\\\/11\\\/iStock-1204089506\u00a9andresr-1-scaled-e1668520069572.jpg\",\"datePublished\":\"2022-09-17T10:22:02+00:00\",\"dateModified\":\"2025-10-02T12:35:03+00:00\",\"breadcrumb\":{\"@id\":\"https:\\\/\\\/auraparis.org\\\/fr\\\/prevention-et-suivi-des-maladies-renales\\\/la-maladie-renale-chronique\\\/#breadcrumb\"},\"inLanguage\":\"fr-FR\",\"potentialAction\":[{\"@type\":\"ReadAction\",\"target\":[\"https:\\\/\\\/auraparis.org\\\/fr\\\/prevention-et-suivi-des-maladies-renales\\\/la-maladie-renale-chronique\\\/\"]}]},{\"@type\":\"ImageObject\",\"inLanguage\":\"fr-FR\",\"@id\":\"https:\\\/\\\/auraparis.org\\\/fr\\\/prevention-et-suivi-des-maladies-renales\\\/la-maladie-renale-chronique\\\/#primaryimage\",\"url\":\"https:\\\/\\\/auraparis.org\\\/wp-content\\\/uploads\\\/2022\\\/11\\\/iStock-1204089506\u00a9andresr-1-scaled-e1668520069572.jpg\",\"contentUrl\":\"https:\\\/\\\/auraparis.org\\\/wp-content\\\/uploads\\\/2022\\\/11\\\/iStock-1204089506\u00a9andresr-1-scaled-e1668520069572.jpg\",\"width\":1900,\"height\":665,\"caption\":\"Portrait of a happy female student in medical school with a group of classmates and looking at the camera smiling\"},{\"@type\":\"BreadcrumbList\",\"@id\":\"https:\\\/\\\/auraparis.org\\\/fr\\\/prevention-et-suivi-des-maladies-renales\\\/la-maladie-renale-chronique\\\/#breadcrumb\",\"itemListElement\":[{\"@type\":\"ListItem\",\"position\":1,\"name\":\"Accueil\",\"item\":\"https:\\\/\\\/auraparis.org\\\/fr\\\/\"},{\"@type\":\"ListItem\",\"position\":2,\"name\":\"Pr\u00e9vention et suivi des maladies r\u00e9nales\",\"item\":\"https:\\\/\\\/auraparis.org\\\/fr\\\/prevention-et-suivi-des-maladies-renales\\\/\"},{\"@type\":\"ListItem\",\"position\":3,\"name\":\"La maladie r\u00e9nale chronique\"}]},{\"@type\":\"WebSite\",\"@id\":\"https:\\\/\\\/auraparis.org\\\/#website\",\"url\":\"https:\\\/\\\/auraparis.org\\\/\",\"name\":\"L&#039;AURA Paris\",\"description\":\"\",\"publisher\":{\"@id\":\"https:\\\/\\\/auraparis.org\\\/#organization\"},\"potentialAction\":[{\"@type\":\"SearchAction\",\"target\":{\"@type\":\"EntryPoint\",\"urlTemplate\":\"https:\\\/\\\/auraparis.org\\\/?s={search_term_string}\"},\"query-input\":{\"@type\":\"PropertyValueSpecification\",\"valueRequired\":true,\"valueName\":\"search_term_string\"}}],\"inLanguage\":\"fr-FR\"},{\"@type\":\"Organization\",\"@id\":\"https:\\\/\\\/auraparis.org\\\/#organization\",\"name\":\"L&#039;AURA Paris\",\"url\":\"https:\\\/\\\/auraparis.org\\\/\",\"logo\":{\"@type\":\"ImageObject\",\"inLanguage\":\"fr-FR\",\"@id\":\"https:\\\/\\\/auraparis.org\\\/#\\\/schema\\\/logo\\\/image\\\/\",\"url\":\"https:\\\/\\\/auraparis.org\\\/wp-content\\\/uploads\\\/2026\\\/02\\\/cropped-favicon-dore.jpg\",\"contentUrl\":\"https:\\\/\\\/auraparis.org\\\/wp-content\\\/uploads\\\/2026\\\/02\\\/cropped-favicon-dore.jpg\",\"width\":190,\"height\":190,\"caption\":\"L&#039;AURA Paris\"},\"image\":{\"@id\":\"https:\\\/\\\/auraparis.org\\\/#\\\/schema\\\/logo\\\/image\\\/\"}}]}<\/script>\n<!-- \/ Yoast SEO plugin. -->","yoast_head_json":{"title":"La maladie r\u00e9nale chronique - L&#039;AURA Paris","robots":{"index":"index","follow":"follow","max-snippet":"max-snippet:-1","max-image-preview":"max-image-preview:large","max-video-preview":"max-video-preview:-1"},"canonical":"https:\/\/auraparis.org\/fr\/prevention-et-suivi-des-maladies-renales\/la-maladie-renale-chronique\/","og_locale":"fr_FR","og_type":"article","og_title":"La maladie r\u00e9nale chronique - L&#039;AURA Paris","og_description":"[vc_row el_class=\u00a0\u00bbaura-container\u00a0\u00bb][vc_column el_class=\u00a0\u00bbmission-content\u00a0\u00bb][vc_column_text][\/vc_column_text][vc_row_inner][vc_column_inner width=\u00a0\u00bb1\/2&Prime;][vc_single_image image=\u00a0\u00bb2432&Prime; img_size=\u00a0\u00bbfull\u00a0\u00bb alignment=\u00a0\u00bbright\u00a0\u00bb][\/vc_column_inner][vc_column_inner el_class=\u00a0\u00bbmission-content\u00a0\u00bb width=\u00a0\u00bb1\/2&Prime;][vc_column_text]Qu\u2019est-ce que la Maladie R\u00e9nale Chronique (MRC) ? &nbsp; La maladie r\u00e9nale d\u00e9signe une diminution du fonctionnement des reins, quelle qu\u2019en soit la cause. On dit qu\u2019elle est chronique, lorsque ce dysfonctionnement dure depuis plus de 3 mois. Les reins perdent, de fa\u00e7on durable et irr\u00e9versible, leur &hellip; Continuer la lecture \u00ab\u00a0La maladie r\u00e9nale chronique\u00a0\u00bb","og_url":"https:\/\/auraparis.org\/fr\/prevention-et-suivi-des-maladies-renales\/la-maladie-renale-chronique\/","og_site_name":"L&#039;AURA Paris","article_modified_time":"2025-10-02T12:35:03+00:00","og_image":[{"width":1900,"height":665,"url":"https:\/\/auraparis.org\/wp-content\/uploads\/2022\/11\/iStock-1204089506\u00a9andresr-1-scaled-e1668520069572.jpg","type":"image\/jpeg"}],"twitter_card":"summary_large_image","twitter_misc":{"Dur\u00e9e de lecture estim\u00e9e":"4 minutes"},"schema":{"@context":"https:\/\/schema.org","@graph":[{"@type":"WebPage","@id":"https:\/\/auraparis.org\/fr\/prevention-et-suivi-des-maladies-renales\/la-maladie-renale-chronique\/","url":"https:\/\/auraparis.org\/fr\/prevention-et-suivi-des-maladies-renales\/la-maladie-renale-chronique\/","name":"La maladie r\u00e9nale chronique - L&#039;AURA Paris","isPartOf":{"@id":"https:\/\/auraparis.org\/#website"},"primaryImageOfPage":{"@id":"https:\/\/auraparis.org\/fr\/prevention-et-suivi-des-maladies-renales\/la-maladie-renale-chronique\/#primaryimage"},"image":{"@id":"https:\/\/auraparis.org\/fr\/prevention-et-suivi-des-maladies-renales\/la-maladie-renale-chronique\/#primaryimage"},"thumbnailUrl":"https:\/\/auraparis.org\/wp-content\/uploads\/2022\/11\/iStock-1204089506\u00a9andresr-1-scaled-e1668520069572.jpg","datePublished":"2022-09-17T10:22:02+00:00","dateModified":"2025-10-02T12:35:03+00:00","breadcrumb":{"@id":"https:\/\/auraparis.org\/fr\/prevention-et-suivi-des-maladies-renales\/la-maladie-renale-chronique\/#breadcrumb"},"inLanguage":"fr-FR","potentialAction":[{"@type":"ReadAction","target":["https:\/\/auraparis.org\/fr\/prevention-et-suivi-des-maladies-renales\/la-maladie-renale-chronique\/"]}]},{"@type":"ImageObject","inLanguage":"fr-FR","@id":"https:\/\/auraparis.org\/fr\/prevention-et-suivi-des-maladies-renales\/la-maladie-renale-chronique\/#primaryimage","url":"https:\/\/auraparis.org\/wp-content\/uploads\/2022\/11\/iStock-1204089506\u00a9andresr-1-scaled-e1668520069572.jpg","contentUrl":"https:\/\/auraparis.org\/wp-content\/uploads\/2022\/11\/iStock-1204089506\u00a9andresr-1-scaled-e1668520069572.jpg","width":1900,"height":665,"caption":"Portrait of a happy female student in medical school with a group of classmates and looking at the camera smiling"},{"@type":"BreadcrumbList","@id":"https:\/\/auraparis.org\/fr\/prevention-et-suivi-des-maladies-renales\/la-maladie-renale-chronique\/#breadcrumb","itemListElement":[{"@type":"ListItem","position":1,"name":"Accueil","item":"https:\/\/auraparis.org\/fr\/"},{"@type":"ListItem","position":2,"name":"Pr\u00e9vention et suivi des maladies r\u00e9nales","item":"https:\/\/auraparis.org\/fr\/prevention-et-suivi-des-maladies-renales\/"},{"@type":"ListItem","position":3,"name":"La maladie r\u00e9nale chronique"}]},{"@type":"WebSite","@id":"https:\/\/auraparis.org\/#website","url":"https:\/\/auraparis.org\/","name":"L&#039;AURA Paris","description":"","publisher":{"@id":"https:\/\/auraparis.org\/#organization"},"potentialAction":[{"@type":"SearchAction","target":{"@type":"EntryPoint","urlTemplate":"https:\/\/auraparis.org\/?s={search_term_string}"},"query-input":{"@type":"PropertyValueSpecification","valueRequired":true,"valueName":"search_term_string"}}],"inLanguage":"fr-FR"},{"@type":"Organization","@id":"https:\/\/auraparis.org\/#organization","name":"L&#039;AURA Paris","url":"https:\/\/auraparis.org\/","logo":{"@type":"ImageObject","inLanguage":"fr-FR","@id":"https:\/\/auraparis.org\/#\/schema\/logo\/image\/","url":"https:\/\/auraparis.org\/wp-content\/uploads\/2026\/02\/cropped-favicon-dore.jpg","contentUrl":"https:\/\/auraparis.org\/wp-content\/uploads\/2026\/02\/cropped-favicon-dore.jpg","width":190,"height":190,"caption":"L&#039;AURA Paris"},"image":{"@id":"https:\/\/auraparis.org\/#\/schema\/logo\/image\/"}}]}},"_links":{"self":[{"href":"https:\/\/auraparis.org\/fr\/wp-json\/wp\/v2\/pages\/1735","targetHints":{"allow":["GET"]}}],"collection":[{"href":"https:\/\/auraparis.org\/fr\/wp-json\/wp\/v2\/pages"}],"about":[{"href":"https:\/\/auraparis.org\/fr\/wp-json\/wp\/v2\/types\/page"}],"author":[{"embeddable":true,"href":"https:\/\/auraparis.org\/fr\/wp-json\/wp\/v2\/users\/5"}],"replies":[{"embeddable":true,"href":"https:\/\/auraparis.org\/fr\/wp-json\/wp\/v2\/comments?post=1735"}],"version-history":[{"count":57,"href":"https:\/\/auraparis.org\/fr\/wp-json\/wp\/v2\/pages\/1735\/revisions"}],"predecessor-version":[{"id":3757,"href":"https:\/\/auraparis.org\/fr\/wp-json\/wp\/v2\/pages\/1735\/revisions\/3757"}],"up":[{"embeddable":true,"href":"https:\/\/auraparis.org\/fr\/wp-json\/wp\/v2\/pages\/79"}],"wp:featuredmedia":[{"embeddable":true,"href":"https:\/\/auraparis.org\/fr\/wp-json\/wp\/v2\/media\/2146"}],"wp:attachment":[{"href":"https:\/\/auraparis.org\/fr\/wp-json\/wp\/v2\/media?parent=1735"}],"curies":[{"name":"wp","href":"https:\/\/api.w.org\/{rel}","templated":true}]}}