{"id":1739,"date":"2022-09-17T13:22:44","date_gmt":"2022-09-17T10:22:44","guid":{"rendered":"http:\/\/auraparis2021.pastelle.fr\/?page_id=1739"},"modified":"2025-05-15T10:19:33","modified_gmt":"2025-05-15T09:19:33","slug":"les-techniques-de-suppleance","status":"publish","type":"page","link":"https:\/\/auraparis.org\/fr\/prevention-et-suivi-des-maladies-renales\/les-techniques-de-suppleance\/","title":{"rendered":"Les techniques de suppl\u00e9ance"},"content":{"rendered":"<p>[vc_row el_class=\u00a0\u00bbaura-container\u00a0\u00bb][vc_column][vc_column_text][\/vc_column_text][vc_row_inner equal_height=\u00a0\u00bbyes\u00a0\u00bb content_placement=\u00a0\u00bbtop\u00a0\u00bb][vc_column_inner width=\u00a0\u00bb1\/2&Prime; css=\u00a0\u00bb.vc_custom_1637156607190{margin-top: 0px !important;margin-bottom: 0px !important;border-bottom-width: 0px !important;padding-top: 0px !important;}\u00a0\u00bb][vc_column_text]<\/p>\n<p style=\"text-align: center;\">Quand <a href=\"https:\/\/auraparis2021.pastelle.fr\/prevention-et-suivi-des-maladies-renales\/la-maladie-renale-chronique\/\">la maladie r\u00e9nale chronique<\/a> a l\u00e9s\u00e9 d\u00e9finitivement les reins, ils ne sont plus capables d\u2019\u00e9liminer correctement les d\u00e9chets (ou toxines) qui s\u2019accumulent et emp\u00eachent le bon fonctionnement de l\u2019organisme.<\/p>\n<p style=\"text-align: center;\">Au stade d\u2019insuffisance r\u00e9nale terminale, l\u2019accumulation des toxines et du potassium met en jeu le pronostic vital ; il faut les \u00e9purer.<\/p>\n<p style=\"text-align: center;\">L\u2019\u00e9limination quotidienne des urines est en g\u00e9n\u00e9ral inadapt\u00e9e et provoque une accumulation en eau et en sel qui engendre de l\u2019hypertension art\u00e9rielle et, tardivement, de l\u2019insuffisance cardiaque et des \u0153d\u00e8mes. \u00c0 ce stade, un traitement de suppl\u00e9ance est n\u00e9cessaire : <span style=\"color: #be952a;\"><strong>la transplantation r\u00e9nale quand elle est possible ou la dialyse.<\/strong><\/span><\/p>\n<p>[\/vc_column_text][\/vc_column_inner][vc_column_inner width=\u00a0\u00bb1\/2&Prime;][vc_column_text]<\/p>\n<div style=\"width: 640px;\" class=\"wp-video\"><video class=\"wp-video-shortcode\" id=\"video-1739-1\" width=\"640\" height=\"360\" preload=\"metadata\" controls=\"controls\"><source type=\"video\/mp4\" src=\"\/wp-content\/uploads\/2022\/09\/3.4-TECHNIQUES-DE-SUPPLEANCE@SNFDT2021.mp4?_=1\" \/><a href=\"\/wp-content\/uploads\/2022\/09\/3.4-TECHNIQUES-DE-SUPPLEANCE@SNFDT2021.mp4\">\/wp-content\/uploads\/2022\/09\/3.4-TECHNIQUES-DE-SUPPLEANCE@SNFDT2021.mp4<\/a><\/video><\/div>\n<p>[\/vc_column_text][\/vc_column_inner][\/vc_row_inner][\/vc_column][\/vc_row][vc_row el_class=\u00a0\u00bbaura-container\u00a0\u00bb css=\u00a0\u00bb.vc_custom_1669135112424{padding-top: 30px !important;padding-bottom: 60px !important;}\u00a0\u00bb el_id=\u00a0\u00bbnos-atouts\u00a0\u00bb][vc_column][vc_row_inner css=\u00a0\u00bb.vc_custom_1637062186706{padding-bottom: 30px !important;}\u00a0\u00bb][vc_column_inner width=\u00a0\u00bb1\/4&Prime;][\/vc_column_inner][vc_column_inner width=\u00a0\u00bb1\/4&Prime;][vc_single_image image=\u00a0\u00bb1834&Prime; img_size=\u00a0\u00bbfull\u00a0\u00bb alignment=\u00a0\u00bbcenter\u00a0\u00bb onclick=\u00a0\u00bbcustom_link\u00a0\u00bb link=\u00a0\u00bbhttps:\/\/auraparis.org\/prevention-et-suivi-des-maladies-renales\/les-techniques-de-suppleance\/la-dialyse\/\u00a0\u00bb el_class=\u00a0\u00bbstrength-item-image\u00a0\u00bb][vc_custom_heading text=\u00a0\u00bbLa dialyse\u00a0\u00bb font_container=\u00a0\u00bbtag:div|text_align:center\u00a0\u00bb use_theme_fonts=\u00a0\u00bbyes\u00a0\u00bb el_class=\u00a0\u00bbstrength-item-title\u00a0\u00bb link=\u00a0\u00bburl:https%3A%2F%2Fauraparis.org%2Fprevention-et-suivi-des-maladies-renales%2Fles-techniques-de-suppleance%2Fla-dialyse%2F|title:La%20dialyse||\u00a0\u00bb][\/vc_column_inner][vc_column_inner width=\u00a0\u00bb1\/4&Prime;][vc_single_image image=\u00a0\u00bb1836&Prime; img_size=\u00a0\u00bbfull\u00a0\u00bb alignment=\u00a0\u00bbcenter\u00a0\u00bb onclick=\u00a0\u00bbcustom_link\u00a0\u00bb el_class=\u00a0\u00bbstrength-item-image\u00a0\u00bb link=\u00a0\u00bbhttps:\/\/auraparis.org\/prevention-et-suivi-des-maladies-renales\/les-techniques-de-suppleance\/la-transplantation\/\u00a0\u00bb][vc_custom_heading text=\u00a0\u00bbLa transplantation\u00a0\u00bb font_container=\u00a0\u00bbtag:div|text_align:center\u00a0\u00bb use_theme_fonts=\u00a0\u00bbyes\u00a0\u00bb el_class=\u00a0\u00bbstrength-item-title\u00a0\u00bb link=\u00a0\u00bburl:https%3A%2F%2Fauraparis.org%2Fprevention-et-suivi-des-maladies-renales%2Fles-techniques-de-suppleance%2Fla-transplantation%2F|title:La%20transplantation||\u00a0\u00bb][\/vc_column_inner][vc_column_inner width=\u00a0\u00bb1\/4&Prime;][\/vc_column_inner][\/vc_row_inner][\/vc_column][\/vc_row]<\/p>\n","protected":false},"excerpt":{"rendered":"<p>[vc_row el_class=\u00a0\u00bbaura-container\u00a0\u00bb][vc_column][vc_column_text][\/vc_column_text][vc_row_inner equal_height=\u00a0\u00bbyes\u00a0\u00bb content_placement=\u00a0\u00bbtop\u00a0\u00bb][vc_column_inner width=\u00a0\u00bb1\/2&Prime; css=\u00a0\u00bb.vc_custom_1637156607190{margin-top: 0px !important;margin-bottom: 0px !important;border-bottom-width: 0px !important;padding-top: 0px !important;}\u00a0\u00bb][vc_column_text] Quand la maladie r\u00e9nale chronique a l\u00e9s\u00e9 d\u00e9finitivement les reins, ils ne sont plus capables d\u2019\u00e9liminer correctement les d\u00e9chets (ou toxines) qui s\u2019accumulent et emp\u00eachent le bon fonctionnement de l\u2019organisme. Au stade d\u2019insuffisance r\u00e9nale terminale, l\u2019accumulation des toxines et du potassium &hellip; <\/p>\n<p class=\"link-more\"><a href=\"https:\/\/auraparis.org\/fr\/prevention-et-suivi-des-maladies-renales\/les-techniques-de-suppleance\/\" class=\"more-link\">Continuer la lecture <span class=\"screen-reader-text\"> \u00ab\u00a0Les techniques de suppl\u00e9ance\u00a0\u00bb<\/span><\/a><\/p>\n","protected":false},"author":5,"featured_media":2147,"parent":79,"menu_order":6,"comment_status":"closed","ping_status":"closed","template":"templates\/template-kidney-monitoring.php","meta":{"_acf_changed":false,"footnotes":""},"class_list":["post-1739","page","type-page","status-publish","has-post-thumbnail","hentry","entry"],"acf":[],"yoast_head":"<!-- This site is optimized with the Yoast SEO plugin v27.4 - https:\/\/yoast.com\/product\/yoast-seo-wordpress\/ -->\n<title>Les techniques de suppl\u00e9ance - L&#039;AURA Paris<\/title>\n<meta name=\"robots\" content=\"index, follow, max-snippet:-1, max-image-preview:large, max-video-preview:-1\" \/>\n<link rel=\"canonical\" href=\"https:\/\/auraparis.org\/fr\/prevention-et-suivi-des-maladies-renales\/les-techniques-de-suppleance\/\" \/>\n<meta property=\"og:locale\" content=\"fr_FR\" \/>\n<meta property=\"og:type\" content=\"article\" \/>\n<meta property=\"og:title\" content=\"Les techniques de suppl\u00e9ance - L&#039;AURA Paris\" \/>\n<meta property=\"og:description\" content=\"[vc_row el_class=\u00a0\u00bbaura-container\u00a0\u00bb][vc_column][vc_column_text][\/vc_column_text][vc_row_inner equal_height=\u00a0\u00bbyes\u00a0\u00bb content_placement=\u00a0\u00bbtop\u00a0\u00bb][vc_column_inner width=\u00a0\u00bb1\/2&Prime; css=\u00a0\u00bb.vc_custom_1637156607190{margin-top: 0px !important;margin-bottom: 0px !important;border-bottom-width: 0px !important;padding-top: 0px !important;}\u00a0\u00bb][vc_column_text] Quand la maladie r\u00e9nale chronique a l\u00e9s\u00e9 d\u00e9finitivement les reins, ils ne sont plus capables d\u2019\u00e9liminer correctement les d\u00e9chets (ou toxines) qui s\u2019accumulent et emp\u00eachent le bon fonctionnement de l\u2019organisme. Au stade d\u2019insuffisance r\u00e9nale terminale, l\u2019accumulation des toxines et du potassium &hellip; Continuer la lecture \u00ab\u00a0Les techniques de suppl\u00e9ance\u00a0\u00bb\" \/>\n<meta property=\"og:url\" content=\"https:\/\/auraparis.org\/fr\/prevention-et-suivi-des-maladies-renales\/les-techniques-de-suppleance\/\" \/>\n<meta property=\"og:site_name\" content=\"L&#039;AURA Paris\" \/>\n<meta property=\"article:modified_time\" content=\"2025-05-15T09:19:33+00:00\" \/>\n<meta property=\"og:image\" content=\"https:\/\/auraparis.org\/wp-content\/uploads\/2022\/11\/iStock-1277148425\u00a9Drazen-Zigic-scaled-e1668520013191.jpg\" \/>\n\t<meta property=\"og:image:width\" content=\"1800\" \/>\n\t<meta property=\"og:image:height\" content=\"648\" \/>\n\t<meta property=\"og:image:type\" content=\"image\/jpeg\" \/>\n<meta name=\"twitter:card\" content=\"summary_large_image\" \/>\n<meta name=\"twitter:label1\" content=\"Dur\u00e9e de lecture estim\u00e9e\" \/>\n\t<meta name=\"twitter:data1\" content=\"2 minutes\" \/>\n<script type=\"application\/ld+json\" class=\"yoast-schema-graph\">{\"@context\":\"https:\\\/\\\/schema.org\",\"@graph\":[{\"@type\":\"WebPage\",\"@id\":\"https:\\\/\\\/auraparis.org\\\/fr\\\/prevention-et-suivi-des-maladies-renales\\\/les-techniques-de-suppleance\\\/\",\"url\":\"https:\\\/\\\/auraparis.org\\\/fr\\\/prevention-et-suivi-des-maladies-renales\\\/les-techniques-de-suppleance\\\/\",\"name\":\"Les techniques de suppl\u00e9ance - L&#039;AURA Paris\",\"isPartOf\":{\"@id\":\"https:\\\/\\\/auraparis.org\\\/#website\"},\"primaryImageOfPage\":{\"@id\":\"https:\\\/\\\/auraparis.org\\\/fr\\\/prevention-et-suivi-des-maladies-renales\\\/les-techniques-de-suppleance\\\/#primaryimage\"},\"image\":{\"@id\":\"https:\\\/\\\/auraparis.org\\\/fr\\\/prevention-et-suivi-des-maladies-renales\\\/les-techniques-de-suppleance\\\/#primaryimage\"},\"thumbnailUrl\":\"https:\\\/\\\/auraparis.org\\\/wp-content\\\/uploads\\\/2022\\\/11\\\/iStock-1277148425\u00a9Drazen-Zigic-scaled-e1668520013191.jpg\",\"datePublished\":\"2022-09-17T10:22:44+00:00\",\"dateModified\":\"2025-05-15T09:19:33+00:00\",\"breadcrumb\":{\"@id\":\"https:\\\/\\\/auraparis.org\\\/fr\\\/prevention-et-suivi-des-maladies-renales\\\/les-techniques-de-suppleance\\\/#breadcrumb\"},\"inLanguage\":\"fr-FR\",\"potentialAction\":[{\"@type\":\"ReadAction\",\"target\":[\"https:\\\/\\\/auraparis.org\\\/fr\\\/prevention-et-suivi-des-maladies-renales\\\/les-techniques-de-suppleance\\\/\"]}]},{\"@type\":\"ImageObject\",\"inLanguage\":\"fr-FR\",\"@id\":\"https:\\\/\\\/auraparis.org\\\/fr\\\/prevention-et-suivi-des-maladies-renales\\\/les-techniques-de-suppleance\\\/#primaryimage\",\"url\":\"https:\\\/\\\/auraparis.org\\\/wp-content\\\/uploads\\\/2022\\\/11\\\/iStock-1277148425\u00a9Drazen-Zigic-scaled-e1668520013191.jpg\",\"contentUrl\":\"https:\\\/\\\/auraparis.org\\\/wp-content\\\/uploads\\\/2022\\\/11\\\/iStock-1277148425\u00a9Drazen-Zigic-scaled-e1668520013191.jpg\",\"width\":1800,\"height\":648,\"caption\":\"Young doctor talking to group of his colleagues and business people during presentation in convention center.\"},{\"@type\":\"BreadcrumbList\",\"@id\":\"https:\\\/\\\/auraparis.org\\\/fr\\\/prevention-et-suivi-des-maladies-renales\\\/les-techniques-de-suppleance\\\/#breadcrumb\",\"itemListElement\":[{\"@type\":\"ListItem\",\"position\":1,\"name\":\"Accueil\",\"item\":\"https:\\\/\\\/auraparis.org\\\/fr\\\/\"},{\"@type\":\"ListItem\",\"position\":2,\"name\":\"Pr\u00e9vention et suivi des maladies r\u00e9nales\",\"item\":\"https:\\\/\\\/auraparis.org\\\/fr\\\/prevention-et-suivi-des-maladies-renales\\\/\"},{\"@type\":\"ListItem\",\"position\":3,\"name\":\"Les techniques de suppl\u00e9ance\"}]},{\"@type\":\"WebSite\",\"@id\":\"https:\\\/\\\/auraparis.org\\\/#website\",\"url\":\"https:\\\/\\\/auraparis.org\\\/\",\"name\":\"L&#039;AURA Paris\",\"description\":\"\",\"publisher\":{\"@id\":\"https:\\\/\\\/auraparis.org\\\/#organization\"},\"potentialAction\":[{\"@type\":\"SearchAction\",\"target\":{\"@type\":\"EntryPoint\",\"urlTemplate\":\"https:\\\/\\\/auraparis.org\\\/?s={search_term_string}\"},\"query-input\":{\"@type\":\"PropertyValueSpecification\",\"valueRequired\":true,\"valueName\":\"search_term_string\"}}],\"inLanguage\":\"fr-FR\"},{\"@type\":\"Organization\",\"@id\":\"https:\\\/\\\/auraparis.org\\\/#organization\",\"name\":\"L&#039;AURA Paris\",\"url\":\"https:\\\/\\\/auraparis.org\\\/\",\"logo\":{\"@type\":\"ImageObject\",\"inLanguage\":\"fr-FR\",\"@id\":\"https:\\\/\\\/auraparis.org\\\/#\\\/schema\\\/logo\\\/image\\\/\",\"url\":\"https:\\\/\\\/auraparis.org\\\/wp-content\\\/uploads\\\/2026\\\/02\\\/cropped-favicon-dore.jpg\",\"contentUrl\":\"https:\\\/\\\/auraparis.org\\\/wp-content\\\/uploads\\\/2026\\\/02\\\/cropped-favicon-dore.jpg\",\"width\":190,\"height\":190,\"caption\":\"L&#039;AURA Paris\"},\"image\":{\"@id\":\"https:\\\/\\\/auraparis.org\\\/#\\\/schema\\\/logo\\\/image\\\/\"}}]}<\/script>\n<!-- \/ Yoast SEO plugin. -->","yoast_head_json":{"title":"Les techniques de suppl\u00e9ance - L&#039;AURA Paris","robots":{"index":"index","follow":"follow","max-snippet":"max-snippet:-1","max-image-preview":"max-image-preview:large","max-video-preview":"max-video-preview:-1"},"canonical":"https:\/\/auraparis.org\/fr\/prevention-et-suivi-des-maladies-renales\/les-techniques-de-suppleance\/","og_locale":"fr_FR","og_type":"article","og_title":"Les techniques de suppl\u00e9ance - L&#039;AURA Paris","og_description":"[vc_row el_class=\u00a0\u00bbaura-container\u00a0\u00bb][vc_column][vc_column_text][\/vc_column_text][vc_row_inner equal_height=\u00a0\u00bbyes\u00a0\u00bb content_placement=\u00a0\u00bbtop\u00a0\u00bb][vc_column_inner width=\u00a0\u00bb1\/2&Prime; css=\u00a0\u00bb.vc_custom_1637156607190{margin-top: 0px !important;margin-bottom: 0px !important;border-bottom-width: 0px !important;padding-top: 0px !important;}\u00a0\u00bb][vc_column_text] Quand la maladie r\u00e9nale chronique a l\u00e9s\u00e9 d\u00e9finitivement les reins, ils ne sont plus capables d\u2019\u00e9liminer correctement les d\u00e9chets (ou toxines) qui s\u2019accumulent et emp\u00eachent le bon fonctionnement de l\u2019organisme. Au stade d\u2019insuffisance r\u00e9nale terminale, l\u2019accumulation des toxines et du potassium &hellip; Continuer la lecture \u00ab\u00a0Les techniques de suppl\u00e9ance\u00a0\u00bb","og_url":"https:\/\/auraparis.org\/fr\/prevention-et-suivi-des-maladies-renales\/les-techniques-de-suppleance\/","og_site_name":"L&#039;AURA Paris","article_modified_time":"2025-05-15T09:19:33+00:00","og_image":[{"width":1800,"height":648,"url":"https:\/\/auraparis.org\/wp-content\/uploads\/2022\/11\/iStock-1277148425\u00a9Drazen-Zigic-scaled-e1668520013191.jpg","type":"image\/jpeg"}],"twitter_card":"summary_large_image","twitter_misc":{"Dur\u00e9e de lecture estim\u00e9e":"2 minutes"},"schema":{"@context":"https:\/\/schema.org","@graph":[{"@type":"WebPage","@id":"https:\/\/auraparis.org\/fr\/prevention-et-suivi-des-maladies-renales\/les-techniques-de-suppleance\/","url":"https:\/\/auraparis.org\/fr\/prevention-et-suivi-des-maladies-renales\/les-techniques-de-suppleance\/","name":"Les techniques de suppl\u00e9ance - L&#039;AURA Paris","isPartOf":{"@id":"https:\/\/auraparis.org\/#website"},"primaryImageOfPage":{"@id":"https:\/\/auraparis.org\/fr\/prevention-et-suivi-des-maladies-renales\/les-techniques-de-suppleance\/#primaryimage"},"image":{"@id":"https:\/\/auraparis.org\/fr\/prevention-et-suivi-des-maladies-renales\/les-techniques-de-suppleance\/#primaryimage"},"thumbnailUrl":"https:\/\/auraparis.org\/wp-content\/uploads\/2022\/11\/iStock-1277148425\u00a9Drazen-Zigic-scaled-e1668520013191.jpg","datePublished":"2022-09-17T10:22:44+00:00","dateModified":"2025-05-15T09:19:33+00:00","breadcrumb":{"@id":"https:\/\/auraparis.org\/fr\/prevention-et-suivi-des-maladies-renales\/les-techniques-de-suppleance\/#breadcrumb"},"inLanguage":"fr-FR","potentialAction":[{"@type":"ReadAction","target":["https:\/\/auraparis.org\/fr\/prevention-et-suivi-des-maladies-renales\/les-techniques-de-suppleance\/"]}]},{"@type":"ImageObject","inLanguage":"fr-FR","@id":"https:\/\/auraparis.org\/fr\/prevention-et-suivi-des-maladies-renales\/les-techniques-de-suppleance\/#primaryimage","url":"https:\/\/auraparis.org\/wp-content\/uploads\/2022\/11\/iStock-1277148425\u00a9Drazen-Zigic-scaled-e1668520013191.jpg","contentUrl":"https:\/\/auraparis.org\/wp-content\/uploads\/2022\/11\/iStock-1277148425\u00a9Drazen-Zigic-scaled-e1668520013191.jpg","width":1800,"height":648,"caption":"Young doctor talking to group of his colleagues and business people during presentation in convention center."},{"@type":"BreadcrumbList","@id":"https:\/\/auraparis.org\/fr\/prevention-et-suivi-des-maladies-renales\/les-techniques-de-suppleance\/#breadcrumb","itemListElement":[{"@type":"ListItem","position":1,"name":"Accueil","item":"https:\/\/auraparis.org\/fr\/"},{"@type":"ListItem","position":2,"name":"Pr\u00e9vention et suivi des maladies r\u00e9nales","item":"https:\/\/auraparis.org\/fr\/prevention-et-suivi-des-maladies-renales\/"},{"@type":"ListItem","position":3,"name":"Les techniques de suppl\u00e9ance"}]},{"@type":"WebSite","@id":"https:\/\/auraparis.org\/#website","url":"https:\/\/auraparis.org\/","name":"L&#039;AURA Paris","description":"","publisher":{"@id":"https:\/\/auraparis.org\/#organization"},"potentialAction":[{"@type":"SearchAction","target":{"@type":"EntryPoint","urlTemplate":"https:\/\/auraparis.org\/?s={search_term_string}"},"query-input":{"@type":"PropertyValueSpecification","valueRequired":true,"valueName":"search_term_string"}}],"inLanguage":"fr-FR"},{"@type":"Organization","@id":"https:\/\/auraparis.org\/#organization","name":"L&#039;AURA Paris","url":"https:\/\/auraparis.org\/","logo":{"@type":"ImageObject","inLanguage":"fr-FR","@id":"https:\/\/auraparis.org\/#\/schema\/logo\/image\/","url":"https:\/\/auraparis.org\/wp-content\/uploads\/2026\/02\/cropped-favicon-dore.jpg","contentUrl":"https:\/\/auraparis.org\/wp-content\/uploads\/2026\/02\/cropped-favicon-dore.jpg","width":190,"height":190,"caption":"L&#039;AURA Paris"},"image":{"@id":"https:\/\/auraparis.org\/#\/schema\/logo\/image\/"}}]}},"_links":{"self":[{"href":"https:\/\/auraparis.org\/fr\/wp-json\/wp\/v2\/pages\/1739","targetHints":{"allow":["GET"]}}],"collection":[{"href":"https:\/\/auraparis.org\/fr\/wp-json\/wp\/v2\/pages"}],"about":[{"href":"https:\/\/auraparis.org\/fr\/wp-json\/wp\/v2\/types\/page"}],"author":[{"embeddable":true,"href":"https:\/\/auraparis.org\/fr\/wp-json\/wp\/v2\/users\/5"}],"replies":[{"embeddable":true,"href":"https:\/\/auraparis.org\/fr\/wp-json\/wp\/v2\/comments?post=1739"}],"version-history":[{"count":30,"href":"https:\/\/auraparis.org\/fr\/wp-json\/wp\/v2\/pages\/1739\/revisions"}],"predecessor-version":[{"id":3586,"href":"https:\/\/auraparis.org\/fr\/wp-json\/wp\/v2\/pages\/1739\/revisions\/3586"}],"up":[{"embeddable":true,"href":"https:\/\/auraparis.org\/fr\/wp-json\/wp\/v2\/pages\/79"}],"wp:featuredmedia":[{"embeddable":true,"href":"https:\/\/auraparis.org\/fr\/wp-json\/wp\/v2\/media\/2147"}],"wp:attachment":[{"href":"https:\/\/auraparis.org\/fr\/wp-json\/wp\/v2\/media?parent=1739"}],"curies":[{"name":"wp","href":"https:\/\/api.w.org\/{rel}","templated":true}]}}