{"id":1755,"date":"2022-09-17T13:54:54","date_gmt":"2022-09-17T10:54:54","guid":{"rendered":"http:\/\/auraparis2021.pastelle.fr\/?page_id=1755"},"modified":"2022-11-24T16:15:08","modified_gmt":"2022-11-24T13:15:08","slug":"la-dialyse","status":"publish","type":"page","link":"https:\/\/auraparis.org\/fr\/prevention-et-suivi-des-maladies-renales\/les-techniques-de-suppleance\/la-dialyse\/","title":{"rendered":"La dialyse"},"content":{"rendered":"<p>[vc_row el_class=\u00a0\u00bbaura-container\u00a0\u00bb][vc_column el_class=\u00a0\u00bbmission-content\u00a0\u00bb][vc_row_inner][vc_column_inner el_class=\u00a0\u00bbmission-content\u00a0\u00bb][vc_custom_heading text=\u00a0\u00bbQu\u2019est-ce que la dialyse ?\u00a0\u00bb font_container=\u00a0\u00bbtag:h3|text_align:left\u00a0\u00bb use_theme_fonts=\u00a0\u00bbyes\u00a0\u00bb][vc_column_text]La dialyse est un traitement de suppl\u00e9ance qui ne remplace pas totalement la fonction r\u00e9nale. Elle d\u00e9barrasse le sang des toxines, de l\u2019eau et du sel accumul\u00e9s en exc\u00e8s. Elle permet de retrouver l\u2019app\u00e9tit et une meilleure forme physique. Elle am\u00e9liore la qualit\u00e9 de vie et l\u2019\u00e9tat nutritionnel et de ce fait, la r\u00e9insertion socioprofessionnelle.<br \/>\nElle ne gu\u00e9rit pas et doit \u00eatre r\u00e9alis\u00e9e it\u00e9rativement en attendant une greffe r\u00e9nale si celle-ci est possible. Certaines personnes sont prises en charge en dialyse une grande partie de leur vie.[\/vc_column_text][\/vc_column_inner][\/vc_row_inner][vc_row_inner][vc_column_inner][vc_custom_heading text=\u00a0\u00bbQuand d\u00e9buter la dialyse ?\u00a0\u00bb font_container=\u00a0\u00bbtag:h3|text_align:left\u00a0\u00bb use_theme_fonts=\u00a0\u00bbyes\u00a0\u00bb][vc_column_text]Elle peut devenir n\u00e9cessaire au stade terminal de l\u2019insuffisance r\u00e9nale, lorsque le d\u00e9bit de filtration glom\u00e9rulaire (DFG) est inf\u00e9rieur \u00e0 15 mL\/min\/1,73 m<sup>2<\/sup> .<br \/>\nC\u2019est l\u2019alt\u00e9ration de la qualit\u00e9 de vie et les multiples sympt\u00f4mes comme la fatigue, la perte de l\u2019app\u00e9tit, les troubles digestifs (naus\u00e9es), les crampes, les d\u00e9mangeaisons, les \u0153d\u00e8mes importants, l\u2019hypertension art\u00e9rielle s\u00e9v\u00e8re\u2026 qui vont guider le d\u00e9marrage de la dialyse.[\/vc_column_text][\/vc_column_inner][\/vc_row_inner][vc_row_inner][vc_column_inner][vc_custom_heading text=\u00a0\u00bbComment fonctionne la dialyse ?\u00a0\u00bb font_container=\u00a0\u00bbtag:h3|text_align:left\u00a0\u00bb use_theme_fonts=\u00a0\u00bbyes\u00a0\u00bb][vc_column_text]Son principe consiste \u00e0 filtrer le sang \u00e0 travers une membrane.<br \/>\n\u00c0 l\u2019arr\u00eat de la s\u00e9ance de dialyse, l\u2019accumulation des toxines et la surcharge en eau et en sel recommencent. C\u2019est pour cette raison que la dialyse doit \u00eatre r\u00e9p\u00e9t\u00e9e tr\u00e8s r\u00e9guli\u00e8rement selon un rythme propre \u00e0 chaque technique.[\/vc_column_text][\/vc_column_inner][\/vc_row_inner][vc_row_inner][vc_column_inner][vc_custom_heading text=\u00a0\u00bbQuelles sont les techniques de dialyse ?\u00a0\u00bb font_container=\u00a0\u00bbtag:h3|text_align:left\u00a0\u00bb use_theme_fonts=\u00a0\u00bbyes\u00a0\u00bb][vc_column_text]Elles d\u00e9pendent du lieu de r\u00e9alisation de la dialyse.<\/p>\n<p><a href=\"https:\/\/auraparis2021.pastelle.fr\/prevention-et-suivi-des-maladies-renales\/les-techniques-de-suppleance\/la-dialyse-a-domicile\/\" target=\"_blank\" rel=\"noopener\"><span style=\"color: #ff6600;\"><strong>\u00c0 domicile<\/strong><\/span><\/a>, deux techniques de dialyse sont r\u00e9alisables : l\u2019h\u00e9modialyse et la dialyse p\u00e9riton\u00e9ale.<\/p>\n<p><a href=\"https:\/\/auraparis2021.pastelle.fr\/prevention-et-suivi-des-maladies-renales\/les-techniques-de-suppleance\/la-dialyse-en-centre\/\" target=\"_blank\" rel=\"noopener\"><span style=\"color: #ff6600;\"><strong>En centre<\/strong><\/span><\/a>, seule l\u2019h\u00e9modialyse est faisable.<\/p>\n<p>&nbsp;<\/p>\n<p><a href=\"https:\/\/auraparis2021.pastelle.fr\/prevention-et-suivi-des-maladies-renales\/les-techniques-de-suppleance\/la-dialyse-a-domicile\/#1621336366154-4ee97794-989c\" target=\"_blank\" rel=\"noopener\"><span style=\"color: #ff6600;\"><strong>L\u2019h\u00e9modialyse<\/strong><\/span><\/a><br \/>\nIl s\u2019agit d\u2019une technique extra-corporelle. Le sang est filtr\u00e9 \u00e0 travers une membrane artificielle gr\u00e2ce \u00e0 une machine appel\u00e9e g\u00e9n\u00e9rateur de dialyse. Cette technique n\u00e9cessite la r\u00e9alisation pr\u00e9alable et suffisamment \u00e0 l\u2019avance d\u2019un abord vasculaire (ou fistule) qui permet un acc\u00e8s facile et r\u00e9p\u00e9t\u00e9 au sang. La fistule est cr\u00e9\u00e9e par un chirurgien au niveau de l\u2019avant-bras ou du bras, \u00e0 partir d\u2019une veine et d\u2019une art\u00e8re, pour obtenir un d\u00e9bit sanguin suffisant pour la dialyse. Lorsqu\u2019il n\u2019y a pas de fistule utilisable, il est possible de recourir \u00e0 un cath\u00e9ter d\u2019h\u00e9modialyse.<br \/>\nL\u2019h\u00e9modialyse peut donc se d\u00e9rouler en centre ou \u00e0 domicile.<\/p>\n<p>&nbsp;<\/p>\n<p><a href=\"https:\/\/auraparis2021.pastelle.fr\/prevention-et-suivi-des-maladies-renales\/les-techniques-de-suppleance\/la-dialyse-a-domicile\/#1620662054732-9198f44a-8532\" target=\"_blank\" rel=\"noopener\"><span style=\"color: #ff6600;\"><strong>La dialyse p\u00e9riton\u00e9ale<\/strong>\u00a0<\/span><\/a><br \/>\nElle se d\u00e9roule \u00e0 domicile. Elle utilise les capacit\u00e9s de filtration du p\u00e9ritoine (membrane qui tapisse<br \/>\nl\u2019int\u00e9rieur de la cavit\u00e9 abdominale et le tube digestif). Cette technique n\u00e9cessite la pose d\u2019un cath\u00e9ter permanent dans l\u2019abdomen pour un acc\u00e8s \u00e0 la cavit\u00e9 p\u00e9riton\u00e9ale.[\/vc_column_text][\/vc_column_inner][\/vc_row_inner][vc_row_inner][vc_column_inner][vc_custom_heading text=\u00a0\u00bbQui choisit la technique ?\u00a0\u00bb font_container=\u00a0\u00bbtag:h3|text_align:left\u00a0\u00bb use_theme_fonts=\u00a0\u00bbyes\u00a0\u00bb][vc_column_text]Le patient doit pouvoir choisir librement la technique de suppl\u00e9ance adapt\u00e9e \u00e0 son \u00e9tat de sant\u00e9,<br \/>\ngr\u00e2ce \u00e0 une information claire et compl\u00e8te donn\u00e9e par l\u2019\u00e9quipe de n\u00e9phrologie. Chaque technique a<br \/>\nses avantages, ses inconv\u00e9nients et ses contre-indications. Le patient peut se faire assister par une<br \/>\npersonne de confiance qu\u2019il choisit pour prendre sa d\u00e9cision.<\/p>\n<p>Il est possible dans certaines conditions de passer d\u2019une technique \u00e0 une autre.[\/vc_column_text][\/vc_column_inner][\/vc_row_inner][\/vc_column][\/vc_row][vc_row el_class=\u00a0\u00bbaura-container\u00a0\u00bb css=\u00a0\u00bb.vc_custom_1637063399573{padding-top: 30px !important;padding-bottom: 60px !important;}\u00a0\u00bb el_id=\u00a0\u00bbnos-atouts\u00a0\u00bb][vc_column width=\u00a0\u00bb1\/6&Prime;][\/vc_column][vc_column width=\u00a0\u00bb2\/3&Prime;][vc_row_inner][vc_column_inner width=\u00a0\u00bb1\/2&Prime;][vc_single_image image=\u00a0\u00bb1833&Prime; img_size=\u00a0\u00bbfull\u00a0\u00bb onclick=\u00a0\u00bbcustom_link\u00a0\u00bb el_class=\u00a0\u00bbstrength-item-image\u00a0\u00bb link=\u00a0\u00bbhttps:\/\/auraparis2021.pastelle.fr\/prevention-et-suivi-des-maladies-renales\/les-techniques-de-suppleance\/la-dialyse-a-domicile\/\u00a0\u00bb][vc_custom_heading text=\u00a0\u00bbDialyse \u00e0 domicile\u00a0\u00bb font_container=\u00a0\u00bbtag:div|text_align:center\u00a0\u00bb use_theme_fonts=\u00a0\u00bbyes\u00a0\u00bb el_class=\u00a0\u00bbstrength-item-title\u00a0\u00bb link=\u00a0\u00bburl:https%3A%2F%2Fauraparis2021.pastelle.fr%2Fprevention-et-suivi-des-maladies-renales%2Fles-techniques-de-suppleance%2Fla-dialyse-a-domicile%2F|title:La%20dialyse%20%C3%A0%20domicile||\u00a0\u00bb][\/vc_column_inner][vc_column_inner width=\u00a0\u00bb1\/2&Prime;][vc_single_image image=\u00a0\u00bb1835&Prime; img_size=\u00a0\u00bbfull\u00a0\u00bb onclick=\u00a0\u00bbcustom_link\u00a0\u00bb el_class=\u00a0\u00bbstrength-item-image\u00a0\u00bb link=\u00a0\u00bbhttps:\/\/auraparis2021.pastelle.fr\/prevention-et-suivi-des-maladies-renales\/les-techniques-de-suppleance\/la-dialyse-en-centre\/\u00a0\u00bb][vc_custom_heading text=\u00a0\u00bbDialyse en centre\u00a0\u00bb font_container=\u00a0\u00bbtag:div|text_align:center\u00a0\u00bb use_theme_fonts=\u00a0\u00bbyes\u00a0\u00bb el_class=\u00a0\u00bbstrength-item-title\u00a0\u00bb link=\u00a0\u00bburl:http%3A%2F%2Fauraparis2021.pastelle.fr%2Fprevention-et-suivi-des-maladies-renales%2Fles-techniques-de-suppleance%2Fla-dialyse-en-centre%2F|title:La%20dialyse%20en%20centre||\u00a0\u00bb][\/vc_column_inner][\/vc_row_inner][\/vc_column][vc_column width=\u00a0\u00bb1\/6&Prime;][\/vc_column][\/vc_row]<\/p>\n","protected":false},"excerpt":{"rendered":"<p>[vc_row el_class=\u00a0\u00bbaura-container\u00a0\u00bb][vc_column el_class=\u00a0\u00bbmission-content\u00a0\u00bb][vc_row_inner][vc_column_inner el_class=\u00a0\u00bbmission-content\u00a0\u00bb][vc_custom_heading text=\u00a0\u00bbQu\u2019est-ce que la dialyse ?\u00a0\u00bb font_container=\u00a0\u00bbtag:h3|text_align:left\u00a0\u00bb use_theme_fonts=\u00a0\u00bbyes\u00a0\u00bb][vc_column_text]La dialyse est un traitement de suppl\u00e9ance qui ne remplace pas totalement la fonction r\u00e9nale. Elle d\u00e9barrasse le sang des toxines, de l\u2019eau et du sel accumul\u00e9s en exc\u00e8s. Elle permet de retrouver l\u2019app\u00e9tit et une meilleure forme physique. Elle am\u00e9liore la qualit\u00e9 de vie &hellip; <\/p>\n<p class=\"link-more\"><a href=\"https:\/\/auraparis.org\/fr\/prevention-et-suivi-des-maladies-renales\/les-techniques-de-suppleance\/la-dialyse\/\" class=\"more-link\">Continuer la lecture <span class=\"screen-reader-text\"> \u00ab\u00a0La dialyse\u00a0\u00bb<\/span><\/a><\/p>\n","protected":false},"author":5,"featured_media":2147,"parent":1739,"menu_order":5,"comment_status":"closed","ping_status":"closed","template":"templates\/template-sub-page.php","meta":{"_acf_changed":false,"footnotes":""},"class_list":["post-1755","page","type-page","status-publish","has-post-thumbnail","hentry","entry"],"acf":[],"yoast_head":"<!-- This site is optimized with the Yoast SEO plugin v27.3 - https:\/\/yoast.com\/product\/yoast-seo-wordpress\/ -->\n<title>La dialyse - L&#039;AURA Paris<\/title>\n<meta name=\"robots\" content=\"index, follow, max-snippet:-1, max-image-preview:large, max-video-preview:-1\" \/>\n<link rel=\"canonical\" href=\"https:\/\/auraparis.org\/fr\/prevention-et-suivi-des-maladies-renales\/les-techniques-de-suppleance\/la-dialyse\/\" \/>\n<meta property=\"og:locale\" content=\"fr_FR\" \/>\n<meta property=\"og:type\" content=\"article\" \/>\n<meta property=\"og:title\" content=\"La dialyse - L&#039;AURA Paris\" \/>\n<meta property=\"og:description\" content=\"[vc_row el_class=\u00a0\u00bbaura-container\u00a0\u00bb][vc_column el_class=\u00a0\u00bbmission-content\u00a0\u00bb][vc_row_inner][vc_column_inner el_class=\u00a0\u00bbmission-content\u00a0\u00bb][vc_custom_heading text=\u00a0\u00bbQu\u2019est-ce que la dialyse ?\u00a0\u00bb font_container=\u00a0\u00bbtag:h3|text_align:left\u00a0\u00bb use_theme_fonts=\u00a0\u00bbyes\u00a0\u00bb][vc_column_text]La dialyse est un traitement de suppl\u00e9ance qui ne remplace pas totalement la fonction r\u00e9nale. Elle d\u00e9barrasse le sang des toxines, de l\u2019eau et du sel accumul\u00e9s en exc\u00e8s. Elle permet de retrouver l\u2019app\u00e9tit et une meilleure forme physique. Elle am\u00e9liore la qualit\u00e9 de vie &hellip; Continuer la lecture \u00ab\u00a0La dialyse\u00a0\u00bb\" \/>\n<meta property=\"og:url\" content=\"https:\/\/auraparis.org\/fr\/prevention-et-suivi-des-maladies-renales\/les-techniques-de-suppleance\/la-dialyse\/\" \/>\n<meta property=\"og:site_name\" content=\"L&#039;AURA Paris\" \/>\n<meta property=\"article:modified_time\" content=\"2022-11-24T13:15:08+00:00\" \/>\n<meta property=\"og:image\" content=\"http:\/\/auraparis.org\/wp-content\/uploads\/2022\/11\/iStock-1277148425\u00a9Drazen-Zigic-scaled-e1668520013191.jpg\" \/>\n\t<meta property=\"og:image:width\" content=\"1800\" \/>\n\t<meta property=\"og:image:height\" content=\"648\" \/>\n\t<meta property=\"og:image:type\" content=\"image\/jpeg\" \/>\n<meta name=\"twitter:card\" content=\"summary_large_image\" \/>\n<meta name=\"twitter:label1\" content=\"Dur\u00e9e de lecture estim\u00e9e\" \/>\n\t<meta name=\"twitter:data1\" content=\"3 minutes\" \/>\n<script type=\"application\/ld+json\" class=\"yoast-schema-graph\">{\"@context\":\"https:\\\/\\\/schema.org\",\"@graph\":[{\"@type\":\"WebPage\",\"@id\":\"https:\\\/\\\/auraparis.org\\\/fr\\\/prevention-et-suivi-des-maladies-renales\\\/les-techniques-de-suppleance\\\/la-dialyse\\\/\",\"url\":\"https:\\\/\\\/auraparis.org\\\/fr\\\/prevention-et-suivi-des-maladies-renales\\\/les-techniques-de-suppleance\\\/la-dialyse\\\/\",\"name\":\"La dialyse - L&#039;AURA Paris\",\"isPartOf\":{\"@id\":\"https:\\\/\\\/auraparis.org\\\/#website\"},\"primaryImageOfPage\":{\"@id\":\"https:\\\/\\\/auraparis.org\\\/fr\\\/prevention-et-suivi-des-maladies-renales\\\/les-techniques-de-suppleance\\\/la-dialyse\\\/#primaryimage\"},\"image\":{\"@id\":\"https:\\\/\\\/auraparis.org\\\/fr\\\/prevention-et-suivi-des-maladies-renales\\\/les-techniques-de-suppleance\\\/la-dialyse\\\/#primaryimage\"},\"thumbnailUrl\":\"https:\\\/\\\/auraparis.org\\\/wp-content\\\/uploads\\\/2022\\\/11\\\/iStock-1277148425\u00a9Drazen-Zigic-scaled-e1668520013191.jpg\",\"datePublished\":\"2022-09-17T10:54:54+00:00\",\"dateModified\":\"2022-11-24T13:15:08+00:00\",\"breadcrumb\":{\"@id\":\"https:\\\/\\\/auraparis.org\\\/fr\\\/prevention-et-suivi-des-maladies-renales\\\/les-techniques-de-suppleance\\\/la-dialyse\\\/#breadcrumb\"},\"inLanguage\":\"fr-FR\",\"potentialAction\":[{\"@type\":\"ReadAction\",\"target\":[\"https:\\\/\\\/auraparis.org\\\/fr\\\/prevention-et-suivi-des-maladies-renales\\\/les-techniques-de-suppleance\\\/la-dialyse\\\/\"]}]},{\"@type\":\"ImageObject\",\"inLanguage\":\"fr-FR\",\"@id\":\"https:\\\/\\\/auraparis.org\\\/fr\\\/prevention-et-suivi-des-maladies-renales\\\/les-techniques-de-suppleance\\\/la-dialyse\\\/#primaryimage\",\"url\":\"https:\\\/\\\/auraparis.org\\\/wp-content\\\/uploads\\\/2022\\\/11\\\/iStock-1277148425\u00a9Drazen-Zigic-scaled-e1668520013191.jpg\",\"contentUrl\":\"https:\\\/\\\/auraparis.org\\\/wp-content\\\/uploads\\\/2022\\\/11\\\/iStock-1277148425\u00a9Drazen-Zigic-scaled-e1668520013191.jpg\",\"width\":1800,\"height\":648,\"caption\":\"Young doctor talking to group of his colleagues and business people during presentation in convention center.\"},{\"@type\":\"BreadcrumbList\",\"@id\":\"https:\\\/\\\/auraparis.org\\\/fr\\\/prevention-et-suivi-des-maladies-renales\\\/les-techniques-de-suppleance\\\/la-dialyse\\\/#breadcrumb\",\"itemListElement\":[{\"@type\":\"ListItem\",\"position\":1,\"name\":\"Accueil\",\"item\":\"https:\\\/\\\/auraparis.org\\\/fr\\\/\"},{\"@type\":\"ListItem\",\"position\":2,\"name\":\"Pr\u00e9vention et suivi des maladies r\u00e9nales\",\"item\":\"https:\\\/\\\/auraparis.org\\\/fr\\\/prevention-et-suivi-des-maladies-renales\\\/\"},{\"@type\":\"ListItem\",\"position\":3,\"name\":\"Les techniques de suppl\u00e9ance\",\"item\":\"https:\\\/\\\/auraparis.org\\\/fr\\\/prevention-et-suivi-des-maladies-renales\\\/les-techniques-de-suppleance\\\/\"},{\"@type\":\"ListItem\",\"position\":4,\"name\":\"La dialyse\"}]},{\"@type\":\"WebSite\",\"@id\":\"https:\\\/\\\/auraparis.org\\\/#website\",\"url\":\"https:\\\/\\\/auraparis.org\\\/\",\"name\":\"L&#039;AURA Paris\",\"description\":\"\",\"publisher\":{\"@id\":\"https:\\\/\\\/auraparis.org\\\/#organization\"},\"potentialAction\":[{\"@type\":\"SearchAction\",\"target\":{\"@type\":\"EntryPoint\",\"urlTemplate\":\"https:\\\/\\\/auraparis.org\\\/?s={search_term_string}\"},\"query-input\":{\"@type\":\"PropertyValueSpecification\",\"valueRequired\":true,\"valueName\":\"search_term_string\"}}],\"inLanguage\":\"fr-FR\"},{\"@type\":\"Organization\",\"@id\":\"https:\\\/\\\/auraparis.org\\\/#organization\",\"name\":\"L&#039;AURA Paris\",\"url\":\"https:\\\/\\\/auraparis.org\\\/\",\"logo\":{\"@type\":\"ImageObject\",\"inLanguage\":\"fr-FR\",\"@id\":\"https:\\\/\\\/auraparis.org\\\/#\\\/schema\\\/logo\\\/image\\\/\",\"url\":\"https:\\\/\\\/auraparis.org\\\/wp-content\\\/uploads\\\/2026\\\/02\\\/cropped-favicon-dore.jpg\",\"contentUrl\":\"https:\\\/\\\/auraparis.org\\\/wp-content\\\/uploads\\\/2026\\\/02\\\/cropped-favicon-dore.jpg\",\"width\":190,\"height\":190,\"caption\":\"L&#039;AURA Paris\"},\"image\":{\"@id\":\"https:\\\/\\\/auraparis.org\\\/#\\\/schema\\\/logo\\\/image\\\/\"}}]}<\/script>\n<!-- \/ Yoast SEO plugin. -->","yoast_head_json":{"title":"La dialyse - L&#039;AURA Paris","robots":{"index":"index","follow":"follow","max-snippet":"max-snippet:-1","max-image-preview":"max-image-preview:large","max-video-preview":"max-video-preview:-1"},"canonical":"https:\/\/auraparis.org\/fr\/prevention-et-suivi-des-maladies-renales\/les-techniques-de-suppleance\/la-dialyse\/","og_locale":"fr_FR","og_type":"article","og_title":"La dialyse - L&#039;AURA Paris","og_description":"[vc_row el_class=\u00a0\u00bbaura-container\u00a0\u00bb][vc_column el_class=\u00a0\u00bbmission-content\u00a0\u00bb][vc_row_inner][vc_column_inner el_class=\u00a0\u00bbmission-content\u00a0\u00bb][vc_custom_heading text=\u00a0\u00bbQu\u2019est-ce que la dialyse ?\u00a0\u00bb font_container=\u00a0\u00bbtag:h3|text_align:left\u00a0\u00bb use_theme_fonts=\u00a0\u00bbyes\u00a0\u00bb][vc_column_text]La dialyse est un traitement de suppl\u00e9ance qui ne remplace pas totalement la fonction r\u00e9nale. Elle d\u00e9barrasse le sang des toxines, de l\u2019eau et du sel accumul\u00e9s en exc\u00e8s. Elle permet de retrouver l\u2019app\u00e9tit et une meilleure forme physique. Elle am\u00e9liore la qualit\u00e9 de vie &hellip; Continuer la lecture \u00ab\u00a0La dialyse\u00a0\u00bb","og_url":"https:\/\/auraparis.org\/fr\/prevention-et-suivi-des-maladies-renales\/les-techniques-de-suppleance\/la-dialyse\/","og_site_name":"L&#039;AURA Paris","article_modified_time":"2022-11-24T13:15:08+00:00","og_image":[{"width":1800,"height":648,"url":"http:\/\/auraparis.org\/wp-content\/uploads\/2022\/11\/iStock-1277148425\u00a9Drazen-Zigic-scaled-e1668520013191.jpg","type":"image\/jpeg"}],"twitter_card":"summary_large_image","twitter_misc":{"Dur\u00e9e de lecture estim\u00e9e":"3 minutes"},"schema":{"@context":"https:\/\/schema.org","@graph":[{"@type":"WebPage","@id":"https:\/\/auraparis.org\/fr\/prevention-et-suivi-des-maladies-renales\/les-techniques-de-suppleance\/la-dialyse\/","url":"https:\/\/auraparis.org\/fr\/prevention-et-suivi-des-maladies-renales\/les-techniques-de-suppleance\/la-dialyse\/","name":"La dialyse - L&#039;AURA Paris","isPartOf":{"@id":"https:\/\/auraparis.org\/#website"},"primaryImageOfPage":{"@id":"https:\/\/auraparis.org\/fr\/prevention-et-suivi-des-maladies-renales\/les-techniques-de-suppleance\/la-dialyse\/#primaryimage"},"image":{"@id":"https:\/\/auraparis.org\/fr\/prevention-et-suivi-des-maladies-renales\/les-techniques-de-suppleance\/la-dialyse\/#primaryimage"},"thumbnailUrl":"https:\/\/auraparis.org\/wp-content\/uploads\/2022\/11\/iStock-1277148425\u00a9Drazen-Zigic-scaled-e1668520013191.jpg","datePublished":"2022-09-17T10:54:54+00:00","dateModified":"2022-11-24T13:15:08+00:00","breadcrumb":{"@id":"https:\/\/auraparis.org\/fr\/prevention-et-suivi-des-maladies-renales\/les-techniques-de-suppleance\/la-dialyse\/#breadcrumb"},"inLanguage":"fr-FR","potentialAction":[{"@type":"ReadAction","target":["https:\/\/auraparis.org\/fr\/prevention-et-suivi-des-maladies-renales\/les-techniques-de-suppleance\/la-dialyse\/"]}]},{"@type":"ImageObject","inLanguage":"fr-FR","@id":"https:\/\/auraparis.org\/fr\/prevention-et-suivi-des-maladies-renales\/les-techniques-de-suppleance\/la-dialyse\/#primaryimage","url":"https:\/\/auraparis.org\/wp-content\/uploads\/2022\/11\/iStock-1277148425\u00a9Drazen-Zigic-scaled-e1668520013191.jpg","contentUrl":"https:\/\/auraparis.org\/wp-content\/uploads\/2022\/11\/iStock-1277148425\u00a9Drazen-Zigic-scaled-e1668520013191.jpg","width":1800,"height":648,"caption":"Young doctor talking to group of his colleagues and business people during presentation in convention center."},{"@type":"BreadcrumbList","@id":"https:\/\/auraparis.org\/fr\/prevention-et-suivi-des-maladies-renales\/les-techniques-de-suppleance\/la-dialyse\/#breadcrumb","itemListElement":[{"@type":"ListItem","position":1,"name":"Accueil","item":"https:\/\/auraparis.org\/fr\/"},{"@type":"ListItem","position":2,"name":"Pr\u00e9vention et suivi des maladies r\u00e9nales","item":"https:\/\/auraparis.org\/fr\/prevention-et-suivi-des-maladies-renales\/"},{"@type":"ListItem","position":3,"name":"Les techniques de suppl\u00e9ance","item":"https:\/\/auraparis.org\/fr\/prevention-et-suivi-des-maladies-renales\/les-techniques-de-suppleance\/"},{"@type":"ListItem","position":4,"name":"La dialyse"}]},{"@type":"WebSite","@id":"https:\/\/auraparis.org\/#website","url":"https:\/\/auraparis.org\/","name":"L&#039;AURA Paris","description":"","publisher":{"@id":"https:\/\/auraparis.org\/#organization"},"potentialAction":[{"@type":"SearchAction","target":{"@type":"EntryPoint","urlTemplate":"https:\/\/auraparis.org\/?s={search_term_string}"},"query-input":{"@type":"PropertyValueSpecification","valueRequired":true,"valueName":"search_term_string"}}],"inLanguage":"fr-FR"},{"@type":"Organization","@id":"https:\/\/auraparis.org\/#organization","name":"L&#039;AURA Paris","url":"https:\/\/auraparis.org\/","logo":{"@type":"ImageObject","inLanguage":"fr-FR","@id":"https:\/\/auraparis.org\/#\/schema\/logo\/image\/","url":"https:\/\/auraparis.org\/wp-content\/uploads\/2026\/02\/cropped-favicon-dore.jpg","contentUrl":"https:\/\/auraparis.org\/wp-content\/uploads\/2026\/02\/cropped-favicon-dore.jpg","width":190,"height":190,"caption":"L&#039;AURA Paris"},"image":{"@id":"https:\/\/auraparis.org\/#\/schema\/logo\/image\/"}}]}},"_links":{"self":[{"href":"https:\/\/auraparis.org\/fr\/wp-json\/wp\/v2\/pages\/1755","targetHints":{"allow":["GET"]}}],"collection":[{"href":"https:\/\/auraparis.org\/fr\/wp-json\/wp\/v2\/pages"}],"about":[{"href":"https:\/\/auraparis.org\/fr\/wp-json\/wp\/v2\/types\/page"}],"author":[{"embeddable":true,"href":"https:\/\/auraparis.org\/fr\/wp-json\/wp\/v2\/users\/5"}],"replies":[{"embeddable":true,"href":"https:\/\/auraparis.org\/fr\/wp-json\/wp\/v2\/comments?post=1755"}],"version-history":[{"count":15,"href":"https:\/\/auraparis.org\/fr\/wp-json\/wp\/v2\/pages\/1755\/revisions"}],"predecessor-version":[{"id":2266,"href":"https:\/\/auraparis.org\/fr\/wp-json\/wp\/v2\/pages\/1755\/revisions\/2266"}],"up":[{"embeddable":true,"href":"https:\/\/auraparis.org\/fr\/wp-json\/wp\/v2\/pages\/1739"}],"wp:featuredmedia":[{"embeddable":true,"href":"https:\/\/auraparis.org\/fr\/wp-json\/wp\/v2\/media\/2147"}],"wp:attachment":[{"href":"https:\/\/auraparis.org\/fr\/wp-json\/wp\/v2\/media?parent=1755"}],"curies":[{"name":"wp","href":"https:\/\/api.w.org\/{rel}","templated":true}]}}