{"id":2425,"date":"2022-12-01T18:37:43","date_gmt":"2022-12-01T15:37:43","guid":{"rendered":"http:\/\/auraparis2021.pastelle.fr\/?page_id=2425"},"modified":"2025-03-11T05:00:19","modified_gmt":"2025-03-11T04:00:19","slug":"lunite-de-psycho-nephrologie","status":"publish","type":"page","link":"https:\/\/auraparis.org\/fr\/qui-sommes-nous\/nos-atouts\/des-equipes-pluridisciplinaires-au-service-du-patient\/lunite-de-psycho-nephrologie\/","title":{"rendered":"L&rsquo;unit\u00e9 de psycho n\u00e9phrologie"},"content":{"rendered":"<p>[vc_row][vc_column][vc_row_inner][vc_column_inner][vc_custom_heading text=\u00a0\u00bbL\u2019Unit\u00e9 de Psychologie en N\u00e9phrologie\u00a0\u00bb font_container=\u00a0\u00bbtag:div|text_align:left\u00a0\u00bb use_theme_fonts=\u00a0\u00bbyes\u00a0\u00bb el_class=\u00a0\u00bbcontent-sub-title\u00a0\u00bb][vc_single_image image=\u00a0\u00bb445&Prime; img_size=\u00a0\u00bbfull\u00a0\u00bb alignment=\u00a0\u00bbcenter\u00a0\u00bb][vc_column_text]<span style=\"font-size: 17pt;\"><strong>Une maladie r\u00e9nale bouleverse l\u2019existence, les relations avec l\u2019entourage, la vie psychique. Des troubles psychologiques peuvent perturber votre quotidien au niveau de votre humeur, de votre sommeil, de votre app\u00e9tit.<\/strong><\/span><\/p>\n<p>&nbsp;<\/p>\n<p><span style=\"color: #c19f7d; font-size: 17pt;\"><strong>Vous avez la possibilit\u00e9 de rencontrer des psychologues \u00e0 l\u2019AURA.<\/strong><\/span><\/p>\n<p>&nbsp;<\/p>\n<p><span style=\"text-decoration: underline; font-size: 17pt;\"><strong>Quand ?<\/strong><\/span><\/p>\n<p>\u00c0 tout moment de votre parcours de soin, vous pouvez ressentir le besoin d\u2019une \u00e9coute ou d\u2019un soutien psychologique.<\/p>\n<p>&nbsp;<\/p>\n<p><span style=\"text-decoration: underline; font-size: 17pt;\"><strong>Pour qui ?<\/strong><\/span><\/p>\n<ul>\n<li>Pour les personnes ayant un suivi m\u00e9dical \u00e0 l\u2019AURA.<\/li>\n<li>Pour les personnes dans votre entourage qui souhaitent parler, qui s\u2019inqui\u00e8tent, les conjoints, enfants, adolescents, aidants.<\/li>\n<li>Pour toute personne \u00e0 qui un soignant ou un m\u00e9decin propose ce soutien et qui l\u2019accepte.<\/li>\n<\/ul>\n<p>&nbsp;<\/p>\n<p><span style=\"text-decoration: underline; font-size: 17pt;\"><strong>Pourquoi ?<\/strong> <\/span><\/p>\n<ul>\n<li>Pour mieux comprendre les difficult\u00e9s, questionnements ou inqui\u00e9tudes rencontr\u00e9s face \u00e0 la maladie.<\/li>\n<li>Pour vous aider \u00e0 communiquer avec vos proches, vos enfants, vos coll\u00e8gues car il est parfois compliqu\u00e9 de trouver les mots.<\/li>\n<li>Pour \u00eatre soutenu face au sentiment de mal-\u00eatre, d\u2019isolement et d\u2019incompr\u00e9hension.<\/li>\n<li>Parce que parler avec un sp\u00e9cialiste, ext\u00e9rieur \u00e0 son entourage, permet de changer certains points de vue soi-m\u00eame et sur les autres et d\u2019aller mieux.<\/li>\n<\/ul>\n<p>&nbsp;<\/p>\n<p><span style=\"text-decoration: underline; font-size: 17pt;\"><strong>O\u00f9 ? \/ Qui ?<\/strong><\/span>[\/vc_column_text][\/vc_column_inner][\/vc_row_inner][vc_row_inner equal_height=\u00a0\u00bbyes\u00a0\u00bb gap=\u00a0\u00bb35&Prime;][vc_column_inner width=\u00a0\u00bb1\/2&Prime;][vc_column_text]<em><strong>Unit\u00e9 de Psychosomatique en N\u00e9phrologie : APP, PADD, Corentin Celton<\/strong><\/em><\/p>\n<p><span style=\"text-decoration: underline;\">En consultation, en hospitalisation ou en dialyse nous vous proposons :<\/span><\/p>\n<ul>\n<li>Des \u00e9valuations psychologiques si vous pr\u00e9sentez des troubles (de l\u2019humeur, du sommeil, alimentaire, de la m\u00e9moire etc.) et si vous sentez douloureux psychiquement<\/li>\n<li>Des psychoth\u00e9rapies et des soutiens psychologiques<\/li>\n<li>Une \u00e9coute et une prise en charge de votre entourage<\/li>\n<\/ul>\n<p>[\/vc_column_text][\/vc_column_inner][vc_column_inner width=\u00a0\u00bb1\/2&Prime;][vc_column_text]<em><strong>Saint-Ouen et Bichat<\/strong> <\/em><\/p>\n<p><span style=\"text-decoration: underline;\">En consultation et en dialyse, vous propose : <\/span><\/p>\n<ul>\n<li>Des consultations d\u2019aide et de soutien psychologiques<\/li>\n<li>Une aide et une prise en charge de votre entourage<\/li>\n<li>Des groupes de paroles<\/li>\n<\/ul>\n<p>[\/vc_column_text][\/vc_column_inner][\/vc_row_inner][\/vc_column][\/vc_row]<\/p>\n","protected":false},"excerpt":{"rendered":"<p>[vc_row][vc_column][vc_row_inner][vc_column_inner][vc_custom_heading text=\u00a0\u00bbL\u2019Unit\u00e9 de Psychologie en N\u00e9phrologie\u00a0\u00bb font_container=\u00a0\u00bbtag:div|text_align:left\u00a0\u00bb use_theme_fonts=\u00a0\u00bbyes\u00a0\u00bb el_class=\u00a0\u00bbcontent-sub-title\u00a0\u00bb][vc_single_image image=\u00a0\u00bb445&Prime; img_size=\u00a0\u00bbfull\u00a0\u00bb alignment=\u00a0\u00bbcenter\u00a0\u00bb][vc_column_text]Une maladie r\u00e9nale bouleverse l\u2019existence, les relations avec l\u2019entourage, la vie psychique. Des troubles psychologiques peuvent perturber votre quotidien au niveau de votre humeur, de votre sommeil, de votre app\u00e9tit. &nbsp; Vous avez la possibilit\u00e9 de rencontrer des psychologues \u00e0 l\u2019AURA. &nbsp; Quand ? &hellip; <\/p>\n<p class=\"link-more\"><a href=\"https:\/\/auraparis.org\/fr\/qui-sommes-nous\/nos-atouts\/des-equipes-pluridisciplinaires-au-service-du-patient\/lunite-de-psycho-nephrologie\/\" class=\"more-link\">Continuer la lecture <span class=\"screen-reader-text\"> \u00ab\u00a0L&rsquo;unit\u00e9 de psycho n\u00e9phrologie\u00a0\u00bb<\/span><\/a><\/p>\n","protected":false},"author":5,"featured_media":3473,"parent":393,"menu_order":23,"comment_status":"closed","ping_status":"closed","template":"templates\/template-asset-sub.php","meta":{"_acf_changed":false,"footnotes":""},"class_list":["post-2425","page","type-page","status-publish","has-post-thumbnail","hentry","entry"],"acf":[],"yoast_head":"<!-- This site is optimized with the Yoast SEO plugin v27.3 - https:\/\/yoast.com\/product\/yoast-seo-wordpress\/ -->\n<title>L&#039;Unit\u00e9 de Psycho N\u00e9phrologie - L&#039;AURA Paris<\/title>\n<meta name=\"robots\" content=\"index, follow, max-snippet:-1, max-image-preview:large, max-video-preview:-1\" \/>\n<link rel=\"canonical\" href=\"https:\/\/auraparis.org\/fr\/qui-sommes-nous\/nos-atouts\/des-equipes-pluridisciplinaires-au-service-du-patient\/lunite-de-psycho-nephrologie\/\" \/>\n<meta property=\"og:locale\" content=\"fr_FR\" \/>\n<meta property=\"og:type\" content=\"article\" \/>\n<meta property=\"og:title\" content=\"L&#039;Unit\u00e9 de Psycho N\u00e9phrologie - L&#039;AURA Paris\" \/>\n<meta property=\"og:description\" content=\"[vc_row][vc_column][vc_row_inner][vc_column_inner][vc_custom_heading text=\u00a0\u00bbL\u2019Unit\u00e9 de Psychologie en N\u00e9phrologie\u00a0\u00bb font_container=\u00a0\u00bbtag:div|text_align:left\u00a0\u00bb use_theme_fonts=\u00a0\u00bbyes\u00a0\u00bb el_class=\u00a0\u00bbcontent-sub-title\u00a0\u00bb][vc_single_image image=\u00a0\u00bb445&Prime; img_size=\u00a0\u00bbfull\u00a0\u00bb alignment=\u00a0\u00bbcenter\u00a0\u00bb][vc_column_text]Une maladie r\u00e9nale bouleverse l\u2019existence, les relations avec l\u2019entourage, la vie psychique. Des troubles psychologiques peuvent perturber votre quotidien au niveau de votre humeur, de votre sommeil, de votre app\u00e9tit. &nbsp; Vous avez la possibilit\u00e9 de rencontrer des psychologues \u00e0 l\u2019AURA. &nbsp; Quand ? &hellip; Continuer la lecture \u00ab\u00a0L&rsquo;unit\u00e9 de psycho n\u00e9phrologie\u00a0\u00bb\" \/>\n<meta property=\"og:url\" content=\"https:\/\/auraparis.org\/fr\/qui-sommes-nous\/nos-atouts\/des-equipes-pluridisciplinaires-au-service-du-patient\/lunite-de-psycho-nephrologie\/\" \/>\n<meta property=\"og:site_name\" content=\"L&#039;AURA Paris\" \/>\n<meta property=\"article:modified_time\" content=\"2025-03-11T04:00:19+00:00\" \/>\n<meta property=\"og:image\" content=\"https:\/\/auraparis.org\/wp-content\/uploads\/2025\/03\/2048x637.png\" \/>\n\t<meta property=\"og:image:width\" content=\"2048\" \/>\n\t<meta property=\"og:image:height\" content=\"637\" \/>\n\t<meta property=\"og:image:type\" content=\"image\/png\" \/>\n<meta name=\"twitter:card\" content=\"summary_large_image\" \/>\n<meta name=\"twitter:label1\" content=\"Dur\u00e9e de lecture estim\u00e9e\" \/>\n\t<meta name=\"twitter:data1\" content=\"2 minutes\" \/>\n<script type=\"application\/ld+json\" class=\"yoast-schema-graph\">{\"@context\":\"https:\\\/\\\/schema.org\",\"@graph\":[{\"@type\":\"WebPage\",\"@id\":\"https:\\\/\\\/auraparis.org\\\/fr\\\/qui-sommes-nous\\\/nos-atouts\\\/des-equipes-pluridisciplinaires-au-service-du-patient\\\/lunite-de-psycho-nephrologie\\\/\",\"url\":\"https:\\\/\\\/auraparis.org\\\/fr\\\/qui-sommes-nous\\\/nos-atouts\\\/des-equipes-pluridisciplinaires-au-service-du-patient\\\/lunite-de-psycho-nephrologie\\\/\",\"name\":\"L'Unit\u00e9 de Psycho N\u00e9phrologie - L&#039;AURA Paris\",\"isPartOf\":{\"@id\":\"https:\\\/\\\/auraparis.org\\\/#website\"},\"primaryImageOfPage\":{\"@id\":\"https:\\\/\\\/auraparis.org\\\/fr\\\/qui-sommes-nous\\\/nos-atouts\\\/des-equipes-pluridisciplinaires-au-service-du-patient\\\/lunite-de-psycho-nephrologie\\\/#primaryimage\"},\"image\":{\"@id\":\"https:\\\/\\\/auraparis.org\\\/fr\\\/qui-sommes-nous\\\/nos-atouts\\\/des-equipes-pluridisciplinaires-au-service-du-patient\\\/lunite-de-psycho-nephrologie\\\/#primaryimage\"},\"thumbnailUrl\":\"https:\\\/\\\/auraparis.org\\\/wp-content\\\/uploads\\\/2025\\\/03\\\/2048x637.png\",\"datePublished\":\"2022-12-01T15:37:43+00:00\",\"dateModified\":\"2025-03-11T04:00:19+00:00\",\"breadcrumb\":{\"@id\":\"https:\\\/\\\/auraparis.org\\\/fr\\\/qui-sommes-nous\\\/nos-atouts\\\/des-equipes-pluridisciplinaires-au-service-du-patient\\\/lunite-de-psycho-nephrologie\\\/#breadcrumb\"},\"inLanguage\":\"fr-FR\",\"potentialAction\":[{\"@type\":\"ReadAction\",\"target\":[\"https:\\\/\\\/auraparis.org\\\/fr\\\/qui-sommes-nous\\\/nos-atouts\\\/des-equipes-pluridisciplinaires-au-service-du-patient\\\/lunite-de-psycho-nephrologie\\\/\"]}]},{\"@type\":\"ImageObject\",\"inLanguage\":\"fr-FR\",\"@id\":\"https:\\\/\\\/auraparis.org\\\/fr\\\/qui-sommes-nous\\\/nos-atouts\\\/des-equipes-pluridisciplinaires-au-service-du-patient\\\/lunite-de-psycho-nephrologie\\\/#primaryimage\",\"url\":\"https:\\\/\\\/auraparis.org\\\/wp-content\\\/uploads\\\/2025\\\/03\\\/2048x637.png\",\"contentUrl\":\"https:\\\/\\\/auraparis.org\\\/wp-content\\\/uploads\\\/2025\\\/03\\\/2048x637.png\",\"width\":2048,\"height\":637},{\"@type\":\"BreadcrumbList\",\"@id\":\"https:\\\/\\\/auraparis.org\\\/fr\\\/qui-sommes-nous\\\/nos-atouts\\\/des-equipes-pluridisciplinaires-au-service-du-patient\\\/lunite-de-psycho-nephrologie\\\/#breadcrumb\",\"itemListElement\":[{\"@type\":\"ListItem\",\"position\":1,\"name\":\"Accueil\",\"item\":\"https:\\\/\\\/auraparis.org\\\/fr\\\/\"},{\"@type\":\"ListItem\",\"position\":2,\"name\":\"Qui sommes-nous ?\",\"item\":\"https:\\\/\\\/auraparis.org\\\/fr\\\/qui-sommes-nous\\\/\"},{\"@type\":\"ListItem\",\"position\":3,\"name\":\"Nos atouts\",\"item\":\"https:\\\/\\\/auraparis.org\\\/fr\\\/qui-sommes-nous\\\/nos-atouts\\\/\"},{\"@type\":\"ListItem\",\"position\":4,\"name\":\"Des \u00e9quipes pluridisciplinaires au service du patient\",\"item\":\"https:\\\/\\\/auraparis.org\\\/fr\\\/qui-sommes-nous\\\/nos-atouts\\\/des-equipes-pluridisciplinaires-au-service-du-patient\\\/\"},{\"@type\":\"ListItem\",\"position\":5,\"name\":\"L&rsquo;unit\u00e9 de psycho n\u00e9phrologie\"}]},{\"@type\":\"WebSite\",\"@id\":\"https:\\\/\\\/auraparis.org\\\/#website\",\"url\":\"https:\\\/\\\/auraparis.org\\\/\",\"name\":\"L&#039;AURA Paris\",\"description\":\"\",\"publisher\":{\"@id\":\"https:\\\/\\\/auraparis.org\\\/#organization\"},\"potentialAction\":[{\"@type\":\"SearchAction\",\"target\":{\"@type\":\"EntryPoint\",\"urlTemplate\":\"https:\\\/\\\/auraparis.org\\\/?s={search_term_string}\"},\"query-input\":{\"@type\":\"PropertyValueSpecification\",\"valueRequired\":true,\"valueName\":\"search_term_string\"}}],\"inLanguage\":\"fr-FR\"},{\"@type\":\"Organization\",\"@id\":\"https:\\\/\\\/auraparis.org\\\/#organization\",\"name\":\"L&#039;AURA Paris\",\"url\":\"https:\\\/\\\/auraparis.org\\\/\",\"logo\":{\"@type\":\"ImageObject\",\"inLanguage\":\"fr-FR\",\"@id\":\"https:\\\/\\\/auraparis.org\\\/#\\\/schema\\\/logo\\\/image\\\/\",\"url\":\"https:\\\/\\\/auraparis.org\\\/wp-content\\\/uploads\\\/2026\\\/02\\\/cropped-favicon-dore.jpg\",\"contentUrl\":\"https:\\\/\\\/auraparis.org\\\/wp-content\\\/uploads\\\/2026\\\/02\\\/cropped-favicon-dore.jpg\",\"width\":190,\"height\":190,\"caption\":\"L&#039;AURA Paris\"},\"image\":{\"@id\":\"https:\\\/\\\/auraparis.org\\\/#\\\/schema\\\/logo\\\/image\\\/\"}}]}<\/script>\n<!-- \/ Yoast SEO plugin. -->","yoast_head_json":{"title":"L'Unit\u00e9 de Psycho N\u00e9phrologie - L&#039;AURA Paris","robots":{"index":"index","follow":"follow","max-snippet":"max-snippet:-1","max-image-preview":"max-image-preview:large","max-video-preview":"max-video-preview:-1"},"canonical":"https:\/\/auraparis.org\/fr\/qui-sommes-nous\/nos-atouts\/des-equipes-pluridisciplinaires-au-service-du-patient\/lunite-de-psycho-nephrologie\/","og_locale":"fr_FR","og_type":"article","og_title":"L'Unit\u00e9 de Psycho N\u00e9phrologie - L&#039;AURA Paris","og_description":"[vc_row][vc_column][vc_row_inner][vc_column_inner][vc_custom_heading text=\u00a0\u00bbL\u2019Unit\u00e9 de Psychologie en N\u00e9phrologie\u00a0\u00bb font_container=\u00a0\u00bbtag:div|text_align:left\u00a0\u00bb use_theme_fonts=\u00a0\u00bbyes\u00a0\u00bb el_class=\u00a0\u00bbcontent-sub-title\u00a0\u00bb][vc_single_image image=\u00a0\u00bb445&Prime; img_size=\u00a0\u00bbfull\u00a0\u00bb alignment=\u00a0\u00bbcenter\u00a0\u00bb][vc_column_text]Une maladie r\u00e9nale bouleverse l\u2019existence, les relations avec l\u2019entourage, la vie psychique. Des troubles psychologiques peuvent perturber votre quotidien au niveau de votre humeur, de votre sommeil, de votre app\u00e9tit. &nbsp; Vous avez la possibilit\u00e9 de rencontrer des psychologues \u00e0 l\u2019AURA. &nbsp; Quand ? &hellip; Continuer la lecture \u00ab\u00a0L&rsquo;unit\u00e9 de psycho n\u00e9phrologie\u00a0\u00bb","og_url":"https:\/\/auraparis.org\/fr\/qui-sommes-nous\/nos-atouts\/des-equipes-pluridisciplinaires-au-service-du-patient\/lunite-de-psycho-nephrologie\/","og_site_name":"L&#039;AURA Paris","article_modified_time":"2025-03-11T04:00:19+00:00","og_image":[{"width":2048,"height":637,"url":"https:\/\/auraparis.org\/wp-content\/uploads\/2025\/03\/2048x637.png","type":"image\/png"}],"twitter_card":"summary_large_image","twitter_misc":{"Dur\u00e9e de lecture estim\u00e9e":"2 minutes"},"schema":{"@context":"https:\/\/schema.org","@graph":[{"@type":"WebPage","@id":"https:\/\/auraparis.org\/fr\/qui-sommes-nous\/nos-atouts\/des-equipes-pluridisciplinaires-au-service-du-patient\/lunite-de-psycho-nephrologie\/","url":"https:\/\/auraparis.org\/fr\/qui-sommes-nous\/nos-atouts\/des-equipes-pluridisciplinaires-au-service-du-patient\/lunite-de-psycho-nephrologie\/","name":"L'Unit\u00e9 de Psycho N\u00e9phrologie - L&#039;AURA Paris","isPartOf":{"@id":"https:\/\/auraparis.org\/#website"},"primaryImageOfPage":{"@id":"https:\/\/auraparis.org\/fr\/qui-sommes-nous\/nos-atouts\/des-equipes-pluridisciplinaires-au-service-du-patient\/lunite-de-psycho-nephrologie\/#primaryimage"},"image":{"@id":"https:\/\/auraparis.org\/fr\/qui-sommes-nous\/nos-atouts\/des-equipes-pluridisciplinaires-au-service-du-patient\/lunite-de-psycho-nephrologie\/#primaryimage"},"thumbnailUrl":"https:\/\/auraparis.org\/wp-content\/uploads\/2025\/03\/2048x637.png","datePublished":"2022-12-01T15:37:43+00:00","dateModified":"2025-03-11T04:00:19+00:00","breadcrumb":{"@id":"https:\/\/auraparis.org\/fr\/qui-sommes-nous\/nos-atouts\/des-equipes-pluridisciplinaires-au-service-du-patient\/lunite-de-psycho-nephrologie\/#breadcrumb"},"inLanguage":"fr-FR","potentialAction":[{"@type":"ReadAction","target":["https:\/\/auraparis.org\/fr\/qui-sommes-nous\/nos-atouts\/des-equipes-pluridisciplinaires-au-service-du-patient\/lunite-de-psycho-nephrologie\/"]}]},{"@type":"ImageObject","inLanguage":"fr-FR","@id":"https:\/\/auraparis.org\/fr\/qui-sommes-nous\/nos-atouts\/des-equipes-pluridisciplinaires-au-service-du-patient\/lunite-de-psycho-nephrologie\/#primaryimage","url":"https:\/\/auraparis.org\/wp-content\/uploads\/2025\/03\/2048x637.png","contentUrl":"https:\/\/auraparis.org\/wp-content\/uploads\/2025\/03\/2048x637.png","width":2048,"height":637},{"@type":"BreadcrumbList","@id":"https:\/\/auraparis.org\/fr\/qui-sommes-nous\/nos-atouts\/des-equipes-pluridisciplinaires-au-service-du-patient\/lunite-de-psycho-nephrologie\/#breadcrumb","itemListElement":[{"@type":"ListItem","position":1,"name":"Accueil","item":"https:\/\/auraparis.org\/fr\/"},{"@type":"ListItem","position":2,"name":"Qui sommes-nous ?","item":"https:\/\/auraparis.org\/fr\/qui-sommes-nous\/"},{"@type":"ListItem","position":3,"name":"Nos atouts","item":"https:\/\/auraparis.org\/fr\/qui-sommes-nous\/nos-atouts\/"},{"@type":"ListItem","position":4,"name":"Des \u00e9quipes pluridisciplinaires au service du patient","item":"https:\/\/auraparis.org\/fr\/qui-sommes-nous\/nos-atouts\/des-equipes-pluridisciplinaires-au-service-du-patient\/"},{"@type":"ListItem","position":5,"name":"L&rsquo;unit\u00e9 de psycho n\u00e9phrologie"}]},{"@type":"WebSite","@id":"https:\/\/auraparis.org\/#website","url":"https:\/\/auraparis.org\/","name":"L&#039;AURA Paris","description":"","publisher":{"@id":"https:\/\/auraparis.org\/#organization"},"potentialAction":[{"@type":"SearchAction","target":{"@type":"EntryPoint","urlTemplate":"https:\/\/auraparis.org\/?s={search_term_string}"},"query-input":{"@type":"PropertyValueSpecification","valueRequired":true,"valueName":"search_term_string"}}],"inLanguage":"fr-FR"},{"@type":"Organization","@id":"https:\/\/auraparis.org\/#organization","name":"L&#039;AURA Paris","url":"https:\/\/auraparis.org\/","logo":{"@type":"ImageObject","inLanguage":"fr-FR","@id":"https:\/\/auraparis.org\/#\/schema\/logo\/image\/","url":"https:\/\/auraparis.org\/wp-content\/uploads\/2026\/02\/cropped-favicon-dore.jpg","contentUrl":"https:\/\/auraparis.org\/wp-content\/uploads\/2026\/02\/cropped-favicon-dore.jpg","width":190,"height":190,"caption":"L&#039;AURA Paris"},"image":{"@id":"https:\/\/auraparis.org\/#\/schema\/logo\/image\/"}}]}},"_links":{"self":[{"href":"https:\/\/auraparis.org\/fr\/wp-json\/wp\/v2\/pages\/2425","targetHints":{"allow":["GET"]}}],"collection":[{"href":"https:\/\/auraparis.org\/fr\/wp-json\/wp\/v2\/pages"}],"about":[{"href":"https:\/\/auraparis.org\/fr\/wp-json\/wp\/v2\/types\/page"}],"author":[{"embeddable":true,"href":"https:\/\/auraparis.org\/fr\/wp-json\/wp\/v2\/users\/5"}],"replies":[{"embeddable":true,"href":"https:\/\/auraparis.org\/fr\/wp-json\/wp\/v2\/comments?post=2425"}],"version-history":[{"count":3,"href":"https:\/\/auraparis.org\/fr\/wp-json\/wp\/v2\/pages\/2425\/revisions"}],"predecessor-version":[{"id":3495,"href":"https:\/\/auraparis.org\/fr\/wp-json\/wp\/v2\/pages\/2425\/revisions\/3495"}],"up":[{"embeddable":true,"href":"https:\/\/auraparis.org\/fr\/wp-json\/wp\/v2\/pages\/393"}],"wp:featuredmedia":[{"embeddable":true,"href":"https:\/\/auraparis.org\/fr\/wp-json\/wp\/v2\/media\/3473"}],"wp:attachment":[{"href":"https:\/\/auraparis.org\/fr\/wp-json\/wp\/v2\/media?parent=2425"}],"curies":[{"name":"wp","href":"https:\/\/api.w.org\/{rel}","templated":true}]}}