{"id":2464,"date":"2022-12-08T09:25:09","date_gmt":"2022-12-08T06:25:09","guid":{"rendered":"http:\/\/auraparis2021.pastelle.fr\/?page_id=2464"},"modified":"2022-12-09T18:03:04","modified_gmt":"2022-12-09T15:03:04","slug":"accompagnement-du-patient-a-la-dialyse-a-domicile-diadom","status":"publish","type":"page","link":"https:\/\/auraparis.org\/fr\/centre-de-formation-fid-2\/loffre-de-formation\/accompagnement-du-patient-a-la-dialyse-a-domicile-diadom\/","title":{"rendered":"Accompagnement du patient \u00e0 la dialyse \u00e0 domicile #diadom"},"content":{"rendered":"<p>[vc_row][vc_column][vc_row_inner][vc_column_inner][vc_single_image image=\u00a0\u00bb2465&Prime; img_size=\u00a0\u00bblarge\u00a0\u00bb][\/vc_column_inner][\/vc_row_inner][\/vc_column][\/vc_row][vc_row el_class=\u00a0\u00bbaura-container\u00a0\u00bb][vc_column][vc_row_inner css=\u00a0\u00bb.vc_custom_1652372301171{margin-bottom: 2% !important;}\u00a0\u00bb][vc_column_inner][vc_custom_heading text=\u00a0\u00bbOBJECTIFS\u00a0\u00bb font_container=\u00a0\u00bbtag:h4|text_align:left\u00a0\u00bb use_theme_fonts=\u00a0\u00bbyes\u00a0\u00bb css=\u00a0\u00bb.vc_custom_1652613242506{margin-bottom: 2% !important;}\u00a0\u00bb el_class=\u00a0\u00bbbadge-icon\u00a0\u00bb][vc_column_text]<\/p>\n<ul>\n<li class=\"p1\">Identifier le r\u00f4le de l\u2019IDE formatrice dans la dialyse \u00e0 domicile<\/li>\n<li class=\"p1\">Identifier les diff\u00e9rentes \u00e9tapes du parcours patient dans la formation du patient \u00e0 domicile<\/li>\n<li class=\"p1\">D\u00e9finir le travail collaboratif des diff\u00e9rents intervenants<\/li>\n<\/ul>\n<p>[\/vc_column_text][\/vc_column_inner][\/vc_row_inner][vc_row_inner css=\u00a0\u00bb.vc_custom_1652372309202{margin-bottom: 2% !important;}\u00a0\u00bb][vc_column_inner][vc_custom_heading text=\u00a0\u00bbCONTENU P\u00c9DAGOGIQUE\u00a0\u00bb font_container=\u00a0\u00bbtag:h4|text_align:left\u00a0\u00bb use_theme_fonts=\u00a0\u00bbyes\u00a0\u00bb css=\u00a0\u00bb.vc_custom_1670504926901{margin-bottom: 2% !important;}\u00a0\u00bb el_class=\u00a0\u00bbdart-icon\u00a0\u00bb][vc_column_text]<\/p>\n<ul>\n<li class=\"p1\">Mission de l\u2019IDE formatrice<\/li>\n<li class=\"p1\">Le parcours patients en formation dialyse \u00e0 domicile<\/li>\n<li class=\"p1\">L\u2019ETP, un alli\u00e9 \u00e0 la formation patient<\/li>\n<li class=\"p1\">Collaboration pluridisciplinaire dans la dialyse \u00e0 domicile<\/li>\n<\/ul>\n<p>[\/vc_column_text][\/vc_column_inner][\/vc_row_inner][vc_row_inner css=\u00a0\u00bb.vc_custom_1652372314503{margin-bottom: 2% !important;}\u00a0\u00bb][vc_column_inner][vc_custom_heading text=\u00a0\u00bbM\u00c9THODES P\u00c9DAGOGIQUES\u00a0\u00bb font_container=\u00a0\u00bbtag:h4|text_align:left\u00a0\u00bb use_theme_fonts=\u00a0\u00bbyes\u00a0\u00bb css=\u00a0\u00bb.vc_custom_1652612889188{margin-bottom: 2% !important;}\u00a0\u00bb el_class=\u00a0\u00bblight-icon\u00a0\u00bb][vc_column_text]<\/p>\n<ul>\n<li>Active et exp\u00e9rientielle<\/li>\n<\/ul>\n<p>[\/vc_column_text][\/vc_column_inner][\/vc_row_inner][vc_row_inner css=\u00a0\u00bb.vc_custom_1652372318761{margin-bottom: 2% !important;}\u00a0\u00bb][vc_column_inner][vc_custom_heading text=\u00a0\u00bb\u00c9VALUATION ET VALIDATION\u00a0\u00bb font_container=\u00a0\u00bbtag:h4|text_align:left\u00a0\u00bb use_theme_fonts=\u00a0\u00bbyes\u00a0\u00bb css=\u00a0\u00bb.vc_custom_1652612287936{margin-bottom: 2% !important;}\u00a0\u00bb el_class=\u00a0\u00bbnote-paper-icon\u00a0\u00bb][vc_column_text]<\/p>\n<ul>\n<li>Sommative<\/li>\n<\/ul>\n<p>[\/vc_column_text][\/vc_column_inner][\/vc_row_inner][\/vc_column][\/vc_row][vc_row][vc_column][vc_btn title=\u00a0\u00bbINSCRIPTION\u00a0\u00bb shape=\u00a0\u00bbsquare\u00a0\u00bb align=\u00a0\u00bbright\u00a0\u00bb el_class=\u00a0\u00bbpdf-orange-btn pdf-orange-btn-small\u00a0\u00bb link=\u00a0\u00bburl:https%3A%2F%2Fforms.office.com%2Fr%2FCs32YXFXdV||target:%20_blank|rel:nofollow\u00a0\u00bb][\/vc_column][\/vc_row][vc_row css=\u00a0\u00bb.vc_custom_1652213781667{padding-top: 3% !important;padding-right: 1% !important;padding-bottom: 3% !important;padding-left: 5% !important;background-color: #1f4599 !important;}\u00a0\u00bb el_class=\u00a0\u00bbwhite-text\u00a0\u00bb][vc_column][vc_row_inner][vc_column_inner width=\u00a0\u00bb1\/2&Prime;][vc_column_text]<\/p>\n<table style=\"border-collapse: collapse; width: 100%;\">\n<tbody>\n<tr>\n<td style=\"width: 20%;\"><img loading=\"lazy\" decoding=\"async\" class=\"wp-image-1413 alignnone lazyload\" data-src=\"\/wp-content\/uploads\/2022\/05\/21.jpg\" alt=\"\" width=\"66\" height=\"45\" data-srcset=\"https:\/\/auraparis.org\/wp-content\/uploads\/2022\/05\/21.jpg 354w, https:\/\/auraparis.org\/wp-content\/uploads\/2022\/05\/21-300x207.jpg 300w\" data-sizes=\"auto, (max-width: 66px) 100vw, 66px\" src=\"data:image\/gif;base64,R0lGODlhAQABAAAAACH5BAEKAAEALAAAAAABAAEAAAICTAEAOw==\" style=\"--smush-placeholder-width: 66px; --smush-placeholder-aspect-ratio: 66\/45;\" \/><noscript><img loading=\"lazy\" decoding=\"async\" class=\"wp-image-1413 alignnone\" src=\"\/wp-content\/uploads\/2022\/05\/21.jpg\" alt=\"\" width=\"66\" height=\"45\" srcset=\"https:\/\/auraparis.org\/wp-content\/uploads\/2022\/05\/21.jpg 354w, https:\/\/auraparis.org\/wp-content\/uploads\/2022\/05\/21-300x207.jpg 300w\" sizes=\"auto, (max-width: 66px) 100vw, 66px\" \/><\/noscript><\/td>\n<td style=\"width: 80%;\">Publics concerne\u0301s :<br \/>\nCadre de sant\u00e9, Infirmier<\/td>\n<\/tr>\n<\/tbody>\n<\/table>\n<p>[\/vc_column_text][\/vc_column_inner][vc_column_inner width=\u00a0\u00bb1\/2&Prime;][vc_column_text]<\/p>\n<table style=\"border-collapse: collapse; width: 100%;\">\n<tbody>\n<tr>\n<td style=\"width: 20%;\"><img loading=\"lazy\" decoding=\"async\" class=\"alignnone wp-image-1411 lazyload\" data-src=\"\/wp-content\/uploads\/2022\/05\/24.jpg\" alt=\"\" width=\"66\" height=\"51\" data-srcset=\"https:\/\/auraparis.org\/wp-content\/uploads\/2022\/05\/24.jpg 347w, https:\/\/auraparis.org\/wp-content\/uploads\/2022\/05\/24-300x233.jpg 300w\" data-sizes=\"auto, (max-width: 66px) 100vw, 66px\" src=\"data:image\/gif;base64,R0lGODlhAQABAAAAACH5BAEKAAEALAAAAAABAAEAAAICTAEAOw==\" style=\"--smush-placeholder-width: 66px; --smush-placeholder-aspect-ratio: 66\/51;\" \/><noscript><img loading=\"lazy\" decoding=\"async\" class=\"alignnone wp-image-1411\" src=\"\/wp-content\/uploads\/2022\/05\/24.jpg\" alt=\"\" width=\"66\" height=\"51\" srcset=\"https:\/\/auraparis.org\/wp-content\/uploads\/2022\/05\/24.jpg 347w, https:\/\/auraparis.org\/wp-content\/uploads\/2022\/05\/24-300x233.jpg 300w\" sizes=\"auto, (max-width: 66px) 100vw, 66px\" \/><\/noscript><\/td>\n<td style=\"width: 80%;\">Intervenants :<br \/>\nN\u00e9phrologue, IDE formateurs<\/td>\n<\/tr>\n<\/tbody>\n<\/table>\n<p>[\/vc_column_text][\/vc_column_inner][\/vc_row_inner][vc_row_inner][vc_column_inner width=\u00a0\u00bb1\/2&Prime;][vc_column_text]<\/p>\n<table style=\"border-collapse: collapse; width: 100%;\">\n<tbody>\n<tr>\n<td style=\"width: 20%;\"><img loading=\"lazy\" decoding=\"async\" class=\"alignnone wp-image-1412 lazyload\" data-src=\"\/wp-content\/uploads\/2022\/05\/22.jpg\" alt=\"\" width=\"66\" height=\"67\" data-srcset=\"https:\/\/auraparis.org\/wp-content\/uploads\/2022\/05\/22.jpg 348w, https:\/\/auraparis.org\/wp-content\/uploads\/2022\/05\/22-295x300.jpg 295w, https:\/\/auraparis.org\/wp-content\/uploads\/2022\/05\/22-150x150.jpg 150w\" data-sizes=\"auto, (max-width: 66px) 100vw, 66px\" src=\"data:image\/gif;base64,R0lGODlhAQABAAAAACH5BAEKAAEALAAAAAABAAEAAAICTAEAOw==\" style=\"--smush-placeholder-width: 66px; --smush-placeholder-aspect-ratio: 66\/67;\" \/><noscript><img loading=\"lazy\" decoding=\"async\" class=\"alignnone wp-image-1412\" src=\"\/wp-content\/uploads\/2022\/05\/22.jpg\" alt=\"\" width=\"66\" height=\"67\" srcset=\"https:\/\/auraparis.org\/wp-content\/uploads\/2022\/05\/22.jpg 348w, https:\/\/auraparis.org\/wp-content\/uploads\/2022\/05\/22-295x300.jpg 295w, https:\/\/auraparis.org\/wp-content\/uploads\/2022\/05\/22-150x150.jpg 150w\" sizes=\"auto, (max-width: 66px) 100vw, 66px\" \/><\/noscript><\/td>\n<td style=\"width: 80%;\">Dure\u0301e :<br \/>\n1 jour &#8211; 7 heures<\/td>\n<\/tr>\n<\/tbody>\n<\/table>\n<p>[\/vc_column_text][\/vc_column_inner][vc_column_inner width=\u00a0\u00bb1\/2&Prime;][vc_column_text]<\/p>\n<table style=\"border-collapse: collapse; width: 100%;\">\n<tbody>\n<tr>\n<td style=\"width: 20%;\"><img loading=\"lazy\" decoding=\"async\" class=\"alignnone wp-image-1410 lazyload\" data-src=\"\/wp-content\/uploads\/2022\/05\/25.jpg\" alt=\"\" width=\"66\" height=\"68\" data-srcset=\"https:\/\/auraparis.org\/wp-content\/uploads\/2022\/05\/25.jpg 360w, https:\/\/auraparis.org\/wp-content\/uploads\/2022\/05\/25-290x300.jpg 290w\" data-sizes=\"auto, (max-width: 66px) 100vw, 66px\" src=\"data:image\/gif;base64,R0lGODlhAQABAAAAACH5BAEKAAEALAAAAAABAAEAAAICTAEAOw==\" style=\"--smush-placeholder-width: 66px; --smush-placeholder-aspect-ratio: 66\/68;\" \/><noscript><img loading=\"lazy\" decoding=\"async\" class=\"alignnone wp-image-1410\" src=\"\/wp-content\/uploads\/2022\/05\/25.jpg\" alt=\"\" width=\"66\" height=\"68\" srcset=\"https:\/\/auraparis.org\/wp-content\/uploads\/2022\/05\/25.jpg 360w, https:\/\/auraparis.org\/wp-content\/uploads\/2022\/05\/25-290x300.jpg 290w\" sizes=\"auto, (max-width: 66px) 100vw, 66px\" \/><\/noscript><\/td>\n<td style=\"width: 80%;\">Co\u00fbt (net de taxes) : 350 \u20ac<\/td>\n<\/tr>\n<\/tbody>\n<\/table>\n<p>[\/vc_column_text][\/vc_column_inner][\/vc_row_inner][\/vc_column][\/vc_row]<\/p>\n","protected":false},"excerpt":{"rendered":"<p>[vc_row][vc_column][vc_row_inner][vc_column_inner][vc_single_image image=\u00a0\u00bb2465&Prime; img_size=\u00a0\u00bblarge\u00a0\u00bb][\/vc_column_inner][\/vc_row_inner][\/vc_column][\/vc_row][vc_row el_class=\u00a0\u00bbaura-container\u00a0\u00bb][vc_column][vc_row_inner css=\u00a0\u00bb.vc_custom_1652372301171{margin-bottom: 2% !important;}\u00a0\u00bb][vc_column_inner][vc_custom_heading text=\u00a0\u00bbOBJECTIFS\u00a0\u00bb font_container=\u00a0\u00bbtag:h4|text_align:left\u00a0\u00bb use_theme_fonts=\u00a0\u00bbyes\u00a0\u00bb css=\u00a0\u00bb.vc_custom_1652613242506{margin-bottom: 2% !important;}\u00a0\u00bb el_class=\u00a0\u00bbbadge-icon\u00a0\u00bb][vc_column_text] Identifier le r\u00f4le de l\u2019IDE formatrice dans la dialyse \u00e0 domicile Identifier les diff\u00e9rentes \u00e9tapes du parcours patient dans la formation du patient \u00e0 domicile D\u00e9finir le travail collaboratif des diff\u00e9rents intervenants [\/vc_column_text][\/vc_column_inner][\/vc_row_inner][vc_row_inner css=\u00a0\u00bb.vc_custom_1652372309202{margin-bottom: 2% !important;}\u00a0\u00bb][vc_column_inner][vc_custom_heading text=\u00a0\u00bbCONTENU P\u00c9DAGOGIQUE\u00a0\u00bb font_container=\u00a0\u00bbtag:h4|text_align:left\u00a0\u00bb use_theme_fonts=\u00a0\u00bbyes\u00a0\u00bb css=\u00a0\u00bb.vc_custom_1670504926901{margin-bottom: &hellip; <\/p>\n<p class=\"link-more\"><a href=\"https:\/\/auraparis.org\/fr\/centre-de-formation-fid-2\/loffre-de-formation\/accompagnement-du-patient-a-la-dialyse-a-domicile-diadom\/\" class=\"more-link\">Continuer la lecture <span class=\"screen-reader-text\"> \u00ab\u00a0Accompagnement du patient \u00e0 la dialyse \u00e0 domicile #diadom\u00a0\u00bb<\/span><\/a><\/p>\n","protected":false},"author":5,"featured_media":2146,"parent":1062,"menu_order":69,"comment_status":"closed","ping_status":"closed","template":"templates\/template-training.php","meta":{"_acf_changed":false,"footnotes":""},"class_list":["post-2464","page","type-page","status-publish","has-post-thumbnail","hentry","entry"],"acf":[],"yoast_head":"<!-- This site is optimized with the Yoast SEO plugin v27.3 - https:\/\/yoast.com\/product\/yoast-seo-wordpress\/ -->\n<title>Accompagnement du patient \u00e0 la dialyse \u00e0 domicile #DIADOM - L&#039;AURA Paris<\/title>\n<meta name=\"robots\" content=\"index, follow, max-snippet:-1, max-image-preview:large, max-video-preview:-1\" \/>\n<link rel=\"canonical\" href=\"https:\/\/auraparis.org\/fr\/centre-de-formation-fid-2\/loffre-de-formation\/accompagnement-du-patient-a-la-dialyse-a-domicile-diadom\/\" \/>\n<meta property=\"og:locale\" content=\"fr_FR\" \/>\n<meta property=\"og:type\" content=\"article\" \/>\n<meta property=\"og:title\" content=\"Accompagnement du patient \u00e0 la dialyse \u00e0 domicile #DIADOM - L&#039;AURA Paris\" \/>\n<meta property=\"og:description\" content=\"[vc_row][vc_column][vc_row_inner][vc_column_inner][vc_single_image image=\u00a0\u00bb2465&Prime; img_size=\u00a0\u00bblarge\u00a0\u00bb][\/vc_column_inner][\/vc_row_inner][\/vc_column][\/vc_row][vc_row el_class=\u00a0\u00bbaura-container\u00a0\u00bb][vc_column][vc_row_inner css=\u00a0\u00bb.vc_custom_1652372301171{margin-bottom: 2% !important;}\u00a0\u00bb][vc_column_inner][vc_custom_heading text=\u00a0\u00bbOBJECTIFS\u00a0\u00bb font_container=\u00a0\u00bbtag:h4|text_align:left\u00a0\u00bb use_theme_fonts=\u00a0\u00bbyes\u00a0\u00bb css=\u00a0\u00bb.vc_custom_1652613242506{margin-bottom: 2% !important;}\u00a0\u00bb el_class=\u00a0\u00bbbadge-icon\u00a0\u00bb][vc_column_text] Identifier le r\u00f4le de l\u2019IDE formatrice dans la dialyse \u00e0 domicile Identifier les diff\u00e9rentes \u00e9tapes du parcours patient dans la formation du patient \u00e0 domicile D\u00e9finir le travail collaboratif des diff\u00e9rents intervenants [\/vc_column_text][\/vc_column_inner][\/vc_row_inner][vc_row_inner css=\u00a0\u00bb.vc_custom_1652372309202{margin-bottom: 2% !important;}\u00a0\u00bb][vc_column_inner][vc_custom_heading text=\u00a0\u00bbCONTENU P\u00c9DAGOGIQUE\u00a0\u00bb font_container=\u00a0\u00bbtag:h4|text_align:left\u00a0\u00bb use_theme_fonts=\u00a0\u00bbyes\u00a0\u00bb css=\u00a0\u00bb.vc_custom_1670504926901{margin-bottom: &hellip; Continuer la lecture \u00ab\u00a0Accompagnement du patient \u00e0 la dialyse \u00e0 domicile #diadom\u00a0\u00bb\" \/>\n<meta property=\"og:url\" content=\"https:\/\/auraparis.org\/fr\/centre-de-formation-fid-2\/loffre-de-formation\/accompagnement-du-patient-a-la-dialyse-a-domicile-diadom\/\" \/>\n<meta property=\"og:site_name\" content=\"L&#039;AURA Paris\" \/>\n<meta property=\"article:modified_time\" content=\"2022-12-09T15:03:04+00:00\" \/>\n<meta property=\"og:image\" content=\"http:\/\/auraparis.org\/wp-content\/uploads\/2022\/11\/iStock-1204089506\u00a9andresr-1-scaled-e1668520069572.jpg\" \/>\n\t<meta property=\"og:image:width\" content=\"1900\" \/>\n\t<meta property=\"og:image:height\" content=\"665\" \/>\n\t<meta property=\"og:image:type\" content=\"image\/jpeg\" \/>\n<meta name=\"twitter:card\" content=\"summary_large_image\" \/>\n<meta name=\"twitter:label1\" content=\"Dur\u00e9e de lecture estim\u00e9e\" \/>\n\t<meta name=\"twitter:data1\" content=\"2 minutes\" \/>\n<script type=\"application\/ld+json\" class=\"yoast-schema-graph\">{\"@context\":\"https:\\\/\\\/schema.org\",\"@graph\":[{\"@type\":\"WebPage\",\"@id\":\"https:\\\/\\\/auraparis.org\\\/fr\\\/centre-de-formation-fid-2\\\/loffre-de-formation\\\/accompagnement-du-patient-a-la-dialyse-a-domicile-diadom\\\/\",\"url\":\"https:\\\/\\\/auraparis.org\\\/fr\\\/centre-de-formation-fid-2\\\/loffre-de-formation\\\/accompagnement-du-patient-a-la-dialyse-a-domicile-diadom\\\/\",\"name\":\"Accompagnement du patient \u00e0 la dialyse \u00e0 domicile #DIADOM - L&#039;AURA Paris\",\"isPartOf\":{\"@id\":\"https:\\\/\\\/auraparis.org\\\/#website\"},\"primaryImageOfPage\":{\"@id\":\"https:\\\/\\\/auraparis.org\\\/fr\\\/centre-de-formation-fid-2\\\/loffre-de-formation\\\/accompagnement-du-patient-a-la-dialyse-a-domicile-diadom\\\/#primaryimage\"},\"image\":{\"@id\":\"https:\\\/\\\/auraparis.org\\\/fr\\\/centre-de-formation-fid-2\\\/loffre-de-formation\\\/accompagnement-du-patient-a-la-dialyse-a-domicile-diadom\\\/#primaryimage\"},\"thumbnailUrl\":\"https:\\\/\\\/auraparis.org\\\/wp-content\\\/uploads\\\/2022\\\/11\\\/iStock-1204089506\u00a9andresr-1-scaled-e1668520069572.jpg\",\"datePublished\":\"2022-12-08T06:25:09+00:00\",\"dateModified\":\"2022-12-09T15:03:04+00:00\",\"breadcrumb\":{\"@id\":\"https:\\\/\\\/auraparis.org\\\/fr\\\/centre-de-formation-fid-2\\\/loffre-de-formation\\\/accompagnement-du-patient-a-la-dialyse-a-domicile-diadom\\\/#breadcrumb\"},\"inLanguage\":\"fr-FR\",\"potentialAction\":[{\"@type\":\"ReadAction\",\"target\":[\"https:\\\/\\\/auraparis.org\\\/fr\\\/centre-de-formation-fid-2\\\/loffre-de-formation\\\/accompagnement-du-patient-a-la-dialyse-a-domicile-diadom\\\/\"]}]},{\"@type\":\"ImageObject\",\"inLanguage\":\"fr-FR\",\"@id\":\"https:\\\/\\\/auraparis.org\\\/fr\\\/centre-de-formation-fid-2\\\/loffre-de-formation\\\/accompagnement-du-patient-a-la-dialyse-a-domicile-diadom\\\/#primaryimage\",\"url\":\"https:\\\/\\\/auraparis.org\\\/wp-content\\\/uploads\\\/2022\\\/11\\\/iStock-1204089506\u00a9andresr-1-scaled-e1668520069572.jpg\",\"contentUrl\":\"https:\\\/\\\/auraparis.org\\\/wp-content\\\/uploads\\\/2022\\\/11\\\/iStock-1204089506\u00a9andresr-1-scaled-e1668520069572.jpg\",\"width\":1900,\"height\":665,\"caption\":\"Portrait of a happy female student in medical school with a group of classmates and looking at the camera smiling\"},{\"@type\":\"BreadcrumbList\",\"@id\":\"https:\\\/\\\/auraparis.org\\\/fr\\\/centre-de-formation-fid-2\\\/loffre-de-formation\\\/accompagnement-du-patient-a-la-dialyse-a-domicile-diadom\\\/#breadcrumb\",\"itemListElement\":[{\"@type\":\"ListItem\",\"position\":1,\"name\":\"Accueil\",\"item\":\"https:\\\/\\\/auraparis.org\\\/fr\\\/\"},{\"@type\":\"ListItem\",\"position\":2,\"name\":\"Centre de formation aura paris\",\"item\":\"https:\\\/\\\/auraparis.org\\\/fr\\\/centre-de-formation-fid-2\\\/\"},{\"@type\":\"ListItem\",\"position\":3,\"name\":\"L&rsquo;offre de formation\",\"item\":\"https:\\\/\\\/auraparis.org\\\/fr\\\/centre-de-formation-fid-2\\\/loffre-de-formation\\\/\"},{\"@type\":\"ListItem\",\"position\":4,\"name\":\"Accompagnement du patient \u00e0 la dialyse \u00e0 domicile #diadom\"}]},{\"@type\":\"WebSite\",\"@id\":\"https:\\\/\\\/auraparis.org\\\/#website\",\"url\":\"https:\\\/\\\/auraparis.org\\\/\",\"name\":\"L&#039;AURA Paris\",\"description\":\"\",\"publisher\":{\"@id\":\"https:\\\/\\\/auraparis.org\\\/#organization\"},\"potentialAction\":[{\"@type\":\"SearchAction\",\"target\":{\"@type\":\"EntryPoint\",\"urlTemplate\":\"https:\\\/\\\/auraparis.org\\\/?s={search_term_string}\"},\"query-input\":{\"@type\":\"PropertyValueSpecification\",\"valueRequired\":true,\"valueName\":\"search_term_string\"}}],\"inLanguage\":\"fr-FR\"},{\"@type\":\"Organization\",\"@id\":\"https:\\\/\\\/auraparis.org\\\/#organization\",\"name\":\"L&#039;AURA Paris\",\"url\":\"https:\\\/\\\/auraparis.org\\\/\",\"logo\":{\"@type\":\"ImageObject\",\"inLanguage\":\"fr-FR\",\"@id\":\"https:\\\/\\\/auraparis.org\\\/#\\\/schema\\\/logo\\\/image\\\/\",\"url\":\"https:\\\/\\\/auraparis.org\\\/wp-content\\\/uploads\\\/2026\\\/02\\\/cropped-favicon-dore.jpg\",\"contentUrl\":\"https:\\\/\\\/auraparis.org\\\/wp-content\\\/uploads\\\/2026\\\/02\\\/cropped-favicon-dore.jpg\",\"width\":190,\"height\":190,\"caption\":\"L&#039;AURA Paris\"},\"image\":{\"@id\":\"https:\\\/\\\/auraparis.org\\\/#\\\/schema\\\/logo\\\/image\\\/\"}}]}<\/script>\n<!-- \/ Yoast SEO plugin. -->","yoast_head_json":{"title":"Accompagnement du patient \u00e0 la dialyse \u00e0 domicile #DIADOM - L&#039;AURA Paris","robots":{"index":"index","follow":"follow","max-snippet":"max-snippet:-1","max-image-preview":"max-image-preview:large","max-video-preview":"max-video-preview:-1"},"canonical":"https:\/\/auraparis.org\/fr\/centre-de-formation-fid-2\/loffre-de-formation\/accompagnement-du-patient-a-la-dialyse-a-domicile-diadom\/","og_locale":"fr_FR","og_type":"article","og_title":"Accompagnement du patient \u00e0 la dialyse \u00e0 domicile #DIADOM - L&#039;AURA Paris","og_description":"[vc_row][vc_column][vc_row_inner][vc_column_inner][vc_single_image image=\u00a0\u00bb2465&Prime; img_size=\u00a0\u00bblarge\u00a0\u00bb][\/vc_column_inner][\/vc_row_inner][\/vc_column][\/vc_row][vc_row el_class=\u00a0\u00bbaura-container\u00a0\u00bb][vc_column][vc_row_inner css=\u00a0\u00bb.vc_custom_1652372301171{margin-bottom: 2% !important;}\u00a0\u00bb][vc_column_inner][vc_custom_heading text=\u00a0\u00bbOBJECTIFS\u00a0\u00bb font_container=\u00a0\u00bbtag:h4|text_align:left\u00a0\u00bb use_theme_fonts=\u00a0\u00bbyes\u00a0\u00bb css=\u00a0\u00bb.vc_custom_1652613242506{margin-bottom: 2% !important;}\u00a0\u00bb el_class=\u00a0\u00bbbadge-icon\u00a0\u00bb][vc_column_text] Identifier le r\u00f4le de l\u2019IDE formatrice dans la dialyse \u00e0 domicile Identifier les diff\u00e9rentes \u00e9tapes du parcours patient dans la formation du patient \u00e0 domicile D\u00e9finir le travail collaboratif des diff\u00e9rents intervenants [\/vc_column_text][\/vc_column_inner][\/vc_row_inner][vc_row_inner css=\u00a0\u00bb.vc_custom_1652372309202{margin-bottom: 2% !important;}\u00a0\u00bb][vc_column_inner][vc_custom_heading text=\u00a0\u00bbCONTENU P\u00c9DAGOGIQUE\u00a0\u00bb font_container=\u00a0\u00bbtag:h4|text_align:left\u00a0\u00bb use_theme_fonts=\u00a0\u00bbyes\u00a0\u00bb css=\u00a0\u00bb.vc_custom_1670504926901{margin-bottom: &hellip; Continuer la lecture \u00ab\u00a0Accompagnement du patient \u00e0 la dialyse \u00e0 domicile #diadom\u00a0\u00bb","og_url":"https:\/\/auraparis.org\/fr\/centre-de-formation-fid-2\/loffre-de-formation\/accompagnement-du-patient-a-la-dialyse-a-domicile-diadom\/","og_site_name":"L&#039;AURA Paris","article_modified_time":"2022-12-09T15:03:04+00:00","og_image":[{"width":1900,"height":665,"url":"http:\/\/auraparis.org\/wp-content\/uploads\/2022\/11\/iStock-1204089506\u00a9andresr-1-scaled-e1668520069572.jpg","type":"image\/jpeg"}],"twitter_card":"summary_large_image","twitter_misc":{"Dur\u00e9e de lecture estim\u00e9e":"2 minutes"},"schema":{"@context":"https:\/\/schema.org","@graph":[{"@type":"WebPage","@id":"https:\/\/auraparis.org\/fr\/centre-de-formation-fid-2\/loffre-de-formation\/accompagnement-du-patient-a-la-dialyse-a-domicile-diadom\/","url":"https:\/\/auraparis.org\/fr\/centre-de-formation-fid-2\/loffre-de-formation\/accompagnement-du-patient-a-la-dialyse-a-domicile-diadom\/","name":"Accompagnement du patient \u00e0 la dialyse \u00e0 domicile #DIADOM - L&#039;AURA Paris","isPartOf":{"@id":"https:\/\/auraparis.org\/#website"},"primaryImageOfPage":{"@id":"https:\/\/auraparis.org\/fr\/centre-de-formation-fid-2\/loffre-de-formation\/accompagnement-du-patient-a-la-dialyse-a-domicile-diadom\/#primaryimage"},"image":{"@id":"https:\/\/auraparis.org\/fr\/centre-de-formation-fid-2\/loffre-de-formation\/accompagnement-du-patient-a-la-dialyse-a-domicile-diadom\/#primaryimage"},"thumbnailUrl":"https:\/\/auraparis.org\/wp-content\/uploads\/2022\/11\/iStock-1204089506\u00a9andresr-1-scaled-e1668520069572.jpg","datePublished":"2022-12-08T06:25:09+00:00","dateModified":"2022-12-09T15:03:04+00:00","breadcrumb":{"@id":"https:\/\/auraparis.org\/fr\/centre-de-formation-fid-2\/loffre-de-formation\/accompagnement-du-patient-a-la-dialyse-a-domicile-diadom\/#breadcrumb"},"inLanguage":"fr-FR","potentialAction":[{"@type":"ReadAction","target":["https:\/\/auraparis.org\/fr\/centre-de-formation-fid-2\/loffre-de-formation\/accompagnement-du-patient-a-la-dialyse-a-domicile-diadom\/"]}]},{"@type":"ImageObject","inLanguage":"fr-FR","@id":"https:\/\/auraparis.org\/fr\/centre-de-formation-fid-2\/loffre-de-formation\/accompagnement-du-patient-a-la-dialyse-a-domicile-diadom\/#primaryimage","url":"https:\/\/auraparis.org\/wp-content\/uploads\/2022\/11\/iStock-1204089506\u00a9andresr-1-scaled-e1668520069572.jpg","contentUrl":"https:\/\/auraparis.org\/wp-content\/uploads\/2022\/11\/iStock-1204089506\u00a9andresr-1-scaled-e1668520069572.jpg","width":1900,"height":665,"caption":"Portrait of a happy female student in medical school with a group of classmates and looking at the camera smiling"},{"@type":"BreadcrumbList","@id":"https:\/\/auraparis.org\/fr\/centre-de-formation-fid-2\/loffre-de-formation\/accompagnement-du-patient-a-la-dialyse-a-domicile-diadom\/#breadcrumb","itemListElement":[{"@type":"ListItem","position":1,"name":"Accueil","item":"https:\/\/auraparis.org\/fr\/"},{"@type":"ListItem","position":2,"name":"Centre de formation aura paris","item":"https:\/\/auraparis.org\/fr\/centre-de-formation-fid-2\/"},{"@type":"ListItem","position":3,"name":"L&rsquo;offre de formation","item":"https:\/\/auraparis.org\/fr\/centre-de-formation-fid-2\/loffre-de-formation\/"},{"@type":"ListItem","position":4,"name":"Accompagnement du patient \u00e0 la dialyse \u00e0 domicile #diadom"}]},{"@type":"WebSite","@id":"https:\/\/auraparis.org\/#website","url":"https:\/\/auraparis.org\/","name":"L&#039;AURA Paris","description":"","publisher":{"@id":"https:\/\/auraparis.org\/#organization"},"potentialAction":[{"@type":"SearchAction","target":{"@type":"EntryPoint","urlTemplate":"https:\/\/auraparis.org\/?s={search_term_string}"},"query-input":{"@type":"PropertyValueSpecification","valueRequired":true,"valueName":"search_term_string"}}],"inLanguage":"fr-FR"},{"@type":"Organization","@id":"https:\/\/auraparis.org\/#organization","name":"L&#039;AURA Paris","url":"https:\/\/auraparis.org\/","logo":{"@type":"ImageObject","inLanguage":"fr-FR","@id":"https:\/\/auraparis.org\/#\/schema\/logo\/image\/","url":"https:\/\/auraparis.org\/wp-content\/uploads\/2026\/02\/cropped-favicon-dore.jpg","contentUrl":"https:\/\/auraparis.org\/wp-content\/uploads\/2026\/02\/cropped-favicon-dore.jpg","width":190,"height":190,"caption":"L&#039;AURA Paris"},"image":{"@id":"https:\/\/auraparis.org\/#\/schema\/logo\/image\/"}}]}},"_links":{"self":[{"href":"https:\/\/auraparis.org\/fr\/wp-json\/wp\/v2\/pages\/2464","targetHints":{"allow":["GET"]}}],"collection":[{"href":"https:\/\/auraparis.org\/fr\/wp-json\/wp\/v2\/pages"}],"about":[{"href":"https:\/\/auraparis.org\/fr\/wp-json\/wp\/v2\/types\/page"}],"author":[{"embeddable":true,"href":"https:\/\/auraparis.org\/fr\/wp-json\/wp\/v2\/users\/5"}],"replies":[{"embeddable":true,"href":"https:\/\/auraparis.org\/fr\/wp-json\/wp\/v2\/comments?post=2464"}],"version-history":[{"count":1,"href":"https:\/\/auraparis.org\/fr\/wp-json\/wp\/v2\/pages\/2464\/revisions"}],"predecessor-version":[{"id":2466,"href":"https:\/\/auraparis.org\/fr\/wp-json\/wp\/v2\/pages\/2464\/revisions\/2466"}],"up":[{"embeddable":true,"href":"https:\/\/auraparis.org\/fr\/wp-json\/wp\/v2\/pages\/1062"}],"wp:featuredmedia":[{"embeddable":true,"href":"https:\/\/auraparis.org\/fr\/wp-json\/wp\/v2\/media\/2146"}],"wp:attachment":[{"href":"https:\/\/auraparis.org\/fr\/wp-json\/wp\/v2\/media?parent=2464"}],"curies":[{"name":"wp","href":"https:\/\/api.w.org\/{rel}","templated":true}]}}