{"id":2658,"date":"2023-01-03T20:57:00","date_gmt":"2023-01-03T17:57:00","guid":{"rendered":"https:\/\/auraparis.org\/fr\/?page_id=2658"},"modified":"2023-01-04T12:06:47","modified_gmt":"2023-01-04T09:06:47","slug":"infos-coupures-electriques","status":"publish","type":"page","link":"https:\/\/auraparis.org\/fr\/infos-coupures-electriques\/","title":{"rendered":"Infos coupures \u00e9lectriques"},"content":{"rendered":"<p>[vc_row][vc_column][vc_column_text el_class=\u00a0\u00bbelectricity-content\u00a0\u00bb]<\/p>\n<p style=\"font-weight: 400;\"><em>Information mise \u00e0 jour le 04\/01\/2023 \u00e0 9h00.<\/em><\/p>\n<p>&nbsp;<\/p>\n<p style=\"font-weight: 400;\"><span style=\"color: #f08000;\"><strong>LES D\u00c9PARTEMENTS ET PLAGES HORAIRES CONCERN\u00c9S :<\/strong><\/span><\/p>\n<p><strong>Aucune alerte \u00e0 cette date.<\/strong><\/p>\n<table>\n<tbody>\n<tr>\n<td style=\"width: 183.188px;\"><strong>JOUR<\/strong><\/td>\n<td style=\"width: 197.5px;\"><strong>D\u00c9PARTEMENT<\/strong><\/td>\n<td style=\"width: 189.312px;\"><strong>PLAGE HORAIRE<\/strong><\/td>\n<\/tr>\n<tr>\n<td style=\"width: 183.188px;\"><\/td>\n<td style=\"width: 197.5px;\"><\/td>\n<td style=\"width: 189.312px;\"><\/td>\n<\/tr>\n<tr>\n<td style=\"width: 183.188px;\"><\/td>\n<td style=\"width: 197.5px;\"><\/td>\n<td style=\"width: 189.312px;\"><\/td>\n<\/tr>\n<tr>\n<td style=\"width: 183.188px;\"><\/td>\n<td style=\"width: 197.5px;\"><\/td>\n<td style=\"width: 189.312px;\"><\/td>\n<\/tr>\n<tr>\n<td style=\"width: 183.188px;\"><\/td>\n<td style=\"width: 197.5px;\"><\/td>\n<td style=\"width: 189.312px;\"><\/td>\n<\/tr>\n<tr>\n<td style=\"width: 183.188px;\"><\/td>\n<td style=\"width: 197.5px;\"><\/td>\n<td style=\"width: 189.312px;\"><\/td>\n<\/tr>\n<tr>\n<td style=\"width: 183.188px;\"><\/td>\n<td style=\"width: 197.5px;\"><\/td>\n<td style=\"width: 189.312px;\"><\/td>\n<\/tr>\n<\/tbody>\n<\/table>\n<p>&nbsp;<\/p>\n<p style=\"font-weight: 400;\"><span style=\"color: #f08000;\"><strong>LIENS UTILES :<\/strong><\/span><\/p>\n<p>&nbsp;<\/p>\n<p style=\"font-weight: 400;\">Afin de disposer de l\u2019<strong>alerte<\/strong> la plus pr\u00e9coce possible, <strong>il est recommand\u00e9 aux patients de s\u2019inscrire \u00e0 l\u2019alerte vigilance coupure<\/strong> via\u00a0:<\/p>\n<p>\u2022 <a href=\"https:\/\/www.monecowatt.fr\/inscription-alerte-vigilance-coupure\/\" target=\"_blank\" rel=\"noopener\">https:\/\/www.monecowatt.fr\/inscription-alerte-vigilance-coupure\/<\/a><\/p>\n<p>\u2022 Ou en t\u00e9l\u00e9chargeant l\u2019application EcoWatt<\/p>\n<p>&nbsp;<\/p>\n<p style=\"font-weight: 400;\">Vous recevrez ainsi un SMS ou une notification sur votre t\u00e9l\u00e9phone d\u00e8s J-3 en cas de pr\u00e9vision de tension.<\/p>\n<p>&nbsp;<\/p>\n<p style=\"font-weight: 400;\"><strong>\u00c0 compter de 17h la veille du d\u00e9lestage<\/strong>, vous pourrez v\u00e9rifier si votre adresse est concern\u00e9e par une coupure et \u00e0 quel horaire sur le site\u00a0:<\/p>\n<p>\u2022 <a href=\"https:\/\/coupures-temporaires.enedis.fr\/\" target=\"_blank\" rel=\"noopener\">https:\/\/coupures-temporaires.enedis.fr\/<\/a><\/p>\n<p>&nbsp;<\/p>\n<p style=\"font-weight: 400;\"><strong><span style=\"color: #f08000;\">POUR RAPPEL, LES \u00c9TAPES EN CAS DE D\u00c9LESTAGE :\u00a0<\/span><\/strong><\/p>\n<p>&nbsp;<\/p>\n<p><span style=\"color: #f08000;\"><strong>\u2022 J-3\/4 <\/strong>:<\/span> annonce par voie de presse et via <u>EcoWatt<\/u> de tensions sur l\u2019approvisionnement en \u00e9lectricit\u00e9 ;<\/p>\n<p>&nbsp;<\/p>\n<p><span style=\"color: #f08000;\"><strong>\u2022 J-2<\/strong> :<\/span> confirmation d\u2019un risque de d\u00e9lestage av\u00e9r\u00e9 ;<\/p>\n<p>&nbsp;<\/p>\n<p><span style=\"color: #ff0000;\"><strong><span style=\"color: #f08000;\">\u2022 J-1 :<\/span><br \/>\n<\/strong><\/span><\/p>\n<p><strong>17h <\/strong>: identification des d\u00e9partements concern\u00e9s disponible sur <u>EcoWatt<\/u> ;<\/p>\n<p><strong>21h30 : <\/strong>mise \u00e0 jour des territoires concern\u00e9s ;<\/p>\n<p>&nbsp;<\/p>\n<p><span style=\"color: #ff0000;\"><strong><span style=\"color: #f08000;\">\u2022 J0 :<\/span><br \/>\n<\/strong><\/span><\/p>\n<p><strong>6h <\/strong>: dernier ajustement du plan de d\u00e9lestage ;<\/p>\n<p><strong>8h-13h : plage horaire de coupure possible ;<\/strong><\/p>\n<p><strong>D\u00e9but d\u2019apr\u00e8s-midi <\/strong>: annonce par RTE d\u2019un d\u00e9lestage le soir si n\u00e9cessaire ;<\/p>\n<p><strong>18h-20h<\/strong> : <strong>plage horaire de coupure possible.<\/strong><\/p>\n<ul>\n<li style=\"list-style-type: none;\"><\/li>\n<\/ul>\n<ul>\n<li style=\"list-style-type: none;\">\n<ul>\n<li style=\"list-style-type: none;\"><\/li>\n<\/ul>\n<\/li>\n<\/ul>\n<ul>\n<li style=\"list-style-type: none;\"><\/li>\n<\/ul>\n<ul>\n<li style=\"list-style-type: none;\">\n<ul>\n<li style=\"list-style-type: none;\"><\/li>\n<\/ul>\n<\/li>\n<\/ul>\n<p>[\/vc_column_text][\/vc_column][\/vc_row]<\/p>\n","protected":false},"excerpt":{"rendered":"<p>[vc_row][vc_column][vc_column_text el_class=\u00a0\u00bbelectricity-content\u00a0\u00bb] Information mise \u00e0 jour le 04\/01\/2023 \u00e0 9h00. &nbsp; LES D\u00c9PARTEMENTS ET PLAGES HORAIRES CONCERN\u00c9S : Aucune alerte \u00e0 cette date. JOUR D\u00c9PARTEMENT PLAGE HORAIRE &nbsp; LIENS UTILES : &nbsp; Afin de disposer de l\u2019alerte la plus pr\u00e9coce possible, il est recommand\u00e9 aux patients de s\u2019inscrire \u00e0 l\u2019alerte vigilance coupure via\u00a0: \u2022 https:\/\/www.monecowatt.fr\/inscription-alerte-vigilance-coupure\/ &hellip; <\/p>\n<p class=\"link-more\"><a href=\"https:\/\/auraparis.org\/fr\/infos-coupures-electriques\/\" class=\"more-link\">Continuer la lecture <span class=\"screen-reader-text\"> \u00ab\u00a0Infos coupures \u00e9lectriques\u00a0\u00bb<\/span><\/a><\/p>\n","protected":false},"author":5,"featured_media":0,"parent":0,"menu_order":0,"comment_status":"closed","ping_status":"closed","template":"","meta":{"_acf_changed":false,"footnotes":""},"class_list":["post-2658","page","type-page","status-publish","hentry","entry"],"acf":[],"yoast_head":"<!-- This site is optimized with the Yoast SEO plugin v27.4 - https:\/\/yoast.com\/product\/yoast-seo-wordpress\/ -->\n<title>Infos coupures \u00e9lectriques - L&#039;AURA Paris<\/title>\n<meta name=\"robots\" content=\"index, follow, max-snippet:-1, max-image-preview:large, max-video-preview:-1\" \/>\n<link rel=\"canonical\" href=\"https:\/\/auraparis.org\/fr\/infos-coupures-electriques\/\" \/>\n<meta property=\"og:locale\" content=\"fr_FR\" \/>\n<meta property=\"og:type\" content=\"article\" \/>\n<meta property=\"og:title\" content=\"Infos coupures \u00e9lectriques - L&#039;AURA Paris\" \/>\n<meta property=\"og:description\" content=\"[vc_row][vc_column][vc_column_text el_class=\u00a0\u00bbelectricity-content\u00a0\u00bb] Information mise \u00e0 jour le 04\/01\/2023 \u00e0 9h00. &nbsp; LES D\u00c9PARTEMENTS ET PLAGES HORAIRES CONCERN\u00c9S : Aucune alerte \u00e0 cette date. JOUR D\u00c9PARTEMENT PLAGE HORAIRE &nbsp; LIENS UTILES : &nbsp; Afin de disposer de l\u2019alerte la plus pr\u00e9coce possible, il est recommand\u00e9 aux patients de s\u2019inscrire \u00e0 l\u2019alerte vigilance coupure via\u00a0: \u2022 https:\/\/www.monecowatt.fr\/inscription-alerte-vigilance-coupure\/ &hellip; Continuer la lecture \u00ab\u00a0Infos coupures \u00e9lectriques\u00a0\u00bb\" \/>\n<meta property=\"og:url\" content=\"https:\/\/auraparis.org\/fr\/infos-coupures-electriques\/\" \/>\n<meta property=\"og:site_name\" content=\"L&#039;AURA Paris\" \/>\n<meta property=\"article:modified_time\" content=\"2023-01-04T09:06:47+00:00\" \/>\n<meta name=\"twitter:card\" content=\"summary_large_image\" \/>\n<meta name=\"twitter:label1\" content=\"Dur\u00e9e de lecture estim\u00e9e\" \/>\n\t<meta name=\"twitter:data1\" content=\"1 minute\" \/>\n<script type=\"application\/ld+json\" class=\"yoast-schema-graph\">{\"@context\":\"https:\\\/\\\/schema.org\",\"@graph\":[{\"@type\":\"WebPage\",\"@id\":\"https:\\\/\\\/auraparis.org\\\/fr\\\/infos-coupures-electriques\\\/\",\"url\":\"https:\\\/\\\/auraparis.org\\\/fr\\\/infos-coupures-electriques\\\/\",\"name\":\"Infos coupures \u00e9lectriques - L&#039;AURA Paris\",\"isPartOf\":{\"@id\":\"https:\\\/\\\/auraparis.org\\\/#website\"},\"datePublished\":\"2023-01-03T17:57:00+00:00\",\"dateModified\":\"2023-01-04T09:06:47+00:00\",\"breadcrumb\":{\"@id\":\"https:\\\/\\\/auraparis.org\\\/fr\\\/infos-coupures-electriques\\\/#breadcrumb\"},\"inLanguage\":\"fr-FR\",\"potentialAction\":[{\"@type\":\"ReadAction\",\"target\":[\"https:\\\/\\\/auraparis.org\\\/fr\\\/infos-coupures-electriques\\\/\"]}]},{\"@type\":\"BreadcrumbList\",\"@id\":\"https:\\\/\\\/auraparis.org\\\/fr\\\/infos-coupures-electriques\\\/#breadcrumb\",\"itemListElement\":[{\"@type\":\"ListItem\",\"position\":1,\"name\":\"Accueil\",\"item\":\"https:\\\/\\\/auraparis.org\\\/fr\\\/\"},{\"@type\":\"ListItem\",\"position\":2,\"name\":\"Infos coupures \u00e9lectriques\"}]},{\"@type\":\"WebSite\",\"@id\":\"https:\\\/\\\/auraparis.org\\\/#website\",\"url\":\"https:\\\/\\\/auraparis.org\\\/\",\"name\":\"L&#039;AURA Paris\",\"description\":\"\",\"publisher\":{\"@id\":\"https:\\\/\\\/auraparis.org\\\/#organization\"},\"potentialAction\":[{\"@type\":\"SearchAction\",\"target\":{\"@type\":\"EntryPoint\",\"urlTemplate\":\"https:\\\/\\\/auraparis.org\\\/?s={search_term_string}\"},\"query-input\":{\"@type\":\"PropertyValueSpecification\",\"valueRequired\":true,\"valueName\":\"search_term_string\"}}],\"inLanguage\":\"fr-FR\"},{\"@type\":\"Organization\",\"@id\":\"https:\\\/\\\/auraparis.org\\\/#organization\",\"name\":\"L&#039;AURA Paris\",\"url\":\"https:\\\/\\\/auraparis.org\\\/\",\"logo\":{\"@type\":\"ImageObject\",\"inLanguage\":\"fr-FR\",\"@id\":\"https:\\\/\\\/auraparis.org\\\/#\\\/schema\\\/logo\\\/image\\\/\",\"url\":\"https:\\\/\\\/auraparis.org\\\/wp-content\\\/uploads\\\/2026\\\/02\\\/cropped-favicon-dore.jpg\",\"contentUrl\":\"https:\\\/\\\/auraparis.org\\\/wp-content\\\/uploads\\\/2026\\\/02\\\/cropped-favicon-dore.jpg\",\"width\":190,\"height\":190,\"caption\":\"L&#039;AURA Paris\"},\"image\":{\"@id\":\"https:\\\/\\\/auraparis.org\\\/#\\\/schema\\\/logo\\\/image\\\/\"}}]}<\/script>\n<!-- \/ Yoast SEO plugin. -->","yoast_head_json":{"title":"Infos coupures \u00e9lectriques - L&#039;AURA Paris","robots":{"index":"index","follow":"follow","max-snippet":"max-snippet:-1","max-image-preview":"max-image-preview:large","max-video-preview":"max-video-preview:-1"},"canonical":"https:\/\/auraparis.org\/fr\/infos-coupures-electriques\/","og_locale":"fr_FR","og_type":"article","og_title":"Infos coupures \u00e9lectriques - L&#039;AURA Paris","og_description":"[vc_row][vc_column][vc_column_text el_class=\u00a0\u00bbelectricity-content\u00a0\u00bb] Information mise \u00e0 jour le 04\/01\/2023 \u00e0 9h00. &nbsp; LES D\u00c9PARTEMENTS ET PLAGES HORAIRES CONCERN\u00c9S : Aucune alerte \u00e0 cette date. JOUR D\u00c9PARTEMENT PLAGE HORAIRE &nbsp; LIENS UTILES : &nbsp; Afin de disposer de l\u2019alerte la plus pr\u00e9coce possible, il est recommand\u00e9 aux patients de s\u2019inscrire \u00e0 l\u2019alerte vigilance coupure via\u00a0: \u2022 https:\/\/www.monecowatt.fr\/inscription-alerte-vigilance-coupure\/ &hellip; Continuer la lecture \u00ab\u00a0Infos coupures \u00e9lectriques\u00a0\u00bb","og_url":"https:\/\/auraparis.org\/fr\/infos-coupures-electriques\/","og_site_name":"L&#039;AURA Paris","article_modified_time":"2023-01-04T09:06:47+00:00","twitter_card":"summary_large_image","twitter_misc":{"Dur\u00e9e de lecture estim\u00e9e":"1 minute"},"schema":{"@context":"https:\/\/schema.org","@graph":[{"@type":"WebPage","@id":"https:\/\/auraparis.org\/fr\/infos-coupures-electriques\/","url":"https:\/\/auraparis.org\/fr\/infos-coupures-electriques\/","name":"Infos coupures \u00e9lectriques - L&#039;AURA Paris","isPartOf":{"@id":"https:\/\/auraparis.org\/#website"},"datePublished":"2023-01-03T17:57:00+00:00","dateModified":"2023-01-04T09:06:47+00:00","breadcrumb":{"@id":"https:\/\/auraparis.org\/fr\/infos-coupures-electriques\/#breadcrumb"},"inLanguage":"fr-FR","potentialAction":[{"@type":"ReadAction","target":["https:\/\/auraparis.org\/fr\/infos-coupures-electriques\/"]}]},{"@type":"BreadcrumbList","@id":"https:\/\/auraparis.org\/fr\/infos-coupures-electriques\/#breadcrumb","itemListElement":[{"@type":"ListItem","position":1,"name":"Accueil","item":"https:\/\/auraparis.org\/fr\/"},{"@type":"ListItem","position":2,"name":"Infos coupures \u00e9lectriques"}]},{"@type":"WebSite","@id":"https:\/\/auraparis.org\/#website","url":"https:\/\/auraparis.org\/","name":"L&#039;AURA Paris","description":"","publisher":{"@id":"https:\/\/auraparis.org\/#organization"},"potentialAction":[{"@type":"SearchAction","target":{"@type":"EntryPoint","urlTemplate":"https:\/\/auraparis.org\/?s={search_term_string}"},"query-input":{"@type":"PropertyValueSpecification","valueRequired":true,"valueName":"search_term_string"}}],"inLanguage":"fr-FR"},{"@type":"Organization","@id":"https:\/\/auraparis.org\/#organization","name":"L&#039;AURA Paris","url":"https:\/\/auraparis.org\/","logo":{"@type":"ImageObject","inLanguage":"fr-FR","@id":"https:\/\/auraparis.org\/#\/schema\/logo\/image\/","url":"https:\/\/auraparis.org\/wp-content\/uploads\/2026\/02\/cropped-favicon-dore.jpg","contentUrl":"https:\/\/auraparis.org\/wp-content\/uploads\/2026\/02\/cropped-favicon-dore.jpg","width":190,"height":190,"caption":"L&#039;AURA Paris"},"image":{"@id":"https:\/\/auraparis.org\/#\/schema\/logo\/image\/"}}]}},"_links":{"self":[{"href":"https:\/\/auraparis.org\/fr\/wp-json\/wp\/v2\/pages\/2658","targetHints":{"allow":["GET"]}}],"collection":[{"href":"https:\/\/auraparis.org\/fr\/wp-json\/wp\/v2\/pages"}],"about":[{"href":"https:\/\/auraparis.org\/fr\/wp-json\/wp\/v2\/types\/page"}],"author":[{"embeddable":true,"href":"https:\/\/auraparis.org\/fr\/wp-json\/wp\/v2\/users\/5"}],"replies":[{"embeddable":true,"href":"https:\/\/auraparis.org\/fr\/wp-json\/wp\/v2\/comments?post=2658"}],"version-history":[{"count":12,"href":"https:\/\/auraparis.org\/fr\/wp-json\/wp\/v2\/pages\/2658\/revisions"}],"predecessor-version":[{"id":2681,"href":"https:\/\/auraparis.org\/fr\/wp-json\/wp\/v2\/pages\/2658\/revisions\/2681"}],"wp:attachment":[{"href":"https:\/\/auraparis.org\/fr\/wp-json\/wp\/v2\/media?parent=2658"}],"curies":[{"name":"wp","href":"https:\/\/api.w.org\/{rel}","templated":true}]}}