{"id":395,"date":"2021-11-21T14:20:34","date_gmt":"2021-11-21T11:20:34","guid":{"rendered":"http:\/\/auraparis2021.pastelle.fr\/?page_id=395"},"modified":"2025-10-02T11:04:55","modified_gmt":"2025-10-02T10:04:55","slug":"notre-centre-de-formation-des-professionnels-a-la-dialyse","status":"publish","type":"page","link":"https:\/\/auraparis.org\/fr\/qui-sommes-nous\/nos-atouts\/notre-centre-de-formation-des-professionnels-a-la-dialyse\/","title":{"rendered":"Un centre de formation des professionnels de la sant\u00e9"},"content":{"rendered":"<p>[vc_row css=\u00a0\u00bb.vc_custom_1759399449663{background-color: #f2eee3 !important;}\u00a0\u00bb][vc_column css=\u00a0\u00bb.vc_custom_1759399493116{background-color: #f2eee3 !important;}\u00a0\u00bb][vc_column_text]Cr\u00e9\u00e9 en septembre 1995, le Centre de Formation des professionnels de sant\u00e9 en dialyse FID de l\u2019AURA est compos\u00e9e d\u2019une \u00e9quipe d\u2019ing\u00e9nierie p\u00e9dagogique en sant\u00e9 et d\u2019intervenants pluridisciplinaires experts dans le domaine de la n\u00e9phrologie, en constante recherche d\u2019innovation et veille professionnelle.[\/vc_column_text][vc_column_text]<strong>Qualit\u00e9\u00a0:<\/strong><br \/>\nEntre autres, nous disposons d\u2019une reconnaissance en tant que centre de formation continue en nous inscrivant\u00a0:<\/p>\n<ul>\n<li>d\u2019une part dans une d\u00e9marche qualit\u00e9, par l\u2019auto\u00e9valuation<\/li>\n<li>d\u2019autre part, en \u00e9tant r\u00e9f\u00e9renc\u00e9 Datadock, ODPC et certifi\u00e9 QUALIOPI.<\/li>\n<\/ul>\n<p>Par ailleurs, notre centre de formation se positionne en tant que cl\u00e9 de vo\u00fbte des bonnes pratiques de soins par le biais de d\u00e9veloppement de comp\u00e9tences chez les professionnels de sant\u00e9 dans le domaine de la maladie r\u00e9nale chronique et de la dialyse.<\/p>\n<p>De m\u00eame, nous accompagnons les soignants \u00e0 l\u2019acquisition de savoir\/savoir-faire\/savoir \u00eatre afin de participer \u00e0 l\u2019am\u00e9lioration de la prise en charge holistique du patient qui en est atteint.<\/p>\n<p>&nbsp;<\/p>\n<p><a href=\"\/centre-de-formation-fid-2\/loffre-de-formation\/\"><strong>Programme p\u00e9dagogique\u00a0:<\/strong><\/a><br \/>\nAinsi, pour r\u00e9pondre \u00e0 nos objectifs d\u2019enseignements, notre centre de formation offre un <a href=\"\/centre-de-formation-fid-2\/loffre-de-formation\/\">programme p\u00e9dagogique<\/a> bas\u00e9 sur des apports th\u00e9oriques et empiriques, adapt\u00e9 aux besoins et attentes de l\u2019apprenant et des institutions, qu\u2019il s\u2019agisse d\u2019une initiation, d\u2019un perfectionnement, d\u2019une analyse de pratique ou encore d\u2019un partage de savoir exp\u00e9rientiel.<\/p>\n<p>Cela s\u2019accompagne d\u2019outils p\u00e9dagogiques favorisant l\u2019\u00e9change, la co-construction et l\u2019\u00e9valuation, aboutissant ainsi \u00e0 l\u2019obtention de nouvelles comp\u00e9tences chez le soignant.<\/p>\n<p>&nbsp;<\/p>\n<p>Notre expertise s\u2019\u00e9taye sur un ensemble de domaines dans la maladie r\u00e9nale chronique qui sont :<\/p>\n<ul>\n<li>La th\u00e9orie<\/li>\n<li>La technicit\u00e9<\/li>\n<li>La qualit\u00e9 et s\u00e9curit\u00e9<\/li>\n<li>Le relationnel<\/li>\n<li>L\u2019\u00e9ducation et la pr\u00e9vention<\/li>\n<li>L\u2019hygi\u00e8ne<\/li>\n<li>La nutrition<\/li>\n<\/ul>\n<p>L\u2019ensemble de nos formations peuvent \u00eatre r\u00e9alis\u00e9es en inter et en intra selon diff\u00e9rents types de modalit\u00e9s p\u00e9dagogiques, pouvant r\u00e9pondre \u00e0 vos besoins.[\/vc_column_text][\/vc_column][\/vc_row]<\/p>\n","protected":false},"excerpt":{"rendered":"<p>[vc_row css=\u00a0\u00bb.vc_custom_1759399449663{background-color: #f2eee3 !important;}\u00a0\u00bb][vc_column css=\u00a0\u00bb.vc_custom_1759399493116{background-color: #f2eee3 !important;}\u00a0\u00bb][vc_column_text]Cr\u00e9\u00e9 en septembre 1995, le Centre de Formation des professionnels de sant\u00e9 en dialyse FID de l\u2019AURA est compos\u00e9e d\u2019une \u00e9quipe d\u2019ing\u00e9nierie p\u00e9dagogique en sant\u00e9 et d\u2019intervenants pluridisciplinaires experts dans le domaine de la n\u00e9phrologie, en constante recherche d\u2019innovation et veille professionnelle.[\/vc_column_text][vc_column_text]Qualit\u00e9\u00a0: Entre autres, nous disposons d\u2019une reconnaissance en &hellip; <\/p>\n<p class=\"link-more\"><a href=\"https:\/\/auraparis.org\/fr\/qui-sommes-nous\/nos-atouts\/notre-centre-de-formation-des-professionnels-a-la-dialyse\/\" class=\"more-link\">Continuer la lecture <span class=\"screen-reader-text\"> \u00ab\u00a0Un centre de formation des professionnels de la sant\u00e9\u00a0\u00bb<\/span><\/a><\/p>\n","protected":false},"author":5,"featured_media":3473,"parent":63,"menu_order":29,"comment_status":"closed","ping_status":"closed","template":"templates\/template-asset.php","meta":{"_acf_changed":false,"footnotes":""},"class_list":["post-395","page","type-page","status-publish","has-post-thumbnail","hentry","entry"],"acf":[],"yoast_head":"<!-- This site is optimized with the Yoast SEO plugin v27.4 - https:\/\/yoast.com\/product\/yoast-seo-wordpress\/ -->\n<title>Un centre de formation des professionnels de la Sant\u00e9 - L&#039;AURA Paris<\/title>\n<meta name=\"robots\" content=\"index, follow, max-snippet:-1, max-image-preview:large, max-video-preview:-1\" \/>\n<link rel=\"canonical\" href=\"https:\/\/auraparis.org\/fr\/qui-sommes-nous\/nos-atouts\/notre-centre-de-formation-des-professionnels-a-la-dialyse\/\" \/>\n<meta property=\"og:locale\" content=\"fr_FR\" \/>\n<meta property=\"og:type\" content=\"article\" \/>\n<meta property=\"og:title\" content=\"Un centre de formation des professionnels de la Sant\u00e9 - L&#039;AURA Paris\" \/>\n<meta property=\"og:description\" content=\"[vc_row css=\u00a0\u00bb.vc_custom_1759399449663{background-color: #f2eee3 !important;}\u00a0\u00bb][vc_column css=\u00a0\u00bb.vc_custom_1759399493116{background-color: #f2eee3 !important;}\u00a0\u00bb][vc_column_text]Cr\u00e9\u00e9 en septembre 1995, le Centre de Formation des professionnels de sant\u00e9 en dialyse FID de l\u2019AURA est compos\u00e9e d\u2019une \u00e9quipe d\u2019ing\u00e9nierie p\u00e9dagogique en sant\u00e9 et d\u2019intervenants pluridisciplinaires experts dans le domaine de la n\u00e9phrologie, en constante recherche d\u2019innovation et veille professionnelle.[\/vc_column_text][vc_column_text]Qualit\u00e9\u00a0: Entre autres, nous disposons d\u2019une reconnaissance en &hellip; Continuer la lecture \u00ab\u00a0Un centre de formation des professionnels de la sant\u00e9\u00a0\u00bb\" \/>\n<meta property=\"og:url\" content=\"https:\/\/auraparis.org\/fr\/qui-sommes-nous\/nos-atouts\/notre-centre-de-formation-des-professionnels-a-la-dialyse\/\" \/>\n<meta property=\"og:site_name\" content=\"L&#039;AURA Paris\" \/>\n<meta property=\"article:modified_time\" content=\"2025-10-02T10:04:55+00:00\" \/>\n<meta property=\"og:image\" content=\"https:\/\/auraparis.org\/wp-content\/uploads\/2025\/03\/2048x637.png\" \/>\n\t<meta property=\"og:image:width\" content=\"2048\" \/>\n\t<meta property=\"og:image:height\" content=\"637\" \/>\n\t<meta property=\"og:image:type\" content=\"image\/png\" \/>\n<meta name=\"twitter:card\" content=\"summary_large_image\" \/>\n<meta name=\"twitter:label1\" content=\"Dur\u00e9e de lecture estim\u00e9e\" \/>\n\t<meta name=\"twitter:data1\" content=\"2 minutes\" \/>\n<script type=\"application\/ld+json\" class=\"yoast-schema-graph\">{\"@context\":\"https:\\\/\\\/schema.org\",\"@graph\":[{\"@type\":\"WebPage\",\"@id\":\"https:\\\/\\\/auraparis.org\\\/fr\\\/qui-sommes-nous\\\/nos-atouts\\\/notre-centre-de-formation-des-professionnels-a-la-dialyse\\\/\",\"url\":\"https:\\\/\\\/auraparis.org\\\/fr\\\/qui-sommes-nous\\\/nos-atouts\\\/notre-centre-de-formation-des-professionnels-a-la-dialyse\\\/\",\"name\":\"Un centre de formation des professionnels de la Sant\u00e9 - L&#039;AURA Paris\",\"isPartOf\":{\"@id\":\"https:\\\/\\\/auraparis.org\\\/#website\"},\"primaryImageOfPage\":{\"@id\":\"https:\\\/\\\/auraparis.org\\\/fr\\\/qui-sommes-nous\\\/nos-atouts\\\/notre-centre-de-formation-des-professionnels-a-la-dialyse\\\/#primaryimage\"},\"image\":{\"@id\":\"https:\\\/\\\/auraparis.org\\\/fr\\\/qui-sommes-nous\\\/nos-atouts\\\/notre-centre-de-formation-des-professionnels-a-la-dialyse\\\/#primaryimage\"},\"thumbnailUrl\":\"https:\\\/\\\/auraparis.org\\\/wp-content\\\/uploads\\\/2025\\\/03\\\/2048x637.png\",\"datePublished\":\"2021-11-21T11:20:34+00:00\",\"dateModified\":\"2025-10-02T10:04:55+00:00\",\"breadcrumb\":{\"@id\":\"https:\\\/\\\/auraparis.org\\\/fr\\\/qui-sommes-nous\\\/nos-atouts\\\/notre-centre-de-formation-des-professionnels-a-la-dialyse\\\/#breadcrumb\"},\"inLanguage\":\"fr-FR\",\"potentialAction\":[{\"@type\":\"ReadAction\",\"target\":[\"https:\\\/\\\/auraparis.org\\\/fr\\\/qui-sommes-nous\\\/nos-atouts\\\/notre-centre-de-formation-des-professionnels-a-la-dialyse\\\/\"]}]},{\"@type\":\"ImageObject\",\"inLanguage\":\"fr-FR\",\"@id\":\"https:\\\/\\\/auraparis.org\\\/fr\\\/qui-sommes-nous\\\/nos-atouts\\\/notre-centre-de-formation-des-professionnels-a-la-dialyse\\\/#primaryimage\",\"url\":\"https:\\\/\\\/auraparis.org\\\/wp-content\\\/uploads\\\/2025\\\/03\\\/2048x637.png\",\"contentUrl\":\"https:\\\/\\\/auraparis.org\\\/wp-content\\\/uploads\\\/2025\\\/03\\\/2048x637.png\",\"width\":2048,\"height\":637},{\"@type\":\"BreadcrumbList\",\"@id\":\"https:\\\/\\\/auraparis.org\\\/fr\\\/qui-sommes-nous\\\/nos-atouts\\\/notre-centre-de-formation-des-professionnels-a-la-dialyse\\\/#breadcrumb\",\"itemListElement\":[{\"@type\":\"ListItem\",\"position\":1,\"name\":\"Accueil\",\"item\":\"https:\\\/\\\/auraparis.org\\\/fr\\\/\"},{\"@type\":\"ListItem\",\"position\":2,\"name\":\"Qui sommes-nous ?\",\"item\":\"https:\\\/\\\/auraparis.org\\\/fr\\\/qui-sommes-nous\\\/\"},{\"@type\":\"ListItem\",\"position\":3,\"name\":\"Nos atouts\",\"item\":\"https:\\\/\\\/auraparis.org\\\/fr\\\/qui-sommes-nous\\\/nos-atouts\\\/\"},{\"@type\":\"ListItem\",\"position\":4,\"name\":\"Un centre de formation des professionnels de la sant\u00e9\"}]},{\"@type\":\"WebSite\",\"@id\":\"https:\\\/\\\/auraparis.org\\\/#website\",\"url\":\"https:\\\/\\\/auraparis.org\\\/\",\"name\":\"L&#039;AURA Paris\",\"description\":\"\",\"publisher\":{\"@id\":\"https:\\\/\\\/auraparis.org\\\/#organization\"},\"potentialAction\":[{\"@type\":\"SearchAction\",\"target\":{\"@type\":\"EntryPoint\",\"urlTemplate\":\"https:\\\/\\\/auraparis.org\\\/?s={search_term_string}\"},\"query-input\":{\"@type\":\"PropertyValueSpecification\",\"valueRequired\":true,\"valueName\":\"search_term_string\"}}],\"inLanguage\":\"fr-FR\"},{\"@type\":\"Organization\",\"@id\":\"https:\\\/\\\/auraparis.org\\\/#organization\",\"name\":\"L&#039;AURA Paris\",\"url\":\"https:\\\/\\\/auraparis.org\\\/\",\"logo\":{\"@type\":\"ImageObject\",\"inLanguage\":\"fr-FR\",\"@id\":\"https:\\\/\\\/auraparis.org\\\/#\\\/schema\\\/logo\\\/image\\\/\",\"url\":\"https:\\\/\\\/auraparis.org\\\/wp-content\\\/uploads\\\/2026\\\/02\\\/cropped-favicon-dore.jpg\",\"contentUrl\":\"https:\\\/\\\/auraparis.org\\\/wp-content\\\/uploads\\\/2026\\\/02\\\/cropped-favicon-dore.jpg\",\"width\":190,\"height\":190,\"caption\":\"L&#039;AURA Paris\"},\"image\":{\"@id\":\"https:\\\/\\\/auraparis.org\\\/#\\\/schema\\\/logo\\\/image\\\/\"}}]}<\/script>\n<!-- \/ Yoast SEO plugin. -->","yoast_head_json":{"title":"Un centre de formation des professionnels de la Sant\u00e9 - L&#039;AURA Paris","robots":{"index":"index","follow":"follow","max-snippet":"max-snippet:-1","max-image-preview":"max-image-preview:large","max-video-preview":"max-video-preview:-1"},"canonical":"https:\/\/auraparis.org\/fr\/qui-sommes-nous\/nos-atouts\/notre-centre-de-formation-des-professionnels-a-la-dialyse\/","og_locale":"fr_FR","og_type":"article","og_title":"Un centre de formation des professionnels de la Sant\u00e9 - L&#039;AURA Paris","og_description":"[vc_row css=\u00a0\u00bb.vc_custom_1759399449663{background-color: #f2eee3 !important;}\u00a0\u00bb][vc_column css=\u00a0\u00bb.vc_custom_1759399493116{background-color: #f2eee3 !important;}\u00a0\u00bb][vc_column_text]Cr\u00e9\u00e9 en septembre 1995, le Centre de Formation des professionnels de sant\u00e9 en dialyse FID de l\u2019AURA est compos\u00e9e d\u2019une \u00e9quipe d\u2019ing\u00e9nierie p\u00e9dagogique en sant\u00e9 et d\u2019intervenants pluridisciplinaires experts dans le domaine de la n\u00e9phrologie, en constante recherche d\u2019innovation et veille professionnelle.[\/vc_column_text][vc_column_text]Qualit\u00e9\u00a0: Entre autres, nous disposons d\u2019une reconnaissance en &hellip; Continuer la lecture \u00ab\u00a0Un centre de formation des professionnels de la sant\u00e9\u00a0\u00bb","og_url":"https:\/\/auraparis.org\/fr\/qui-sommes-nous\/nos-atouts\/notre-centre-de-formation-des-professionnels-a-la-dialyse\/","og_site_name":"L&#039;AURA Paris","article_modified_time":"2025-10-02T10:04:55+00:00","og_image":[{"width":2048,"height":637,"url":"https:\/\/auraparis.org\/wp-content\/uploads\/2025\/03\/2048x637.png","type":"image\/png"}],"twitter_card":"summary_large_image","twitter_misc":{"Dur\u00e9e de lecture estim\u00e9e":"2 minutes"},"schema":{"@context":"https:\/\/schema.org","@graph":[{"@type":"WebPage","@id":"https:\/\/auraparis.org\/fr\/qui-sommes-nous\/nos-atouts\/notre-centre-de-formation-des-professionnels-a-la-dialyse\/","url":"https:\/\/auraparis.org\/fr\/qui-sommes-nous\/nos-atouts\/notre-centre-de-formation-des-professionnels-a-la-dialyse\/","name":"Un centre de formation des professionnels de la Sant\u00e9 - L&#039;AURA Paris","isPartOf":{"@id":"https:\/\/auraparis.org\/#website"},"primaryImageOfPage":{"@id":"https:\/\/auraparis.org\/fr\/qui-sommes-nous\/nos-atouts\/notre-centre-de-formation-des-professionnels-a-la-dialyse\/#primaryimage"},"image":{"@id":"https:\/\/auraparis.org\/fr\/qui-sommes-nous\/nos-atouts\/notre-centre-de-formation-des-professionnels-a-la-dialyse\/#primaryimage"},"thumbnailUrl":"https:\/\/auraparis.org\/wp-content\/uploads\/2025\/03\/2048x637.png","datePublished":"2021-11-21T11:20:34+00:00","dateModified":"2025-10-02T10:04:55+00:00","breadcrumb":{"@id":"https:\/\/auraparis.org\/fr\/qui-sommes-nous\/nos-atouts\/notre-centre-de-formation-des-professionnels-a-la-dialyse\/#breadcrumb"},"inLanguage":"fr-FR","potentialAction":[{"@type":"ReadAction","target":["https:\/\/auraparis.org\/fr\/qui-sommes-nous\/nos-atouts\/notre-centre-de-formation-des-professionnels-a-la-dialyse\/"]}]},{"@type":"ImageObject","inLanguage":"fr-FR","@id":"https:\/\/auraparis.org\/fr\/qui-sommes-nous\/nos-atouts\/notre-centre-de-formation-des-professionnels-a-la-dialyse\/#primaryimage","url":"https:\/\/auraparis.org\/wp-content\/uploads\/2025\/03\/2048x637.png","contentUrl":"https:\/\/auraparis.org\/wp-content\/uploads\/2025\/03\/2048x637.png","width":2048,"height":637},{"@type":"BreadcrumbList","@id":"https:\/\/auraparis.org\/fr\/qui-sommes-nous\/nos-atouts\/notre-centre-de-formation-des-professionnels-a-la-dialyse\/#breadcrumb","itemListElement":[{"@type":"ListItem","position":1,"name":"Accueil","item":"https:\/\/auraparis.org\/fr\/"},{"@type":"ListItem","position":2,"name":"Qui sommes-nous ?","item":"https:\/\/auraparis.org\/fr\/qui-sommes-nous\/"},{"@type":"ListItem","position":3,"name":"Nos atouts","item":"https:\/\/auraparis.org\/fr\/qui-sommes-nous\/nos-atouts\/"},{"@type":"ListItem","position":4,"name":"Un centre de formation des professionnels de la sant\u00e9"}]},{"@type":"WebSite","@id":"https:\/\/auraparis.org\/#website","url":"https:\/\/auraparis.org\/","name":"L&#039;AURA Paris","description":"","publisher":{"@id":"https:\/\/auraparis.org\/#organization"},"potentialAction":[{"@type":"SearchAction","target":{"@type":"EntryPoint","urlTemplate":"https:\/\/auraparis.org\/?s={search_term_string}"},"query-input":{"@type":"PropertyValueSpecification","valueRequired":true,"valueName":"search_term_string"}}],"inLanguage":"fr-FR"},{"@type":"Organization","@id":"https:\/\/auraparis.org\/#organization","name":"L&#039;AURA Paris","url":"https:\/\/auraparis.org\/","logo":{"@type":"ImageObject","inLanguage":"fr-FR","@id":"https:\/\/auraparis.org\/#\/schema\/logo\/image\/","url":"https:\/\/auraparis.org\/wp-content\/uploads\/2026\/02\/cropped-favicon-dore.jpg","contentUrl":"https:\/\/auraparis.org\/wp-content\/uploads\/2026\/02\/cropped-favicon-dore.jpg","width":190,"height":190,"caption":"L&#039;AURA Paris"},"image":{"@id":"https:\/\/auraparis.org\/#\/schema\/logo\/image\/"}}]}},"_links":{"self":[{"href":"https:\/\/auraparis.org\/fr\/wp-json\/wp\/v2\/pages\/395","targetHints":{"allow":["GET"]}}],"collection":[{"href":"https:\/\/auraparis.org\/fr\/wp-json\/wp\/v2\/pages"}],"about":[{"href":"https:\/\/auraparis.org\/fr\/wp-json\/wp\/v2\/types\/page"}],"author":[{"embeddable":true,"href":"https:\/\/auraparis.org\/fr\/wp-json\/wp\/v2\/users\/5"}],"replies":[{"embeddable":true,"href":"https:\/\/auraparis.org\/fr\/wp-json\/wp\/v2\/comments?post=395"}],"version-history":[{"count":14,"href":"https:\/\/auraparis.org\/fr\/wp-json\/wp\/v2\/pages\/395\/revisions"}],"predecessor-version":[{"id":3722,"href":"https:\/\/auraparis.org\/fr\/wp-json\/wp\/v2\/pages\/395\/revisions\/3722"}],"up":[{"embeddable":true,"href":"https:\/\/auraparis.org\/fr\/wp-json\/wp\/v2\/pages\/63"}],"wp:featuredmedia":[{"embeddable":true,"href":"https:\/\/auraparis.org\/fr\/wp-json\/wp\/v2\/media\/3473"}],"wp:attachment":[{"href":"https:\/\/auraparis.org\/fr\/wp-json\/wp\/v2\/media?parent=395"}],"curies":[{"name":"wp","href":"https:\/\/api.w.org\/{rel}","templated":true}]}}