{"id":398,"date":"2021-11-21T14:20:52","date_gmt":"2021-11-21T11:20:52","guid":{"rendered":"http:\/\/auraparis2021.pastelle.fr\/?page_id=398"},"modified":"2025-10-02T11:05:30","modified_gmt":"2025-10-02T10:05:30","slug":"qualite-gestiondesrisques","status":"publish","type":"page","link":"https:\/\/auraparis.org\/fr\/qui-sommes-nous\/nos-atouts\/qualite-gestiondesrisques\/","title":{"rendered":"La d\u00e9marche qualit\u00e9 et gestion des risques"},"content":{"rendered":"<p>[vc_row][vc_column css=\u00a0\u00bb.vc_custom_1759399523854{background-color: #f2eee3 !important;}\u00a0\u00bb][vc_column_text]<\/p>\n<p class=\"p1\"><strong>Depuis la cr\u00e9ation de l\u2019AURA en 1967, la qualit\u00e9, la gestion des risques et la s\u00e9curit\u00e9 des soins ont \u00e9t\u00e9 et restent les priorit\u00e9s de l\u2019Association. Pour garantir le respect de ces valeurs, le patient, acteur de sa sant\u00e9, est plac\u00e9 au centre des pr\u00e9occupations.<\/strong><\/p>\n<p>&nbsp;<\/p>\n<p class=\"p1\"><strong>La coordination de la d\u00e9marche qualit\u00e9 est confi\u00e9e au responsable qualit\u00e9 et gestion des risques et \u00e0 l\u2019ensemble de son \u00e9quipe.<\/strong><\/p>\n<p>&nbsp;<\/p>\n<p class=\"p1\">Pour garantir le niveau d\u2019exigence, l\u2019AURA Paris a d\u00e9fini <span style=\"color: #be952a;\"><strong>de nouveaux objectifs<\/strong><\/span> dans sa politique qualit\u00e9 et gestion des risques pour la p\u00e9riode 2023-2027\u00a0:<\/p>\n<p>&nbsp;<\/p>\n<p class=\"p1\"><span style=\"color: #be952a;\"><strong>1. <\/strong><\/span>D\u00e9velopper et entretenir la culture s\u00e9curit\u00e9 au travers d\u2019une dynamique d\u2019am\u00e9lioration continue au profit de tous en favorisant notamment les d\u00e9marches pluri professionnelles\u00a0:<\/p>\n<ul>\n<li class=\"p1\">S\u2019engager dans le PACTE (programme d\u2019am\u00e9lioration continue du travail en \u00e9quipe)<\/li>\n<li class=\"p1\">D\u00e9ployer le projet personnalis\u00e9 de soins<\/li>\n<\/ul>\n<p class=\"p1\"><span style=\"color: #be952a;\"><strong>2. <\/strong><\/span>Mettre en place l\u2019\u00e9ducation th\u00e9rapeutique et le patient expert en reconnaissant leur savoir exp\u00e9rientiel<\/p>\n<p>&nbsp;<\/p>\n<p class=\"p1\"><span style=\"color: #be952a;\"><strong>3.<\/strong> <\/span>Renforcer et d\u00e9velopper la gestion de risques li\u00e9s aux soins\u00a0: de la pr\u00e9vention \u00e0 la ma\u00eetrise du terrain<\/p>\n<p>&nbsp;<\/p>\n<p class=\"p1\"><span style=\"color: #be952a;\"><strong>4.<\/strong><\/span> Positionner l\u2019\u00e9valuation comme levier d\u2019am\u00e9lioration de la qualit\u00e9\/s\u00e9curit\u00e9 des soins\u00a0:<\/p>\n<ul>\n<li class=\"p1\">\u00c9valuer les pratiques professionnels en les \u00e9tendant aussi aux EPP de pertinence<\/li>\n<li class=\"p1\">Maintenir une dynamique d\u2019audit interne : patient-traceur, parcours traceur, traceur cibl\u00e9, audit syst\u00e8me etc.<\/li>\n<li class=\"p1\">Poursuivre et am\u00e9liorer la mesure de la satisfaction des usagers et favoriser le recueil de l\u2019exp\u00e9rience patient<\/li>\n<\/ul>\n<p class=\"p1\"><span style=\"color: #be952a;\"><strong>5. <\/strong><\/span>Impulser une dynamique de Responsabilit\u00e9 Sociale et Soci\u00e9tale de l\u2019Etablissement (RSE) face aux d\u00e9fis de demain\u00a0:<\/p>\n<ul>\n<li class=\"p1\">R\u00e9pondre aux exigences r\u00e9glementaires \u00e0 venir pour les \u00e9tablissements de sant\u00e9 en mati\u00e8re de d\u00e9veloppement durable (consommation \u00e9nerg\u00e9tique, gestion des d\u00e9chets etc.)<\/li>\n<li class=\"p1\">Favoriser les actions en mati\u00e8re du bien-\u00eatre au travail<\/li>\n<li class=\"p1\">Impliquer les parties prenantes \u00e0 la d\u00e9marche RSE de l\u2019AURA<\/li>\n<\/ul>\n<p class=\"p1\"><span style=\"color: #be952a;\"><strong>Instance de pilotage de la d\u00e9marche<\/strong><\/span><\/p>\n<p class=\"p1\">Le pilotage, la mise en \u0153uvre et l\u2019\u00e9valuation de la d\u00e9marche qualit\u00e9 et gestion des risques au sein de l\u2019AURA est assur\u00e9e par un <a href=\"\/qui-sommes-nous\/nos-instances-et-comites\/#1620662054732-9198f44a-8532\">Comit\u00e9 d\u2019Am\u00e9lioration Continue de la Qualit\u00e9 (CACQ)<\/a>.<\/p>\n<p>[\/vc_column_text][\/vc_column][\/vc_row]<\/p>\n","protected":false},"excerpt":{"rendered":"<p>[vc_row][vc_column css=\u00a0\u00bb.vc_custom_1759399523854{background-color: #f2eee3 !important;}\u00a0\u00bb][vc_column_text] Depuis la cr\u00e9ation de l\u2019AURA en 1967, la qualit\u00e9, la gestion des risques et la s\u00e9curit\u00e9 des soins ont \u00e9t\u00e9 et restent les priorit\u00e9s de l\u2019Association. Pour garantir le respect de ces valeurs, le patient, acteur de sa sant\u00e9, est plac\u00e9 au centre des pr\u00e9occupations. &nbsp; La coordination de la d\u00e9marche &hellip; <\/p>\n<p class=\"link-more\"><a href=\"https:\/\/auraparis.org\/fr\/qui-sommes-nous\/nos-atouts\/qualite-gestiondesrisques\/\" class=\"more-link\">Continuer la lecture <span class=\"screen-reader-text\"> \u00ab\u00a0La d\u00e9marche qualit\u00e9 et gestion des risques\u00a0\u00bb<\/span><\/a><\/p>\n","protected":false},"author":5,"featured_media":3473,"parent":63,"menu_order":30,"comment_status":"closed","ping_status":"closed","template":"templates\/template-asset.php","meta":{"_acf_changed":false,"footnotes":""},"class_list":["post-398","page","type-page","status-publish","has-post-thumbnail","hentry","entry"],"acf":[],"yoast_head":"<!-- This site is optimized with the Yoast SEO plugin v27.3 - https:\/\/yoast.com\/product\/yoast-seo-wordpress\/ -->\n<title>La d\u00e9marche Qualit\u00e9 et gestion des risques - L&#039;AURA Paris<\/title>\n<meta name=\"robots\" content=\"index, follow, max-snippet:-1, max-image-preview:large, max-video-preview:-1\" \/>\n<link rel=\"canonical\" href=\"https:\/\/auraparis.org\/fr\/qui-sommes-nous\/nos-atouts\/qualite-gestiondesrisques\/\" \/>\n<meta property=\"og:locale\" content=\"fr_FR\" \/>\n<meta property=\"og:type\" content=\"article\" \/>\n<meta property=\"og:title\" content=\"La d\u00e9marche Qualit\u00e9 et gestion des risques - L&#039;AURA Paris\" \/>\n<meta property=\"og:description\" content=\"[vc_row][vc_column css=\u00a0\u00bb.vc_custom_1759399523854{background-color: #f2eee3 !important;}\u00a0\u00bb][vc_column_text] Depuis la cr\u00e9ation de l\u2019AURA en 1967, la qualit\u00e9, la gestion des risques et la s\u00e9curit\u00e9 des soins ont \u00e9t\u00e9 et restent les priorit\u00e9s de l\u2019Association. Pour garantir le respect de ces valeurs, le patient, acteur de sa sant\u00e9, est plac\u00e9 au centre des pr\u00e9occupations. &nbsp; La coordination de la d\u00e9marche &hellip; Continuer la lecture \u00ab\u00a0La d\u00e9marche qualit\u00e9 et gestion des risques\u00a0\u00bb\" \/>\n<meta property=\"og:url\" content=\"https:\/\/auraparis.org\/fr\/qui-sommes-nous\/nos-atouts\/qualite-gestiondesrisques\/\" \/>\n<meta property=\"og:site_name\" content=\"L&#039;AURA Paris\" \/>\n<meta property=\"article:modified_time\" content=\"2025-10-02T10:05:30+00:00\" \/>\n<meta property=\"og:image\" content=\"https:\/\/auraparis.org\/wp-content\/uploads\/2025\/03\/2048x637.png\" \/>\n\t<meta property=\"og:image:width\" content=\"2048\" \/>\n\t<meta property=\"og:image:height\" content=\"637\" \/>\n\t<meta property=\"og:image:type\" content=\"image\/png\" \/>\n<meta name=\"twitter:card\" content=\"summary_large_image\" \/>\n<meta name=\"twitter:label1\" content=\"Dur\u00e9e de lecture estim\u00e9e\" \/>\n\t<meta name=\"twitter:data1\" content=\"2 minutes\" \/>\n<script type=\"application\/ld+json\" class=\"yoast-schema-graph\">{\"@context\":\"https:\\\/\\\/schema.org\",\"@graph\":[{\"@type\":\"WebPage\",\"@id\":\"https:\\\/\\\/auraparis.org\\\/fr\\\/qui-sommes-nous\\\/nos-atouts\\\/qualite-gestiondesrisques\\\/\",\"url\":\"https:\\\/\\\/auraparis.org\\\/fr\\\/qui-sommes-nous\\\/nos-atouts\\\/qualite-gestiondesrisques\\\/\",\"name\":\"La d\u00e9marche Qualit\u00e9 et gestion des risques - L&#039;AURA Paris\",\"isPartOf\":{\"@id\":\"https:\\\/\\\/auraparis.org\\\/#website\"},\"primaryImageOfPage\":{\"@id\":\"https:\\\/\\\/auraparis.org\\\/fr\\\/qui-sommes-nous\\\/nos-atouts\\\/qualite-gestiondesrisques\\\/#primaryimage\"},\"image\":{\"@id\":\"https:\\\/\\\/auraparis.org\\\/fr\\\/qui-sommes-nous\\\/nos-atouts\\\/qualite-gestiondesrisques\\\/#primaryimage\"},\"thumbnailUrl\":\"https:\\\/\\\/auraparis.org\\\/wp-content\\\/uploads\\\/2025\\\/03\\\/2048x637.png\",\"datePublished\":\"2021-11-21T11:20:52+00:00\",\"dateModified\":\"2025-10-02T10:05:30+00:00\",\"breadcrumb\":{\"@id\":\"https:\\\/\\\/auraparis.org\\\/fr\\\/qui-sommes-nous\\\/nos-atouts\\\/qualite-gestiondesrisques\\\/#breadcrumb\"},\"inLanguage\":\"fr-FR\",\"potentialAction\":[{\"@type\":\"ReadAction\",\"target\":[\"https:\\\/\\\/auraparis.org\\\/fr\\\/qui-sommes-nous\\\/nos-atouts\\\/qualite-gestiondesrisques\\\/\"]}]},{\"@type\":\"ImageObject\",\"inLanguage\":\"fr-FR\",\"@id\":\"https:\\\/\\\/auraparis.org\\\/fr\\\/qui-sommes-nous\\\/nos-atouts\\\/qualite-gestiondesrisques\\\/#primaryimage\",\"url\":\"https:\\\/\\\/auraparis.org\\\/wp-content\\\/uploads\\\/2025\\\/03\\\/2048x637.png\",\"contentUrl\":\"https:\\\/\\\/auraparis.org\\\/wp-content\\\/uploads\\\/2025\\\/03\\\/2048x637.png\",\"width\":2048,\"height\":637},{\"@type\":\"BreadcrumbList\",\"@id\":\"https:\\\/\\\/auraparis.org\\\/fr\\\/qui-sommes-nous\\\/nos-atouts\\\/qualite-gestiondesrisques\\\/#breadcrumb\",\"itemListElement\":[{\"@type\":\"ListItem\",\"position\":1,\"name\":\"Accueil\",\"item\":\"https:\\\/\\\/auraparis.org\\\/fr\\\/\"},{\"@type\":\"ListItem\",\"position\":2,\"name\":\"Qui sommes-nous ?\",\"item\":\"https:\\\/\\\/auraparis.org\\\/fr\\\/qui-sommes-nous\\\/\"},{\"@type\":\"ListItem\",\"position\":3,\"name\":\"Nos atouts\",\"item\":\"https:\\\/\\\/auraparis.org\\\/fr\\\/qui-sommes-nous\\\/nos-atouts\\\/\"},{\"@type\":\"ListItem\",\"position\":4,\"name\":\"La d\u00e9marche qualit\u00e9 et gestion des risques\"}]},{\"@type\":\"WebSite\",\"@id\":\"https:\\\/\\\/auraparis.org\\\/#website\",\"url\":\"https:\\\/\\\/auraparis.org\\\/\",\"name\":\"L&#039;AURA Paris\",\"description\":\"\",\"publisher\":{\"@id\":\"https:\\\/\\\/auraparis.org\\\/#organization\"},\"potentialAction\":[{\"@type\":\"SearchAction\",\"target\":{\"@type\":\"EntryPoint\",\"urlTemplate\":\"https:\\\/\\\/auraparis.org\\\/?s={search_term_string}\"},\"query-input\":{\"@type\":\"PropertyValueSpecification\",\"valueRequired\":true,\"valueName\":\"search_term_string\"}}],\"inLanguage\":\"fr-FR\"},{\"@type\":\"Organization\",\"@id\":\"https:\\\/\\\/auraparis.org\\\/#organization\",\"name\":\"L&#039;AURA Paris\",\"url\":\"https:\\\/\\\/auraparis.org\\\/\",\"logo\":{\"@type\":\"ImageObject\",\"inLanguage\":\"fr-FR\",\"@id\":\"https:\\\/\\\/auraparis.org\\\/#\\\/schema\\\/logo\\\/image\\\/\",\"url\":\"https:\\\/\\\/auraparis.org\\\/wp-content\\\/uploads\\\/2026\\\/02\\\/cropped-favicon-dore.jpg\",\"contentUrl\":\"https:\\\/\\\/auraparis.org\\\/wp-content\\\/uploads\\\/2026\\\/02\\\/cropped-favicon-dore.jpg\",\"width\":190,\"height\":190,\"caption\":\"L&#039;AURA Paris\"},\"image\":{\"@id\":\"https:\\\/\\\/auraparis.org\\\/#\\\/schema\\\/logo\\\/image\\\/\"}}]}<\/script>\n<!-- \/ Yoast SEO plugin. -->","yoast_head_json":{"title":"La d\u00e9marche Qualit\u00e9 et gestion des risques - L&#039;AURA Paris","robots":{"index":"index","follow":"follow","max-snippet":"max-snippet:-1","max-image-preview":"max-image-preview:large","max-video-preview":"max-video-preview:-1"},"canonical":"https:\/\/auraparis.org\/fr\/qui-sommes-nous\/nos-atouts\/qualite-gestiondesrisques\/","og_locale":"fr_FR","og_type":"article","og_title":"La d\u00e9marche Qualit\u00e9 et gestion des risques - L&#039;AURA Paris","og_description":"[vc_row][vc_column css=\u00a0\u00bb.vc_custom_1759399523854{background-color: #f2eee3 !important;}\u00a0\u00bb][vc_column_text] Depuis la cr\u00e9ation de l\u2019AURA en 1967, la qualit\u00e9, la gestion des risques et la s\u00e9curit\u00e9 des soins ont \u00e9t\u00e9 et restent les priorit\u00e9s de l\u2019Association. Pour garantir le respect de ces valeurs, le patient, acteur de sa sant\u00e9, est plac\u00e9 au centre des pr\u00e9occupations. &nbsp; La coordination de la d\u00e9marche &hellip; Continuer la lecture \u00ab\u00a0La d\u00e9marche qualit\u00e9 et gestion des risques\u00a0\u00bb","og_url":"https:\/\/auraparis.org\/fr\/qui-sommes-nous\/nos-atouts\/qualite-gestiondesrisques\/","og_site_name":"L&#039;AURA Paris","article_modified_time":"2025-10-02T10:05:30+00:00","og_image":[{"width":2048,"height":637,"url":"https:\/\/auraparis.org\/wp-content\/uploads\/2025\/03\/2048x637.png","type":"image\/png"}],"twitter_card":"summary_large_image","twitter_misc":{"Dur\u00e9e de lecture estim\u00e9e":"2 minutes"},"schema":{"@context":"https:\/\/schema.org","@graph":[{"@type":"WebPage","@id":"https:\/\/auraparis.org\/fr\/qui-sommes-nous\/nos-atouts\/qualite-gestiondesrisques\/","url":"https:\/\/auraparis.org\/fr\/qui-sommes-nous\/nos-atouts\/qualite-gestiondesrisques\/","name":"La d\u00e9marche Qualit\u00e9 et gestion des risques - L&#039;AURA Paris","isPartOf":{"@id":"https:\/\/auraparis.org\/#website"},"primaryImageOfPage":{"@id":"https:\/\/auraparis.org\/fr\/qui-sommes-nous\/nos-atouts\/qualite-gestiondesrisques\/#primaryimage"},"image":{"@id":"https:\/\/auraparis.org\/fr\/qui-sommes-nous\/nos-atouts\/qualite-gestiondesrisques\/#primaryimage"},"thumbnailUrl":"https:\/\/auraparis.org\/wp-content\/uploads\/2025\/03\/2048x637.png","datePublished":"2021-11-21T11:20:52+00:00","dateModified":"2025-10-02T10:05:30+00:00","breadcrumb":{"@id":"https:\/\/auraparis.org\/fr\/qui-sommes-nous\/nos-atouts\/qualite-gestiondesrisques\/#breadcrumb"},"inLanguage":"fr-FR","potentialAction":[{"@type":"ReadAction","target":["https:\/\/auraparis.org\/fr\/qui-sommes-nous\/nos-atouts\/qualite-gestiondesrisques\/"]}]},{"@type":"ImageObject","inLanguage":"fr-FR","@id":"https:\/\/auraparis.org\/fr\/qui-sommes-nous\/nos-atouts\/qualite-gestiondesrisques\/#primaryimage","url":"https:\/\/auraparis.org\/wp-content\/uploads\/2025\/03\/2048x637.png","contentUrl":"https:\/\/auraparis.org\/wp-content\/uploads\/2025\/03\/2048x637.png","width":2048,"height":637},{"@type":"BreadcrumbList","@id":"https:\/\/auraparis.org\/fr\/qui-sommes-nous\/nos-atouts\/qualite-gestiondesrisques\/#breadcrumb","itemListElement":[{"@type":"ListItem","position":1,"name":"Accueil","item":"https:\/\/auraparis.org\/fr\/"},{"@type":"ListItem","position":2,"name":"Qui sommes-nous ?","item":"https:\/\/auraparis.org\/fr\/qui-sommes-nous\/"},{"@type":"ListItem","position":3,"name":"Nos atouts","item":"https:\/\/auraparis.org\/fr\/qui-sommes-nous\/nos-atouts\/"},{"@type":"ListItem","position":4,"name":"La d\u00e9marche qualit\u00e9 et gestion des risques"}]},{"@type":"WebSite","@id":"https:\/\/auraparis.org\/#website","url":"https:\/\/auraparis.org\/","name":"L&#039;AURA Paris","description":"","publisher":{"@id":"https:\/\/auraparis.org\/#organization"},"potentialAction":[{"@type":"SearchAction","target":{"@type":"EntryPoint","urlTemplate":"https:\/\/auraparis.org\/?s={search_term_string}"},"query-input":{"@type":"PropertyValueSpecification","valueRequired":true,"valueName":"search_term_string"}}],"inLanguage":"fr-FR"},{"@type":"Organization","@id":"https:\/\/auraparis.org\/#organization","name":"L&#039;AURA Paris","url":"https:\/\/auraparis.org\/","logo":{"@type":"ImageObject","inLanguage":"fr-FR","@id":"https:\/\/auraparis.org\/#\/schema\/logo\/image\/","url":"https:\/\/auraparis.org\/wp-content\/uploads\/2026\/02\/cropped-favicon-dore.jpg","contentUrl":"https:\/\/auraparis.org\/wp-content\/uploads\/2026\/02\/cropped-favicon-dore.jpg","width":190,"height":190,"caption":"L&#039;AURA Paris"},"image":{"@id":"https:\/\/auraparis.org\/#\/schema\/logo\/image\/"}}]}},"_links":{"self":[{"href":"https:\/\/auraparis.org\/fr\/wp-json\/wp\/v2\/pages\/398","targetHints":{"allow":["GET"]}}],"collection":[{"href":"https:\/\/auraparis.org\/fr\/wp-json\/wp\/v2\/pages"}],"about":[{"href":"https:\/\/auraparis.org\/fr\/wp-json\/wp\/v2\/types\/page"}],"author":[{"embeddable":true,"href":"https:\/\/auraparis.org\/fr\/wp-json\/wp\/v2\/users\/5"}],"replies":[{"embeddable":true,"href":"https:\/\/auraparis.org\/fr\/wp-json\/wp\/v2\/comments?post=398"}],"version-history":[{"count":12,"href":"https:\/\/auraparis.org\/fr\/wp-json\/wp\/v2\/pages\/398\/revisions"}],"predecessor-version":[{"id":3723,"href":"https:\/\/auraparis.org\/fr\/wp-json\/wp\/v2\/pages\/398\/revisions\/3723"}],"up":[{"embeddable":true,"href":"https:\/\/auraparis.org\/fr\/wp-json\/wp\/v2\/pages\/63"}],"wp:featuredmedia":[{"embeddable":true,"href":"https:\/\/auraparis.org\/fr\/wp-json\/wp\/v2\/media\/3473"}],"wp:attachment":[{"href":"https:\/\/auraparis.org\/fr\/wp-json\/wp\/v2\/media?parent=398"}],"curies":[{"name":"wp","href":"https:\/\/api.w.org\/{rel}","templated":true}]}}