{"id":400,"date":"2021-11-21T14:20:59","date_gmt":"2021-11-21T11:20:59","guid":{"rendered":"http:\/\/auraparis2021.pastelle.fr\/?page_id=400"},"modified":"2025-10-02T11:12:56","modified_gmt":"2025-10-02T10:12:56","slug":"patients-en-sejour-temporaire-dans-paris-et-sa-region","status":"publish","type":"page","link":"https:\/\/auraparis.org\/fr\/qui-sommes-nous\/nos-atouts\/patients-en-sejour-temporaire-dans-paris-et-sa-region\/","title":{"rendered":"Patients en s\u00e9jour temporaire dans paris et sa r\u00e9gion"},"content":{"rendered":"<p>[vc_row][vc_column][vc_row_inner][vc_column_inner css=\u00a0\u00bb.vc_custom_1759399576561{background-color: #f2eee3 !important;}\u00a0\u00bb][vc_custom_heading text=\u00a0\u00bbLa prise en charge des patients de dialyse \u00e0 domicile en s\u00e9jour temporaire :\u00a0\u00bb font_container=\u00a0\u00bbtag:div|text_align:left\u00a0\u00bb use_theme_fonts=\u00a0\u00bbyes\u00a0\u00bb el_class=\u00a0\u00bbcontent-sub-title\u00a0\u00bb][vc_column_text][\/vc_column_text][\/vc_column_inner][\/vc_row_inner][vc_row_inner css=\u00a0\u00bb.vc_custom_1664439845326{padding-left: 50px !important;}\u00a0\u00bb][vc_column_inner css=\u00a0\u00bb.vc_custom_1759399583640{background-color: #f2eee3 !important;}\u00a0\u00bb][vc_column_text]<\/p>\n<ul>\n<li><strong>Vous \u00eates autonome et vous dialysez habituellement \u00e0 votre domicile, sur syst\u00e8me NxStage \/ Physidia ou vous avez recours \u00e0 un traitement par dialyse p\u00e9riton\u00e9ale ?<\/strong><\/li>\n<li><strong>Vous souhaitez d\u00e9couvrir la plus belle ville du monde et sa r\u00e9gion ?<\/strong><\/li>\n<\/ul>\n<p>&nbsp;<\/p>\n<p><span style=\"color: #c19f7d;\"><strong>Nous sommes \u00e0 votre disposition pour vous accompagner dans cette d\u00e9marche.<\/strong><\/span>[\/vc_column_text][vc_column_text]<\/p>\n<ul>\n<li><strong>Les \u00e9quipes de l\u2019AURA vous accueilleront et vous accompagneront dans la poursuite de votre traitement de dialyse \u00e0 domicile pendant votre s\u00e9jour en toute s\u00e9curit\u00e9<\/strong>.<\/li>\n<\/ul>\n<p>&nbsp;<\/p>\n<ul>\n<li><strong>Nous livrons \u00e0 votre domicile votre mat\u00e9riel de dialyse et programmons avec vous votre s\u00e9ance de repli dans un de nos centres r\u00e9f\u00e9rents de dialyse \u00e0 domicile.<\/strong><\/li>\n<\/ul>\n<p>&nbsp;<\/p>\n<ul>\n<li><strong>Vous devrez remplir un formulaire de demande de vacances.<\/strong><\/li>\n<\/ul>\n<p>&nbsp;<\/p>\n<ul>\n<li>Pour toute demande de s\u00e9jour temporaire merci de nous communiquer imp\u00e9rativement les pi\u00e8ces suivantes :<br \/>\n&#8211; Une copie d&rsquo;une pi\u00e8ce d&rsquo;identit\u00e9 (carte d\u2019identit\u00e9, passeport, livret de famille, carte de s\u00e9jour)<br \/>\n&#8211; Les documents valides garantissant la prise en charge financi\u00e8re des s\u00e9ances de dialyse (carte europ\u00e9enne ou attestation de S\u00e9curit\u00e9 sociale)<br \/>\n&#8211; Un dossier m\u00e9dical \u00e0 nous faire parvenir au plus tard un mois avant votre arriv\u00e9e.<\/li>\n<\/ul>\n<p>&nbsp;<\/p>\n<ul>\n<li><strong>Apr\u00e8s validation de votre dossier par l\u2019\u00e9quipe m\u00e9dicale et selon les places disponibles, nous reprendrons contact avec vous<\/strong> concernant l&rsquo;unit\u00e9 d&rsquo;accueil, les s\u00e9ances de repli et les modalit\u00e9s pratiques de mise \u00e0 disposition du mat\u00e9riel.<\/li>\n<\/ul>\n<p>[\/vc_column_text][\/vc_column_inner][\/vc_row_inner][\/vc_column][\/vc_row]<\/p>\n","protected":false},"excerpt":{"rendered":"<p>[vc_row][vc_column][vc_row_inner][vc_column_inner css=\u00a0\u00bb.vc_custom_1759399576561{background-color: #f2eee3 !important;}\u00a0\u00bb][vc_custom_heading text=\u00a0\u00bbLa prise en charge des patients de dialyse \u00e0 domicile en s\u00e9jour temporaire :\u00a0\u00bb font_container=\u00a0\u00bbtag:div|text_align:left\u00a0\u00bb use_theme_fonts=\u00a0\u00bbyes\u00a0\u00bb el_class=\u00a0\u00bbcontent-sub-title\u00a0\u00bb][vc_column_text][\/vc_column_text][\/vc_column_inner][\/vc_row_inner][vc_row_inner css=\u00a0\u00bb.vc_custom_1664439845326{padding-left: 50px !important;}\u00a0\u00bb][vc_column_inner css=\u00a0\u00bb.vc_custom_1759399583640{background-color: #f2eee3 !important;}\u00a0\u00bb][vc_column_text] Vous \u00eates autonome et vous dialysez habituellement \u00e0 votre domicile, sur syst\u00e8me NxStage \/ Physidia ou vous avez recours \u00e0 un traitement par dialyse p\u00e9riton\u00e9ale ? Vous souhaitez &hellip; <\/p>\n<p class=\"link-more\"><a href=\"https:\/\/auraparis.org\/fr\/qui-sommes-nous\/nos-atouts\/patients-en-sejour-temporaire-dans-paris-et-sa-region\/\" class=\"more-link\">Continuer la lecture <span class=\"screen-reader-text\"> \u00ab\u00a0Patients en s\u00e9jour temporaire dans paris et sa r\u00e9gion\u00a0\u00bb<\/span><\/a><\/p>\n","protected":false},"author":5,"featured_media":3473,"parent":63,"menu_order":31,"comment_status":"closed","ping_status":"closed","template":"templates\/template-asset.php","meta":{"_acf_changed":false,"footnotes":""},"class_list":["post-400","page","type-page","status-publish","has-post-thumbnail","hentry","entry"],"acf":[],"yoast_head":"<!-- This site is optimized with the Yoast SEO plugin v27.3 - https:\/\/yoast.com\/product\/yoast-seo-wordpress\/ -->\n<title>Patients en s\u00e9jour temporaire dans Paris et sa r\u00e9gion - L&#039;AURA Paris<\/title>\n<meta name=\"robots\" content=\"index, follow, max-snippet:-1, max-image-preview:large, max-video-preview:-1\" \/>\n<link rel=\"canonical\" href=\"https:\/\/auraparis.org\/fr\/qui-sommes-nous\/nos-atouts\/patients-en-sejour-temporaire-dans-paris-et-sa-region\/\" \/>\n<meta property=\"og:locale\" content=\"fr_FR\" \/>\n<meta property=\"og:type\" content=\"article\" \/>\n<meta property=\"og:title\" content=\"Patients en s\u00e9jour temporaire dans Paris et sa r\u00e9gion - L&#039;AURA Paris\" \/>\n<meta property=\"og:description\" content=\"[vc_row][vc_column][vc_row_inner][vc_column_inner css=\u00a0\u00bb.vc_custom_1759399576561{background-color: #f2eee3 !important;}\u00a0\u00bb][vc_custom_heading text=\u00a0\u00bbLa prise en charge des patients de dialyse \u00e0 domicile en s\u00e9jour temporaire :\u00a0\u00bb font_container=\u00a0\u00bbtag:div|text_align:left\u00a0\u00bb use_theme_fonts=\u00a0\u00bbyes\u00a0\u00bb el_class=\u00a0\u00bbcontent-sub-title\u00a0\u00bb][vc_column_text][\/vc_column_text][\/vc_column_inner][\/vc_row_inner][vc_row_inner css=\u00a0\u00bb.vc_custom_1664439845326{padding-left: 50px !important;}\u00a0\u00bb][vc_column_inner css=\u00a0\u00bb.vc_custom_1759399583640{background-color: #f2eee3 !important;}\u00a0\u00bb][vc_column_text] Vous \u00eates autonome et vous dialysez habituellement \u00e0 votre domicile, sur syst\u00e8me NxStage \/ Physidia ou vous avez recours \u00e0 un traitement par dialyse p\u00e9riton\u00e9ale ? Vous souhaitez &hellip; Continuer la lecture \u00ab\u00a0Patients en s\u00e9jour temporaire dans paris et sa r\u00e9gion\u00a0\u00bb\" \/>\n<meta property=\"og:url\" content=\"https:\/\/auraparis.org\/fr\/qui-sommes-nous\/nos-atouts\/patients-en-sejour-temporaire-dans-paris-et-sa-region\/\" \/>\n<meta property=\"og:site_name\" content=\"L&#039;AURA Paris\" \/>\n<meta property=\"article:modified_time\" content=\"2025-10-02T10:12:56+00:00\" \/>\n<meta property=\"og:image\" content=\"https:\/\/auraparis.org\/wp-content\/uploads\/2025\/03\/2048x637.png\" \/>\n\t<meta property=\"og:image:width\" content=\"2048\" \/>\n\t<meta property=\"og:image:height\" content=\"637\" \/>\n\t<meta property=\"og:image:type\" content=\"image\/png\" \/>\n<meta name=\"twitter:card\" content=\"summary_large_image\" \/>\n<meta name=\"twitter:label1\" content=\"Dur\u00e9e de lecture estim\u00e9e\" \/>\n\t<meta name=\"twitter:data1\" content=\"2 minutes\" \/>\n<script type=\"application\/ld+json\" class=\"yoast-schema-graph\">{\"@context\":\"https:\\\/\\\/schema.org\",\"@graph\":[{\"@type\":\"WebPage\",\"@id\":\"https:\\\/\\\/auraparis.org\\\/fr\\\/qui-sommes-nous\\\/nos-atouts\\\/patients-en-sejour-temporaire-dans-paris-et-sa-region\\\/\",\"url\":\"https:\\\/\\\/auraparis.org\\\/fr\\\/qui-sommes-nous\\\/nos-atouts\\\/patients-en-sejour-temporaire-dans-paris-et-sa-region\\\/\",\"name\":\"Patients en s\u00e9jour temporaire dans Paris et sa r\u00e9gion - L&#039;AURA Paris\",\"isPartOf\":{\"@id\":\"https:\\\/\\\/auraparis.org\\\/#website\"},\"primaryImageOfPage\":{\"@id\":\"https:\\\/\\\/auraparis.org\\\/fr\\\/qui-sommes-nous\\\/nos-atouts\\\/patients-en-sejour-temporaire-dans-paris-et-sa-region\\\/#primaryimage\"},\"image\":{\"@id\":\"https:\\\/\\\/auraparis.org\\\/fr\\\/qui-sommes-nous\\\/nos-atouts\\\/patients-en-sejour-temporaire-dans-paris-et-sa-region\\\/#primaryimage\"},\"thumbnailUrl\":\"https:\\\/\\\/auraparis.org\\\/wp-content\\\/uploads\\\/2025\\\/03\\\/2048x637.png\",\"datePublished\":\"2021-11-21T11:20:59+00:00\",\"dateModified\":\"2025-10-02T10:12:56+00:00\",\"breadcrumb\":{\"@id\":\"https:\\\/\\\/auraparis.org\\\/fr\\\/qui-sommes-nous\\\/nos-atouts\\\/patients-en-sejour-temporaire-dans-paris-et-sa-region\\\/#breadcrumb\"},\"inLanguage\":\"fr-FR\",\"potentialAction\":[{\"@type\":\"ReadAction\",\"target\":[\"https:\\\/\\\/auraparis.org\\\/fr\\\/qui-sommes-nous\\\/nos-atouts\\\/patients-en-sejour-temporaire-dans-paris-et-sa-region\\\/\"]}]},{\"@type\":\"ImageObject\",\"inLanguage\":\"fr-FR\",\"@id\":\"https:\\\/\\\/auraparis.org\\\/fr\\\/qui-sommes-nous\\\/nos-atouts\\\/patients-en-sejour-temporaire-dans-paris-et-sa-region\\\/#primaryimage\",\"url\":\"https:\\\/\\\/auraparis.org\\\/wp-content\\\/uploads\\\/2025\\\/03\\\/2048x637.png\",\"contentUrl\":\"https:\\\/\\\/auraparis.org\\\/wp-content\\\/uploads\\\/2025\\\/03\\\/2048x637.png\",\"width\":2048,\"height\":637},{\"@type\":\"BreadcrumbList\",\"@id\":\"https:\\\/\\\/auraparis.org\\\/fr\\\/qui-sommes-nous\\\/nos-atouts\\\/patients-en-sejour-temporaire-dans-paris-et-sa-region\\\/#breadcrumb\",\"itemListElement\":[{\"@type\":\"ListItem\",\"position\":1,\"name\":\"Accueil\",\"item\":\"https:\\\/\\\/auraparis.org\\\/fr\\\/\"},{\"@type\":\"ListItem\",\"position\":2,\"name\":\"Qui sommes-nous ?\",\"item\":\"https:\\\/\\\/auraparis.org\\\/fr\\\/qui-sommes-nous\\\/\"},{\"@type\":\"ListItem\",\"position\":3,\"name\":\"Nos atouts\",\"item\":\"https:\\\/\\\/auraparis.org\\\/fr\\\/qui-sommes-nous\\\/nos-atouts\\\/\"},{\"@type\":\"ListItem\",\"position\":4,\"name\":\"Patients en s\u00e9jour temporaire dans paris et sa r\u00e9gion\"}]},{\"@type\":\"WebSite\",\"@id\":\"https:\\\/\\\/auraparis.org\\\/#website\",\"url\":\"https:\\\/\\\/auraparis.org\\\/\",\"name\":\"L&#039;AURA Paris\",\"description\":\"\",\"publisher\":{\"@id\":\"https:\\\/\\\/auraparis.org\\\/#organization\"},\"potentialAction\":[{\"@type\":\"SearchAction\",\"target\":{\"@type\":\"EntryPoint\",\"urlTemplate\":\"https:\\\/\\\/auraparis.org\\\/?s={search_term_string}\"},\"query-input\":{\"@type\":\"PropertyValueSpecification\",\"valueRequired\":true,\"valueName\":\"search_term_string\"}}],\"inLanguage\":\"fr-FR\"},{\"@type\":\"Organization\",\"@id\":\"https:\\\/\\\/auraparis.org\\\/#organization\",\"name\":\"L&#039;AURA Paris\",\"url\":\"https:\\\/\\\/auraparis.org\\\/\",\"logo\":{\"@type\":\"ImageObject\",\"inLanguage\":\"fr-FR\",\"@id\":\"https:\\\/\\\/auraparis.org\\\/#\\\/schema\\\/logo\\\/image\\\/\",\"url\":\"https:\\\/\\\/auraparis.org\\\/wp-content\\\/uploads\\\/2026\\\/02\\\/cropped-favicon-dore.jpg\",\"contentUrl\":\"https:\\\/\\\/auraparis.org\\\/wp-content\\\/uploads\\\/2026\\\/02\\\/cropped-favicon-dore.jpg\",\"width\":190,\"height\":190,\"caption\":\"L&#039;AURA Paris\"},\"image\":{\"@id\":\"https:\\\/\\\/auraparis.org\\\/#\\\/schema\\\/logo\\\/image\\\/\"}}]}<\/script>\n<!-- \/ Yoast SEO plugin. -->","yoast_head_json":{"title":"Patients en s\u00e9jour temporaire dans Paris et sa r\u00e9gion - L&#039;AURA Paris","robots":{"index":"index","follow":"follow","max-snippet":"max-snippet:-1","max-image-preview":"max-image-preview:large","max-video-preview":"max-video-preview:-1"},"canonical":"https:\/\/auraparis.org\/fr\/qui-sommes-nous\/nos-atouts\/patients-en-sejour-temporaire-dans-paris-et-sa-region\/","og_locale":"fr_FR","og_type":"article","og_title":"Patients en s\u00e9jour temporaire dans Paris et sa r\u00e9gion - L&#039;AURA Paris","og_description":"[vc_row][vc_column][vc_row_inner][vc_column_inner css=\u00a0\u00bb.vc_custom_1759399576561{background-color: #f2eee3 !important;}\u00a0\u00bb][vc_custom_heading text=\u00a0\u00bbLa prise en charge des patients de dialyse \u00e0 domicile en s\u00e9jour temporaire :\u00a0\u00bb font_container=\u00a0\u00bbtag:div|text_align:left\u00a0\u00bb use_theme_fonts=\u00a0\u00bbyes\u00a0\u00bb el_class=\u00a0\u00bbcontent-sub-title\u00a0\u00bb][vc_column_text][\/vc_column_text][\/vc_column_inner][\/vc_row_inner][vc_row_inner css=\u00a0\u00bb.vc_custom_1664439845326{padding-left: 50px !important;}\u00a0\u00bb][vc_column_inner css=\u00a0\u00bb.vc_custom_1759399583640{background-color: #f2eee3 !important;}\u00a0\u00bb][vc_column_text] Vous \u00eates autonome et vous dialysez habituellement \u00e0 votre domicile, sur syst\u00e8me NxStage \/ Physidia ou vous avez recours \u00e0 un traitement par dialyse p\u00e9riton\u00e9ale ? Vous souhaitez &hellip; Continuer la lecture \u00ab\u00a0Patients en s\u00e9jour temporaire dans paris et sa r\u00e9gion\u00a0\u00bb","og_url":"https:\/\/auraparis.org\/fr\/qui-sommes-nous\/nos-atouts\/patients-en-sejour-temporaire-dans-paris-et-sa-region\/","og_site_name":"L&#039;AURA Paris","article_modified_time":"2025-10-02T10:12:56+00:00","og_image":[{"width":2048,"height":637,"url":"https:\/\/auraparis.org\/wp-content\/uploads\/2025\/03\/2048x637.png","type":"image\/png"}],"twitter_card":"summary_large_image","twitter_misc":{"Dur\u00e9e de lecture estim\u00e9e":"2 minutes"},"schema":{"@context":"https:\/\/schema.org","@graph":[{"@type":"WebPage","@id":"https:\/\/auraparis.org\/fr\/qui-sommes-nous\/nos-atouts\/patients-en-sejour-temporaire-dans-paris-et-sa-region\/","url":"https:\/\/auraparis.org\/fr\/qui-sommes-nous\/nos-atouts\/patients-en-sejour-temporaire-dans-paris-et-sa-region\/","name":"Patients en s\u00e9jour temporaire dans Paris et sa r\u00e9gion - L&#039;AURA Paris","isPartOf":{"@id":"https:\/\/auraparis.org\/#website"},"primaryImageOfPage":{"@id":"https:\/\/auraparis.org\/fr\/qui-sommes-nous\/nos-atouts\/patients-en-sejour-temporaire-dans-paris-et-sa-region\/#primaryimage"},"image":{"@id":"https:\/\/auraparis.org\/fr\/qui-sommes-nous\/nos-atouts\/patients-en-sejour-temporaire-dans-paris-et-sa-region\/#primaryimage"},"thumbnailUrl":"https:\/\/auraparis.org\/wp-content\/uploads\/2025\/03\/2048x637.png","datePublished":"2021-11-21T11:20:59+00:00","dateModified":"2025-10-02T10:12:56+00:00","breadcrumb":{"@id":"https:\/\/auraparis.org\/fr\/qui-sommes-nous\/nos-atouts\/patients-en-sejour-temporaire-dans-paris-et-sa-region\/#breadcrumb"},"inLanguage":"fr-FR","potentialAction":[{"@type":"ReadAction","target":["https:\/\/auraparis.org\/fr\/qui-sommes-nous\/nos-atouts\/patients-en-sejour-temporaire-dans-paris-et-sa-region\/"]}]},{"@type":"ImageObject","inLanguage":"fr-FR","@id":"https:\/\/auraparis.org\/fr\/qui-sommes-nous\/nos-atouts\/patients-en-sejour-temporaire-dans-paris-et-sa-region\/#primaryimage","url":"https:\/\/auraparis.org\/wp-content\/uploads\/2025\/03\/2048x637.png","contentUrl":"https:\/\/auraparis.org\/wp-content\/uploads\/2025\/03\/2048x637.png","width":2048,"height":637},{"@type":"BreadcrumbList","@id":"https:\/\/auraparis.org\/fr\/qui-sommes-nous\/nos-atouts\/patients-en-sejour-temporaire-dans-paris-et-sa-region\/#breadcrumb","itemListElement":[{"@type":"ListItem","position":1,"name":"Accueil","item":"https:\/\/auraparis.org\/fr\/"},{"@type":"ListItem","position":2,"name":"Qui sommes-nous ?","item":"https:\/\/auraparis.org\/fr\/qui-sommes-nous\/"},{"@type":"ListItem","position":3,"name":"Nos atouts","item":"https:\/\/auraparis.org\/fr\/qui-sommes-nous\/nos-atouts\/"},{"@type":"ListItem","position":4,"name":"Patients en s\u00e9jour temporaire dans paris et sa r\u00e9gion"}]},{"@type":"WebSite","@id":"https:\/\/auraparis.org\/#website","url":"https:\/\/auraparis.org\/","name":"L&#039;AURA Paris","description":"","publisher":{"@id":"https:\/\/auraparis.org\/#organization"},"potentialAction":[{"@type":"SearchAction","target":{"@type":"EntryPoint","urlTemplate":"https:\/\/auraparis.org\/?s={search_term_string}"},"query-input":{"@type":"PropertyValueSpecification","valueRequired":true,"valueName":"search_term_string"}}],"inLanguage":"fr-FR"},{"@type":"Organization","@id":"https:\/\/auraparis.org\/#organization","name":"L&#039;AURA Paris","url":"https:\/\/auraparis.org\/","logo":{"@type":"ImageObject","inLanguage":"fr-FR","@id":"https:\/\/auraparis.org\/#\/schema\/logo\/image\/","url":"https:\/\/auraparis.org\/wp-content\/uploads\/2026\/02\/cropped-favicon-dore.jpg","contentUrl":"https:\/\/auraparis.org\/wp-content\/uploads\/2026\/02\/cropped-favicon-dore.jpg","width":190,"height":190,"caption":"L&#039;AURA Paris"},"image":{"@id":"https:\/\/auraparis.org\/#\/schema\/logo\/image\/"}}]}},"_links":{"self":[{"href":"https:\/\/auraparis.org\/fr\/wp-json\/wp\/v2\/pages\/400","targetHints":{"allow":["GET"]}}],"collection":[{"href":"https:\/\/auraparis.org\/fr\/wp-json\/wp\/v2\/pages"}],"about":[{"href":"https:\/\/auraparis.org\/fr\/wp-json\/wp\/v2\/types\/page"}],"author":[{"embeddable":true,"href":"https:\/\/auraparis.org\/fr\/wp-json\/wp\/v2\/users\/5"}],"replies":[{"embeddable":true,"href":"https:\/\/auraparis.org\/fr\/wp-json\/wp\/v2\/comments?post=400"}],"version-history":[{"count":27,"href":"https:\/\/auraparis.org\/fr\/wp-json\/wp\/v2\/pages\/400\/revisions"}],"predecessor-version":[{"id":3732,"href":"https:\/\/auraparis.org\/fr\/wp-json\/wp\/v2\/pages\/400\/revisions\/3732"}],"up":[{"embeddable":true,"href":"https:\/\/auraparis.org\/fr\/wp-json\/wp\/v2\/pages\/63"}],"wp:featuredmedia":[{"embeddable":true,"href":"https:\/\/auraparis.org\/fr\/wp-json\/wp\/v2\/media\/3473"}],"wp:attachment":[{"href":"https:\/\/auraparis.org\/fr\/wp-json\/wp\/v2\/media?parent=400"}],"curies":[{"name":"wp","href":"https:\/\/api.w.org\/{rel}","templated":true}]}}