{"id":402,"date":"2021-11-21T14:21:07","date_gmt":"2021-11-21T11:21:07","guid":{"rendered":"http:\/\/auraparis2021.pastelle.fr\/?page_id=402"},"modified":"2025-10-02T11:00:15","modified_gmt":"2025-10-02T10:00:15","slug":"dialyse-longue-nocturne","status":"publish","type":"page","link":"https:\/\/auraparis.org\/fr\/qui-sommes-nous\/nos-atouts\/dialyse-longue-nocturne\/","title":{"rendered":"H\u00e9modialyse longue nocturne"},"content":{"rendered":"<p>[vc_row][vc_column][vc_column_text]L\u2019AURA propose depuis 2015 sur ses sites de Paris Plaisance et de Bichat des s\u00e9ances de dialyse longue de nuit.<\/p>\n<p>&nbsp;<\/p>\n<p>Cette offre permet aux patients de mieux concilier leur traitement avec leur vie socio-professionnelle en retirant totalement les contraintes li\u00e9es \u00e0 la dialyse en journ\u00e9e.<\/p>\n<p>&nbsp;<\/p>\n<p>Cette modalit\u00e9 consiste en\u00a0<strong>3 s\u00e9ances d\u2019h\u00e9modialyse par semaine<\/strong> d\u2019environ 8 heures (de 21h \u00e0 5h par exemple). L\u2019allongement de la dur\u00e9e de la s\u00e9ance permet une dialyse plus douce, plus confortable et avec moins d\u2019effets ind\u00e9sirables que la modalit\u00e9 courante (4 heures, 3 fois par semaine). Elle permet un meilleur contr\u00f4le de la pression art\u00e9rielle et des perturbations m\u00e9taboliques (en particulier pour le phosphore) et une meilleure qualit\u00e9 de vie en r\u00e9duisant le ph\u00e9nom\u00e8ne de fatigue post-dialyse.<\/p>\n<p>&nbsp;<\/p>\n<p><img loading=\"lazy\" decoding=\"async\" class=\"alignnone size-large wp-image-1729 lazyload\" data-src=\"\/wp-content\/uploads\/2022\/09\/DIALYSE-NOCTURNE-1024x1024.jpg\" alt=\"\" width=\"640\" height=\"640\" data-srcset=\"https:\/\/auraparis.org\/wp-content\/uploads\/2022\/09\/DIALYSE-NOCTURNE-1024x1024.jpg 1024w, https:\/\/auraparis.org\/wp-content\/uploads\/2022\/09\/DIALYSE-NOCTURNE-300x300.jpg 300w, https:\/\/auraparis.org\/wp-content\/uploads\/2022\/09\/DIALYSE-NOCTURNE-150x150.jpg 150w, https:\/\/auraparis.org\/wp-content\/uploads\/2022\/09\/DIALYSE-NOCTURNE-768x768.jpg 768w, https:\/\/auraparis.org\/wp-content\/uploads\/2022\/09\/DIALYSE-NOCTURNE-1536x1536.jpg 1536w, https:\/\/auraparis.org\/wp-content\/uploads\/2022\/09\/DIALYSE-NOCTURNE-2048x2048.jpg 2048w, https:\/\/auraparis.org\/wp-content\/uploads\/2022\/09\/DIALYSE-NOCTURNE-1568x1569.jpg 1568w\" data-sizes=\"auto, (max-width: 640px) 100vw, 640px\" src=\"data:image\/gif;base64,R0lGODlhAQABAAAAACH5BAEKAAEALAAAAAABAAEAAAICTAEAOw==\" style=\"--smush-placeholder-width: 640px; --smush-placeholder-aspect-ratio: 640\/640;\" \/><noscript><img loading=\"lazy\" decoding=\"async\" class=\"alignnone size-large wp-image-1729\" src=\"\/wp-content\/uploads\/2022\/09\/DIALYSE-NOCTURNE-1024x1024.jpg\" alt=\"\" width=\"640\" height=\"640\" srcset=\"https:\/\/auraparis.org\/wp-content\/uploads\/2022\/09\/DIALYSE-NOCTURNE-1024x1024.jpg 1024w, https:\/\/auraparis.org\/wp-content\/uploads\/2022\/09\/DIALYSE-NOCTURNE-300x300.jpg 300w, https:\/\/auraparis.org\/wp-content\/uploads\/2022\/09\/DIALYSE-NOCTURNE-150x150.jpg 150w, https:\/\/auraparis.org\/wp-content\/uploads\/2022\/09\/DIALYSE-NOCTURNE-768x768.jpg 768w, https:\/\/auraparis.org\/wp-content\/uploads\/2022\/09\/DIALYSE-NOCTURNE-1536x1536.jpg 1536w, https:\/\/auraparis.org\/wp-content\/uploads\/2022\/09\/DIALYSE-NOCTURNE-2048x2048.jpg 2048w, https:\/\/auraparis.org\/wp-content\/uploads\/2022\/09\/DIALYSE-NOCTURNE-1568x1569.jpg 1568w\" sizes=\"auto, (max-width: 640px) 100vw, 640px\" \/><\/noscript>[\/vc_column_text][\/vc_column][\/vc_row]<\/p>\n","protected":false},"excerpt":{"rendered":"<p>[vc_row][vc_column][vc_column_text]L\u2019AURA propose depuis 2015 sur ses sites de Paris Plaisance et de Bichat des s\u00e9ances de dialyse longue de nuit. &nbsp; Cette offre permet aux patients de mieux concilier leur traitement avec leur vie socio-professionnelle en retirant totalement les contraintes li\u00e9es \u00e0 la dialyse en journ\u00e9e. &nbsp; Cette modalit\u00e9 consiste en\u00a03 s\u00e9ances d\u2019h\u00e9modialyse par semaine &hellip; <\/p>\n<p class=\"link-more\"><a href=\"https:\/\/auraparis.org\/fr\/qui-sommes-nous\/nos-atouts\/dialyse-longue-nocturne\/\" class=\"more-link\">Continuer la lecture <span class=\"screen-reader-text\"> \u00ab\u00a0H\u00e9modialyse longue nocturne\u00a0\u00bb<\/span><\/a><\/p>\n","protected":false},"author":5,"featured_media":152,"parent":63,"menu_order":32,"comment_status":"closed","ping_status":"closed","template":"templates\/template-asset.php","meta":{"_acf_changed":false,"footnotes":""},"class_list":["post-402","page","type-page","status-publish","has-post-thumbnail","hentry","entry"],"acf":[],"yoast_head":"<!-- This site is optimized with the Yoast SEO plugin v27.3 - https:\/\/yoast.com\/product\/yoast-seo-wordpress\/ -->\n<title>H\u00e9modialyse longue nocturne - L&#039;AURA Paris<\/title>\n<meta name=\"robots\" content=\"index, follow, max-snippet:-1, max-image-preview:large, max-video-preview:-1\" \/>\n<link rel=\"canonical\" href=\"https:\/\/auraparis.org\/fr\/qui-sommes-nous\/nos-atouts\/dialyse-longue-nocturne\/\" \/>\n<meta property=\"og:locale\" content=\"fr_FR\" \/>\n<meta property=\"og:type\" content=\"article\" \/>\n<meta property=\"og:title\" content=\"H\u00e9modialyse longue nocturne - L&#039;AURA Paris\" \/>\n<meta property=\"og:description\" content=\"[vc_row][vc_column][vc_column_text]L\u2019AURA propose depuis 2015 sur ses sites de Paris Plaisance et de Bichat des s\u00e9ances de dialyse longue de nuit. &nbsp; Cette offre permet aux patients de mieux concilier leur traitement avec leur vie socio-professionnelle en retirant totalement les contraintes li\u00e9es \u00e0 la dialyse en journ\u00e9e. &nbsp; Cette modalit\u00e9 consiste en\u00a03 s\u00e9ances d\u2019h\u00e9modialyse par semaine &hellip; Continuer la lecture \u00ab\u00a0H\u00e9modialyse longue nocturne\u00a0\u00bb\" \/>\n<meta property=\"og:url\" content=\"https:\/\/auraparis.org\/fr\/qui-sommes-nous\/nos-atouts\/dialyse-longue-nocturne\/\" \/>\n<meta property=\"og:site_name\" content=\"L&#039;AURA Paris\" \/>\n<meta property=\"article:modified_time\" content=\"2025-10-02T10:00:15+00:00\" \/>\n<meta property=\"og:image\" content=\"https:\/\/auraparis.org\/wp-content\/uploads\/2021\/11\/iStock-643637182@kupicoo-1.jpg\" \/>\n\t<meta property=\"og:image:width\" content=\"2500\" \/>\n\t<meta property=\"og:image:height\" content=\"778\" \/>\n\t<meta property=\"og:image:type\" content=\"image\/jpeg\" \/>\n<meta name=\"twitter:card\" content=\"summary_large_image\" \/>\n<meta name=\"twitter:label1\" content=\"Dur\u00e9e de lecture estim\u00e9e\" \/>\n\t<meta name=\"twitter:data1\" content=\"2 minutes\" \/>\n<script type=\"application\/ld+json\" class=\"yoast-schema-graph\">{\"@context\":\"https:\\\/\\\/schema.org\",\"@graph\":[{\"@type\":\"WebPage\",\"@id\":\"https:\\\/\\\/auraparis.org\\\/fr\\\/qui-sommes-nous\\\/nos-atouts\\\/dialyse-longue-nocturne\\\/\",\"url\":\"https:\\\/\\\/auraparis.org\\\/fr\\\/qui-sommes-nous\\\/nos-atouts\\\/dialyse-longue-nocturne\\\/\",\"name\":\"H\u00e9modialyse longue nocturne - L&#039;AURA Paris\",\"isPartOf\":{\"@id\":\"https:\\\/\\\/auraparis.org\\\/#website\"},\"primaryImageOfPage\":{\"@id\":\"https:\\\/\\\/auraparis.org\\\/fr\\\/qui-sommes-nous\\\/nos-atouts\\\/dialyse-longue-nocturne\\\/#primaryimage\"},\"image\":{\"@id\":\"https:\\\/\\\/auraparis.org\\\/fr\\\/qui-sommes-nous\\\/nos-atouts\\\/dialyse-longue-nocturne\\\/#primaryimage\"},\"thumbnailUrl\":\"https:\\\/\\\/auraparis.org\\\/wp-content\\\/uploads\\\/2021\\\/11\\\/iStock-643637182@kupicoo-1.jpg\",\"datePublished\":\"2021-11-21T11:21:07+00:00\",\"dateModified\":\"2025-10-02T10:00:15+00:00\",\"breadcrumb\":{\"@id\":\"https:\\\/\\\/auraparis.org\\\/fr\\\/qui-sommes-nous\\\/nos-atouts\\\/dialyse-longue-nocturne\\\/#breadcrumb\"},\"inLanguage\":\"fr-FR\",\"potentialAction\":[{\"@type\":\"ReadAction\",\"target\":[\"https:\\\/\\\/auraparis.org\\\/fr\\\/qui-sommes-nous\\\/nos-atouts\\\/dialyse-longue-nocturne\\\/\"]}]},{\"@type\":\"ImageObject\",\"inLanguage\":\"fr-FR\",\"@id\":\"https:\\\/\\\/auraparis.org\\\/fr\\\/qui-sommes-nous\\\/nos-atouts\\\/dialyse-longue-nocturne\\\/#primaryimage\",\"url\":\"https:\\\/\\\/auraparis.org\\\/wp-content\\\/uploads\\\/2021\\\/11\\\/iStock-643637182@kupicoo-1.jpg\",\"contentUrl\":\"https:\\\/\\\/auraparis.org\\\/wp-content\\\/uploads\\\/2021\\\/11\\\/iStock-643637182@kupicoo-1.jpg\",\"width\":2500,\"height\":778},{\"@type\":\"BreadcrumbList\",\"@id\":\"https:\\\/\\\/auraparis.org\\\/fr\\\/qui-sommes-nous\\\/nos-atouts\\\/dialyse-longue-nocturne\\\/#breadcrumb\",\"itemListElement\":[{\"@type\":\"ListItem\",\"position\":1,\"name\":\"Accueil\",\"item\":\"https:\\\/\\\/auraparis.org\\\/fr\\\/\"},{\"@type\":\"ListItem\",\"position\":2,\"name\":\"Qui sommes-nous ?\",\"item\":\"https:\\\/\\\/auraparis.org\\\/fr\\\/qui-sommes-nous\\\/\"},{\"@type\":\"ListItem\",\"position\":3,\"name\":\"Nos atouts\",\"item\":\"https:\\\/\\\/auraparis.org\\\/fr\\\/qui-sommes-nous\\\/nos-atouts\\\/\"},{\"@type\":\"ListItem\",\"position\":4,\"name\":\"H\u00e9modialyse longue nocturne\"}]},{\"@type\":\"WebSite\",\"@id\":\"https:\\\/\\\/auraparis.org\\\/#website\",\"url\":\"https:\\\/\\\/auraparis.org\\\/\",\"name\":\"L&#039;AURA Paris\",\"description\":\"\",\"publisher\":{\"@id\":\"https:\\\/\\\/auraparis.org\\\/#organization\"},\"potentialAction\":[{\"@type\":\"SearchAction\",\"target\":{\"@type\":\"EntryPoint\",\"urlTemplate\":\"https:\\\/\\\/auraparis.org\\\/?s={search_term_string}\"},\"query-input\":{\"@type\":\"PropertyValueSpecification\",\"valueRequired\":true,\"valueName\":\"search_term_string\"}}],\"inLanguage\":\"fr-FR\"},{\"@type\":\"Organization\",\"@id\":\"https:\\\/\\\/auraparis.org\\\/#organization\",\"name\":\"L&#039;AURA Paris\",\"url\":\"https:\\\/\\\/auraparis.org\\\/\",\"logo\":{\"@type\":\"ImageObject\",\"inLanguage\":\"fr-FR\",\"@id\":\"https:\\\/\\\/auraparis.org\\\/#\\\/schema\\\/logo\\\/image\\\/\",\"url\":\"https:\\\/\\\/auraparis.org\\\/wp-content\\\/uploads\\\/2026\\\/02\\\/cropped-favicon-dore.jpg\",\"contentUrl\":\"https:\\\/\\\/auraparis.org\\\/wp-content\\\/uploads\\\/2026\\\/02\\\/cropped-favicon-dore.jpg\",\"width\":190,\"height\":190,\"caption\":\"L&#039;AURA Paris\"},\"image\":{\"@id\":\"https:\\\/\\\/auraparis.org\\\/#\\\/schema\\\/logo\\\/image\\\/\"}}]}<\/script>\n<!-- \/ Yoast SEO plugin. -->","yoast_head_json":{"title":"H\u00e9modialyse longue nocturne - L&#039;AURA Paris","robots":{"index":"index","follow":"follow","max-snippet":"max-snippet:-1","max-image-preview":"max-image-preview:large","max-video-preview":"max-video-preview:-1"},"canonical":"https:\/\/auraparis.org\/fr\/qui-sommes-nous\/nos-atouts\/dialyse-longue-nocturne\/","og_locale":"fr_FR","og_type":"article","og_title":"H\u00e9modialyse longue nocturne - L&#039;AURA Paris","og_description":"[vc_row][vc_column][vc_column_text]L\u2019AURA propose depuis 2015 sur ses sites de Paris Plaisance et de Bichat des s\u00e9ances de dialyse longue de nuit. &nbsp; Cette offre permet aux patients de mieux concilier leur traitement avec leur vie socio-professionnelle en retirant totalement les contraintes li\u00e9es \u00e0 la dialyse en journ\u00e9e. &nbsp; Cette modalit\u00e9 consiste en\u00a03 s\u00e9ances d\u2019h\u00e9modialyse par semaine &hellip; Continuer la lecture \u00ab\u00a0H\u00e9modialyse longue nocturne\u00a0\u00bb","og_url":"https:\/\/auraparis.org\/fr\/qui-sommes-nous\/nos-atouts\/dialyse-longue-nocturne\/","og_site_name":"L&#039;AURA Paris","article_modified_time":"2025-10-02T10:00:15+00:00","og_image":[{"width":2500,"height":778,"url":"https:\/\/auraparis.org\/wp-content\/uploads\/2021\/11\/iStock-643637182@kupicoo-1.jpg","type":"image\/jpeg"}],"twitter_card":"summary_large_image","twitter_misc":{"Dur\u00e9e de lecture estim\u00e9e":"2 minutes"},"schema":{"@context":"https:\/\/schema.org","@graph":[{"@type":"WebPage","@id":"https:\/\/auraparis.org\/fr\/qui-sommes-nous\/nos-atouts\/dialyse-longue-nocturne\/","url":"https:\/\/auraparis.org\/fr\/qui-sommes-nous\/nos-atouts\/dialyse-longue-nocturne\/","name":"H\u00e9modialyse longue nocturne - L&#039;AURA Paris","isPartOf":{"@id":"https:\/\/auraparis.org\/#website"},"primaryImageOfPage":{"@id":"https:\/\/auraparis.org\/fr\/qui-sommes-nous\/nos-atouts\/dialyse-longue-nocturne\/#primaryimage"},"image":{"@id":"https:\/\/auraparis.org\/fr\/qui-sommes-nous\/nos-atouts\/dialyse-longue-nocturne\/#primaryimage"},"thumbnailUrl":"https:\/\/auraparis.org\/wp-content\/uploads\/2021\/11\/iStock-643637182@kupicoo-1.jpg","datePublished":"2021-11-21T11:21:07+00:00","dateModified":"2025-10-02T10:00:15+00:00","breadcrumb":{"@id":"https:\/\/auraparis.org\/fr\/qui-sommes-nous\/nos-atouts\/dialyse-longue-nocturne\/#breadcrumb"},"inLanguage":"fr-FR","potentialAction":[{"@type":"ReadAction","target":["https:\/\/auraparis.org\/fr\/qui-sommes-nous\/nos-atouts\/dialyse-longue-nocturne\/"]}]},{"@type":"ImageObject","inLanguage":"fr-FR","@id":"https:\/\/auraparis.org\/fr\/qui-sommes-nous\/nos-atouts\/dialyse-longue-nocturne\/#primaryimage","url":"https:\/\/auraparis.org\/wp-content\/uploads\/2021\/11\/iStock-643637182@kupicoo-1.jpg","contentUrl":"https:\/\/auraparis.org\/wp-content\/uploads\/2021\/11\/iStock-643637182@kupicoo-1.jpg","width":2500,"height":778},{"@type":"BreadcrumbList","@id":"https:\/\/auraparis.org\/fr\/qui-sommes-nous\/nos-atouts\/dialyse-longue-nocturne\/#breadcrumb","itemListElement":[{"@type":"ListItem","position":1,"name":"Accueil","item":"https:\/\/auraparis.org\/fr\/"},{"@type":"ListItem","position":2,"name":"Qui sommes-nous ?","item":"https:\/\/auraparis.org\/fr\/qui-sommes-nous\/"},{"@type":"ListItem","position":3,"name":"Nos atouts","item":"https:\/\/auraparis.org\/fr\/qui-sommes-nous\/nos-atouts\/"},{"@type":"ListItem","position":4,"name":"H\u00e9modialyse longue nocturne"}]},{"@type":"WebSite","@id":"https:\/\/auraparis.org\/#website","url":"https:\/\/auraparis.org\/","name":"L&#039;AURA Paris","description":"","publisher":{"@id":"https:\/\/auraparis.org\/#organization"},"potentialAction":[{"@type":"SearchAction","target":{"@type":"EntryPoint","urlTemplate":"https:\/\/auraparis.org\/?s={search_term_string}"},"query-input":{"@type":"PropertyValueSpecification","valueRequired":true,"valueName":"search_term_string"}}],"inLanguage":"fr-FR"},{"@type":"Organization","@id":"https:\/\/auraparis.org\/#organization","name":"L&#039;AURA Paris","url":"https:\/\/auraparis.org\/","logo":{"@type":"ImageObject","inLanguage":"fr-FR","@id":"https:\/\/auraparis.org\/#\/schema\/logo\/image\/","url":"https:\/\/auraparis.org\/wp-content\/uploads\/2026\/02\/cropped-favicon-dore.jpg","contentUrl":"https:\/\/auraparis.org\/wp-content\/uploads\/2026\/02\/cropped-favicon-dore.jpg","width":190,"height":190,"caption":"L&#039;AURA Paris"},"image":{"@id":"https:\/\/auraparis.org\/#\/schema\/logo\/image\/"}}]}},"_links":{"self":[{"href":"https:\/\/auraparis.org\/fr\/wp-json\/wp\/v2\/pages\/402","targetHints":{"allow":["GET"]}}],"collection":[{"href":"https:\/\/auraparis.org\/fr\/wp-json\/wp\/v2\/pages"}],"about":[{"href":"https:\/\/auraparis.org\/fr\/wp-json\/wp\/v2\/types\/page"}],"author":[{"embeddable":true,"href":"https:\/\/auraparis.org\/fr\/wp-json\/wp\/v2\/users\/5"}],"replies":[{"embeddable":true,"href":"https:\/\/auraparis.org\/fr\/wp-json\/wp\/v2\/comments?post=402"}],"version-history":[{"count":6,"href":"https:\/\/auraparis.org\/fr\/wp-json\/wp\/v2\/pages\/402\/revisions"}],"predecessor-version":[{"id":3717,"href":"https:\/\/auraparis.org\/fr\/wp-json\/wp\/v2\/pages\/402\/revisions\/3717"}],"up":[{"embeddable":true,"href":"https:\/\/auraparis.org\/fr\/wp-json\/wp\/v2\/pages\/63"}],"wp:featuredmedia":[{"embeddable":true,"href":"https:\/\/auraparis.org\/fr\/wp-json\/wp\/v2\/media\/152"}],"wp:attachment":[{"href":"https:\/\/auraparis.org\/fr\/wp-json\/wp\/v2\/media?parent=402"}],"curies":[{"name":"wp","href":"https:\/\/api.w.org\/{rel}","templated":true}]}}