{"id":404,"date":"2021-11-21T14:21:15","date_gmt":"2021-11-21T11:21:15","guid":{"rendered":"http:\/\/auraparis2021.pastelle.fr\/?page_id=404"},"modified":"2025-10-02T11:00:47","modified_gmt":"2025-10-02T10:00:47","slug":"hemodialyse-et-dialyse-peritoneale-a-domicile","status":"publish","type":"page","link":"https:\/\/auraparis.org\/fr\/qui-sommes-nous\/nos-atouts\/hemodialyse-et-dialyse-peritoneale-a-domicile\/","title":{"rendered":"H\u00e9modialyse et dialyse p\u00e9riton\u00e9ale \u00e0 domicile"},"content":{"rendered":"<p>[vc_row][vc_column][vc_column_text]I am text block. Click edit button to change this text. Lorem ipsum dolor sit amet, consectetur adipiscing elit. Ut elit tellus, luctus nec ullamcorper mattis, pulvinar dapibus leo.[\/vc_column_text][\/vc_column][\/vc_row]<\/p>\n","protected":false},"excerpt":{"rendered":"<p>[vc_row][vc_column][vc_column_text]I am text block. Click edit button to change this text. Lorem ipsum dolor sit amet, consectetur adipiscing elit. Ut elit tellus, luctus nec ullamcorper mattis, pulvinar dapibus leo.[\/vc_column_text][\/vc_column][\/vc_row]<\/p>\n","protected":false},"author":5,"featured_media":152,"parent":63,"menu_order":33,"comment_status":"closed","ping_status":"closed","template":"templates\/template-asset.php","meta":{"_acf_changed":false,"footnotes":""},"class_list":["post-404","page","type-page","status-publish","has-post-thumbnail","hentry","entry"],"acf":[],"yoast_head":"<!-- This site is optimized with the Yoast SEO plugin v27.3 - https:\/\/yoast.com\/product\/yoast-seo-wordpress\/ -->\n<title>H\u00e9modialyse et dialyse p\u00e9riton\u00e9ale \u00e0 domicile - L&#039;AURA Paris<\/title>\n<meta name=\"robots\" content=\"index, follow, max-snippet:-1, max-image-preview:large, max-video-preview:-1\" \/>\n<link rel=\"canonical\" href=\"https:\/\/auraparis.org\/fr\/qui-sommes-nous\/nos-atouts\/hemodialyse-et-dialyse-peritoneale-a-domicile\/\" \/>\n<meta property=\"og:locale\" content=\"fr_FR\" \/>\n<meta property=\"og:type\" content=\"article\" \/>\n<meta property=\"og:title\" content=\"H\u00e9modialyse et dialyse p\u00e9riton\u00e9ale \u00e0 domicile - L&#039;AURA Paris\" \/>\n<meta property=\"og:description\" content=\"[vc_row][vc_column][vc_column_text]I am text block. Click edit button to change this text. Lorem ipsum dolor sit amet, consectetur adipiscing elit. Ut elit tellus, luctus nec ullamcorper mattis, pulvinar dapibus leo.[\/vc_column_text][\/vc_column][\/vc_row]\" \/>\n<meta property=\"og:url\" content=\"https:\/\/auraparis.org\/fr\/qui-sommes-nous\/nos-atouts\/hemodialyse-et-dialyse-peritoneale-a-domicile\/\" \/>\n<meta property=\"og:site_name\" content=\"L&#039;AURA Paris\" \/>\n<meta property=\"article:modified_time\" content=\"2025-10-02T10:00:47+00:00\" \/>\n<meta property=\"og:image\" content=\"https:\/\/auraparis.org\/wp-content\/uploads\/2021\/11\/iStock-643637182@kupicoo-1.jpg\" \/>\n\t<meta property=\"og:image:width\" content=\"2500\" \/>\n\t<meta property=\"og:image:height\" content=\"778\" \/>\n\t<meta property=\"og:image:type\" content=\"image\/jpeg\" \/>\n<meta name=\"twitter:card\" content=\"summary_large_image\" \/>\n<meta name=\"twitter:label1\" content=\"Dur\u00e9e de lecture estim\u00e9e\" \/>\n\t<meta name=\"twitter:data1\" content=\"1 minute\" \/>\n<script type=\"application\/ld+json\" class=\"yoast-schema-graph\">{\"@context\":\"https:\\\/\\\/schema.org\",\"@graph\":[{\"@type\":\"WebPage\",\"@id\":\"https:\\\/\\\/auraparis.org\\\/fr\\\/qui-sommes-nous\\\/nos-atouts\\\/hemodialyse-et-dialyse-peritoneale-a-domicile\\\/\",\"url\":\"https:\\\/\\\/auraparis.org\\\/fr\\\/qui-sommes-nous\\\/nos-atouts\\\/hemodialyse-et-dialyse-peritoneale-a-domicile\\\/\",\"name\":\"H\u00e9modialyse et dialyse p\u00e9riton\u00e9ale \u00e0 domicile - L&#039;AURA Paris\",\"isPartOf\":{\"@id\":\"https:\\\/\\\/auraparis.org\\\/#website\"},\"primaryImageOfPage\":{\"@id\":\"https:\\\/\\\/auraparis.org\\\/fr\\\/qui-sommes-nous\\\/nos-atouts\\\/hemodialyse-et-dialyse-peritoneale-a-domicile\\\/#primaryimage\"},\"image\":{\"@id\":\"https:\\\/\\\/auraparis.org\\\/fr\\\/qui-sommes-nous\\\/nos-atouts\\\/hemodialyse-et-dialyse-peritoneale-a-domicile\\\/#primaryimage\"},\"thumbnailUrl\":\"https:\\\/\\\/auraparis.org\\\/wp-content\\\/uploads\\\/2021\\\/11\\\/iStock-643637182@kupicoo-1.jpg\",\"datePublished\":\"2021-11-21T11:21:15+00:00\",\"dateModified\":\"2025-10-02T10:00:47+00:00\",\"breadcrumb\":{\"@id\":\"https:\\\/\\\/auraparis.org\\\/fr\\\/qui-sommes-nous\\\/nos-atouts\\\/hemodialyse-et-dialyse-peritoneale-a-domicile\\\/#breadcrumb\"},\"inLanguage\":\"fr-FR\",\"potentialAction\":[{\"@type\":\"ReadAction\",\"target\":[\"https:\\\/\\\/auraparis.org\\\/fr\\\/qui-sommes-nous\\\/nos-atouts\\\/hemodialyse-et-dialyse-peritoneale-a-domicile\\\/\"]}]},{\"@type\":\"ImageObject\",\"inLanguage\":\"fr-FR\",\"@id\":\"https:\\\/\\\/auraparis.org\\\/fr\\\/qui-sommes-nous\\\/nos-atouts\\\/hemodialyse-et-dialyse-peritoneale-a-domicile\\\/#primaryimage\",\"url\":\"https:\\\/\\\/auraparis.org\\\/wp-content\\\/uploads\\\/2021\\\/11\\\/iStock-643637182@kupicoo-1.jpg\",\"contentUrl\":\"https:\\\/\\\/auraparis.org\\\/wp-content\\\/uploads\\\/2021\\\/11\\\/iStock-643637182@kupicoo-1.jpg\",\"width\":2500,\"height\":778},{\"@type\":\"BreadcrumbList\",\"@id\":\"https:\\\/\\\/auraparis.org\\\/fr\\\/qui-sommes-nous\\\/nos-atouts\\\/hemodialyse-et-dialyse-peritoneale-a-domicile\\\/#breadcrumb\",\"itemListElement\":[{\"@type\":\"ListItem\",\"position\":1,\"name\":\"Accueil\",\"item\":\"https:\\\/\\\/auraparis.org\\\/fr\\\/\"},{\"@type\":\"ListItem\",\"position\":2,\"name\":\"Qui sommes-nous ?\",\"item\":\"https:\\\/\\\/auraparis.org\\\/fr\\\/qui-sommes-nous\\\/\"},{\"@type\":\"ListItem\",\"position\":3,\"name\":\"Nos atouts\",\"item\":\"https:\\\/\\\/auraparis.org\\\/fr\\\/qui-sommes-nous\\\/nos-atouts\\\/\"},{\"@type\":\"ListItem\",\"position\":4,\"name\":\"H\u00e9modialyse et dialyse p\u00e9riton\u00e9ale \u00e0 domicile\"}]},{\"@type\":\"WebSite\",\"@id\":\"https:\\\/\\\/auraparis.org\\\/#website\",\"url\":\"https:\\\/\\\/auraparis.org\\\/\",\"name\":\"L&#039;AURA Paris\",\"description\":\"\",\"publisher\":{\"@id\":\"https:\\\/\\\/auraparis.org\\\/#organization\"},\"potentialAction\":[{\"@type\":\"SearchAction\",\"target\":{\"@type\":\"EntryPoint\",\"urlTemplate\":\"https:\\\/\\\/auraparis.org\\\/?s={search_term_string}\"},\"query-input\":{\"@type\":\"PropertyValueSpecification\",\"valueRequired\":true,\"valueName\":\"search_term_string\"}}],\"inLanguage\":\"fr-FR\"},{\"@type\":\"Organization\",\"@id\":\"https:\\\/\\\/auraparis.org\\\/#organization\",\"name\":\"L&#039;AURA Paris\",\"url\":\"https:\\\/\\\/auraparis.org\\\/\",\"logo\":{\"@type\":\"ImageObject\",\"inLanguage\":\"fr-FR\",\"@id\":\"https:\\\/\\\/auraparis.org\\\/#\\\/schema\\\/logo\\\/image\\\/\",\"url\":\"https:\\\/\\\/auraparis.org\\\/wp-content\\\/uploads\\\/2026\\\/02\\\/cropped-favicon-dore.jpg\",\"contentUrl\":\"https:\\\/\\\/auraparis.org\\\/wp-content\\\/uploads\\\/2026\\\/02\\\/cropped-favicon-dore.jpg\",\"width\":190,\"height\":190,\"caption\":\"L&#039;AURA Paris\"},\"image\":{\"@id\":\"https:\\\/\\\/auraparis.org\\\/#\\\/schema\\\/logo\\\/image\\\/\"}}]}<\/script>\n<!-- \/ Yoast SEO plugin. -->","yoast_head_json":{"title":"H\u00e9modialyse et dialyse p\u00e9riton\u00e9ale \u00e0 domicile - L&#039;AURA Paris","robots":{"index":"index","follow":"follow","max-snippet":"max-snippet:-1","max-image-preview":"max-image-preview:large","max-video-preview":"max-video-preview:-1"},"canonical":"https:\/\/auraparis.org\/fr\/qui-sommes-nous\/nos-atouts\/hemodialyse-et-dialyse-peritoneale-a-domicile\/","og_locale":"fr_FR","og_type":"article","og_title":"H\u00e9modialyse et dialyse p\u00e9riton\u00e9ale \u00e0 domicile - L&#039;AURA Paris","og_description":"[vc_row][vc_column][vc_column_text]I am text block. Click edit button to change this text. Lorem ipsum dolor sit amet, consectetur adipiscing elit. Ut elit tellus, luctus nec ullamcorper mattis, pulvinar dapibus leo.[\/vc_column_text][\/vc_column][\/vc_row]","og_url":"https:\/\/auraparis.org\/fr\/qui-sommes-nous\/nos-atouts\/hemodialyse-et-dialyse-peritoneale-a-domicile\/","og_site_name":"L&#039;AURA Paris","article_modified_time":"2025-10-02T10:00:47+00:00","og_image":[{"width":2500,"height":778,"url":"https:\/\/auraparis.org\/wp-content\/uploads\/2021\/11\/iStock-643637182@kupicoo-1.jpg","type":"image\/jpeg"}],"twitter_card":"summary_large_image","twitter_misc":{"Dur\u00e9e de lecture estim\u00e9e":"1 minute"},"schema":{"@context":"https:\/\/schema.org","@graph":[{"@type":"WebPage","@id":"https:\/\/auraparis.org\/fr\/qui-sommes-nous\/nos-atouts\/hemodialyse-et-dialyse-peritoneale-a-domicile\/","url":"https:\/\/auraparis.org\/fr\/qui-sommes-nous\/nos-atouts\/hemodialyse-et-dialyse-peritoneale-a-domicile\/","name":"H\u00e9modialyse et dialyse p\u00e9riton\u00e9ale \u00e0 domicile - L&#039;AURA Paris","isPartOf":{"@id":"https:\/\/auraparis.org\/#website"},"primaryImageOfPage":{"@id":"https:\/\/auraparis.org\/fr\/qui-sommes-nous\/nos-atouts\/hemodialyse-et-dialyse-peritoneale-a-domicile\/#primaryimage"},"image":{"@id":"https:\/\/auraparis.org\/fr\/qui-sommes-nous\/nos-atouts\/hemodialyse-et-dialyse-peritoneale-a-domicile\/#primaryimage"},"thumbnailUrl":"https:\/\/auraparis.org\/wp-content\/uploads\/2021\/11\/iStock-643637182@kupicoo-1.jpg","datePublished":"2021-11-21T11:21:15+00:00","dateModified":"2025-10-02T10:00:47+00:00","breadcrumb":{"@id":"https:\/\/auraparis.org\/fr\/qui-sommes-nous\/nos-atouts\/hemodialyse-et-dialyse-peritoneale-a-domicile\/#breadcrumb"},"inLanguage":"fr-FR","potentialAction":[{"@type":"ReadAction","target":["https:\/\/auraparis.org\/fr\/qui-sommes-nous\/nos-atouts\/hemodialyse-et-dialyse-peritoneale-a-domicile\/"]}]},{"@type":"ImageObject","inLanguage":"fr-FR","@id":"https:\/\/auraparis.org\/fr\/qui-sommes-nous\/nos-atouts\/hemodialyse-et-dialyse-peritoneale-a-domicile\/#primaryimage","url":"https:\/\/auraparis.org\/wp-content\/uploads\/2021\/11\/iStock-643637182@kupicoo-1.jpg","contentUrl":"https:\/\/auraparis.org\/wp-content\/uploads\/2021\/11\/iStock-643637182@kupicoo-1.jpg","width":2500,"height":778},{"@type":"BreadcrumbList","@id":"https:\/\/auraparis.org\/fr\/qui-sommes-nous\/nos-atouts\/hemodialyse-et-dialyse-peritoneale-a-domicile\/#breadcrumb","itemListElement":[{"@type":"ListItem","position":1,"name":"Accueil","item":"https:\/\/auraparis.org\/fr\/"},{"@type":"ListItem","position":2,"name":"Qui sommes-nous ?","item":"https:\/\/auraparis.org\/fr\/qui-sommes-nous\/"},{"@type":"ListItem","position":3,"name":"Nos atouts","item":"https:\/\/auraparis.org\/fr\/qui-sommes-nous\/nos-atouts\/"},{"@type":"ListItem","position":4,"name":"H\u00e9modialyse et dialyse p\u00e9riton\u00e9ale \u00e0 domicile"}]},{"@type":"WebSite","@id":"https:\/\/auraparis.org\/#website","url":"https:\/\/auraparis.org\/","name":"L&#039;AURA Paris","description":"","publisher":{"@id":"https:\/\/auraparis.org\/#organization"},"potentialAction":[{"@type":"SearchAction","target":{"@type":"EntryPoint","urlTemplate":"https:\/\/auraparis.org\/?s={search_term_string}"},"query-input":{"@type":"PropertyValueSpecification","valueRequired":true,"valueName":"search_term_string"}}],"inLanguage":"fr-FR"},{"@type":"Organization","@id":"https:\/\/auraparis.org\/#organization","name":"L&#039;AURA Paris","url":"https:\/\/auraparis.org\/","logo":{"@type":"ImageObject","inLanguage":"fr-FR","@id":"https:\/\/auraparis.org\/#\/schema\/logo\/image\/","url":"https:\/\/auraparis.org\/wp-content\/uploads\/2026\/02\/cropped-favicon-dore.jpg","contentUrl":"https:\/\/auraparis.org\/wp-content\/uploads\/2026\/02\/cropped-favicon-dore.jpg","width":190,"height":190,"caption":"L&#039;AURA Paris"},"image":{"@id":"https:\/\/auraparis.org\/#\/schema\/logo\/image\/"}}]}},"_links":{"self":[{"href":"https:\/\/auraparis.org\/fr\/wp-json\/wp\/v2\/pages\/404","targetHints":{"allow":["GET"]}}],"collection":[{"href":"https:\/\/auraparis.org\/fr\/wp-json\/wp\/v2\/pages"}],"about":[{"href":"https:\/\/auraparis.org\/fr\/wp-json\/wp\/v2\/types\/page"}],"author":[{"embeddable":true,"href":"https:\/\/auraparis.org\/fr\/wp-json\/wp\/v2\/users\/5"}],"replies":[{"embeddable":true,"href":"https:\/\/auraparis.org\/fr\/wp-json\/wp\/v2\/comments?post=404"}],"version-history":[{"count":5,"href":"https:\/\/auraparis.org\/fr\/wp-json\/wp\/v2\/pages\/404\/revisions"}],"predecessor-version":[{"id":3719,"href":"https:\/\/auraparis.org\/fr\/wp-json\/wp\/v2\/pages\/404\/revisions\/3719"}],"up":[{"embeddable":true,"href":"https:\/\/auraparis.org\/fr\/wp-json\/wp\/v2\/pages\/63"}],"wp:featuredmedia":[{"embeddable":true,"href":"https:\/\/auraparis.org\/fr\/wp-json\/wp\/v2\/media\/152"}],"wp:attachment":[{"href":"https:\/\/auraparis.org\/fr\/wp-json\/wp\/v2\/media?parent=404"}],"curies":[{"name":"wp","href":"https:\/\/api.w.org\/{rel}","templated":true}]}}