{"id":408,"date":"2021-11-21T14:27:08","date_gmt":"2021-11-21T11:27:08","guid":{"rendered":"http:\/\/auraparis2021.pastelle.fr\/?page_id=408"},"modified":"2025-10-02T10:51:26","modified_gmt":"2025-10-02T09:51:26","slug":"des-pratiques-therapeutiques-novatrices","status":"publish","type":"page","link":"https:\/\/auraparis.org\/fr\/qui-sommes-nous\/nos-atouts\/des-pratiques-therapeutiques-novatrices\/","title":{"rendered":"Des pratiques th\u00e9rapeutiques novatrices"},"content":{"rendered":"<p>[vc_row css=\u00a0\u00bb.vc_custom_1759398504797{background-color: #f2eee3 !important;}\u00a0\u00bb][vc_column css=\u00a0\u00bb.vc_custom_1759398530476{background-color: #f2eee3 !important;}\u00a0\u00bb][vc_column_text]<\/p>\n<p class=\"p1\">L\u2019AURA Paris est porteuse d\u2019innovation en mati\u00e8re de prise en charge des patients en dialyse. Avant la pand\u00e9mie deux techniques ont \u00e9t\u00e9 d\u00e9velopp\u00e9es au sein de l\u2019AURA Paris Plaisance\u00a0:<\/p>\n<p>&nbsp;<\/p>\n<p class=\"p1\"><span style=\"color: #be952a;\"><strong>L\u2019aph\u00e9r\u00e8se th\u00e9rapeutique :<\/strong><\/span><\/p>\n<p class=\"p1\">Cette technique comporte trois volets dont peuvent b\u00e9n\u00e9ficier les patients.<\/p>\n<p class=\"p1\">Le premier volet s\u2019appelle la <strong>rh\u00e9oph\u00e9r\u00e8se<\/strong>. Cette derni\u00e8re est indiqu\u00e9e chez les patients le plus souvent dialys\u00e9s porteurs de plaies qui ont du mal \u00e0 cicatriser li\u00e9es aux atteintes de la microcirculation (art\u00e9riopathie des membres inf\u00e9rieurs, calciphylaxie, embols de cholesterol,\u2026). La rh\u00e9oph\u00e9r\u00e8se permet de fluidifier le flux sanguin dans les petits vaisseaux en enlevant les grosses mol\u00e9cules du sang et permettre ainsi une meilleure oxyg\u00e9nation des tissus, n\u00e9cessaire \u00e0 la cicatrisation. Elle est aussi efficace sur les douleurs en liens avec ces plaies.<\/p>\n<p class=\"p1\">Le deuxi\u00e8me volet est <strong>l\u2019immuno-adsorption<\/strong> utilis\u00e9e chez les patients candidats \u00e0 la transplantation r\u00e9nale qui ont d\u00e9velopp\u00e9 des anticorps contre les tissus \u00e9trangers \u00e0 la suite d\u2019une ou plusieurs greffes, de transfusions sanguines ou de grossesses chez la femme. Ces anticorps peuvent \u00eatre aussi pr\u00e9sents naturellement dans le cadre de l\u2019incompatibilit\u00e9 des groupes sanguins A, B, O si donneur et receveur ont des groupes sanguins diff\u00e9rents. Ces anticorps exposent le receveur d\u2019un greffon \u00e0 un rejet s\u00e9v\u00e8re et pr\u00e9coce. L\u2019immuno-adsorption combin\u00e9e \u00e0 un traitement immunosuppresseur permet d\u2019\u00e9purer ces anticorps, de bloquer leur fabrication et de faire la greffe avec un moindre risque de rejet s\u00e9v\u00e8re<\/p>\n<p class=\"p1\">Le troisi\u00e8me volet est la <strong>plasmaph\u00e9r\u00e8se<\/strong>. Elle a pour but de retirer du plasma les anticorps auto-immuns responsables dans un certain nombre de maladies r\u00e9nales, neurologiques ou h\u00e9matologiques.<\/p>\n<p>&nbsp;<\/p>\n<p class=\"p1\"><span style=\"color: #be952a;\"><strong>La dialyse en chambre :<\/strong><\/span><\/p>\n<p class=\"p1\">Cette technique consiste \u00e0 apporter la dialyse au lit du patient plut\u00f4t que de d\u00e9placer le patient dans l\u2019unit\u00e9 de dialyse. Elle s\u2019appuie sur le d\u00e9veloppement de machines facilement mobilisables d\u00e9velopp\u00e9es pour l\u2019h\u00e9modialyse \u00e0 domicile. C\u2019est une technique id\u00e9ale pour les patients hospitalis\u00e9s, comme au sein du service d\u2019hospitalisation de l\u2019AURA sur le site de Paris Plaisance, leur \u00e9pargnant des horaires contraints et des transferts p\u00e9nibles.<\/p>\n<p>&nbsp;<\/p>\n<p class=\"p1\">Comme soulign\u00e9 en introduction, ces techniques ont \u00e9t\u00e9 mises en place avant la pand\u00e9mie. L\u2019aph\u00e9r\u00e8se th\u00e9rapeutique a \u00e9t\u00e9 interrompue pendant la crise COVID afin de mobiliser et prioriser la ressource pour la prise en charge des patients atteints de COVID. Le turn-over m\u00e9dical et le manque importants de soignants qui s\u2019en est suivi n\u2019ont pas permis pour l\u2019instant une reprise de l\u2019aph\u00e9r\u00e8se mais cela reste un objectif clairement affich\u00e9 pour les mois qui viennent. Il en est de m\u00eame pour la dialyse en chambre.<\/p>\n<p>[\/vc_column_text][\/vc_column][\/vc_row]<\/p>\n","protected":false},"excerpt":{"rendered":"<p>[vc_row css=\u00a0\u00bb.vc_custom_1759398504797{background-color: #f2eee3 !important;}\u00a0\u00bb][vc_column css=\u00a0\u00bb.vc_custom_1759398530476{background-color: #f2eee3 !important;}\u00a0\u00bb][vc_column_text] L\u2019AURA Paris est porteuse d\u2019innovation en mati\u00e8re de prise en charge des patients en dialyse. Avant la pand\u00e9mie deux techniques ont \u00e9t\u00e9 d\u00e9velopp\u00e9es au sein de l\u2019AURA Paris Plaisance\u00a0: &nbsp; L\u2019aph\u00e9r\u00e8se th\u00e9rapeutique : Cette technique comporte trois volets dont peuvent b\u00e9n\u00e9ficier les patients. Le premier volet s\u2019appelle la &hellip; <\/p>\n<p class=\"link-more\"><a href=\"https:\/\/auraparis.org\/fr\/qui-sommes-nous\/nos-atouts\/des-pratiques-therapeutiques-novatrices\/\" class=\"more-link\">Continuer la lecture <span class=\"screen-reader-text\"> \u00ab\u00a0Des pratiques th\u00e9rapeutiques novatrices\u00a0\u00bb<\/span><\/a><\/p>\n","protected":false},"author":5,"featured_media":3473,"parent":63,"menu_order":25,"comment_status":"closed","ping_status":"closed","template":"templates\/template-asset.php","meta":{"_acf_changed":false,"footnotes":""},"class_list":["post-408","page","type-page","status-publish","has-post-thumbnail","hentry","entry"],"acf":[],"yoast_head":"<!-- This site is optimized with the Yoast SEO plugin v27.3 - https:\/\/yoast.com\/product\/yoast-seo-wordpress\/ -->\n<title>Des pratiques th\u00e9rapeutiques novatrices - L&#039;AURA Paris<\/title>\n<meta name=\"robots\" content=\"index, follow, max-snippet:-1, max-image-preview:large, max-video-preview:-1\" \/>\n<link rel=\"canonical\" href=\"https:\/\/auraparis.org\/fr\/qui-sommes-nous\/nos-atouts\/des-pratiques-therapeutiques-novatrices\/\" \/>\n<meta property=\"og:locale\" content=\"fr_FR\" \/>\n<meta property=\"og:type\" content=\"article\" \/>\n<meta property=\"og:title\" content=\"Des pratiques th\u00e9rapeutiques novatrices - L&#039;AURA Paris\" \/>\n<meta property=\"og:description\" content=\"[vc_row css=\u00a0\u00bb.vc_custom_1759398504797{background-color: #f2eee3 !important;}\u00a0\u00bb][vc_column css=\u00a0\u00bb.vc_custom_1759398530476{background-color: #f2eee3 !important;}\u00a0\u00bb][vc_column_text] L\u2019AURA Paris est porteuse d\u2019innovation en mati\u00e8re de prise en charge des patients en dialyse. Avant la pand\u00e9mie deux techniques ont \u00e9t\u00e9 d\u00e9velopp\u00e9es au sein de l\u2019AURA Paris Plaisance\u00a0: &nbsp; L\u2019aph\u00e9r\u00e8se th\u00e9rapeutique : Cette technique comporte trois volets dont peuvent b\u00e9n\u00e9ficier les patients. Le premier volet s\u2019appelle la &hellip; Continuer la lecture \u00ab\u00a0Des pratiques th\u00e9rapeutiques novatrices\u00a0\u00bb\" \/>\n<meta property=\"og:url\" content=\"https:\/\/auraparis.org\/fr\/qui-sommes-nous\/nos-atouts\/des-pratiques-therapeutiques-novatrices\/\" \/>\n<meta property=\"og:site_name\" content=\"L&#039;AURA Paris\" \/>\n<meta property=\"article:modified_time\" content=\"2025-10-02T09:51:26+00:00\" \/>\n<meta property=\"og:image\" content=\"https:\/\/auraparis.org\/wp-content\/uploads\/2025\/03\/2048x637.png\" \/>\n\t<meta property=\"og:image:width\" content=\"2048\" \/>\n\t<meta property=\"og:image:height\" content=\"637\" \/>\n\t<meta property=\"og:image:type\" content=\"image\/png\" \/>\n<meta name=\"twitter:card\" content=\"summary_large_image\" \/>\n<meta name=\"twitter:label1\" content=\"Dur\u00e9e de lecture estim\u00e9e\" \/>\n\t<meta name=\"twitter:data1\" content=\"3 minutes\" \/>\n<script type=\"application\/ld+json\" class=\"yoast-schema-graph\">{\"@context\":\"https:\\\/\\\/schema.org\",\"@graph\":[{\"@type\":\"WebPage\",\"@id\":\"https:\\\/\\\/auraparis.org\\\/fr\\\/qui-sommes-nous\\\/nos-atouts\\\/des-pratiques-therapeutiques-novatrices\\\/\",\"url\":\"https:\\\/\\\/auraparis.org\\\/fr\\\/qui-sommes-nous\\\/nos-atouts\\\/des-pratiques-therapeutiques-novatrices\\\/\",\"name\":\"Des pratiques th\u00e9rapeutiques novatrices - L&#039;AURA Paris\",\"isPartOf\":{\"@id\":\"https:\\\/\\\/auraparis.org\\\/#website\"},\"primaryImageOfPage\":{\"@id\":\"https:\\\/\\\/auraparis.org\\\/fr\\\/qui-sommes-nous\\\/nos-atouts\\\/des-pratiques-therapeutiques-novatrices\\\/#primaryimage\"},\"image\":{\"@id\":\"https:\\\/\\\/auraparis.org\\\/fr\\\/qui-sommes-nous\\\/nos-atouts\\\/des-pratiques-therapeutiques-novatrices\\\/#primaryimage\"},\"thumbnailUrl\":\"https:\\\/\\\/auraparis.org\\\/wp-content\\\/uploads\\\/2025\\\/03\\\/2048x637.png\",\"datePublished\":\"2021-11-21T11:27:08+00:00\",\"dateModified\":\"2025-10-02T09:51:26+00:00\",\"breadcrumb\":{\"@id\":\"https:\\\/\\\/auraparis.org\\\/fr\\\/qui-sommes-nous\\\/nos-atouts\\\/des-pratiques-therapeutiques-novatrices\\\/#breadcrumb\"},\"inLanguage\":\"fr-FR\",\"potentialAction\":[{\"@type\":\"ReadAction\",\"target\":[\"https:\\\/\\\/auraparis.org\\\/fr\\\/qui-sommes-nous\\\/nos-atouts\\\/des-pratiques-therapeutiques-novatrices\\\/\"]}]},{\"@type\":\"ImageObject\",\"inLanguage\":\"fr-FR\",\"@id\":\"https:\\\/\\\/auraparis.org\\\/fr\\\/qui-sommes-nous\\\/nos-atouts\\\/des-pratiques-therapeutiques-novatrices\\\/#primaryimage\",\"url\":\"https:\\\/\\\/auraparis.org\\\/wp-content\\\/uploads\\\/2025\\\/03\\\/2048x637.png\",\"contentUrl\":\"https:\\\/\\\/auraparis.org\\\/wp-content\\\/uploads\\\/2025\\\/03\\\/2048x637.png\",\"width\":2048,\"height\":637},{\"@type\":\"BreadcrumbList\",\"@id\":\"https:\\\/\\\/auraparis.org\\\/fr\\\/qui-sommes-nous\\\/nos-atouts\\\/des-pratiques-therapeutiques-novatrices\\\/#breadcrumb\",\"itemListElement\":[{\"@type\":\"ListItem\",\"position\":1,\"name\":\"Accueil\",\"item\":\"https:\\\/\\\/auraparis.org\\\/fr\\\/\"},{\"@type\":\"ListItem\",\"position\":2,\"name\":\"Qui sommes-nous ?\",\"item\":\"https:\\\/\\\/auraparis.org\\\/fr\\\/qui-sommes-nous\\\/\"},{\"@type\":\"ListItem\",\"position\":3,\"name\":\"Nos atouts\",\"item\":\"https:\\\/\\\/auraparis.org\\\/fr\\\/qui-sommes-nous\\\/nos-atouts\\\/\"},{\"@type\":\"ListItem\",\"position\":4,\"name\":\"Des pratiques th\u00e9rapeutiques novatrices\"}]},{\"@type\":\"WebSite\",\"@id\":\"https:\\\/\\\/auraparis.org\\\/#website\",\"url\":\"https:\\\/\\\/auraparis.org\\\/\",\"name\":\"L&#039;AURA Paris\",\"description\":\"\",\"publisher\":{\"@id\":\"https:\\\/\\\/auraparis.org\\\/#organization\"},\"potentialAction\":[{\"@type\":\"SearchAction\",\"target\":{\"@type\":\"EntryPoint\",\"urlTemplate\":\"https:\\\/\\\/auraparis.org\\\/?s={search_term_string}\"},\"query-input\":{\"@type\":\"PropertyValueSpecification\",\"valueRequired\":true,\"valueName\":\"search_term_string\"}}],\"inLanguage\":\"fr-FR\"},{\"@type\":\"Organization\",\"@id\":\"https:\\\/\\\/auraparis.org\\\/#organization\",\"name\":\"L&#039;AURA Paris\",\"url\":\"https:\\\/\\\/auraparis.org\\\/\",\"logo\":{\"@type\":\"ImageObject\",\"inLanguage\":\"fr-FR\",\"@id\":\"https:\\\/\\\/auraparis.org\\\/#\\\/schema\\\/logo\\\/image\\\/\",\"url\":\"https:\\\/\\\/auraparis.org\\\/wp-content\\\/uploads\\\/2026\\\/02\\\/cropped-favicon-dore.jpg\",\"contentUrl\":\"https:\\\/\\\/auraparis.org\\\/wp-content\\\/uploads\\\/2026\\\/02\\\/cropped-favicon-dore.jpg\",\"width\":190,\"height\":190,\"caption\":\"L&#039;AURA Paris\"},\"image\":{\"@id\":\"https:\\\/\\\/auraparis.org\\\/#\\\/schema\\\/logo\\\/image\\\/\"}}]}<\/script>\n<!-- \/ Yoast SEO plugin. -->","yoast_head_json":{"title":"Des pratiques th\u00e9rapeutiques novatrices - L&#039;AURA Paris","robots":{"index":"index","follow":"follow","max-snippet":"max-snippet:-1","max-image-preview":"max-image-preview:large","max-video-preview":"max-video-preview:-1"},"canonical":"https:\/\/auraparis.org\/fr\/qui-sommes-nous\/nos-atouts\/des-pratiques-therapeutiques-novatrices\/","og_locale":"fr_FR","og_type":"article","og_title":"Des pratiques th\u00e9rapeutiques novatrices - L&#039;AURA Paris","og_description":"[vc_row css=\u00a0\u00bb.vc_custom_1759398504797{background-color: #f2eee3 !important;}\u00a0\u00bb][vc_column css=\u00a0\u00bb.vc_custom_1759398530476{background-color: #f2eee3 !important;}\u00a0\u00bb][vc_column_text] L\u2019AURA Paris est porteuse d\u2019innovation en mati\u00e8re de prise en charge des patients en dialyse. Avant la pand\u00e9mie deux techniques ont \u00e9t\u00e9 d\u00e9velopp\u00e9es au sein de l\u2019AURA Paris Plaisance\u00a0: &nbsp; L\u2019aph\u00e9r\u00e8se th\u00e9rapeutique : Cette technique comporte trois volets dont peuvent b\u00e9n\u00e9ficier les patients. Le premier volet s\u2019appelle la &hellip; Continuer la lecture \u00ab\u00a0Des pratiques th\u00e9rapeutiques novatrices\u00a0\u00bb","og_url":"https:\/\/auraparis.org\/fr\/qui-sommes-nous\/nos-atouts\/des-pratiques-therapeutiques-novatrices\/","og_site_name":"L&#039;AURA Paris","article_modified_time":"2025-10-02T09:51:26+00:00","og_image":[{"width":2048,"height":637,"url":"https:\/\/auraparis.org\/wp-content\/uploads\/2025\/03\/2048x637.png","type":"image\/png"}],"twitter_card":"summary_large_image","twitter_misc":{"Dur\u00e9e de lecture estim\u00e9e":"3 minutes"},"schema":{"@context":"https:\/\/schema.org","@graph":[{"@type":"WebPage","@id":"https:\/\/auraparis.org\/fr\/qui-sommes-nous\/nos-atouts\/des-pratiques-therapeutiques-novatrices\/","url":"https:\/\/auraparis.org\/fr\/qui-sommes-nous\/nos-atouts\/des-pratiques-therapeutiques-novatrices\/","name":"Des pratiques th\u00e9rapeutiques novatrices - L&#039;AURA Paris","isPartOf":{"@id":"https:\/\/auraparis.org\/#website"},"primaryImageOfPage":{"@id":"https:\/\/auraparis.org\/fr\/qui-sommes-nous\/nos-atouts\/des-pratiques-therapeutiques-novatrices\/#primaryimage"},"image":{"@id":"https:\/\/auraparis.org\/fr\/qui-sommes-nous\/nos-atouts\/des-pratiques-therapeutiques-novatrices\/#primaryimage"},"thumbnailUrl":"https:\/\/auraparis.org\/wp-content\/uploads\/2025\/03\/2048x637.png","datePublished":"2021-11-21T11:27:08+00:00","dateModified":"2025-10-02T09:51:26+00:00","breadcrumb":{"@id":"https:\/\/auraparis.org\/fr\/qui-sommes-nous\/nos-atouts\/des-pratiques-therapeutiques-novatrices\/#breadcrumb"},"inLanguage":"fr-FR","potentialAction":[{"@type":"ReadAction","target":["https:\/\/auraparis.org\/fr\/qui-sommes-nous\/nos-atouts\/des-pratiques-therapeutiques-novatrices\/"]}]},{"@type":"ImageObject","inLanguage":"fr-FR","@id":"https:\/\/auraparis.org\/fr\/qui-sommes-nous\/nos-atouts\/des-pratiques-therapeutiques-novatrices\/#primaryimage","url":"https:\/\/auraparis.org\/wp-content\/uploads\/2025\/03\/2048x637.png","contentUrl":"https:\/\/auraparis.org\/wp-content\/uploads\/2025\/03\/2048x637.png","width":2048,"height":637},{"@type":"BreadcrumbList","@id":"https:\/\/auraparis.org\/fr\/qui-sommes-nous\/nos-atouts\/des-pratiques-therapeutiques-novatrices\/#breadcrumb","itemListElement":[{"@type":"ListItem","position":1,"name":"Accueil","item":"https:\/\/auraparis.org\/fr\/"},{"@type":"ListItem","position":2,"name":"Qui sommes-nous ?","item":"https:\/\/auraparis.org\/fr\/qui-sommes-nous\/"},{"@type":"ListItem","position":3,"name":"Nos atouts","item":"https:\/\/auraparis.org\/fr\/qui-sommes-nous\/nos-atouts\/"},{"@type":"ListItem","position":4,"name":"Des pratiques th\u00e9rapeutiques novatrices"}]},{"@type":"WebSite","@id":"https:\/\/auraparis.org\/#website","url":"https:\/\/auraparis.org\/","name":"L&#039;AURA Paris","description":"","publisher":{"@id":"https:\/\/auraparis.org\/#organization"},"potentialAction":[{"@type":"SearchAction","target":{"@type":"EntryPoint","urlTemplate":"https:\/\/auraparis.org\/?s={search_term_string}"},"query-input":{"@type":"PropertyValueSpecification","valueRequired":true,"valueName":"search_term_string"}}],"inLanguage":"fr-FR"},{"@type":"Organization","@id":"https:\/\/auraparis.org\/#organization","name":"L&#039;AURA Paris","url":"https:\/\/auraparis.org\/","logo":{"@type":"ImageObject","inLanguage":"fr-FR","@id":"https:\/\/auraparis.org\/#\/schema\/logo\/image\/","url":"https:\/\/auraparis.org\/wp-content\/uploads\/2026\/02\/cropped-favicon-dore.jpg","contentUrl":"https:\/\/auraparis.org\/wp-content\/uploads\/2026\/02\/cropped-favicon-dore.jpg","width":190,"height":190,"caption":"L&#039;AURA Paris"},"image":{"@id":"https:\/\/auraparis.org\/#\/schema\/logo\/image\/"}}]}},"_links":{"self":[{"href":"https:\/\/auraparis.org\/fr\/wp-json\/wp\/v2\/pages\/408","targetHints":{"allow":["GET"]}}],"collection":[{"href":"https:\/\/auraparis.org\/fr\/wp-json\/wp\/v2\/pages"}],"about":[{"href":"https:\/\/auraparis.org\/fr\/wp-json\/wp\/v2\/types\/page"}],"author":[{"embeddable":true,"href":"https:\/\/auraparis.org\/fr\/wp-json\/wp\/v2\/users\/5"}],"replies":[{"embeddable":true,"href":"https:\/\/auraparis.org\/fr\/wp-json\/wp\/v2\/comments?post=408"}],"version-history":[{"count":11,"href":"https:\/\/auraparis.org\/fr\/wp-json\/wp\/v2\/pages\/408\/revisions"}],"predecessor-version":[{"id":3712,"href":"https:\/\/auraparis.org\/fr\/wp-json\/wp\/v2\/pages\/408\/revisions\/3712"}],"up":[{"embeddable":true,"href":"https:\/\/auraparis.org\/fr\/wp-json\/wp\/v2\/pages\/63"}],"wp:featuredmedia":[{"embeddable":true,"href":"https:\/\/auraparis.org\/fr\/wp-json\/wp\/v2\/media\/3473"}],"wp:attachment":[{"href":"https:\/\/auraparis.org\/fr\/wp-json\/wp\/v2\/media?parent=408"}],"curies":[{"name":"wp","href":"https:\/\/api.w.org\/{rel}","templated":true}]}}