{"id":61,"date":"2021-11-14T13:34:34","date_gmt":"2021-11-14T10:34:34","guid":{"rendered":"http:\/\/auraparis2021.pastelle.fr\/?page_id=61"},"modified":"2026-02-02T16:16:51","modified_gmt":"2026-02-02T15:16:51","slug":"presentation-historique-missions","status":"publish","type":"page","link":"https:\/\/auraparis.org\/fr\/qui-sommes-nous\/presentation-historique-missions\/","title":{"rendered":"Pr\u00e9sentation de l&rsquo;association aura paris"},"content":{"rendered":"<p>[vc_row el_class=\u00a0\u00bbaura-small-container\u00a0\u00bb][vc_column][vc_row_inner equal_height=\u00a0\u00bbyes\u00a0\u00bb gap=\u00a0\u00bb35&Prime;][vc_column_inner el_class=\u00a0\u00bbmission-content\u00a0\u00bb width=\u00a0\u00bb1\/2&Prime;][vc_custom_heading text=\u00a0\u00bb\u2022 Historique, mission\u00a0\u00bb font_container=\u00a0\u00bbtag:h3|text_align:left\u00a0\u00bb use_theme_fonts=\u00a0\u00bbyes\u00a0\u00bb][vc_empty_space][vc_column_text css=\u00a0\u00bb.vc_custom_1770045372477{border-bottom-width: 0px !important;padding-bottom: 0px !important;}\u00a0\u00bb]<strong>Un peu d\u2019histoire<\/strong><\/p>\n<p>&nbsp;<\/p>\n<p>L\u2019Association pour l\u2019Utilisation du Rein Artificiel dans la r\u00e9gion parisienne (AURA Paris), fond\u00e9e en 1967 sous l\u2019impulsion du Professeur Jean Hamburger et avec l\u2019appui des autorit\u00e9s de la S\u00e9curit\u00e9 Sociale et de l\u2019Assistance Publique, souhaite aujourd\u2019hui engager une transformation statutaire afin de devenir une Fondation Reconnue d\u2019Utilit\u00e9 Publique (RUP). Cette \u00e9volution est guid\u00e9e par la volont\u00e9 de p\u00e9renniser et renforcer notre mission au service des personnes atteintes de maladies r\u00e9nales en \u00cele-de-France, en inscrivant irr\u00e9vocablement notre action dans une d\u00e9marche d\u2019utilit\u00e9 publique, en compl\u00e9ment de son agr\u00e9ment par le minist\u00e8re de la Sant\u00e9 d\u2019\u00e9tablissement participant \u00e0 l\u2019int\u00e9r\u00eat collectif (ESPIC).<\/p>\n<p>&nbsp;<\/p>\n<p><strong>Sa mission<\/strong><\/p>\n<p>&nbsp;<\/p>\n<p>L&rsquo;AURA Paris a pour vocation d&rsquo;offrir des soins de haute qualit\u00e9 dans le domaine de la n\u00e9phrologie, de la dialyse et des services connexes. \u00c0 travers une approche humaine et innovante, elle met l&rsquo;accent sur la prise en charge globale des patients, l&rsquo;enseignement et la recherche scientifique.[\/vc_column_text][\/vc_column_inner][vc_column_inner width=\u00a0\u00bb1\/2&Prime;][vc_single_image image=\u00a0\u00bb2332&Prime; img_size=\u00a0\u00bbfull\u00a0\u00bb alignment=\u00a0\u00bbcenter\u00a0\u00bb][\/vc_column_inner][\/vc_row_inner][vc_row_inner equal_height=\u00a0\u00bbyes\u00a0\u00bb gap=\u00a0\u00bb35&Prime;][vc_column_inner width=\u00a0\u00bb1\/2&Prime;][vc_single_image image=\u00a0\u00bb2123&Prime; img_size=\u00a0\u00bbfull\u00a0\u00bb alignment=\u00a0\u00bbcenter\u00a0\u00bb][\/vc_column_inner][vc_column_inner el_class=\u00a0\u00bbmission-content\u00a0\u00bb width=\u00a0\u00bb1\/2&Prime;][vc_custom_heading text=\u00a0\u00bb\u2022 Un vaste r\u00e9seau de soins\u00a0\u00bb font_container=\u00a0\u00bbtag:h3|text_align:left\u00a0\u00bb use_theme_fonts=\u00a0\u00bbyes\u00a0\u00bb][vc_column_text]Depuis sa cre\u0301ation, l&rsquo;AURA Paris a tisse\u0301 un vaste re\u0301seau<\/p>\n<p>de soins en partenariat avec des ho\u0302pitaux publics &#8211;<\/p>\n<p>dont notamment ceux de l\u2019AP-HP, des<\/p>\n<p>e\u0301tablissements prive\u0301s a\u0300 but non lucratif et des<\/p>\n<p>cliniques. Une trentaine de conventions de<\/p>\n<p>coope\u0301ration ont e\u0301te\u0301 signe\u0301es, permettant a\u0300 l&rsquo;AURA Paris et<\/p>\n<p>a\u0300 ses partenaires de proposer aux patients de la re\u0301gion l\u2019ensemble des modalite\u0301s de prise en charge dans le domaine de l\u2019insuffisance re\u0301nale. L\u2019activite\u0301 de l&rsquo;AURA Paris s\u2019inscrit ainsi au c\u0153ur d\u2019une ve\u0301ritable \u201cfilie\u0300re ne\u0301phrologique\u201d qui va de la pre\u0301vention jusqu\u2019a\u0300 l\u2019hospitalisation comple\u0300te, en passant par toutes les techniques de dialyse, qu\u2019il s\u2019agisse de l\u2019he\u0301modialyse ou de la dialyse pe\u0301ritone\u0301ale. Actuellement, l&rsquo;AURA Paris traite environ 1100 patients dans ses 11 structures, implante\u0301es sur l\u2019ensemble de la re\u0301gion, et constituant un ve\u0301ritable \u00ab maillage \u00bb du territoire au service de la population. Par ailleurs, l&rsquo;AURA Paris est fortement engage\u0301e dans les innovations the\u0301rapeutiques qui contribuent a\u0300 l\u2019ame\u0301lioration de la qualite\u0301 des soins et du confort des patients, comme le de\u0301montrent les travaux de son Conseil scientifique.[\/vc_column_text][\/vc_column_inner][\/vc_row_inner][vc_row_inner equal_height=\u00a0\u00bbyes\u00a0\u00bb gap=\u00a0\u00bb35&Prime;][vc_column_inner el_class=\u00a0\u00bbmission-content\u00a0\u00bb width=\u00a0\u00bb1\/2&Prime;][vc_custom_heading text=\u00a0\u00bb\u2022 Gouvernance\u00a0\u00bb font_container=\u00a0\u00bbtag:h3|text_align:left\u00a0\u00bb use_theme_fonts=\u00a0\u00bbyes\u00a0\u00bb][vc_column_text]L\u2019AURA Paris est r\u00e9gie par un Conseil d\u2019administration, actuellement compos\u00e9 de 13 membres r\u00e9partis en 3 coll\u00e8ges (m\u00e9decins, repr\u00e9sentants des usagers et personnalit\u00e9s qualifi\u00e9es).[\/vc_column_text][\/vc_column_inner][vc_column_inner width=\u00a0\u00bb1\/2&Prime;][vc_single_image image=\u00a0\u00bb2125&Prime; img_size=\u00a0\u00bbfull\u00a0\u00bb alignment=\u00a0\u00bbcenter\u00a0\u00bb][\/vc_column_inner][\/vc_row_inner][\/vc_column][\/vc_row]<\/p>\n","protected":false},"excerpt":{"rendered":"<p>[vc_row el_class=\u00a0\u00bbaura-small-container\u00a0\u00bb][vc_column][vc_row_inner equal_height=\u00a0\u00bbyes\u00a0\u00bb gap=\u00a0\u00bb35&Prime;][vc_column_inner el_class=\u00a0\u00bbmission-content\u00a0\u00bb width=\u00a0\u00bb1\/2&Prime;][vc_custom_heading text=\u00a0\u00bb\u2022 Historique, mission\u00a0\u00bb font_container=\u00a0\u00bbtag:h3|text_align:left\u00a0\u00bb use_theme_fonts=\u00a0\u00bbyes\u00a0\u00bb][vc_empty_space][vc_column_text css=\u00a0\u00bb.vc_custom_1770045372477{border-bottom-width: 0px !important;padding-bottom: 0px !important;}\u00a0\u00bb]Un peu d\u2019histoire &nbsp; L\u2019Association pour l\u2019Utilisation du Rein Artificiel dans la r\u00e9gion parisienne (AURA Paris), fond\u00e9e en 1967 sous l\u2019impulsion du Professeur Jean Hamburger et avec l\u2019appui des autorit\u00e9s de la S\u00e9curit\u00e9 Sociale et de l\u2019Assistance Publique, souhaite aujourd\u2019hui &hellip; <\/p>\n<p class=\"link-more\"><a href=\"https:\/\/auraparis.org\/fr\/qui-sommes-nous\/presentation-historique-missions\/\" class=\"more-link\">Continuer la lecture <span class=\"screen-reader-text\"> \u00ab\u00a0Pr\u00e9sentation de l&rsquo;association aura paris\u00a0\u00bb<\/span><\/a><\/p>\n","protected":false},"author":5,"featured_media":3671,"parent":59,"menu_order":35,"comment_status":"closed","ping_status":"closed","template":"templates\/template-about.php","meta":{"_acf_changed":false,"footnotes":""},"class_list":["post-61","page","type-page","status-publish","has-post-thumbnail","hentry","entry"],"acf":[],"yoast_head":"<!-- This site is optimized with the Yoast SEO plugin v27.4 - https:\/\/yoast.com\/product\/yoast-seo-wordpress\/ -->\n<title>Pr\u00e9sentation de l&#039;association AURA Paris - L&#039;AURA Paris<\/title>\n<meta name=\"robots\" content=\"index, follow, max-snippet:-1, max-image-preview:large, max-video-preview:-1\" \/>\n<link rel=\"canonical\" href=\"https:\/\/auraparis.org\/fr\/qui-sommes-nous\/presentation-historique-missions\/\" \/>\n<meta property=\"og:locale\" content=\"fr_FR\" \/>\n<meta property=\"og:type\" content=\"article\" \/>\n<meta property=\"og:title\" content=\"Pr\u00e9sentation de l&#039;association AURA Paris - L&#039;AURA Paris\" \/>\n<meta property=\"og:description\" content=\"[vc_row el_class=\u00a0\u00bbaura-small-container\u00a0\u00bb][vc_column][vc_row_inner equal_height=\u00a0\u00bbyes\u00a0\u00bb gap=\u00a0\u00bb35&Prime;][vc_column_inner el_class=\u00a0\u00bbmission-content\u00a0\u00bb width=\u00a0\u00bb1\/2&Prime;][vc_custom_heading text=\u00a0\u00bb\u2022 Historique, mission\u00a0\u00bb font_container=\u00a0\u00bbtag:h3|text_align:left\u00a0\u00bb use_theme_fonts=\u00a0\u00bbyes\u00a0\u00bb][vc_empty_space][vc_column_text css=\u00a0\u00bb.vc_custom_1770045372477{border-bottom-width: 0px !important;padding-bottom: 0px !important;}\u00a0\u00bb]Un peu d\u2019histoire &nbsp; L\u2019Association pour l\u2019Utilisation du Rein Artificiel dans la r\u00e9gion parisienne (AURA Paris), fond\u00e9e en 1967 sous l\u2019impulsion du Professeur Jean Hamburger et avec l\u2019appui des autorit\u00e9s de la S\u00e9curit\u00e9 Sociale et de l\u2019Assistance Publique, souhaite aujourd\u2019hui &hellip; Continuer la lecture \u00ab\u00a0Pr\u00e9sentation de l&rsquo;association aura paris\u00a0\u00bb\" \/>\n<meta property=\"og:url\" content=\"https:\/\/auraparis.org\/fr\/qui-sommes-nous\/presentation-historique-missions\/\" \/>\n<meta property=\"og:site_name\" content=\"L&#039;AURA Paris\" \/>\n<meta property=\"article:modified_time\" content=\"2026-02-02T15:16:51+00:00\" \/>\n<meta property=\"og:image\" content=\"https:\/\/auraparis.org\/wp-content\/uploads\/2025\/09\/Design-sans-titre-14-1024x318.png\" \/>\n\t<meta property=\"og:image:width\" content=\"1024\" \/>\n\t<meta property=\"og:image:height\" content=\"318\" \/>\n\t<meta property=\"og:image:type\" content=\"image\/png\" \/>\n<meta name=\"twitter:card\" content=\"summary_large_image\" \/>\n<meta name=\"twitter:label1\" content=\"Dur\u00e9e de lecture estim\u00e9e\" \/>\n\t<meta name=\"twitter:data1\" content=\"3 minutes\" \/>\n<script type=\"application\/ld+json\" class=\"yoast-schema-graph\">{\"@context\":\"https:\\\/\\\/schema.org\",\"@graph\":[{\"@type\":\"WebPage\",\"@id\":\"https:\\\/\\\/auraparis.org\\\/fr\\\/qui-sommes-nous\\\/presentation-historique-missions\\\/\",\"url\":\"https:\\\/\\\/auraparis.org\\\/fr\\\/qui-sommes-nous\\\/presentation-historique-missions\\\/\",\"name\":\"Pr\u00e9sentation de l'association AURA Paris - L&#039;AURA Paris\",\"isPartOf\":{\"@id\":\"https:\\\/\\\/auraparis.org\\\/#website\"},\"primaryImageOfPage\":{\"@id\":\"https:\\\/\\\/auraparis.org\\\/fr\\\/qui-sommes-nous\\\/presentation-historique-missions\\\/#primaryimage\"},\"image\":{\"@id\":\"https:\\\/\\\/auraparis.org\\\/fr\\\/qui-sommes-nous\\\/presentation-historique-missions\\\/#primaryimage\"},\"thumbnailUrl\":\"https:\\\/\\\/auraparis.org\\\/wp-content\\\/uploads\\\/2025\\\/09\\\/Design-sans-titre-14.png\",\"datePublished\":\"2021-11-14T10:34:34+00:00\",\"dateModified\":\"2026-02-02T15:16:51+00:00\",\"breadcrumb\":{\"@id\":\"https:\\\/\\\/auraparis.org\\\/fr\\\/qui-sommes-nous\\\/presentation-historique-missions\\\/#breadcrumb\"},\"inLanguage\":\"fr-FR\",\"potentialAction\":[{\"@type\":\"ReadAction\",\"target\":[\"https:\\\/\\\/auraparis.org\\\/fr\\\/qui-sommes-nous\\\/presentation-historique-missions\\\/\"]}]},{\"@type\":\"ImageObject\",\"inLanguage\":\"fr-FR\",\"@id\":\"https:\\\/\\\/auraparis.org\\\/fr\\\/qui-sommes-nous\\\/presentation-historique-missions\\\/#primaryimage\",\"url\":\"https:\\\/\\\/auraparis.org\\\/wp-content\\\/uploads\\\/2025\\\/09\\\/Design-sans-titre-14.png\",\"contentUrl\":\"https:\\\/\\\/auraparis.org\\\/wp-content\\\/uploads\\\/2025\\\/09\\\/Design-sans-titre-14.png\",\"width\":6400,\"height\":1988},{\"@type\":\"BreadcrumbList\",\"@id\":\"https:\\\/\\\/auraparis.org\\\/fr\\\/qui-sommes-nous\\\/presentation-historique-missions\\\/#breadcrumb\",\"itemListElement\":[{\"@type\":\"ListItem\",\"position\":1,\"name\":\"Accueil\",\"item\":\"https:\\\/\\\/auraparis.org\\\/fr\\\/\"},{\"@type\":\"ListItem\",\"position\":2,\"name\":\"Qui sommes-nous ?\",\"item\":\"https:\\\/\\\/auraparis.org\\\/fr\\\/qui-sommes-nous\\\/\"},{\"@type\":\"ListItem\",\"position\":3,\"name\":\"Pr\u00e9sentation de l&rsquo;association aura paris\"}]},{\"@type\":\"WebSite\",\"@id\":\"https:\\\/\\\/auraparis.org\\\/#website\",\"url\":\"https:\\\/\\\/auraparis.org\\\/\",\"name\":\"L&#039;AURA Paris\",\"description\":\"\",\"publisher\":{\"@id\":\"https:\\\/\\\/auraparis.org\\\/#organization\"},\"potentialAction\":[{\"@type\":\"SearchAction\",\"target\":{\"@type\":\"EntryPoint\",\"urlTemplate\":\"https:\\\/\\\/auraparis.org\\\/?s={search_term_string}\"},\"query-input\":{\"@type\":\"PropertyValueSpecification\",\"valueRequired\":true,\"valueName\":\"search_term_string\"}}],\"inLanguage\":\"fr-FR\"},{\"@type\":\"Organization\",\"@id\":\"https:\\\/\\\/auraparis.org\\\/#organization\",\"name\":\"L&#039;AURA Paris\",\"url\":\"https:\\\/\\\/auraparis.org\\\/\",\"logo\":{\"@type\":\"ImageObject\",\"inLanguage\":\"fr-FR\",\"@id\":\"https:\\\/\\\/auraparis.org\\\/#\\\/schema\\\/logo\\\/image\\\/\",\"url\":\"https:\\\/\\\/auraparis.org\\\/wp-content\\\/uploads\\\/2026\\\/02\\\/cropped-favicon-dore.jpg\",\"contentUrl\":\"https:\\\/\\\/auraparis.org\\\/wp-content\\\/uploads\\\/2026\\\/02\\\/cropped-favicon-dore.jpg\",\"width\":190,\"height\":190,\"caption\":\"L&#039;AURA Paris\"},\"image\":{\"@id\":\"https:\\\/\\\/auraparis.org\\\/#\\\/schema\\\/logo\\\/image\\\/\"}}]}<\/script>\n<!-- \/ Yoast SEO plugin. -->","yoast_head_json":{"title":"Pr\u00e9sentation de l'association AURA Paris - L&#039;AURA Paris","robots":{"index":"index","follow":"follow","max-snippet":"max-snippet:-1","max-image-preview":"max-image-preview:large","max-video-preview":"max-video-preview:-1"},"canonical":"https:\/\/auraparis.org\/fr\/qui-sommes-nous\/presentation-historique-missions\/","og_locale":"fr_FR","og_type":"article","og_title":"Pr\u00e9sentation de l'association AURA Paris - L&#039;AURA Paris","og_description":"[vc_row el_class=\u00a0\u00bbaura-small-container\u00a0\u00bb][vc_column][vc_row_inner equal_height=\u00a0\u00bbyes\u00a0\u00bb gap=\u00a0\u00bb35&Prime;][vc_column_inner el_class=\u00a0\u00bbmission-content\u00a0\u00bb width=\u00a0\u00bb1\/2&Prime;][vc_custom_heading text=\u00a0\u00bb\u2022 Historique, mission\u00a0\u00bb font_container=\u00a0\u00bbtag:h3|text_align:left\u00a0\u00bb use_theme_fonts=\u00a0\u00bbyes\u00a0\u00bb][vc_empty_space][vc_column_text css=\u00a0\u00bb.vc_custom_1770045372477{border-bottom-width: 0px !important;padding-bottom: 0px !important;}\u00a0\u00bb]Un peu d\u2019histoire &nbsp; L\u2019Association pour l\u2019Utilisation du Rein Artificiel dans la r\u00e9gion parisienne (AURA Paris), fond\u00e9e en 1967 sous l\u2019impulsion du Professeur Jean Hamburger et avec l\u2019appui des autorit\u00e9s de la S\u00e9curit\u00e9 Sociale et de l\u2019Assistance Publique, souhaite aujourd\u2019hui &hellip; Continuer la lecture \u00ab\u00a0Pr\u00e9sentation de l&rsquo;association aura paris\u00a0\u00bb","og_url":"https:\/\/auraparis.org\/fr\/qui-sommes-nous\/presentation-historique-missions\/","og_site_name":"L&#039;AURA Paris","article_modified_time":"2026-02-02T15:16:51+00:00","og_image":[{"width":1024,"height":318,"url":"https:\/\/auraparis.org\/wp-content\/uploads\/2025\/09\/Design-sans-titre-14-1024x318.png","type":"image\/png"}],"twitter_card":"summary_large_image","twitter_misc":{"Dur\u00e9e de lecture estim\u00e9e":"3 minutes"},"schema":{"@context":"https:\/\/schema.org","@graph":[{"@type":"WebPage","@id":"https:\/\/auraparis.org\/fr\/qui-sommes-nous\/presentation-historique-missions\/","url":"https:\/\/auraparis.org\/fr\/qui-sommes-nous\/presentation-historique-missions\/","name":"Pr\u00e9sentation de l'association AURA Paris - L&#039;AURA Paris","isPartOf":{"@id":"https:\/\/auraparis.org\/#website"},"primaryImageOfPage":{"@id":"https:\/\/auraparis.org\/fr\/qui-sommes-nous\/presentation-historique-missions\/#primaryimage"},"image":{"@id":"https:\/\/auraparis.org\/fr\/qui-sommes-nous\/presentation-historique-missions\/#primaryimage"},"thumbnailUrl":"https:\/\/auraparis.org\/wp-content\/uploads\/2025\/09\/Design-sans-titre-14.png","datePublished":"2021-11-14T10:34:34+00:00","dateModified":"2026-02-02T15:16:51+00:00","breadcrumb":{"@id":"https:\/\/auraparis.org\/fr\/qui-sommes-nous\/presentation-historique-missions\/#breadcrumb"},"inLanguage":"fr-FR","potentialAction":[{"@type":"ReadAction","target":["https:\/\/auraparis.org\/fr\/qui-sommes-nous\/presentation-historique-missions\/"]}]},{"@type":"ImageObject","inLanguage":"fr-FR","@id":"https:\/\/auraparis.org\/fr\/qui-sommes-nous\/presentation-historique-missions\/#primaryimage","url":"https:\/\/auraparis.org\/wp-content\/uploads\/2025\/09\/Design-sans-titre-14.png","contentUrl":"https:\/\/auraparis.org\/wp-content\/uploads\/2025\/09\/Design-sans-titre-14.png","width":6400,"height":1988},{"@type":"BreadcrumbList","@id":"https:\/\/auraparis.org\/fr\/qui-sommes-nous\/presentation-historique-missions\/#breadcrumb","itemListElement":[{"@type":"ListItem","position":1,"name":"Accueil","item":"https:\/\/auraparis.org\/fr\/"},{"@type":"ListItem","position":2,"name":"Qui sommes-nous ?","item":"https:\/\/auraparis.org\/fr\/qui-sommes-nous\/"},{"@type":"ListItem","position":3,"name":"Pr\u00e9sentation de l&rsquo;association aura paris"}]},{"@type":"WebSite","@id":"https:\/\/auraparis.org\/#website","url":"https:\/\/auraparis.org\/","name":"L&#039;AURA Paris","description":"","publisher":{"@id":"https:\/\/auraparis.org\/#organization"},"potentialAction":[{"@type":"SearchAction","target":{"@type":"EntryPoint","urlTemplate":"https:\/\/auraparis.org\/?s={search_term_string}"},"query-input":{"@type":"PropertyValueSpecification","valueRequired":true,"valueName":"search_term_string"}}],"inLanguage":"fr-FR"},{"@type":"Organization","@id":"https:\/\/auraparis.org\/#organization","name":"L&#039;AURA Paris","url":"https:\/\/auraparis.org\/","logo":{"@type":"ImageObject","inLanguage":"fr-FR","@id":"https:\/\/auraparis.org\/#\/schema\/logo\/image\/","url":"https:\/\/auraparis.org\/wp-content\/uploads\/2026\/02\/cropped-favicon-dore.jpg","contentUrl":"https:\/\/auraparis.org\/wp-content\/uploads\/2026\/02\/cropped-favicon-dore.jpg","width":190,"height":190,"caption":"L&#039;AURA Paris"},"image":{"@id":"https:\/\/auraparis.org\/#\/schema\/logo\/image\/"}}]}},"_links":{"self":[{"href":"https:\/\/auraparis.org\/fr\/wp-json\/wp\/v2\/pages\/61","targetHints":{"allow":["GET"]}}],"collection":[{"href":"https:\/\/auraparis.org\/fr\/wp-json\/wp\/v2\/pages"}],"about":[{"href":"https:\/\/auraparis.org\/fr\/wp-json\/wp\/v2\/types\/page"}],"author":[{"embeddable":true,"href":"https:\/\/auraparis.org\/fr\/wp-json\/wp\/v2\/users\/5"}],"replies":[{"embeddable":true,"href":"https:\/\/auraparis.org\/fr\/wp-json\/wp\/v2\/comments?post=61"}],"version-history":[{"count":26,"href":"https:\/\/auraparis.org\/fr\/wp-json\/wp\/v2\/pages\/61\/revisions"}],"predecessor-version":[{"id":3811,"href":"https:\/\/auraparis.org\/fr\/wp-json\/wp\/v2\/pages\/61\/revisions\/3811"}],"up":[{"embeddable":true,"href":"https:\/\/auraparis.org\/fr\/wp-json\/wp\/v2\/pages\/59"}],"wp:featuredmedia":[{"embeddable":true,"href":"https:\/\/auraparis.org\/fr\/wp-json\/wp\/v2\/media\/3671"}],"wp:attachment":[{"href":"https:\/\/auraparis.org\/fr\/wp-json\/wp\/v2\/media?parent=61"}],"curies":[{"name":"wp","href":"https:\/\/api.w.org\/{rel}","templated":true}]}}