{"id":70,"date":"2021-11-14T13:38:29","date_gmt":"2021-11-14T10:38:29","guid":{"rendered":"http:\/\/auraparis2021.pastelle.fr\/?page_id=70"},"modified":"2026-02-24T15:40:58","modified_gmt":"2026-02-24T14:40:58","slug":"les-chiffres-cles","status":"publish","type":"page","link":"https:\/\/auraparis.org\/fr\/qui-sommes-nous\/les-chiffres-cles\/","title":{"rendered":"Chiffres cl\u00e9s"},"content":{"rendered":"<p>[vc_row el_class=\u00a0\u00bbaura-small-container key-content\u00a0\u00bb][vc_column][vc_row_inner][vc_column_inner css=\u00a0\u00bb.vc_custom_1637071812658{padding-top: 40px !important;}\u00a0\u00bb][vc_custom_heading text=\u00a0\u00bbLa certification HAS\u00a0\u00bb font_container=\u00a0\u00bbtag:h3|text_align:left\u00a0\u00bb use_theme_fonts=\u00a0\u00bbyes\u00a0\u00bb][vc_column_text]<span data-contrast=\"auto\">Depuis la cr\u00e9ation de L\u2019AURA Paris en 1967, la qualit\u00e9, la gestion des risques et la s\u00e9curit\u00e9 des soins ont \u00e9t\u00e9 et restent les priorit\u00e9s de l\u2019Association. Cette volont\u00e9 de garantir la qualit\u00e9 de la prise en charge de nos patients a \u00e9t\u00e9 reconnue et approuv\u00e9e par la HAS suite \u00e0 l\u2019accr\u00e9ditation V1 obtenue en 2007 et la certification HAS V2 en 2009.<\/span><span data-ccp-props=\"{&quot;335559685&quot;:360}\">\u00a0<\/span><\/p>\n<p><b><span data-contrast=\"auto\">En 2013<\/span><\/b><span data-contrast=\"auto\"> : L\u2019AURA Paris a obtenu une certification HAS c\u00f4t\u00e9e A (r\u00e9f\u00e9rentiel V2010).<\/span><span data-ccp-props=\"{&quot;335559685&quot;:360}\">\u00a0<\/span><\/p>\n<p><b><span data-contrast=\"auto\">En septembre 2018<\/span><\/b><span data-contrast=\"auto\"> : la Haute Autorit\u00e9 de Sant\u00e9 a prononc\u00e9 la certification de L\u2019AURA Paris avec une seule recommandation (r\u00e9f\u00e9rentiel V2014), suite \u00e0 la visite des experts-visiteurs qui s\u2019est d\u00e9roul\u00e9e en juin 2018. Les points forts identifi\u00e9s \u00e9taient sur les deux processus :<\/span><span data-ccp-props=\"{&quot;335559685&quot;:360}\">\u00a0<\/span><\/p>\n<ul>\n<li><span data-contrast=\"auto\"> Droits des patients,<\/span><\/li>\n<li><span data-contrast=\"auto\"> Gestion du risque infectieux.<\/span><\/li>\n<\/ul>\n<p><b><span data-contrast=\"auto\">En juillet 2024<\/span><\/b><span data-contrast=\"auto\">, L\u2019AURA Paris a \u00e9t\u00e9 certifi\u00e9e : la qualit\u00e9 des soins est confirm\u00e9e (r\u00e9f\u00e9rentiel V2021) :<\/span><span data-ccp-props=\"{&quot;335559685&quot;:360}\">\u00a0<\/span><\/p>\n<ul>\n<li><span data-contrast=\"auto\"> Sur le chapitre 1 \u00ab Le patient \u00bb, le score obtenu est de 99%.<\/span><\/li>\n<li><span data-contrast=\"auto\"> Sur le chapitre 2 \u00ab Les \u00e9quipes de soins \u00bb, le score obtenu est de 92%.<\/span><\/li>\n<li><span data-contrast=\"auto\"> Sur le chapitre 3 \u00ab L\u2019\u00e9tablissement \u00bb, le score obtenu est de 91%.<\/span><\/li>\n<\/ul>\n<p><span data-contrast=\"auto\">Cette d\u00e9marche a pour objectif de porter une appr\u00e9ciation ind\u00e9pendante sur la qualit\u00e9 des prestations de l\u2019\u00e9tablissement conform\u00e9ment aux exigences du manuel de certification.<\/span><span data-ccp-props=\"{&quot;335559685&quot;:360}\">\u00a0<\/span><\/p>\n<p><span data-contrast=\"auto\">Les \u00e9quipes de L\u2019AURA Paris mettent tout en \u0153uvre pour am\u00e9liorer continuellement le niveau des prestations fournies aux patients.<\/span><span data-ccp-props=\"{&quot;335559685&quot;:360}\">\u00a0<\/span><\/p>\n<p><span data-contrast=\"auto\">Le rapport de certification est accessible sur internet :<\/span><span data-ccp-props=\"{&quot;335559685&quot;:360}\">\u00a0<\/span><\/p>\n<p><a href=\"https:\/\/www.has-sante.fr\/upload\/docs\/application\/pdf\/2024-07\/rapport_de_certification_cqss_-_32606.pdf\"><span data-contrast=\"auto\">Cliquez ici pour acc\u00e9der au dernier rapport HAS v2021<\/span><span data-ccp-props=\"{&quot;335559685&quot;:360}\">\u00a0<\/span><\/a>[\/vc_column_text][\/vc_column_inner][\/vc_row_inner][vc_row_inner][vc_column_inner width=\u00a0\u00bb3\/5&Prime;][vc_custom_heading text=\u00a0\u00bbLes enqu\u00eates de satisfaction des patients\u00a0\u00bb font_container=\u00a0\u00bbtag:h3|text_align:left\u00a0\u00bb use_theme_fonts=\u00a0\u00bbyes\u00a0\u00bb][vc_column_text]<strong><span style=\"font-size: 16pt;\">R\u00e9sultats de l\u2019enqu\u00eate de satisfaction des patients de l\u2019AURA en 2025 :<\/span><\/strong><\/p>\n<ul>\n<li><strong>H\u00e9modialyse en centres, unit\u00e9s de dialyse m\u00e9dicalis\u00e9e et unit\u00e9s d\u2019auto-dialyse<\/strong>\n<div><a href=\"https:\/\/auraparis.org\/wp-content\/uploads\/2025\/10\/CENTRES-UDM-UAD-Affichette-Resultats-satisfaction-2025-INTERNET.pdf\"><em>Cliquez ici pour voir les r\u00e9sultats.<\/em><\/a><\/div>\n<\/li>\n<li><strong>Hospitalisation M\u00e9decine et soins de suite<\/strong>\n<div><em><a href=\"https:\/\/auraparis.org\/wp-content\/uploads\/2025\/10\/APP-HOSPI-Affichette-resultats-satisfaction-2025.pdf\" target=\"_blank\" rel=\"noopener\">Cliquez ici pour voir les r\u00e9sultats<\/a>.<\/em><\/div>\n<\/li>\n<li><strong>Dialyse \u00e0 domicile<\/strong>\n<div><em><a href=\"https:\/\/auraparis.org\/wp-content\/uploads\/2025\/10\/DOMICILE-Affichette-resultats-satisfaction-patient-2025-INTERNET-VLB-Livret.pdf\" target=\"_blank\" rel=\"noopener\">Cliquez ici pour voir les r\u00e9sultats<\/a>.<\/em><\/div>\n<\/li>\n<\/ul>\n<p>Nous remercions vivement l\u2019ensemble de nos patients pour leur participation \u00e0 ces enqu\u00eates de satisfaction.[\/vc_column_text][\/vc_column_inner][vc_column_inner width=\u00a0\u00bb2\/5&Prime;][vc_single_image image=\u00a0\u00bb17&Prime; img_size=\u00a0\u00bbfull\u00a0\u00bb][\/vc_column_inner][\/vc_row_inner][vc_row_inner][vc_column_inner][vc_custom_heading text=\u00a0\u00bbLes indicateurs IQSS\u00a0\u00bb font_container=\u00a0\u00bbtag:h3|text_align:left\u00a0\u00bb use_theme_fonts=\u00a0\u00bbyes\u00a0\u00bb][vc_column_text]Les Indicateurs de Qualit\u00e9 et de S\u00e9curit\u00e9 des Soins (IQSS) sont des outils nationaux qui mesurent l\u2019\u00e9tat de sant\u00e9 d\u2019un patient, une pratique professionnelle ou la survenue d\u2019un \u00e9v\u00e9nement \u00e0 investiguer, afin d\u2019\u00e9valuer de mani\u00e8re fiable la qualit\u00e9 des soins et la s\u00e9curit\u00e9 des patients.<\/p>\n<p><strong>Ils sont con\u00e7us pour am\u00e9liorer la qualit\u00e9 des soins et la s\u00e9curit\u00e9 des patients.<\/strong><\/p>\n<p>&nbsp;<\/p>\n<p class=\"p1\">En 2025, l\u2019AURA Paris a \u00e9t\u00e9 soumise au recueil obligatoire des indicateurs relatifs :<\/p>\n<ul>\n<li>\u00e0 l&rsquo;\u00e9valuation et la prise en charge de la douleur en SMR,<\/li>\n<li>\u00e0 la qualit\u00e9 de la lettre de liaison \u00e0 la sortie en SMR,<\/li>\n<li>\u00e0 la prescription d\u2019antibioth\u00e9rapie inf\u00e9rieure ou \u00e9gale \u00e0 7 jours, ou justifi\u00e9e pour une dur\u00e9e sup\u00e9rieure, pour une infection respiratoire basse,\u202f en MCO,<\/li>\n<li>\u00e0 la consommation des solutions hydro-alcooliques.<\/li>\n<\/ul>\n<p>&nbsp;<\/p>\n<p>L\u2019Indicateur de Consommation des Solutions Hydro-Alcooliques (ICSHA.3) est recueilli depuis 2008 en France et depuis 2016 par la Haute Autorit\u00e9 de Sant\u00e9.<\/p>\n<p>&nbsp;<\/p>\n<p>Cet indicateur permet de mesurer de mani\u00e8re indirecte, la pratique de l\u2019hygi\u00e8ne des mains dans les \u00e9tablissements de sant\u00e9. 6 sites concern\u00e9s \u00e0 l\u2019AURA Paris : <strong>AURA PARIS PLAISANCE, BICHAT, CH\u00c2TILLON, PELLEPORT, PONTOISE, SAINT-OUEN. <\/strong><\/p>\n<p><em>Cliquez ici pour voir les r\u00e9sultats de :<br \/>\n<\/em><a href=\"https:\/\/auraparis.org\/wp-content\/uploads\/2026\/02\/Affiche-IQSS-APP-Dialyse-2025-patients.pdf\" target=\"_blank\" rel=\"noopener\">AURA PARIS PLAISANCE<\/a><\/p>\n<p><a href=\"https:\/\/auraparis.org\/wp-content\/uploads\/2026\/02\/Affiche-IQSS-Bichat-2025-patients.pdf\" target=\"_blank\" rel=\"noopener\">AURA BICHAT <\/a>\u00a0<em><br \/>\n<\/em><\/p>\n<p><a href=\"https:\/\/auraparis.org\/wp-content\/uploads\/2026\/02\/Affiche-IQSS-Chatillon-2025-patients.pdf\" target=\"_blank\" rel=\"noopener\">AURA CH\u00c2TILLON<\/a><\/p>\n<p><a href=\"https:\/\/auraparis.org\/wp-content\/uploads\/2026\/02\/Affiche-IQSS-Pelleport-2025-patients.pdf\" target=\"_blank\" rel=\"noopener\">AURA PELLEPORT<\/a><\/p>\n<p><a href=\"https:\/\/auraparis.org\/wp-content\/uploads\/2026\/02\/Affiche-IQSS-Pontoise-2025-patients.pdf\" target=\"_blank\" rel=\"noopener\">AURA PONTOISE<\/a><\/p>\n<p><a href=\"https:\/\/auraparis.org\/wp-content\/uploads\/2026\/02\/Affiche-IQSS-Saint-Ouen-2025-patients.pdf\" target=\"_blank\" rel=\"noopener\">AURA SAINT-OUEN<\/a><\/p>\n<p>&nbsp;<\/p>\n<p class=\"p1\">Ces indicateurs participent au pilotage de l\u2019am\u00e9lioration de la qualit\u00e9 des soins et de la s\u00e9curit\u00e9 de ses patients.<\/p>\n<p>[\/vc_column_text][\/vc_column_inner][\/vc_row_inner][\/vc_column][\/vc_row]<\/p>\n","protected":false},"excerpt":{"rendered":"<p>[vc_row el_class=\u00a0\u00bbaura-small-container key-content\u00a0\u00bb][vc_column][vc_row_inner][vc_column_inner css=\u00a0\u00bb.vc_custom_1637071812658{padding-top: 40px !important;}\u00a0\u00bb][vc_custom_heading text=\u00a0\u00bbLa certification HAS\u00a0\u00bb font_container=\u00a0\u00bbtag:h3|text_align:left\u00a0\u00bb use_theme_fonts=\u00a0\u00bbyes\u00a0\u00bb][vc_column_text]Depuis la cr\u00e9ation de L\u2019AURA Paris en 1967, la qualit\u00e9, la gestion des risques et la s\u00e9curit\u00e9 des soins ont \u00e9t\u00e9 et restent les priorit\u00e9s de l\u2019Association. Cette volont\u00e9 de garantir la qualit\u00e9 de la prise en charge de nos patients a \u00e9t\u00e9 reconnue et &hellip; <\/p>\n<p class=\"link-more\"><a href=\"https:\/\/auraparis.org\/fr\/qui-sommes-nous\/les-chiffres-cles\/\" class=\"more-link\">Continuer la lecture <span class=\"screen-reader-text\"> \u00ab\u00a0Chiffres cl\u00e9s\u00a0\u00bb<\/span><\/a><\/p>\n","protected":false},"author":5,"featured_media":3671,"parent":59,"menu_order":11,"comment_status":"closed","ping_status":"closed","template":"templates\/template-about.php","meta":{"_acf_changed":false,"footnotes":""},"class_list":["post-70","page","type-page","status-publish","has-post-thumbnail","hentry","entry"],"acf":[],"yoast_head":"<!-- This site is optimized with the Yoast SEO plugin v27.3 - https:\/\/yoast.com\/product\/yoast-seo-wordpress\/ -->\n<title>Chiffres cl\u00e9s - L&#039;AURA Paris<\/title>\n<meta name=\"robots\" content=\"index, follow, max-snippet:-1, max-image-preview:large, max-video-preview:-1\" \/>\n<link rel=\"canonical\" href=\"https:\/\/auraparis.org\/fr\/qui-sommes-nous\/les-chiffres-cles\/\" \/>\n<meta property=\"og:locale\" content=\"fr_FR\" \/>\n<meta property=\"og:type\" content=\"article\" \/>\n<meta property=\"og:title\" content=\"Chiffres cl\u00e9s - L&#039;AURA Paris\" \/>\n<meta property=\"og:description\" content=\"[vc_row el_class=\u00a0\u00bbaura-small-container key-content\u00a0\u00bb][vc_column][vc_row_inner][vc_column_inner css=\u00a0\u00bb.vc_custom_1637071812658{padding-top: 40px !important;}\u00a0\u00bb][vc_custom_heading text=\u00a0\u00bbLa certification HAS\u00a0\u00bb font_container=\u00a0\u00bbtag:h3|text_align:left\u00a0\u00bb use_theme_fonts=\u00a0\u00bbyes\u00a0\u00bb][vc_column_text]Depuis la cr\u00e9ation de L\u2019AURA Paris en 1967, la qualit\u00e9, la gestion des risques et la s\u00e9curit\u00e9 des soins ont \u00e9t\u00e9 et restent les priorit\u00e9s de l\u2019Association. Cette volont\u00e9 de garantir la qualit\u00e9 de la prise en charge de nos patients a \u00e9t\u00e9 reconnue et &hellip; Continuer la lecture \u00ab\u00a0Chiffres cl\u00e9s\u00a0\u00bb\" \/>\n<meta property=\"og:url\" content=\"https:\/\/auraparis.org\/fr\/qui-sommes-nous\/les-chiffres-cles\/\" \/>\n<meta property=\"og:site_name\" content=\"L&#039;AURA Paris\" \/>\n<meta property=\"article:modified_time\" content=\"2026-02-24T14:40:58+00:00\" \/>\n<meta property=\"og:image\" content=\"https:\/\/auraparis.org\/wp-content\/uploads\/2025\/09\/Design-sans-titre-14-1024x318.png\" \/>\n\t<meta property=\"og:image:width\" content=\"1024\" \/>\n\t<meta property=\"og:image:height\" content=\"318\" \/>\n\t<meta property=\"og:image:type\" content=\"image\/png\" \/>\n<meta name=\"twitter:card\" content=\"summary_large_image\" \/>\n<meta name=\"twitter:label1\" content=\"Dur\u00e9e de lecture estim\u00e9e\" \/>\n\t<meta name=\"twitter:data1\" content=\"4 minutes\" \/>\n<script type=\"application\/ld+json\" class=\"yoast-schema-graph\">{\"@context\":\"https:\\\/\\\/schema.org\",\"@graph\":[{\"@type\":\"WebPage\",\"@id\":\"https:\\\/\\\/auraparis.org\\\/fr\\\/qui-sommes-nous\\\/les-chiffres-cles\\\/\",\"url\":\"https:\\\/\\\/auraparis.org\\\/fr\\\/qui-sommes-nous\\\/les-chiffres-cles\\\/\",\"name\":\"Chiffres cl\u00e9s - L&#039;AURA Paris\",\"isPartOf\":{\"@id\":\"https:\\\/\\\/auraparis.org\\\/#website\"},\"primaryImageOfPage\":{\"@id\":\"https:\\\/\\\/auraparis.org\\\/fr\\\/qui-sommes-nous\\\/les-chiffres-cles\\\/#primaryimage\"},\"image\":{\"@id\":\"https:\\\/\\\/auraparis.org\\\/fr\\\/qui-sommes-nous\\\/les-chiffres-cles\\\/#primaryimage\"},\"thumbnailUrl\":\"https:\\\/\\\/auraparis.org\\\/wp-content\\\/uploads\\\/2025\\\/09\\\/Design-sans-titre-14.png\",\"datePublished\":\"2021-11-14T10:38:29+00:00\",\"dateModified\":\"2026-02-24T14:40:58+00:00\",\"breadcrumb\":{\"@id\":\"https:\\\/\\\/auraparis.org\\\/fr\\\/qui-sommes-nous\\\/les-chiffres-cles\\\/#breadcrumb\"},\"inLanguage\":\"fr-FR\",\"potentialAction\":[{\"@type\":\"ReadAction\",\"target\":[\"https:\\\/\\\/auraparis.org\\\/fr\\\/qui-sommes-nous\\\/les-chiffres-cles\\\/\"]}]},{\"@type\":\"ImageObject\",\"inLanguage\":\"fr-FR\",\"@id\":\"https:\\\/\\\/auraparis.org\\\/fr\\\/qui-sommes-nous\\\/les-chiffres-cles\\\/#primaryimage\",\"url\":\"https:\\\/\\\/auraparis.org\\\/wp-content\\\/uploads\\\/2025\\\/09\\\/Design-sans-titre-14.png\",\"contentUrl\":\"https:\\\/\\\/auraparis.org\\\/wp-content\\\/uploads\\\/2025\\\/09\\\/Design-sans-titre-14.png\",\"width\":6400,\"height\":1988},{\"@type\":\"BreadcrumbList\",\"@id\":\"https:\\\/\\\/auraparis.org\\\/fr\\\/qui-sommes-nous\\\/les-chiffres-cles\\\/#breadcrumb\",\"itemListElement\":[{\"@type\":\"ListItem\",\"position\":1,\"name\":\"Accueil\",\"item\":\"https:\\\/\\\/auraparis.org\\\/fr\\\/\"},{\"@type\":\"ListItem\",\"position\":2,\"name\":\"Qui sommes-nous ?\",\"item\":\"https:\\\/\\\/auraparis.org\\\/fr\\\/qui-sommes-nous\\\/\"},{\"@type\":\"ListItem\",\"position\":3,\"name\":\"Chiffres cl\u00e9s\"}]},{\"@type\":\"WebSite\",\"@id\":\"https:\\\/\\\/auraparis.org\\\/#website\",\"url\":\"https:\\\/\\\/auraparis.org\\\/\",\"name\":\"L&#039;AURA Paris\",\"description\":\"\",\"publisher\":{\"@id\":\"https:\\\/\\\/auraparis.org\\\/#organization\"},\"potentialAction\":[{\"@type\":\"SearchAction\",\"target\":{\"@type\":\"EntryPoint\",\"urlTemplate\":\"https:\\\/\\\/auraparis.org\\\/?s={search_term_string}\"},\"query-input\":{\"@type\":\"PropertyValueSpecification\",\"valueRequired\":true,\"valueName\":\"search_term_string\"}}],\"inLanguage\":\"fr-FR\"},{\"@type\":\"Organization\",\"@id\":\"https:\\\/\\\/auraparis.org\\\/#organization\",\"name\":\"L&#039;AURA Paris\",\"url\":\"https:\\\/\\\/auraparis.org\\\/\",\"logo\":{\"@type\":\"ImageObject\",\"inLanguage\":\"fr-FR\",\"@id\":\"https:\\\/\\\/auraparis.org\\\/#\\\/schema\\\/logo\\\/image\\\/\",\"url\":\"https:\\\/\\\/auraparis.org\\\/wp-content\\\/uploads\\\/2026\\\/02\\\/cropped-favicon-dore.jpg\",\"contentUrl\":\"https:\\\/\\\/auraparis.org\\\/wp-content\\\/uploads\\\/2026\\\/02\\\/cropped-favicon-dore.jpg\",\"width\":190,\"height\":190,\"caption\":\"L&#039;AURA Paris\"},\"image\":{\"@id\":\"https:\\\/\\\/auraparis.org\\\/#\\\/schema\\\/logo\\\/image\\\/\"}}]}<\/script>\n<!-- \/ Yoast SEO plugin. -->","yoast_head_json":{"title":"Chiffres cl\u00e9s - L&#039;AURA Paris","robots":{"index":"index","follow":"follow","max-snippet":"max-snippet:-1","max-image-preview":"max-image-preview:large","max-video-preview":"max-video-preview:-1"},"canonical":"https:\/\/auraparis.org\/fr\/qui-sommes-nous\/les-chiffres-cles\/","og_locale":"fr_FR","og_type":"article","og_title":"Chiffres cl\u00e9s - L&#039;AURA Paris","og_description":"[vc_row el_class=\u00a0\u00bbaura-small-container key-content\u00a0\u00bb][vc_column][vc_row_inner][vc_column_inner css=\u00a0\u00bb.vc_custom_1637071812658{padding-top: 40px !important;}\u00a0\u00bb][vc_custom_heading text=\u00a0\u00bbLa certification HAS\u00a0\u00bb font_container=\u00a0\u00bbtag:h3|text_align:left\u00a0\u00bb use_theme_fonts=\u00a0\u00bbyes\u00a0\u00bb][vc_column_text]Depuis la cr\u00e9ation de L\u2019AURA Paris en 1967, la qualit\u00e9, la gestion des risques et la s\u00e9curit\u00e9 des soins ont \u00e9t\u00e9 et restent les priorit\u00e9s de l\u2019Association. Cette volont\u00e9 de garantir la qualit\u00e9 de la prise en charge de nos patients a \u00e9t\u00e9 reconnue et &hellip; Continuer la lecture \u00ab\u00a0Chiffres cl\u00e9s\u00a0\u00bb","og_url":"https:\/\/auraparis.org\/fr\/qui-sommes-nous\/les-chiffres-cles\/","og_site_name":"L&#039;AURA Paris","article_modified_time":"2026-02-24T14:40:58+00:00","og_image":[{"width":1024,"height":318,"url":"https:\/\/auraparis.org\/wp-content\/uploads\/2025\/09\/Design-sans-titre-14-1024x318.png","type":"image\/png"}],"twitter_card":"summary_large_image","twitter_misc":{"Dur\u00e9e de lecture estim\u00e9e":"4 minutes"},"schema":{"@context":"https:\/\/schema.org","@graph":[{"@type":"WebPage","@id":"https:\/\/auraparis.org\/fr\/qui-sommes-nous\/les-chiffres-cles\/","url":"https:\/\/auraparis.org\/fr\/qui-sommes-nous\/les-chiffres-cles\/","name":"Chiffres cl\u00e9s - L&#039;AURA Paris","isPartOf":{"@id":"https:\/\/auraparis.org\/#website"},"primaryImageOfPage":{"@id":"https:\/\/auraparis.org\/fr\/qui-sommes-nous\/les-chiffres-cles\/#primaryimage"},"image":{"@id":"https:\/\/auraparis.org\/fr\/qui-sommes-nous\/les-chiffres-cles\/#primaryimage"},"thumbnailUrl":"https:\/\/auraparis.org\/wp-content\/uploads\/2025\/09\/Design-sans-titre-14.png","datePublished":"2021-11-14T10:38:29+00:00","dateModified":"2026-02-24T14:40:58+00:00","breadcrumb":{"@id":"https:\/\/auraparis.org\/fr\/qui-sommes-nous\/les-chiffres-cles\/#breadcrumb"},"inLanguage":"fr-FR","potentialAction":[{"@type":"ReadAction","target":["https:\/\/auraparis.org\/fr\/qui-sommes-nous\/les-chiffres-cles\/"]}]},{"@type":"ImageObject","inLanguage":"fr-FR","@id":"https:\/\/auraparis.org\/fr\/qui-sommes-nous\/les-chiffres-cles\/#primaryimage","url":"https:\/\/auraparis.org\/wp-content\/uploads\/2025\/09\/Design-sans-titre-14.png","contentUrl":"https:\/\/auraparis.org\/wp-content\/uploads\/2025\/09\/Design-sans-titre-14.png","width":6400,"height":1988},{"@type":"BreadcrumbList","@id":"https:\/\/auraparis.org\/fr\/qui-sommes-nous\/les-chiffres-cles\/#breadcrumb","itemListElement":[{"@type":"ListItem","position":1,"name":"Accueil","item":"https:\/\/auraparis.org\/fr\/"},{"@type":"ListItem","position":2,"name":"Qui sommes-nous ?","item":"https:\/\/auraparis.org\/fr\/qui-sommes-nous\/"},{"@type":"ListItem","position":3,"name":"Chiffres cl\u00e9s"}]},{"@type":"WebSite","@id":"https:\/\/auraparis.org\/#website","url":"https:\/\/auraparis.org\/","name":"L&#039;AURA Paris","description":"","publisher":{"@id":"https:\/\/auraparis.org\/#organization"},"potentialAction":[{"@type":"SearchAction","target":{"@type":"EntryPoint","urlTemplate":"https:\/\/auraparis.org\/?s={search_term_string}"},"query-input":{"@type":"PropertyValueSpecification","valueRequired":true,"valueName":"search_term_string"}}],"inLanguage":"fr-FR"},{"@type":"Organization","@id":"https:\/\/auraparis.org\/#organization","name":"L&#039;AURA Paris","url":"https:\/\/auraparis.org\/","logo":{"@type":"ImageObject","inLanguage":"fr-FR","@id":"https:\/\/auraparis.org\/#\/schema\/logo\/image\/","url":"https:\/\/auraparis.org\/wp-content\/uploads\/2026\/02\/cropped-favicon-dore.jpg","contentUrl":"https:\/\/auraparis.org\/wp-content\/uploads\/2026\/02\/cropped-favicon-dore.jpg","width":190,"height":190,"caption":"L&#039;AURA Paris"},"image":{"@id":"https:\/\/auraparis.org\/#\/schema\/logo\/image\/"}}]}},"_links":{"self":[{"href":"https:\/\/auraparis.org\/fr\/wp-json\/wp\/v2\/pages\/70","targetHints":{"allow":["GET"]}}],"collection":[{"href":"https:\/\/auraparis.org\/fr\/wp-json\/wp\/v2\/pages"}],"about":[{"href":"https:\/\/auraparis.org\/fr\/wp-json\/wp\/v2\/types\/page"}],"author":[{"embeddable":true,"href":"https:\/\/auraparis.org\/fr\/wp-json\/wp\/v2\/users\/5"}],"replies":[{"embeddable":true,"href":"https:\/\/auraparis.org\/fr\/wp-json\/wp\/v2\/comments?post=70"}],"version-history":[{"count":38,"href":"https:\/\/auraparis.org\/fr\/wp-json\/wp\/v2\/pages\/70\/revisions"}],"predecessor-version":[{"id":3825,"href":"https:\/\/auraparis.org\/fr\/wp-json\/wp\/v2\/pages\/70\/revisions\/3825"}],"up":[{"embeddable":true,"href":"https:\/\/auraparis.org\/fr\/wp-json\/wp\/v2\/pages\/59"}],"wp:featuredmedia":[{"embeddable":true,"href":"https:\/\/auraparis.org\/fr\/wp-json\/wp\/v2\/media\/3671"}],"wp:attachment":[{"href":"https:\/\/auraparis.org\/fr\/wp-json\/wp\/v2\/media?parent=70"}],"curies":[{"name":"wp","href":"https:\/\/api.w.org\/{rel}","templated":true}]}}