{"id":949,"date":"2021-12-11T23:11:21","date_gmt":"2021-12-11T20:11:21","guid":{"rendered":"http:\/\/auraparis2021.pastelle.fr\/?page_id=949"},"modified":"2024-04-17T09:37:53","modified_gmt":"2024-04-17T06:37:53","slug":"le-mot-du-directeurmedical","status":"publish","type":"page","link":"https:\/\/auraparis.org\/fr\/recherche-et-enseignement\/le-mot-du-directeurmedical\/","title":{"rendered":"Le mot du directeur m\u00e9dical"},"content":{"rendered":"<p>Par son activit\u00e9 clinique importante et son expertise en n\u00e9phrologie et en dialyse, l\u2019AURA Paris est active dans le domaine de la Recherche Clinique. Elle est dot\u00e9e d\u2019un conseil scientifique pr\u00e9sid\u00e9 par le Dr Pablo Urena, n\u00e9phrologue. Elle participe activement \u00e0 des \u00e9tudes dont le but est d\u2019am\u00e9liorer les connaissances et la prise en charge des patients atteints de maladies r\u00e9nales et\/ou n\u00e9cessitant un traitement par dialyse. Un temps m\u00e9dical sp\u00e9cifique et un temps d\u2019attach\u00e9 de recherche clinique (ARC) sont financ\u00e9s par le conseil scientifique.<\/p>\n<p>L\u2019AURA Paris d\u00e9veloppe et promeut la recherche scientifique d\u2019excellence, les enseignements, les formations, les coop\u00e9rations sanitaires et techniques \u00e0 l\u2019\u00e9chelle nationale et internationale\u00a0 en suivant plusieurs objectifs qui compteront parmi les axes forts de sa future Fondation\u00a0:<\/p>\n<ul>\n<li>Renforcer et promouvoir la recherche scientifique par la cr\u00e9ation d\u2019un D\u00e9partement Recherche et Enseignement et d\u2019un D\u00e9partement Formations.<\/li>\n<li>Contribuer au d\u00e9veloppement des savoirs, des vocations, de la transmission interg\u00e9n\u00e9rationnelle par l\u2019\u00e9laboration de programmes universitaires qualifiants en partenariat avec les institutions de r\u00e9f\u00e9rences.<\/li>\n<li>D\u00e9velopper le centre de formation par le renforcement de ses offres internes et externes et la diversification de ses cibles.<\/li>\n<li>Soutenir la diffusion des savoirs et des expertises et favoriser l\u2019acc\u00e8s aux soins d\u2019excellence par la mise en \u0153uvre de programmes de coop\u00e9rations techniques nationaux et internationaux.<\/li>\n<\/ul>\n<p>Ces actions viendront renforcer les p\u00f4les d\u2019expertise de l\u2019AURA Paris anim\u00e9s par des m\u00e9decins auteurs de fr\u00e9quentes interventions dans les r\u00e9unions et de publications scientifiques ainsi que de communications dans les r\u00e9seaux sociaux. Parmi ces expertises, on peut citer la dialyse \u00e0 domicile (Dr Anne Kolko), les troubles du m\u00e9tabolisme min\u00e9ral et osseux dans les maladies r\u00e9nales (Dr Pablo Urena), les maladies glom\u00e9rulaires et les atteintes r\u00e9nales au cours des maladies inflammatoires et des cancers (Pr Emmanuelle Plaisier), l\u2019\u00e9tat nutritionnel dans les maladies r\u00e9nales chroniques (Dr Anne Kolko) et en dialyse (), la technologie des g\u00e9n\u00e9rateurs d\u2019h\u00e9modialyse (Dr Pascal Seris), la communication en sant\u00e9 (Dr Ma\u00ebva Clert\u00e9) et plus r\u00e9cemment les complications cardiovasculaires et les toxines ur\u00e9miques (Pr Ziad Massy).<\/p>\n<p>Il n&rsquo;y a pas de progr\u00e8s m\u00e9dical sans recherche qui g\u00e9n\u00e8re de l&rsquo;innovation, et sans diffusion des connaissances. Ainsi toutes \u00a0ces actions sont conduites au service des patients afin de les faire b\u00e9n\u00e9ficier de la prise en charge la plus pertinente et la plus adapt\u00e9e en Ile-de-France et au-del\u00e0 via les coop\u00e9rations internationales<\/p>\n<p>&nbsp;<\/p>\n<p>Pr Ziad Massy Directeur M\u00e9dical, de la Recherche et l\u2019Enseignement.<\/p>\n<p>&nbsp;<\/p>\n","protected":false},"excerpt":{"rendered":"<p>Par son activit\u00e9 clinique importante et son expertise en n\u00e9phrologie et en dialyse, l\u2019AURA Paris est active dans le domaine de la Recherche Clinique. Elle est dot\u00e9e d\u2019un conseil scientifique pr\u00e9sid\u00e9 par le Dr Pablo Urena, n\u00e9phrologue. Elle participe activement \u00e0 des \u00e9tudes dont le but est d\u2019am\u00e9liorer les connaissances et la prise en charge &hellip; <\/p>\n<p class=\"link-more\"><a href=\"https:\/\/auraparis.org\/fr\/recherche-et-enseignement\/le-mot-du-directeurmedical\/\" class=\"more-link\">Continuer la lecture <span class=\"screen-reader-text\"> \u00ab\u00a0Le mot du directeur m\u00e9dical\u00a0\u00bb<\/span><\/a><\/p>\n","protected":false},"author":5,"featured_media":275,"parent":976,"menu_order":43,"comment_status":"closed","ping_status":"closed","template":"templates\/template-education.php","meta":{"_acf_changed":false,"footnotes":""},"class_list":["post-949","page","type-page","status-publish","has-post-thumbnail","hentry","entry"],"acf":[],"yoast_head":"<!-- This site is optimized with the Yoast SEO plugin v27.4 - https:\/\/yoast.com\/product\/yoast-seo-wordpress\/ -->\n<title>Le mot du Directeur M\u00e9dical - L&#039;AURA Paris<\/title>\n<meta name=\"robots\" content=\"index, follow, max-snippet:-1, max-image-preview:large, max-video-preview:-1\" \/>\n<link rel=\"canonical\" href=\"https:\/\/auraparis.org\/fr\/recherche-et-enseignement\/le-mot-du-directeurmedical\/\" \/>\n<meta property=\"og:locale\" content=\"fr_FR\" \/>\n<meta property=\"og:type\" content=\"article\" \/>\n<meta property=\"og:title\" content=\"Le mot du Directeur M\u00e9dical - L&#039;AURA Paris\" \/>\n<meta property=\"og:description\" content=\"Par son activit\u00e9 clinique importante et son expertise en n\u00e9phrologie et en dialyse, l\u2019AURA Paris est active dans le domaine de la Recherche Clinique. Elle est dot\u00e9e d\u2019un conseil scientifique pr\u00e9sid\u00e9 par le Dr Pablo Urena, n\u00e9phrologue. Elle participe activement \u00e0 des \u00e9tudes dont le but est d\u2019am\u00e9liorer les connaissances et la prise en charge &hellip; Continuer la lecture \u00ab\u00a0Le mot du directeur m\u00e9dical\u00a0\u00bb\" \/>\n<meta property=\"og:url\" content=\"https:\/\/auraparis.org\/fr\/recherche-et-enseignement\/le-mot-du-directeurmedical\/\" \/>\n<meta property=\"og:site_name\" content=\"L&#039;AURA Paris\" \/>\n<meta property=\"article:modified_time\" content=\"2024-04-17T06:37:53+00:00\" \/>\n<meta property=\"og:image\" content=\"https:\/\/auraparis.org\/wp-content\/uploads\/2021\/11\/iStock-1096502340\u00a9sanjeri-scaled-1.jpg\" \/>\n\t<meta property=\"og:image:width\" content=\"2000\" \/>\n\t<meta property=\"og:image:height\" content=\"518\" \/>\n\t<meta property=\"og:image:type\" content=\"image\/jpeg\" \/>\n<meta name=\"twitter:card\" content=\"summary_large_image\" \/>\n<meta name=\"twitter:label1\" content=\"Dur\u00e9e de lecture estim\u00e9e\" \/>\n\t<meta name=\"twitter:data1\" content=\"3 minutes\" \/>\n<script type=\"application\/ld+json\" class=\"yoast-schema-graph\">{\"@context\":\"https:\\\/\\\/schema.org\",\"@graph\":[{\"@type\":\"WebPage\",\"@id\":\"https:\\\/\\\/auraparis.org\\\/fr\\\/recherche-et-enseignement\\\/le-mot-du-directeurmedical\\\/\",\"url\":\"https:\\\/\\\/auraparis.org\\\/fr\\\/recherche-et-enseignement\\\/le-mot-du-directeurmedical\\\/\",\"name\":\"Le mot du Directeur M\u00e9dical - L&#039;AURA Paris\",\"isPartOf\":{\"@id\":\"https:\\\/\\\/auraparis.org\\\/#website\"},\"primaryImageOfPage\":{\"@id\":\"https:\\\/\\\/auraparis.org\\\/fr\\\/recherche-et-enseignement\\\/le-mot-du-directeurmedical\\\/#primaryimage\"},\"image\":{\"@id\":\"https:\\\/\\\/auraparis.org\\\/fr\\\/recherche-et-enseignement\\\/le-mot-du-directeurmedical\\\/#primaryimage\"},\"thumbnailUrl\":\"https:\\\/\\\/auraparis.org\\\/wp-content\\\/uploads\\\/2021\\\/11\\\/iStock-1096502340\u00a9sanjeri-scaled-1.jpg\",\"datePublished\":\"2021-12-11T20:11:21+00:00\",\"dateModified\":\"2024-04-17T06:37:53+00:00\",\"breadcrumb\":{\"@id\":\"https:\\\/\\\/auraparis.org\\\/fr\\\/recherche-et-enseignement\\\/le-mot-du-directeurmedical\\\/#breadcrumb\"},\"inLanguage\":\"fr-FR\",\"potentialAction\":[{\"@type\":\"ReadAction\",\"target\":[\"https:\\\/\\\/auraparis.org\\\/fr\\\/recherche-et-enseignement\\\/le-mot-du-directeurmedical\\\/\"]}]},{\"@type\":\"ImageObject\",\"inLanguage\":\"fr-FR\",\"@id\":\"https:\\\/\\\/auraparis.org\\\/fr\\\/recherche-et-enseignement\\\/le-mot-du-directeurmedical\\\/#primaryimage\",\"url\":\"https:\\\/\\\/auraparis.org\\\/wp-content\\\/uploads\\\/2021\\\/11\\\/iStock-1096502340\u00a9sanjeri-scaled-1.jpg\",\"contentUrl\":\"https:\\\/\\\/auraparis.org\\\/wp-content\\\/uploads\\\/2021\\\/11\\\/iStock-1096502340\u00a9sanjeri-scaled-1.jpg\",\"width\":2000,\"height\":518},{\"@type\":\"BreadcrumbList\",\"@id\":\"https:\\\/\\\/auraparis.org\\\/fr\\\/recherche-et-enseignement\\\/le-mot-du-directeurmedical\\\/#breadcrumb\",\"itemListElement\":[{\"@type\":\"ListItem\",\"position\":1,\"name\":\"Accueil\",\"item\":\"https:\\\/\\\/auraparis.org\\\/fr\\\/\"},{\"@type\":\"ListItem\",\"position\":2,\"name\":\"Recherche et enseignement\",\"item\":\"http:\\\/\\\/auraparis.org\\\/fr\\\/recherche-et-enseignement\\\/\"},{\"@type\":\"ListItem\",\"position\":3,\"name\":\"Le mot du directeur m\u00e9dical\"}]},{\"@type\":\"WebSite\",\"@id\":\"https:\\\/\\\/auraparis.org\\\/#website\",\"url\":\"https:\\\/\\\/auraparis.org\\\/\",\"name\":\"L&#039;AURA Paris\",\"description\":\"\",\"publisher\":{\"@id\":\"https:\\\/\\\/auraparis.org\\\/#organization\"},\"potentialAction\":[{\"@type\":\"SearchAction\",\"target\":{\"@type\":\"EntryPoint\",\"urlTemplate\":\"https:\\\/\\\/auraparis.org\\\/?s={search_term_string}\"},\"query-input\":{\"@type\":\"PropertyValueSpecification\",\"valueRequired\":true,\"valueName\":\"search_term_string\"}}],\"inLanguage\":\"fr-FR\"},{\"@type\":\"Organization\",\"@id\":\"https:\\\/\\\/auraparis.org\\\/#organization\",\"name\":\"L&#039;AURA Paris\",\"url\":\"https:\\\/\\\/auraparis.org\\\/\",\"logo\":{\"@type\":\"ImageObject\",\"inLanguage\":\"fr-FR\",\"@id\":\"https:\\\/\\\/auraparis.org\\\/#\\\/schema\\\/logo\\\/image\\\/\",\"url\":\"https:\\\/\\\/auraparis.org\\\/wp-content\\\/uploads\\\/2026\\\/02\\\/cropped-favicon-dore.jpg\",\"contentUrl\":\"https:\\\/\\\/auraparis.org\\\/wp-content\\\/uploads\\\/2026\\\/02\\\/cropped-favicon-dore.jpg\",\"width\":190,\"height\":190,\"caption\":\"L&#039;AURA Paris\"},\"image\":{\"@id\":\"https:\\\/\\\/auraparis.org\\\/#\\\/schema\\\/logo\\\/image\\\/\"}}]}<\/script>\n<!-- \/ Yoast SEO plugin. -->","yoast_head_json":{"title":"Le mot du Directeur M\u00e9dical - L&#039;AURA Paris","robots":{"index":"index","follow":"follow","max-snippet":"max-snippet:-1","max-image-preview":"max-image-preview:large","max-video-preview":"max-video-preview:-1"},"canonical":"https:\/\/auraparis.org\/fr\/recherche-et-enseignement\/le-mot-du-directeurmedical\/","og_locale":"fr_FR","og_type":"article","og_title":"Le mot du Directeur M\u00e9dical - L&#039;AURA Paris","og_description":"Par son activit\u00e9 clinique importante et son expertise en n\u00e9phrologie et en dialyse, l\u2019AURA Paris est active dans le domaine de la Recherche Clinique. Elle est dot\u00e9e d\u2019un conseil scientifique pr\u00e9sid\u00e9 par le Dr Pablo Urena, n\u00e9phrologue. Elle participe activement \u00e0 des \u00e9tudes dont le but est d\u2019am\u00e9liorer les connaissances et la prise en charge &hellip; Continuer la lecture \u00ab\u00a0Le mot du directeur m\u00e9dical\u00a0\u00bb","og_url":"https:\/\/auraparis.org\/fr\/recherche-et-enseignement\/le-mot-du-directeurmedical\/","og_site_name":"L&#039;AURA Paris","article_modified_time":"2024-04-17T06:37:53+00:00","og_image":[{"width":2000,"height":518,"url":"https:\/\/auraparis.org\/wp-content\/uploads\/2021\/11\/iStock-1096502340\u00a9sanjeri-scaled-1.jpg","type":"image\/jpeg"}],"twitter_card":"summary_large_image","twitter_misc":{"Dur\u00e9e de lecture estim\u00e9e":"3 minutes"},"schema":{"@context":"https:\/\/schema.org","@graph":[{"@type":"WebPage","@id":"https:\/\/auraparis.org\/fr\/recherche-et-enseignement\/le-mot-du-directeurmedical\/","url":"https:\/\/auraparis.org\/fr\/recherche-et-enseignement\/le-mot-du-directeurmedical\/","name":"Le mot du Directeur M\u00e9dical - L&#039;AURA Paris","isPartOf":{"@id":"https:\/\/auraparis.org\/#website"},"primaryImageOfPage":{"@id":"https:\/\/auraparis.org\/fr\/recherche-et-enseignement\/le-mot-du-directeurmedical\/#primaryimage"},"image":{"@id":"https:\/\/auraparis.org\/fr\/recherche-et-enseignement\/le-mot-du-directeurmedical\/#primaryimage"},"thumbnailUrl":"https:\/\/auraparis.org\/wp-content\/uploads\/2021\/11\/iStock-1096502340\u00a9sanjeri-scaled-1.jpg","datePublished":"2021-12-11T20:11:21+00:00","dateModified":"2024-04-17T06:37:53+00:00","breadcrumb":{"@id":"https:\/\/auraparis.org\/fr\/recherche-et-enseignement\/le-mot-du-directeurmedical\/#breadcrumb"},"inLanguage":"fr-FR","potentialAction":[{"@type":"ReadAction","target":["https:\/\/auraparis.org\/fr\/recherche-et-enseignement\/le-mot-du-directeurmedical\/"]}]},{"@type":"ImageObject","inLanguage":"fr-FR","@id":"https:\/\/auraparis.org\/fr\/recherche-et-enseignement\/le-mot-du-directeurmedical\/#primaryimage","url":"https:\/\/auraparis.org\/wp-content\/uploads\/2021\/11\/iStock-1096502340\u00a9sanjeri-scaled-1.jpg","contentUrl":"https:\/\/auraparis.org\/wp-content\/uploads\/2021\/11\/iStock-1096502340\u00a9sanjeri-scaled-1.jpg","width":2000,"height":518},{"@type":"BreadcrumbList","@id":"https:\/\/auraparis.org\/fr\/recherche-et-enseignement\/le-mot-du-directeurmedical\/#breadcrumb","itemListElement":[{"@type":"ListItem","position":1,"name":"Accueil","item":"https:\/\/auraparis.org\/fr\/"},{"@type":"ListItem","position":2,"name":"Recherche et enseignement","item":"http:\/\/auraparis.org\/fr\/recherche-et-enseignement\/"},{"@type":"ListItem","position":3,"name":"Le mot du directeur m\u00e9dical"}]},{"@type":"WebSite","@id":"https:\/\/auraparis.org\/#website","url":"https:\/\/auraparis.org\/","name":"L&#039;AURA Paris","description":"","publisher":{"@id":"https:\/\/auraparis.org\/#organization"},"potentialAction":[{"@type":"SearchAction","target":{"@type":"EntryPoint","urlTemplate":"https:\/\/auraparis.org\/?s={search_term_string}"},"query-input":{"@type":"PropertyValueSpecification","valueRequired":true,"valueName":"search_term_string"}}],"inLanguage":"fr-FR"},{"@type":"Organization","@id":"https:\/\/auraparis.org\/#organization","name":"L&#039;AURA Paris","url":"https:\/\/auraparis.org\/","logo":{"@type":"ImageObject","inLanguage":"fr-FR","@id":"https:\/\/auraparis.org\/#\/schema\/logo\/image\/","url":"https:\/\/auraparis.org\/wp-content\/uploads\/2026\/02\/cropped-favicon-dore.jpg","contentUrl":"https:\/\/auraparis.org\/wp-content\/uploads\/2026\/02\/cropped-favicon-dore.jpg","width":190,"height":190,"caption":"L&#039;AURA Paris"},"image":{"@id":"https:\/\/auraparis.org\/#\/schema\/logo\/image\/"}}]}},"_links":{"self":[{"href":"https:\/\/auraparis.org\/fr\/wp-json\/wp\/v2\/pages\/949","targetHints":{"allow":["GET"]}}],"collection":[{"href":"https:\/\/auraparis.org\/fr\/wp-json\/wp\/v2\/pages"}],"about":[{"href":"https:\/\/auraparis.org\/fr\/wp-json\/wp\/v2\/types\/page"}],"author":[{"embeddable":true,"href":"https:\/\/auraparis.org\/fr\/wp-json\/wp\/v2\/users\/5"}],"replies":[{"embeddable":true,"href":"https:\/\/auraparis.org\/fr\/wp-json\/wp\/v2\/comments?post=949"}],"version-history":[{"count":6,"href":"https:\/\/auraparis.org\/fr\/wp-json\/wp\/v2\/pages\/949\/revisions"}],"predecessor-version":[{"id":3129,"href":"https:\/\/auraparis.org\/fr\/wp-json\/wp\/v2\/pages\/949\/revisions\/3129"}],"up":[{"embeddable":true,"href":"https:\/\/auraparis.org\/fr\/wp-json\/wp\/v2\/pages\/976"}],"wp:featuredmedia":[{"embeddable":true,"href":"https:\/\/auraparis.org\/fr\/wp-json\/wp\/v2\/media\/275"}],"wp:attachment":[{"href":"https:\/\/auraparis.org\/fr\/wp-json\/wp\/v2\/media?parent=949"}],"curies":[{"name":"wp","href":"https:\/\/api.w.org\/{rel}","templated":true}]}}