{"id":951,"date":"2021-12-11T23:12:25","date_gmt":"2021-12-11T20:12:25","guid":{"rendered":"http:\/\/auraparis2021.pastelle.fr\/?page_id=951"},"modified":"2022-01-12T18:02:58","modified_gmt":"2022-01-12T15:02:58","slug":"objectif","status":"publish","type":"page","link":"https:\/\/auraparis.org\/fr\/recherche-et-enseignement\/objectif\/","title":{"rendered":"Objectif"},"content":{"rendered":"<p class=\"p1\">L\u2019AURA a d\u00e9velopp\u00e9 depuis de nombreuses ann\u00e9es une expertise reconnue dans le domaine de la recherche en mati\u00e8re de maladie r\u00e9nale chronique \u00e9volu\u00e9e et d\u2019\u00e9puration extra-r\u00e9nale. Ses activit\u00e9s de recherche participent \u00e0 l\u2019am\u00e9lioration continue de la qualit\u00e9 de prise en charge des patients soign\u00e9s \u00e0 l\u2019AURA. Elles s\u2019appuient sur un panel complet d\u2019activit\u00e9s relatives \u00e0 cette pathologie.<\/p>\n<p>&nbsp;<\/p>\n<p class=\"p1\">En cr\u00e9ant le Conseil Scientifique en 2016, l\u2019AURA place la recherche au c\u0153ur de son activit\u00e9 et de son projet d\u2019\u00e9tablissement et d\u00e9montre une volont\u00e9 forte de voir celle-ci se d\u00e9velopper. C\u2019est autour du Conseil Scientifique que s\u2019articule l\u2019ensemble des activit\u00e9s de la recherche.<\/p>\n<p>&nbsp;<\/p>\n<p class=\"p1\">Le Conseil Scientifique est rattach\u00e9 \u00e0 la Commission M\u00e9dicale d\u2019Etablissement dont il constitue une sous-commission. Il collabore avec l\u2019ensemble des instances et avec le FID, organisme de formation de l\u2019AURA.<\/p>\n","protected":false},"excerpt":{"rendered":"<p>L\u2019AURA a d\u00e9velopp\u00e9 depuis de nombreuses ann\u00e9es une expertise reconnue dans le domaine de la recherche en mati\u00e8re de maladie r\u00e9nale chronique \u00e9volu\u00e9e et d\u2019\u00e9puration extra-r\u00e9nale. Ses activit\u00e9s de recherche participent \u00e0 l\u2019am\u00e9lioration continue de la qualit\u00e9 de prise en charge des patients soign\u00e9s \u00e0 l\u2019AURA. Elles s\u2019appuient sur un panel complet d\u2019activit\u00e9s relatives \u00e0 &hellip; <\/p>\n<p class=\"link-more\"><a href=\"https:\/\/auraparis.org\/fr\/recherche-et-enseignement\/objectif\/\" class=\"more-link\">Continuer la lecture <span class=\"screen-reader-text\"> \u00ab\u00a0Objectif\u00a0\u00bb<\/span><\/a><\/p>\n","protected":false},"author":5,"featured_media":275,"parent":976,"menu_order":44,"comment_status":"closed","ping_status":"closed","template":"templates\/template-education.php","meta":{"_acf_changed":false,"footnotes":""},"class_list":["post-951","page","type-page","status-publish","has-post-thumbnail","hentry","entry"],"acf":[],"yoast_head":"<!-- This site is optimized with the Yoast SEO plugin v27.3 - https:\/\/yoast.com\/product\/yoast-seo-wordpress\/ -->\n<title>Objectif - L&#039;AURA Paris<\/title>\n<meta name=\"robots\" content=\"index, follow, max-snippet:-1, max-image-preview:large, max-video-preview:-1\" \/>\n<link rel=\"canonical\" href=\"https:\/\/auraparis.org\/fr\/recherche-et-enseignement\/objectif\/\" \/>\n<meta property=\"og:locale\" content=\"fr_FR\" \/>\n<meta property=\"og:type\" content=\"article\" \/>\n<meta property=\"og:title\" content=\"Objectif - L&#039;AURA Paris\" \/>\n<meta property=\"og:description\" content=\"L\u2019AURA a d\u00e9velopp\u00e9 depuis de nombreuses ann\u00e9es une expertise reconnue dans le domaine de la recherche en mati\u00e8re de maladie r\u00e9nale chronique \u00e9volu\u00e9e et d\u2019\u00e9puration extra-r\u00e9nale. Ses activit\u00e9s de recherche participent \u00e0 l\u2019am\u00e9lioration continue de la qualit\u00e9 de prise en charge des patients soign\u00e9s \u00e0 l\u2019AURA. Elles s\u2019appuient sur un panel complet d\u2019activit\u00e9s relatives \u00e0 &hellip; Continuer la lecture \u00ab\u00a0Objectif\u00a0\u00bb\" \/>\n<meta property=\"og:url\" content=\"https:\/\/auraparis.org\/fr\/recherche-et-enseignement\/objectif\/\" \/>\n<meta property=\"og:site_name\" content=\"L&#039;AURA Paris\" \/>\n<meta property=\"article:modified_time\" content=\"2022-01-12T15:02:58+00:00\" \/>\n<meta property=\"og:image\" content=\"https:\/\/auraparis.org\/wp-content\/uploads\/2021\/11\/iStock-1096502340\u00a9sanjeri-scaled-1.jpg\" \/>\n\t<meta property=\"og:image:width\" content=\"2000\" \/>\n\t<meta property=\"og:image:height\" content=\"518\" \/>\n\t<meta property=\"og:image:type\" content=\"image\/jpeg\" \/>\n<meta name=\"twitter:card\" content=\"summary_large_image\" \/>\n<meta name=\"twitter:label1\" content=\"Dur\u00e9e de lecture estim\u00e9e\" \/>\n\t<meta name=\"twitter:data1\" content=\"1 minute\" \/>\n<script type=\"application\/ld+json\" class=\"yoast-schema-graph\">{\"@context\":\"https:\\\/\\\/schema.org\",\"@graph\":[{\"@type\":\"WebPage\",\"@id\":\"https:\\\/\\\/auraparis.org\\\/fr\\\/recherche-et-enseignement\\\/objectif\\\/\",\"url\":\"https:\\\/\\\/auraparis.org\\\/fr\\\/recherche-et-enseignement\\\/objectif\\\/\",\"name\":\"Objectif - L&#039;AURA Paris\",\"isPartOf\":{\"@id\":\"https:\\\/\\\/auraparis.org\\\/#website\"},\"primaryImageOfPage\":{\"@id\":\"https:\\\/\\\/auraparis.org\\\/fr\\\/recherche-et-enseignement\\\/objectif\\\/#primaryimage\"},\"image\":{\"@id\":\"https:\\\/\\\/auraparis.org\\\/fr\\\/recherche-et-enseignement\\\/objectif\\\/#primaryimage\"},\"thumbnailUrl\":\"https:\\\/\\\/auraparis.org\\\/wp-content\\\/uploads\\\/2021\\\/11\\\/iStock-1096502340\u00a9sanjeri-scaled-1.jpg\",\"datePublished\":\"2021-12-11T20:12:25+00:00\",\"dateModified\":\"2022-01-12T15:02:58+00:00\",\"breadcrumb\":{\"@id\":\"https:\\\/\\\/auraparis.org\\\/fr\\\/recherche-et-enseignement\\\/objectif\\\/#breadcrumb\"},\"inLanguage\":\"fr-FR\",\"potentialAction\":[{\"@type\":\"ReadAction\",\"target\":[\"https:\\\/\\\/auraparis.org\\\/fr\\\/recherche-et-enseignement\\\/objectif\\\/\"]}]},{\"@type\":\"ImageObject\",\"inLanguage\":\"fr-FR\",\"@id\":\"https:\\\/\\\/auraparis.org\\\/fr\\\/recherche-et-enseignement\\\/objectif\\\/#primaryimage\",\"url\":\"https:\\\/\\\/auraparis.org\\\/wp-content\\\/uploads\\\/2021\\\/11\\\/iStock-1096502340\u00a9sanjeri-scaled-1.jpg\",\"contentUrl\":\"https:\\\/\\\/auraparis.org\\\/wp-content\\\/uploads\\\/2021\\\/11\\\/iStock-1096502340\u00a9sanjeri-scaled-1.jpg\",\"width\":2000,\"height\":518},{\"@type\":\"BreadcrumbList\",\"@id\":\"https:\\\/\\\/auraparis.org\\\/fr\\\/recherche-et-enseignement\\\/objectif\\\/#breadcrumb\",\"itemListElement\":[{\"@type\":\"ListItem\",\"position\":1,\"name\":\"Accueil\",\"item\":\"https:\\\/\\\/auraparis.org\\\/fr\\\/\"},{\"@type\":\"ListItem\",\"position\":2,\"name\":\"Recherche et enseignement\",\"item\":\"http:\\\/\\\/auraparis.org\\\/fr\\\/recherche-et-enseignement\\\/\"},{\"@type\":\"ListItem\",\"position\":3,\"name\":\"Objectif\"}]},{\"@type\":\"WebSite\",\"@id\":\"https:\\\/\\\/auraparis.org\\\/#website\",\"url\":\"https:\\\/\\\/auraparis.org\\\/\",\"name\":\"L&#039;AURA Paris\",\"description\":\"\",\"publisher\":{\"@id\":\"https:\\\/\\\/auraparis.org\\\/#organization\"},\"potentialAction\":[{\"@type\":\"SearchAction\",\"target\":{\"@type\":\"EntryPoint\",\"urlTemplate\":\"https:\\\/\\\/auraparis.org\\\/?s={search_term_string}\"},\"query-input\":{\"@type\":\"PropertyValueSpecification\",\"valueRequired\":true,\"valueName\":\"search_term_string\"}}],\"inLanguage\":\"fr-FR\"},{\"@type\":\"Organization\",\"@id\":\"https:\\\/\\\/auraparis.org\\\/#organization\",\"name\":\"L&#039;AURA Paris\",\"url\":\"https:\\\/\\\/auraparis.org\\\/\",\"logo\":{\"@type\":\"ImageObject\",\"inLanguage\":\"fr-FR\",\"@id\":\"https:\\\/\\\/auraparis.org\\\/#\\\/schema\\\/logo\\\/image\\\/\",\"url\":\"https:\\\/\\\/auraparis.org\\\/wp-content\\\/uploads\\\/2026\\\/02\\\/cropped-favicon-dore.jpg\",\"contentUrl\":\"https:\\\/\\\/auraparis.org\\\/wp-content\\\/uploads\\\/2026\\\/02\\\/cropped-favicon-dore.jpg\",\"width\":190,\"height\":190,\"caption\":\"L&#039;AURA Paris\"},\"image\":{\"@id\":\"https:\\\/\\\/auraparis.org\\\/#\\\/schema\\\/logo\\\/image\\\/\"}}]}<\/script>\n<!-- \/ Yoast SEO plugin. -->","yoast_head_json":{"title":"Objectif - L&#039;AURA Paris","robots":{"index":"index","follow":"follow","max-snippet":"max-snippet:-1","max-image-preview":"max-image-preview:large","max-video-preview":"max-video-preview:-1"},"canonical":"https:\/\/auraparis.org\/fr\/recherche-et-enseignement\/objectif\/","og_locale":"fr_FR","og_type":"article","og_title":"Objectif - L&#039;AURA Paris","og_description":"L\u2019AURA a d\u00e9velopp\u00e9 depuis de nombreuses ann\u00e9es une expertise reconnue dans le domaine de la recherche en mati\u00e8re de maladie r\u00e9nale chronique \u00e9volu\u00e9e et d\u2019\u00e9puration extra-r\u00e9nale. Ses activit\u00e9s de recherche participent \u00e0 l\u2019am\u00e9lioration continue de la qualit\u00e9 de prise en charge des patients soign\u00e9s \u00e0 l\u2019AURA. Elles s\u2019appuient sur un panel complet d\u2019activit\u00e9s relatives \u00e0 &hellip; Continuer la lecture \u00ab\u00a0Objectif\u00a0\u00bb","og_url":"https:\/\/auraparis.org\/fr\/recherche-et-enseignement\/objectif\/","og_site_name":"L&#039;AURA Paris","article_modified_time":"2022-01-12T15:02:58+00:00","og_image":[{"width":2000,"height":518,"url":"https:\/\/auraparis.org\/wp-content\/uploads\/2021\/11\/iStock-1096502340\u00a9sanjeri-scaled-1.jpg","type":"image\/jpeg"}],"twitter_card":"summary_large_image","twitter_misc":{"Dur\u00e9e de lecture estim\u00e9e":"1 minute"},"schema":{"@context":"https:\/\/schema.org","@graph":[{"@type":"WebPage","@id":"https:\/\/auraparis.org\/fr\/recherche-et-enseignement\/objectif\/","url":"https:\/\/auraparis.org\/fr\/recherche-et-enseignement\/objectif\/","name":"Objectif - L&#039;AURA Paris","isPartOf":{"@id":"https:\/\/auraparis.org\/#website"},"primaryImageOfPage":{"@id":"https:\/\/auraparis.org\/fr\/recherche-et-enseignement\/objectif\/#primaryimage"},"image":{"@id":"https:\/\/auraparis.org\/fr\/recherche-et-enseignement\/objectif\/#primaryimage"},"thumbnailUrl":"https:\/\/auraparis.org\/wp-content\/uploads\/2021\/11\/iStock-1096502340\u00a9sanjeri-scaled-1.jpg","datePublished":"2021-12-11T20:12:25+00:00","dateModified":"2022-01-12T15:02:58+00:00","breadcrumb":{"@id":"https:\/\/auraparis.org\/fr\/recherche-et-enseignement\/objectif\/#breadcrumb"},"inLanguage":"fr-FR","potentialAction":[{"@type":"ReadAction","target":["https:\/\/auraparis.org\/fr\/recherche-et-enseignement\/objectif\/"]}]},{"@type":"ImageObject","inLanguage":"fr-FR","@id":"https:\/\/auraparis.org\/fr\/recherche-et-enseignement\/objectif\/#primaryimage","url":"https:\/\/auraparis.org\/wp-content\/uploads\/2021\/11\/iStock-1096502340\u00a9sanjeri-scaled-1.jpg","contentUrl":"https:\/\/auraparis.org\/wp-content\/uploads\/2021\/11\/iStock-1096502340\u00a9sanjeri-scaled-1.jpg","width":2000,"height":518},{"@type":"BreadcrumbList","@id":"https:\/\/auraparis.org\/fr\/recherche-et-enseignement\/objectif\/#breadcrumb","itemListElement":[{"@type":"ListItem","position":1,"name":"Accueil","item":"https:\/\/auraparis.org\/fr\/"},{"@type":"ListItem","position":2,"name":"Recherche et enseignement","item":"http:\/\/auraparis.org\/fr\/recherche-et-enseignement\/"},{"@type":"ListItem","position":3,"name":"Objectif"}]},{"@type":"WebSite","@id":"https:\/\/auraparis.org\/#website","url":"https:\/\/auraparis.org\/","name":"L&#039;AURA Paris","description":"","publisher":{"@id":"https:\/\/auraparis.org\/#organization"},"potentialAction":[{"@type":"SearchAction","target":{"@type":"EntryPoint","urlTemplate":"https:\/\/auraparis.org\/?s={search_term_string}"},"query-input":{"@type":"PropertyValueSpecification","valueRequired":true,"valueName":"search_term_string"}}],"inLanguage":"fr-FR"},{"@type":"Organization","@id":"https:\/\/auraparis.org\/#organization","name":"L&#039;AURA Paris","url":"https:\/\/auraparis.org\/","logo":{"@type":"ImageObject","inLanguage":"fr-FR","@id":"https:\/\/auraparis.org\/#\/schema\/logo\/image\/","url":"https:\/\/auraparis.org\/wp-content\/uploads\/2026\/02\/cropped-favicon-dore.jpg","contentUrl":"https:\/\/auraparis.org\/wp-content\/uploads\/2026\/02\/cropped-favicon-dore.jpg","width":190,"height":190,"caption":"L&#039;AURA Paris"},"image":{"@id":"https:\/\/auraparis.org\/#\/schema\/logo\/image\/"}}]}},"_links":{"self":[{"href":"https:\/\/auraparis.org\/fr\/wp-json\/wp\/v2\/pages\/951","targetHints":{"allow":["GET"]}}],"collection":[{"href":"https:\/\/auraparis.org\/fr\/wp-json\/wp\/v2\/pages"}],"about":[{"href":"https:\/\/auraparis.org\/fr\/wp-json\/wp\/v2\/types\/page"}],"author":[{"embeddable":true,"href":"https:\/\/auraparis.org\/fr\/wp-json\/wp\/v2\/users\/5"}],"replies":[{"embeddable":true,"href":"https:\/\/auraparis.org\/fr\/wp-json\/wp\/v2\/comments?post=951"}],"version-history":[{"count":3,"href":"https:\/\/auraparis.org\/fr\/wp-json\/wp\/v2\/pages\/951\/revisions"}],"predecessor-version":[{"id":993,"href":"https:\/\/auraparis.org\/fr\/wp-json\/wp\/v2\/pages\/951\/revisions\/993"}],"up":[{"embeddable":true,"href":"https:\/\/auraparis.org\/fr\/wp-json\/wp\/v2\/pages\/976"}],"wp:featuredmedia":[{"embeddable":true,"href":"https:\/\/auraparis.org\/fr\/wp-json\/wp\/v2\/media\/275"}],"wp:attachment":[{"href":"https:\/\/auraparis.org\/fr\/wp-json\/wp\/v2\/media?parent=951"}],"curies":[{"name":"wp","href":"https:\/\/api.w.org\/{rel}","templated":true}]}}