{"id":953,"date":"2021-12-11T23:12:53","date_gmt":"2021-12-11T20:12:53","guid":{"rendered":"http:\/\/auraparis2021.pastelle.fr\/?page_id=953"},"modified":"2022-01-12T18:09:06","modified_gmt":"2022-01-12T15:09:06","slug":"domaines-de-recherche","status":"publish","type":"page","link":"https:\/\/auraparis.org\/fr\/recherche-et-enseignement\/domaines-de-recherche\/","title":{"rendered":"Domaines de recherche"},"content":{"rendered":"<ul>\n<li class=\"p1\">Troubles du m\u00e9tabolisme min\u00e9ral et osseux de la MRC (TMO-MRC)<\/li>\n<li class=\"p1\">An\u00e9mie et M\u00e9tabolisme du Fer<\/li>\n<li class=\"p1\">Atteinte neurologique de la maladie r\u00e9nale chronique (MRC)<\/li>\n<li class=\"p1\">H\u00e9modynamique r\u00e9nal<\/li>\n<li class=\"p1\">\u00c9puration extra-r\u00e9nale et th\u00e9rapies innovantes<\/li>\n<li class=\"p1\">Pathologies cardiovasculaires et MRC<\/li>\n<li class=\"p1\">Aph\u00e9r\u00e8se : Plasmaph\u00e9r\u00e8se par Double Filtration (FDPP) et Rh\u00e9oph\u00e9r\u00e8se<\/li>\n<li class=\"p1\">Abords vasculaires pour h\u00e9modialyse<\/li>\n<\/ul>\n","protected":false},"excerpt":{"rendered":"<p>Troubles du m\u00e9tabolisme min\u00e9ral et osseux de la MRC (TMO-MRC) An\u00e9mie et M\u00e9tabolisme du Fer Atteinte neurologique de la maladie r\u00e9nale chronique (MRC) H\u00e9modynamique r\u00e9nal \u00c9puration extra-r\u00e9nale et th\u00e9rapies innovantes Pathologies cardiovasculaires et MRC Aph\u00e9r\u00e8se : Plasmaph\u00e9r\u00e8se par Double Filtration (FDPP) et Rh\u00e9oph\u00e9r\u00e8se Abords vasculaires pour h\u00e9modialyse<\/p>\n","protected":false},"author":5,"featured_media":275,"parent":976,"menu_order":55,"comment_status":"closed","ping_status":"closed","template":"templates\/template-education.php","meta":{"_acf_changed":false,"footnotes":""},"class_list":["post-953","page","type-page","status-publish","has-post-thumbnail","hentry","entry"],"acf":[],"yoast_head":"<!-- This site is optimized with the Yoast SEO plugin v27.3 - https:\/\/yoast.com\/product\/yoast-seo-wordpress\/ -->\n<title>Domaines de recherche - L&#039;AURA Paris<\/title>\n<meta name=\"robots\" content=\"index, follow, max-snippet:-1, max-image-preview:large, max-video-preview:-1\" \/>\n<link rel=\"canonical\" href=\"https:\/\/auraparis.org\/fr\/recherche-et-enseignement\/domaines-de-recherche\/\" \/>\n<meta property=\"og:locale\" content=\"fr_FR\" \/>\n<meta property=\"og:type\" content=\"article\" \/>\n<meta property=\"og:title\" content=\"Domaines de recherche - L&#039;AURA Paris\" \/>\n<meta property=\"og:description\" content=\"Troubles du m\u00e9tabolisme min\u00e9ral et osseux de la MRC (TMO-MRC) An\u00e9mie et M\u00e9tabolisme du Fer Atteinte neurologique de la maladie r\u00e9nale chronique (MRC) H\u00e9modynamique r\u00e9nal \u00c9puration extra-r\u00e9nale et th\u00e9rapies innovantes Pathologies cardiovasculaires et MRC Aph\u00e9r\u00e8se : Plasmaph\u00e9r\u00e8se par Double Filtration (FDPP) et Rh\u00e9oph\u00e9r\u00e8se Abords vasculaires pour h\u00e9modialyse\" \/>\n<meta property=\"og:url\" content=\"https:\/\/auraparis.org\/fr\/recherche-et-enseignement\/domaines-de-recherche\/\" \/>\n<meta property=\"og:site_name\" content=\"L&#039;AURA Paris\" \/>\n<meta property=\"article:modified_time\" content=\"2022-01-12T15:09:06+00:00\" \/>\n<meta property=\"og:image\" content=\"https:\/\/auraparis.org\/wp-content\/uploads\/2021\/11\/iStock-1096502340\u00a9sanjeri-scaled-1.jpg\" \/>\n\t<meta property=\"og:image:width\" content=\"2000\" \/>\n\t<meta property=\"og:image:height\" content=\"518\" \/>\n\t<meta property=\"og:image:type\" content=\"image\/jpeg\" \/>\n<meta name=\"twitter:card\" content=\"summary_large_image\" \/>\n<meta name=\"twitter:label1\" content=\"Dur\u00e9e de lecture estim\u00e9e\" \/>\n\t<meta name=\"twitter:data1\" content=\"1 minute\" \/>\n<script type=\"application\/ld+json\" class=\"yoast-schema-graph\">{\"@context\":\"https:\\\/\\\/schema.org\",\"@graph\":[{\"@type\":\"WebPage\",\"@id\":\"https:\\\/\\\/auraparis.org\\\/fr\\\/recherche-et-enseignement\\\/domaines-de-recherche\\\/\",\"url\":\"https:\\\/\\\/auraparis.org\\\/fr\\\/recherche-et-enseignement\\\/domaines-de-recherche\\\/\",\"name\":\"Domaines de recherche - L&#039;AURA Paris\",\"isPartOf\":{\"@id\":\"https:\\\/\\\/auraparis.org\\\/#website\"},\"primaryImageOfPage\":{\"@id\":\"https:\\\/\\\/auraparis.org\\\/fr\\\/recherche-et-enseignement\\\/domaines-de-recherche\\\/#primaryimage\"},\"image\":{\"@id\":\"https:\\\/\\\/auraparis.org\\\/fr\\\/recherche-et-enseignement\\\/domaines-de-recherche\\\/#primaryimage\"},\"thumbnailUrl\":\"https:\\\/\\\/auraparis.org\\\/wp-content\\\/uploads\\\/2021\\\/11\\\/iStock-1096502340\u00a9sanjeri-scaled-1.jpg\",\"datePublished\":\"2021-12-11T20:12:53+00:00\",\"dateModified\":\"2022-01-12T15:09:06+00:00\",\"breadcrumb\":{\"@id\":\"https:\\\/\\\/auraparis.org\\\/fr\\\/recherche-et-enseignement\\\/domaines-de-recherche\\\/#breadcrumb\"},\"inLanguage\":\"fr-FR\",\"potentialAction\":[{\"@type\":\"ReadAction\",\"target\":[\"https:\\\/\\\/auraparis.org\\\/fr\\\/recherche-et-enseignement\\\/domaines-de-recherche\\\/\"]}]},{\"@type\":\"ImageObject\",\"inLanguage\":\"fr-FR\",\"@id\":\"https:\\\/\\\/auraparis.org\\\/fr\\\/recherche-et-enseignement\\\/domaines-de-recherche\\\/#primaryimage\",\"url\":\"https:\\\/\\\/auraparis.org\\\/wp-content\\\/uploads\\\/2021\\\/11\\\/iStock-1096502340\u00a9sanjeri-scaled-1.jpg\",\"contentUrl\":\"https:\\\/\\\/auraparis.org\\\/wp-content\\\/uploads\\\/2021\\\/11\\\/iStock-1096502340\u00a9sanjeri-scaled-1.jpg\",\"width\":2000,\"height\":518},{\"@type\":\"BreadcrumbList\",\"@id\":\"https:\\\/\\\/auraparis.org\\\/fr\\\/recherche-et-enseignement\\\/domaines-de-recherche\\\/#breadcrumb\",\"itemListElement\":[{\"@type\":\"ListItem\",\"position\":1,\"name\":\"Accueil\",\"item\":\"https:\\\/\\\/auraparis.org\\\/fr\\\/\"},{\"@type\":\"ListItem\",\"position\":2,\"name\":\"Recherche et enseignement\",\"item\":\"http:\\\/\\\/auraparis.org\\\/fr\\\/recherche-et-enseignement\\\/\"},{\"@type\":\"ListItem\",\"position\":3,\"name\":\"Domaines de recherche\"}]},{\"@type\":\"WebSite\",\"@id\":\"https:\\\/\\\/auraparis.org\\\/#website\",\"url\":\"https:\\\/\\\/auraparis.org\\\/\",\"name\":\"L&#039;AURA Paris\",\"description\":\"\",\"publisher\":{\"@id\":\"https:\\\/\\\/auraparis.org\\\/#organization\"},\"potentialAction\":[{\"@type\":\"SearchAction\",\"target\":{\"@type\":\"EntryPoint\",\"urlTemplate\":\"https:\\\/\\\/auraparis.org\\\/?s={search_term_string}\"},\"query-input\":{\"@type\":\"PropertyValueSpecification\",\"valueRequired\":true,\"valueName\":\"search_term_string\"}}],\"inLanguage\":\"fr-FR\"},{\"@type\":\"Organization\",\"@id\":\"https:\\\/\\\/auraparis.org\\\/#organization\",\"name\":\"L&#039;AURA Paris\",\"url\":\"https:\\\/\\\/auraparis.org\\\/\",\"logo\":{\"@type\":\"ImageObject\",\"inLanguage\":\"fr-FR\",\"@id\":\"https:\\\/\\\/auraparis.org\\\/#\\\/schema\\\/logo\\\/image\\\/\",\"url\":\"https:\\\/\\\/auraparis.org\\\/wp-content\\\/uploads\\\/2026\\\/02\\\/cropped-favicon-dore.jpg\",\"contentUrl\":\"https:\\\/\\\/auraparis.org\\\/wp-content\\\/uploads\\\/2026\\\/02\\\/cropped-favicon-dore.jpg\",\"width\":190,\"height\":190,\"caption\":\"L&#039;AURA Paris\"},\"image\":{\"@id\":\"https:\\\/\\\/auraparis.org\\\/#\\\/schema\\\/logo\\\/image\\\/\"}}]}<\/script>\n<!-- \/ Yoast SEO plugin. -->","yoast_head_json":{"title":"Domaines de recherche - L&#039;AURA Paris","robots":{"index":"index","follow":"follow","max-snippet":"max-snippet:-1","max-image-preview":"max-image-preview:large","max-video-preview":"max-video-preview:-1"},"canonical":"https:\/\/auraparis.org\/fr\/recherche-et-enseignement\/domaines-de-recherche\/","og_locale":"fr_FR","og_type":"article","og_title":"Domaines de recherche - L&#039;AURA Paris","og_description":"Troubles du m\u00e9tabolisme min\u00e9ral et osseux de la MRC (TMO-MRC) An\u00e9mie et M\u00e9tabolisme du Fer Atteinte neurologique de la maladie r\u00e9nale chronique (MRC) H\u00e9modynamique r\u00e9nal \u00c9puration extra-r\u00e9nale et th\u00e9rapies innovantes Pathologies cardiovasculaires et MRC Aph\u00e9r\u00e8se : Plasmaph\u00e9r\u00e8se par Double Filtration (FDPP) et Rh\u00e9oph\u00e9r\u00e8se Abords vasculaires pour h\u00e9modialyse","og_url":"https:\/\/auraparis.org\/fr\/recherche-et-enseignement\/domaines-de-recherche\/","og_site_name":"L&#039;AURA Paris","article_modified_time":"2022-01-12T15:09:06+00:00","og_image":[{"width":2000,"height":518,"url":"https:\/\/auraparis.org\/wp-content\/uploads\/2021\/11\/iStock-1096502340\u00a9sanjeri-scaled-1.jpg","type":"image\/jpeg"}],"twitter_card":"summary_large_image","twitter_misc":{"Dur\u00e9e de lecture estim\u00e9e":"1 minute"},"schema":{"@context":"https:\/\/schema.org","@graph":[{"@type":"WebPage","@id":"https:\/\/auraparis.org\/fr\/recherche-et-enseignement\/domaines-de-recherche\/","url":"https:\/\/auraparis.org\/fr\/recherche-et-enseignement\/domaines-de-recherche\/","name":"Domaines de recherche - L&#039;AURA Paris","isPartOf":{"@id":"https:\/\/auraparis.org\/#website"},"primaryImageOfPage":{"@id":"https:\/\/auraparis.org\/fr\/recherche-et-enseignement\/domaines-de-recherche\/#primaryimage"},"image":{"@id":"https:\/\/auraparis.org\/fr\/recherche-et-enseignement\/domaines-de-recherche\/#primaryimage"},"thumbnailUrl":"https:\/\/auraparis.org\/wp-content\/uploads\/2021\/11\/iStock-1096502340\u00a9sanjeri-scaled-1.jpg","datePublished":"2021-12-11T20:12:53+00:00","dateModified":"2022-01-12T15:09:06+00:00","breadcrumb":{"@id":"https:\/\/auraparis.org\/fr\/recherche-et-enseignement\/domaines-de-recherche\/#breadcrumb"},"inLanguage":"fr-FR","potentialAction":[{"@type":"ReadAction","target":["https:\/\/auraparis.org\/fr\/recherche-et-enseignement\/domaines-de-recherche\/"]}]},{"@type":"ImageObject","inLanguage":"fr-FR","@id":"https:\/\/auraparis.org\/fr\/recherche-et-enseignement\/domaines-de-recherche\/#primaryimage","url":"https:\/\/auraparis.org\/wp-content\/uploads\/2021\/11\/iStock-1096502340\u00a9sanjeri-scaled-1.jpg","contentUrl":"https:\/\/auraparis.org\/wp-content\/uploads\/2021\/11\/iStock-1096502340\u00a9sanjeri-scaled-1.jpg","width":2000,"height":518},{"@type":"BreadcrumbList","@id":"https:\/\/auraparis.org\/fr\/recherche-et-enseignement\/domaines-de-recherche\/#breadcrumb","itemListElement":[{"@type":"ListItem","position":1,"name":"Accueil","item":"https:\/\/auraparis.org\/fr\/"},{"@type":"ListItem","position":2,"name":"Recherche et enseignement","item":"http:\/\/auraparis.org\/fr\/recherche-et-enseignement\/"},{"@type":"ListItem","position":3,"name":"Domaines de recherche"}]},{"@type":"WebSite","@id":"https:\/\/auraparis.org\/#website","url":"https:\/\/auraparis.org\/","name":"L&#039;AURA Paris","description":"","publisher":{"@id":"https:\/\/auraparis.org\/#organization"},"potentialAction":[{"@type":"SearchAction","target":{"@type":"EntryPoint","urlTemplate":"https:\/\/auraparis.org\/?s={search_term_string}"},"query-input":{"@type":"PropertyValueSpecification","valueRequired":true,"valueName":"search_term_string"}}],"inLanguage":"fr-FR"},{"@type":"Organization","@id":"https:\/\/auraparis.org\/#organization","name":"L&#039;AURA Paris","url":"https:\/\/auraparis.org\/","logo":{"@type":"ImageObject","inLanguage":"fr-FR","@id":"https:\/\/auraparis.org\/#\/schema\/logo\/image\/","url":"https:\/\/auraparis.org\/wp-content\/uploads\/2026\/02\/cropped-favicon-dore.jpg","contentUrl":"https:\/\/auraparis.org\/wp-content\/uploads\/2026\/02\/cropped-favicon-dore.jpg","width":190,"height":190,"caption":"L&#039;AURA Paris"},"image":{"@id":"https:\/\/auraparis.org\/#\/schema\/logo\/image\/"}}]}},"_links":{"self":[{"href":"https:\/\/auraparis.org\/fr\/wp-json\/wp\/v2\/pages\/953","targetHints":{"allow":["GET"]}}],"collection":[{"href":"https:\/\/auraparis.org\/fr\/wp-json\/wp\/v2\/pages"}],"about":[{"href":"https:\/\/auraparis.org\/fr\/wp-json\/wp\/v2\/types\/page"}],"author":[{"embeddable":true,"href":"https:\/\/auraparis.org\/fr\/wp-json\/wp\/v2\/users\/5"}],"replies":[{"embeddable":true,"href":"https:\/\/auraparis.org\/fr\/wp-json\/wp\/v2\/comments?post=953"}],"version-history":[{"count":4,"href":"https:\/\/auraparis.org\/fr\/wp-json\/wp\/v2\/pages\/953\/revisions"}],"predecessor-version":[{"id":996,"href":"https:\/\/auraparis.org\/fr\/wp-json\/wp\/v2\/pages\/953\/revisions\/996"}],"up":[{"embeddable":true,"href":"https:\/\/auraparis.org\/fr\/wp-json\/wp\/v2\/pages\/976"}],"wp:featuredmedia":[{"embeddable":true,"href":"https:\/\/auraparis.org\/fr\/wp-json\/wp\/v2\/media\/275"}],"wp:attachment":[{"href":"https:\/\/auraparis.org\/fr\/wp-json\/wp\/v2\/media?parent=953"}],"curies":[{"name":"wp","href":"https:\/\/api.w.org\/{rel}","templated":true}]}}