{"id":955,"date":"2021-12-11T23:13:22","date_gmt":"2021-12-11T20:13:22","guid":{"rendered":"http:\/\/auraparis2021.pastelle.fr\/?page_id=955"},"modified":"2022-12-16T11:48:44","modified_gmt":"2022-12-16T08:48:44","slug":"le-conseil-scientifique","status":"publish","type":"page","link":"https:\/\/auraparis.org\/fr\/recherche-et-enseignement\/le-conseil-scientifique\/","title":{"rendered":"Le conseil scientifique"},"content":{"rendered":"<p>[vc_row el_class=\u00a0\u00bbaura-custom-tabs-container\u00a0\u00bb][vc_column][vc_row_inner el_class=\u00a0\u00bbaura-custom-tab-item-content\u00a0\u00bb][vc_column_inner][vc_custom_heading text=\u00a0\u00bbMissions\u00a0\u00bb font_container=\u00a0\u00bbtag:div|text_align:left\u00a0\u00bb use_theme_fonts=\u00a0\u00bbyes\u00a0\u00bb el_class=\u00a0\u00bbcontent-sub-title\u00a0\u00bb][vc_column_text el_class=\u00a0\u00bbaura-custom-tab-item-content\u00a0\u00bb css=\u00a0\u00bb.vc_custom_1637408396171{padding-left: 50px !important;}\u00a0\u00bb]Ses missions visent \u00e0 animer, organiser et aider la recherche clinique \u00e0 l\u2019AURA. Le Conseil Scientifique a aussi la charge d\u2019assurer la veille scientifique et sa diffusion au sein de l\u2019Association.[\/vc_column_text][vc_custom_heading text=\u00a0\u00bbComposition\u00a0\u00bb font_container=\u00a0\u00bbtag:div|text_align:left\u00a0\u00bb use_theme_fonts=\u00a0\u00bbyes\u00a0\u00bb el_class=\u00a0\u00bbcontent-sub-title\u00a0\u00bb][vc_column_text el_class=\u00a0\u00bbaura-custom-tab-item-content\u00a0\u00bb css=\u00a0\u00bb.vc_custom_1637408402497{padding-left: 50px !important;}\u00a0\u00bb]Le Conseil Scientifique accueille tout collaborateur de l\u2019AURA qui d\u00e9sire consacrer une partie de son temps \u00e0 la recherche m\u00e9dicale ou param\u00e9dicale et se porte candidat. Il rassemble un groupe de m\u00e9decins, pharmaciens et de param\u00e9dicaux d\u2019une vingtaine de membres qui participent r\u00e9guli\u00e8rement \u00e0 ses r\u00e9unions.[\/vc_column_text][\/vc_column_inner][\/vc_row_inner][vc_row_inner el_class=\u00a0\u00bbaura-custom-tab-item-content\u00a0\u00bb][vc_column_inner][vc_column_text el_class=\u00a0\u00bbaura-custom-tab-item-content\u00a0\u00bb css=\u00a0\u00bb.vc_custom_1639254195545{padding-left: 50px !important;}\u00a0\u00bb]<div class=\"aura-custom-tab-item-content\">\n<div class=\"composition-outer-block\" style=\"border-top: 3px solid #f08000;\">\n<div style=\"text-align: left\" class=\"vc_custom_heading content-block-heading\">Le Responsable m\u00e9dical de la recherche<\/div>\n\n<div class=\"composition-item-block\">\n                            <div class=\"composition-item-image lazyload\" style=\"background:inherit;background-size: cover\" data-bg=\"url(https:\/\/auraparis.org\/wp-content\/uploads\/2022\/01\/Dr-SERIS.jpg) no-repeat center center\"><\/div>\n                            <div class=\"composition-item-inner\">\n                                <div class=\"composition-inner-title\">Dr Pascal SERIS<\/div>\n                                <div class=\"composition-inner-position\">Responsable m\u00e9dical de la Recherche<\/div>\n                                <div class=\"composition-inner-social-links\"><ul><li class=\"profile_linkedin\"><a target=\"_blank\" href=\"https:\/\/www.linkedin.com\/in\/pascal-seris-a5a080138\/\"><\/a><\/li><li class=\"profile_twitter\"><a target=\"_blank\" href=\"https:\/\/twitter.com\/p_seris\"><\/a><\/li><li class=\"profile_google\"><a target=\"_blank\" href=\"https:\/\/scholar.google.com\/scholar?hl=fr&as_sdt=0%2C5&q=pascal+seris+aura&oq=pascal+seris\"><\/a><\/li><li class=\"profile_pub\"><a target=\"_blank\" href=\"https:\/\/pubmed.ncbi.nlm.nih.gov\/?term=pascal+seris\"><\/a><\/li><li class=\"profile_researcher\"><a target=\"_blank\" href=\"https:\/\/www.researchgate.net\/profile\/Pascal-Seris\"><\/a><\/li><\/ul><\/div>\n                            <\/div>\n                    <\/div>\n<\/div>\n<\/div><div class=\"aura-custom-tab-item-content\">\n<div class=\"composition-outer-block\" >\n<div style=\"text-align: left\" class=\"vc_custom_heading content-block-heading\">Deux Attach\u00e9es de Recherche Clinique<\/div>\n\n<div class=\"composition-item-block\">\n                            <div class=\"composition-item-image lazyload\" style=\"background:inherit;background-size: cover\" data-bg=\"url(https:\/\/auraparis.org\/wp-content\/uploads\/2022\/12\/perso_Femme.png) no-repeat center center\"><\/div>\n                            <div class=\"composition-item-inner\">\n                                <div class=\"composition-inner-title\">Yolande KAMGA<\/div>\n                                <div class=\"composition-inner-position\">Attach\u00e9e de recherche clinique<\/div>\n                                <div class=\"composition-inner-social-links\"><ul><\/ul><\/div>\n                            <\/div>\n                    <\/div><div class=\"composition-item-block\">\n                            <div class=\"composition-item-image lazyload\" style=\"background:inherit;background-size: cover\" data-bg=\"url(https:\/\/auraparis.org\/wp-content\/uploads\/2022\/12\/perso_Femme.png) no-repeat center center\"><\/div>\n                            <div class=\"composition-item-inner\">\n                                <div class=\"composition-inner-title\">C\u00e9lia SI AHMED<\/div>\n                                <div class=\"composition-inner-position\">Attach\u00e9e de recherche clinique<\/div>\n                                <div class=\"composition-inner-social-links\"><ul><\/ul><\/div>\n                            <\/div>\n                    <\/div>\n<\/div>\n<\/div><div class=\"aura-custom-tab-item-content\">\n<div class=\"composition-outer-block\" >\n<div style=\"text-align: left\" class=\"vc_custom_heading content-block-heading\">Un Bureau de 6 membres comportant 4 repr\u00e9sentants \u00e9lus et les 2 Attach\u00e9es de Recherche Clinique ci-dessus<\/div>\n\n<div class=\"composition-item-block\">\n                            <div class=\"composition-item-image lazyload\" style=\"background:inherit;background-size: cover\" data-bg=\"url(https:\/\/auraparis.org\/wp-content\/uploads\/2022\/12\/perso_Femme-2.png) no-repeat center center\"><\/div>\n                            <div class=\"composition-item-inner\">\n                                <div class=\"composition-inner-title\">Dr Latifa AZEROUAL<\/div>\n                                <div class=\"composition-inner-position\">Docteur<\/div>\n                                <div class=\"composition-inner-social-links\"><ul><li class=\"profile_linkedin\"><a target=\"_blank\" href=\"https:\/\/fr.linkedin.com\/in\/dr-latifa-azeroual-804193165\"><\/a><\/li><li class=\"profile_google\"><a target=\"_blank\" href=\"https:\/\/scholar.google.com\/scholar?hl=fr&as_sdt=0%2C5&q=Latifa+AZEROUAL&oq=Latifa+azeroual\"><\/a><\/li><li class=\"profile_pub\"><a target=\"_blank\" href=\"https:\/\/pubmed.ncbi.nlm.nih.gov\/?term=Latifa+AZEROUAL\"><\/a><\/li><li class=\"profile_researcher\"><a target=\"_blank\" href=\"https:\/\/www.researchgate.net\/scientific-contributions\/Latifa-Azeroual-2183954082\"><\/a><\/li><\/ul><\/div>\n                            <\/div>\n                    <\/div><div class=\"composition-item-block\">\n                            <div class=\"composition-item-image lazyload\" style=\"background:inherit;background-size: cover\" data-bg=\"url(https:\/\/auraparis.org\/wp-content\/uploads\/2022\/01\/Dr-SERIS.jpg) no-repeat center center\"><\/div>\n                            <div class=\"composition-item-inner\">\n                                <div class=\"composition-inner-title\">Dr Pascal SERIS<\/div>\n                                <div class=\"composition-inner-position\">Docteur<\/div>\n                                <div class=\"composition-inner-social-links\"><ul><li class=\"profile_linkedin\"><a target=\"_blank\" href=\"https:\/\/www.linkedin.com\/in\/pascal-seris-a5a080138\/\"><\/a><\/li><li class=\"profile_twitter\"><a target=\"_blank\" href=\"https:\/\/twitter.com\/p_seris\"><\/a><\/li><li class=\"profile_google\"><a target=\"_blank\" href=\"https:\/\/scholar.google.com\/scholar?hl=fr&as_sdt=0%2C5&q=pascal+seris+aura&oq=pascal+seris\"><\/a><\/li><li class=\"profile_pub\"><a target=\"_blank\" href=\"https:\/\/pubmed.ncbi.nlm.nih.gov\/?term=pascal+seris\"><\/a><\/li><li class=\"profile_researcher\"><a target=\"_blank\" href=\"https:\/\/www.researchgate.net\/profile\/Pascal-Seris\"><\/a><\/li><\/ul><\/div>\n                            <\/div>\n                    <\/div><div class=\"composition-item-block\">\n                            <div class=\"composition-item-image lazyload\" style=\"background:inherit;background-size: cover\" data-bg=\"url(https:\/\/auraparis.org\/wp-content\/uploads\/2022\/12\/Dr-Urena.jpg) no-repeat center center\"><\/div>\n                            <div class=\"composition-item-inner\">\n                                <div class=\"composition-inner-title\">Dr Pablo Antonio URENA TORRES<\/div>\n                                <div class=\"composition-inner-position\">Docteur<\/div>\n                                <div class=\"composition-inner-social-links\"><ul><li class=\"profile_linkedin\"><a target=\"_blank\" href=\"https:\/\/www.linkedin.com\/in\/pablo-urena-68023913\/\"><\/a><\/li><li class=\"profile_twitter\"><a target=\"_blank\" href=\"https:\/\/twitter.com\/urenatorres1\"><\/a><\/li><li class=\"profile_google\"><a target=\"_blank\" href=\"https:\/\/scholar.google.com\/scholar?hl=fr&as_sdt=0%2C5&q=pablo+urena&oq=pablo+urena\"><\/a><\/li><li class=\"profile_pub\"><a target=\"_blank\" href=\"https:\/\/pubmed.ncbi.nlm.nih.gov\/?term=pablo+urena\"><\/a><\/li><li class=\"profile_researcher\"><a target=\"_blank\" href=\"https:\/\/www.researchgate.net\/profile\/Pablo-Urena-Torres\"><\/a><\/li><\/ul><\/div>\n                            <\/div>\n                    <\/div>\n<\/div>\n<\/div>[\/vc_column_text][\/vc_column_inner][\/vc_row_inner][vc_row_inner el_class=\u00a0\u00bbaura-custom-tab-item-content\u00a0\u00bb][vc_column_inner][vc_custom_heading text=\u00a0\u00bbFonctionnement\u00a0\u00bb font_container=\u00a0\u00bbtag:div|text_align:left\u00a0\u00bb use_theme_fonts=\u00a0\u00bbyes\u00a0\u00bb el_class=\u00a0\u00bbcontent-sub-title\u00a0\u00bb][vc_column_text el_class=\u00a0\u00bbaura-custom-tab-item-content\u00a0\u00bb css=\u00a0\u00bb.vc_custom_1637408516470{padding-left: 50px !important;}\u00a0\u00bb]Le Conseil Scientifique se r\u00e9unit 4 fois par an en pr\u00e9sentiel sur les sites de Paris Plaisance et de Saint-Ouen et par t\u00e9l\u00e9conf\u00e9rence. Il a mis en \u0153uvre des outils num\u00e9riques de partage des informations pour am\u00e9liorer la communication et le travail collaboratif de ses membres.[\/vc_column_text][vc_custom_heading text=\u00a0\u00bbLe Conseil Scientifique\u00a0\u00bb font_container=\u00a0\u00bbtag:div|text_align:left\u00a0\u00bb use_theme_fonts=\u00a0\u00bbyes\u00a0\u00bb el_class=\u00a0\u00bbcontent-sub-title\u00a0\u00bb][vc_column_text css=\u00a0\u00bb.vc_custom_1638892958833{padding-left: 50px !important;}\u00a0\u00bb]<\/p>\n<ul>\n<li>Collabore aux travaux de la Commission M\u00e9dicale d\u2019\u00c9tablissement<\/li>\n<li>Assure le suivi r\u00e8glementaire, m\u00e9thodologique et administratif des \u00e9tudes cliniques en cours<\/li>\n<li>Discute les projets d\u2019\u00e9tudes scientifiques propos\u00e9s par les partenaires institutionnels ou industriels<\/li>\n<li>Apporte une aide m\u00e9thodologique \u00e0 la mise en place des projets de recherche<\/li>\n<li>Participe au Comit\u00e9 de pilotage du r\u00e9seau de recherche en maladie r\u00e9nale chronique de la FEHAP avec l\u2019appui de la DRCI de l\u2019H\u00f4pital Foch<\/li>\n<li>Assure la gestion du budget et des ressources allou\u00e9s \u00e0 la recherche \u00e0 l\u2019AURA<\/li>\n<li>Assure le suivi des d\u00e9cisions adopt\u00e9es par le Conseil Scientifique<\/li>\n<li>Rend un rapport annuel qui est pr\u00e9sent\u00e9 \u00e0 la CME, reprenant les activit\u00e9s de recherche, le suivi financier du compte recherche et l\u2019\u00e9tat d\u2019avancement des \u00e9tudes en cours et fixant des objectifs pour l\u2019ann\u00e9e \u00e0 venir<\/li>\n<\/ul>\n<p>Ses m\u00e9decins et pharmaciens interviennent \u00e9galement aupr\u00e8s des \u00e9tudiants lors de sessions de formation et participent aussi \u00e0 certaines sessions de formation r\u00e9alis\u00e9es par le FID.[\/vc_column_text][\/vc_column_inner][\/vc_row_inner][\/vc_column][\/vc_row]<\/p>\n","protected":false},"excerpt":{"rendered":"<p>[vc_row el_class=\u00a0\u00bbaura-custom-tabs-container\u00a0\u00bb][vc_column][vc_row_inner el_class=\u00a0\u00bbaura-custom-tab-item-content\u00a0\u00bb][vc_column_inner][vc_custom_heading text=\u00a0\u00bbMissions\u00a0\u00bb font_container=\u00a0\u00bbtag:div|text_align:left\u00a0\u00bb use_theme_fonts=\u00a0\u00bbyes\u00a0\u00bb el_class=\u00a0\u00bbcontent-sub-title\u00a0\u00bb][vc_column_text el_class=\u00a0\u00bbaura-custom-tab-item-content\u00a0\u00bb css=\u00a0\u00bb.vc_custom_1637408396171{padding-left: 50px !important;}\u00a0\u00bb]Ses missions visent \u00e0 animer, organiser et aider la recherche clinique \u00e0 l\u2019AURA. Le Conseil Scientifique a aussi la charge d\u2019assurer la veille scientifique et sa diffusion au sein de l\u2019Association.[\/vc_column_text][vc_custom_heading text=\u00a0\u00bbComposition\u00a0\u00bb font_container=\u00a0\u00bbtag:div|text_align:left\u00a0\u00bb use_theme_fonts=\u00a0\u00bbyes\u00a0\u00bb el_class=\u00a0\u00bbcontent-sub-title\u00a0\u00bb][vc_column_text el_class=\u00a0\u00bbaura-custom-tab-item-content\u00a0\u00bb css=\u00a0\u00bb.vc_custom_1637408402497{padding-left: 50px !important;}\u00a0\u00bb]Le Conseil Scientifique accueille tout collaborateur de &hellip; <\/p>\n<p class=\"link-more\"><a href=\"https:\/\/auraparis.org\/fr\/recherche-et-enseignement\/le-conseil-scientifique\/\" class=\"more-link\">Continuer la lecture <span class=\"screen-reader-text\"> \u00ab\u00a0Le conseil scientifique\u00a0\u00bb<\/span><\/a><\/p>\n","protected":false},"author":5,"featured_media":275,"parent":976,"menu_order":56,"comment_status":"closed","ping_status":"closed","template":"templates\/template-education.php","meta":{"_acf_changed":false,"footnotes":""},"class_list":["post-955","page","type-page","status-publish","has-post-thumbnail","hentry","entry"],"acf":[],"yoast_head":"<!-- This site is optimized with the Yoast SEO plugin v27.3 - https:\/\/yoast.com\/product\/yoast-seo-wordpress\/ -->\n<title>Le Conseil Scientifique - L&#039;AURA Paris<\/title>\n<meta name=\"robots\" content=\"index, follow, max-snippet:-1, max-image-preview:large, max-video-preview:-1\" \/>\n<link rel=\"canonical\" href=\"https:\/\/auraparis.org\/fr\/recherche-et-enseignement\/le-conseil-scientifique\/\" \/>\n<meta property=\"og:locale\" content=\"fr_FR\" \/>\n<meta property=\"og:type\" content=\"article\" \/>\n<meta property=\"og:title\" content=\"Le Conseil Scientifique - L&#039;AURA Paris\" \/>\n<meta property=\"og:description\" content=\"[vc_row el_class=\u00a0\u00bbaura-custom-tabs-container\u00a0\u00bb][vc_column][vc_row_inner el_class=\u00a0\u00bbaura-custom-tab-item-content\u00a0\u00bb][vc_column_inner][vc_custom_heading text=\u00a0\u00bbMissions\u00a0\u00bb font_container=\u00a0\u00bbtag:div|text_align:left\u00a0\u00bb use_theme_fonts=\u00a0\u00bbyes\u00a0\u00bb el_class=\u00a0\u00bbcontent-sub-title\u00a0\u00bb][vc_column_text el_class=\u00a0\u00bbaura-custom-tab-item-content\u00a0\u00bb css=\u00a0\u00bb.vc_custom_1637408396171{padding-left: 50px !important;}\u00a0\u00bb]Ses missions visent \u00e0 animer, organiser et aider la recherche clinique \u00e0 l\u2019AURA. Le Conseil Scientifique a aussi la charge d\u2019assurer la veille scientifique et sa diffusion au sein de l\u2019Association.[\/vc_column_text][vc_custom_heading text=\u00a0\u00bbComposition\u00a0\u00bb font_container=\u00a0\u00bbtag:div|text_align:left\u00a0\u00bb use_theme_fonts=\u00a0\u00bbyes\u00a0\u00bb el_class=\u00a0\u00bbcontent-sub-title\u00a0\u00bb][vc_column_text el_class=\u00a0\u00bbaura-custom-tab-item-content\u00a0\u00bb css=\u00a0\u00bb.vc_custom_1637408402497{padding-left: 50px !important;}\u00a0\u00bb]Le Conseil Scientifique accueille tout collaborateur de &hellip; Continuer la lecture \u00ab\u00a0Le conseil scientifique\u00a0\u00bb\" \/>\n<meta property=\"og:url\" content=\"https:\/\/auraparis.org\/fr\/recherche-et-enseignement\/le-conseil-scientifique\/\" \/>\n<meta property=\"og:site_name\" content=\"L&#039;AURA Paris\" \/>\n<meta property=\"article:modified_time\" content=\"2022-12-16T08:48:44+00:00\" \/>\n<meta property=\"og:image\" content=\"https:\/\/auraparis.org\/wp-content\/uploads\/2021\/11\/iStock-1096502340\u00a9sanjeri-scaled-1.jpg\" \/>\n\t<meta property=\"og:image:width\" content=\"2000\" \/>\n\t<meta property=\"og:image:height\" content=\"518\" \/>\n\t<meta property=\"og:image:type\" content=\"image\/jpeg\" \/>\n<meta name=\"twitter:card\" content=\"summary_large_image\" \/>\n<meta name=\"twitter:label1\" content=\"Dur\u00e9e de lecture estim\u00e9e\" \/>\n\t<meta name=\"twitter:data1\" content=\"2 minutes\" \/>\n<script type=\"application\/ld+json\" class=\"yoast-schema-graph\">{\"@context\":\"https:\\\/\\\/schema.org\",\"@graph\":[{\"@type\":\"WebPage\",\"@id\":\"https:\\\/\\\/auraparis.org\\\/fr\\\/recherche-et-enseignement\\\/le-conseil-scientifique\\\/\",\"url\":\"https:\\\/\\\/auraparis.org\\\/fr\\\/recherche-et-enseignement\\\/le-conseil-scientifique\\\/\",\"name\":\"Le Conseil Scientifique - L&#039;AURA Paris\",\"isPartOf\":{\"@id\":\"https:\\\/\\\/auraparis.org\\\/#website\"},\"primaryImageOfPage\":{\"@id\":\"https:\\\/\\\/auraparis.org\\\/fr\\\/recherche-et-enseignement\\\/le-conseil-scientifique\\\/#primaryimage\"},\"image\":{\"@id\":\"https:\\\/\\\/auraparis.org\\\/fr\\\/recherche-et-enseignement\\\/le-conseil-scientifique\\\/#primaryimage\"},\"thumbnailUrl\":\"https:\\\/\\\/auraparis.org\\\/wp-content\\\/uploads\\\/2021\\\/11\\\/iStock-1096502340\u00a9sanjeri-scaled-1.jpg\",\"datePublished\":\"2021-12-11T20:13:22+00:00\",\"dateModified\":\"2022-12-16T08:48:44+00:00\",\"breadcrumb\":{\"@id\":\"https:\\\/\\\/auraparis.org\\\/fr\\\/recherche-et-enseignement\\\/le-conseil-scientifique\\\/#breadcrumb\"},\"inLanguage\":\"fr-FR\",\"potentialAction\":[{\"@type\":\"ReadAction\",\"target\":[\"https:\\\/\\\/auraparis.org\\\/fr\\\/recherche-et-enseignement\\\/le-conseil-scientifique\\\/\"]}]},{\"@type\":\"ImageObject\",\"inLanguage\":\"fr-FR\",\"@id\":\"https:\\\/\\\/auraparis.org\\\/fr\\\/recherche-et-enseignement\\\/le-conseil-scientifique\\\/#primaryimage\",\"url\":\"https:\\\/\\\/auraparis.org\\\/wp-content\\\/uploads\\\/2021\\\/11\\\/iStock-1096502340\u00a9sanjeri-scaled-1.jpg\",\"contentUrl\":\"https:\\\/\\\/auraparis.org\\\/wp-content\\\/uploads\\\/2021\\\/11\\\/iStock-1096502340\u00a9sanjeri-scaled-1.jpg\",\"width\":2000,\"height\":518},{\"@type\":\"BreadcrumbList\",\"@id\":\"https:\\\/\\\/auraparis.org\\\/fr\\\/recherche-et-enseignement\\\/le-conseil-scientifique\\\/#breadcrumb\",\"itemListElement\":[{\"@type\":\"ListItem\",\"position\":1,\"name\":\"Accueil\",\"item\":\"https:\\\/\\\/auraparis.org\\\/fr\\\/\"},{\"@type\":\"ListItem\",\"position\":2,\"name\":\"Recherche et enseignement\",\"item\":\"http:\\\/\\\/auraparis.org\\\/fr\\\/recherche-et-enseignement\\\/\"},{\"@type\":\"ListItem\",\"position\":3,\"name\":\"Le conseil scientifique\"}]},{\"@type\":\"WebSite\",\"@id\":\"https:\\\/\\\/auraparis.org\\\/#website\",\"url\":\"https:\\\/\\\/auraparis.org\\\/\",\"name\":\"L&#039;AURA Paris\",\"description\":\"\",\"publisher\":{\"@id\":\"https:\\\/\\\/auraparis.org\\\/#organization\"},\"potentialAction\":[{\"@type\":\"SearchAction\",\"target\":{\"@type\":\"EntryPoint\",\"urlTemplate\":\"https:\\\/\\\/auraparis.org\\\/?s={search_term_string}\"},\"query-input\":{\"@type\":\"PropertyValueSpecification\",\"valueRequired\":true,\"valueName\":\"search_term_string\"}}],\"inLanguage\":\"fr-FR\"},{\"@type\":\"Organization\",\"@id\":\"https:\\\/\\\/auraparis.org\\\/#organization\",\"name\":\"L&#039;AURA Paris\",\"url\":\"https:\\\/\\\/auraparis.org\\\/\",\"logo\":{\"@type\":\"ImageObject\",\"inLanguage\":\"fr-FR\",\"@id\":\"https:\\\/\\\/auraparis.org\\\/#\\\/schema\\\/logo\\\/image\\\/\",\"url\":\"https:\\\/\\\/auraparis.org\\\/wp-content\\\/uploads\\\/2026\\\/02\\\/cropped-favicon-dore.jpg\",\"contentUrl\":\"https:\\\/\\\/auraparis.org\\\/wp-content\\\/uploads\\\/2026\\\/02\\\/cropped-favicon-dore.jpg\",\"width\":190,\"height\":190,\"caption\":\"L&#039;AURA Paris\"},\"image\":{\"@id\":\"https:\\\/\\\/auraparis.org\\\/#\\\/schema\\\/logo\\\/image\\\/\"}}]}<\/script>\n<!-- \/ Yoast SEO plugin. -->","yoast_head_json":{"title":"Le Conseil Scientifique - L&#039;AURA Paris","robots":{"index":"index","follow":"follow","max-snippet":"max-snippet:-1","max-image-preview":"max-image-preview:large","max-video-preview":"max-video-preview:-1"},"canonical":"https:\/\/auraparis.org\/fr\/recherche-et-enseignement\/le-conseil-scientifique\/","og_locale":"fr_FR","og_type":"article","og_title":"Le Conseil Scientifique - L&#039;AURA Paris","og_description":"[vc_row el_class=\u00a0\u00bbaura-custom-tabs-container\u00a0\u00bb][vc_column][vc_row_inner el_class=\u00a0\u00bbaura-custom-tab-item-content\u00a0\u00bb][vc_column_inner][vc_custom_heading text=\u00a0\u00bbMissions\u00a0\u00bb font_container=\u00a0\u00bbtag:div|text_align:left\u00a0\u00bb use_theme_fonts=\u00a0\u00bbyes\u00a0\u00bb el_class=\u00a0\u00bbcontent-sub-title\u00a0\u00bb][vc_column_text el_class=\u00a0\u00bbaura-custom-tab-item-content\u00a0\u00bb css=\u00a0\u00bb.vc_custom_1637408396171{padding-left: 50px !important;}\u00a0\u00bb]Ses missions visent \u00e0 animer, organiser et aider la recherche clinique \u00e0 l\u2019AURA. Le Conseil Scientifique a aussi la charge d\u2019assurer la veille scientifique et sa diffusion au sein de l\u2019Association.[\/vc_column_text][vc_custom_heading text=\u00a0\u00bbComposition\u00a0\u00bb font_container=\u00a0\u00bbtag:div|text_align:left\u00a0\u00bb use_theme_fonts=\u00a0\u00bbyes\u00a0\u00bb el_class=\u00a0\u00bbcontent-sub-title\u00a0\u00bb][vc_column_text el_class=\u00a0\u00bbaura-custom-tab-item-content\u00a0\u00bb css=\u00a0\u00bb.vc_custom_1637408402497{padding-left: 50px !important;}\u00a0\u00bb]Le Conseil Scientifique accueille tout collaborateur de &hellip; Continuer la lecture \u00ab\u00a0Le conseil scientifique\u00a0\u00bb","og_url":"https:\/\/auraparis.org\/fr\/recherche-et-enseignement\/le-conseil-scientifique\/","og_site_name":"L&#039;AURA Paris","article_modified_time":"2022-12-16T08:48:44+00:00","og_image":[{"width":2000,"height":518,"url":"https:\/\/auraparis.org\/wp-content\/uploads\/2021\/11\/iStock-1096502340\u00a9sanjeri-scaled-1.jpg","type":"image\/jpeg"}],"twitter_card":"summary_large_image","twitter_misc":{"Dur\u00e9e de lecture estim\u00e9e":"2 minutes"},"schema":{"@context":"https:\/\/schema.org","@graph":[{"@type":"WebPage","@id":"https:\/\/auraparis.org\/fr\/recherche-et-enseignement\/le-conseil-scientifique\/","url":"https:\/\/auraparis.org\/fr\/recherche-et-enseignement\/le-conseil-scientifique\/","name":"Le Conseil Scientifique - L&#039;AURA Paris","isPartOf":{"@id":"https:\/\/auraparis.org\/#website"},"primaryImageOfPage":{"@id":"https:\/\/auraparis.org\/fr\/recherche-et-enseignement\/le-conseil-scientifique\/#primaryimage"},"image":{"@id":"https:\/\/auraparis.org\/fr\/recherche-et-enseignement\/le-conseil-scientifique\/#primaryimage"},"thumbnailUrl":"https:\/\/auraparis.org\/wp-content\/uploads\/2021\/11\/iStock-1096502340\u00a9sanjeri-scaled-1.jpg","datePublished":"2021-12-11T20:13:22+00:00","dateModified":"2022-12-16T08:48:44+00:00","breadcrumb":{"@id":"https:\/\/auraparis.org\/fr\/recherche-et-enseignement\/le-conseil-scientifique\/#breadcrumb"},"inLanguage":"fr-FR","potentialAction":[{"@type":"ReadAction","target":["https:\/\/auraparis.org\/fr\/recherche-et-enseignement\/le-conseil-scientifique\/"]}]},{"@type":"ImageObject","inLanguage":"fr-FR","@id":"https:\/\/auraparis.org\/fr\/recherche-et-enseignement\/le-conseil-scientifique\/#primaryimage","url":"https:\/\/auraparis.org\/wp-content\/uploads\/2021\/11\/iStock-1096502340\u00a9sanjeri-scaled-1.jpg","contentUrl":"https:\/\/auraparis.org\/wp-content\/uploads\/2021\/11\/iStock-1096502340\u00a9sanjeri-scaled-1.jpg","width":2000,"height":518},{"@type":"BreadcrumbList","@id":"https:\/\/auraparis.org\/fr\/recherche-et-enseignement\/le-conseil-scientifique\/#breadcrumb","itemListElement":[{"@type":"ListItem","position":1,"name":"Accueil","item":"https:\/\/auraparis.org\/fr\/"},{"@type":"ListItem","position":2,"name":"Recherche et enseignement","item":"http:\/\/auraparis.org\/fr\/recherche-et-enseignement\/"},{"@type":"ListItem","position":3,"name":"Le conseil scientifique"}]},{"@type":"WebSite","@id":"https:\/\/auraparis.org\/#website","url":"https:\/\/auraparis.org\/","name":"L&#039;AURA Paris","description":"","publisher":{"@id":"https:\/\/auraparis.org\/#organization"},"potentialAction":[{"@type":"SearchAction","target":{"@type":"EntryPoint","urlTemplate":"https:\/\/auraparis.org\/?s={search_term_string}"},"query-input":{"@type":"PropertyValueSpecification","valueRequired":true,"valueName":"search_term_string"}}],"inLanguage":"fr-FR"},{"@type":"Organization","@id":"https:\/\/auraparis.org\/#organization","name":"L&#039;AURA Paris","url":"https:\/\/auraparis.org\/","logo":{"@type":"ImageObject","inLanguage":"fr-FR","@id":"https:\/\/auraparis.org\/#\/schema\/logo\/image\/","url":"https:\/\/auraparis.org\/wp-content\/uploads\/2026\/02\/cropped-favicon-dore.jpg","contentUrl":"https:\/\/auraparis.org\/wp-content\/uploads\/2026\/02\/cropped-favicon-dore.jpg","width":190,"height":190,"caption":"L&#039;AURA Paris"},"image":{"@id":"https:\/\/auraparis.org\/#\/schema\/logo\/image\/"}}]}},"_links":{"self":[{"href":"https:\/\/auraparis.org\/fr\/wp-json\/wp\/v2\/pages\/955","targetHints":{"allow":["GET"]}}],"collection":[{"href":"https:\/\/auraparis.org\/fr\/wp-json\/wp\/v2\/pages"}],"about":[{"href":"https:\/\/auraparis.org\/fr\/wp-json\/wp\/v2\/types\/page"}],"author":[{"embeddable":true,"href":"https:\/\/auraparis.org\/fr\/wp-json\/wp\/v2\/users\/5"}],"replies":[{"embeddable":true,"href":"https:\/\/auraparis.org\/fr\/wp-json\/wp\/v2\/comments?post=955"}],"version-history":[{"count":30,"href":"https:\/\/auraparis.org\/fr\/wp-json\/wp\/v2\/pages\/955\/revisions"}],"predecessor-version":[{"id":2568,"href":"https:\/\/auraparis.org\/fr\/wp-json\/wp\/v2\/pages\/955\/revisions\/2568"}],"up":[{"embeddable":true,"href":"https:\/\/auraparis.org\/fr\/wp-json\/wp\/v2\/pages\/976"}],"wp:featuredmedia":[{"embeddable":true,"href":"https:\/\/auraparis.org\/fr\/wp-json\/wp\/v2\/media\/275"}],"wp:attachment":[{"href":"https:\/\/auraparis.org\/fr\/wp-json\/wp\/v2\/media?parent=955"}],"curies":[{"name":"wp","href":"https:\/\/api.w.org\/{rel}","templated":true}]}}