{"id":957,"date":"2021-12-11T23:13:52","date_gmt":"2021-12-11T20:13:52","guid":{"rendered":"http:\/\/auraparis2021.pastelle.fr\/?page_id=957"},"modified":"2022-01-17T14:32:47","modified_gmt":"2022-01-17T11:32:47","slug":"activites-de-recherche","status":"publish","type":"page","link":"https:\/\/auraparis.org\/fr\/recherche-et-enseignement\/activites-de-recherche\/","title":{"rendered":"Activit\u00e9s de recherche"},"content":{"rendered":"<p>[vc_row el_class=\u00a0\u00bbaura-custom-tabs-container\u00a0\u00bb][vc_column][vc_row_inner el_class=\u00a0\u00bbaura-custom-tab-item-content\u00a0\u00bb][vc_column_inner][vc_custom_heading text=\u00a0\u00bbChiffres cl\u00e9s\u00a0\u00bb font_container=\u00a0\u00bbtag:div|text_align:left\u00a0\u00bb use_theme_fonts=\u00a0\u00bbyes\u00a0\u00bb el_class=\u00a0\u00bbcontent-sub-title\u00a0\u00bb][vc_column_text el_class=\u00a0\u00bbaura-custom-tab-item-content\u00a0\u00bb css=\u00a0\u00bb.vc_custom_1642339721170{padding-left: 50px !important;}\u00a0\u00bb]<\/p>\n<p class=\"p1\"><b>2016\u00a0:<\/b> ann\u00e9e de cr\u00e9ation du Conseil Scientifique<\/p>\n<p class=\"p1\">Participation aux cohortes CKD-REIN, REIN, RDPLF et DOPPS<\/p>\n<p>&nbsp;<\/p>\n<p class=\"p1\"><span class=\"s1\"><b>2019\u00a0:<\/b> <\/span>participation au r\u00e9seau de recherche en maladie r\u00e9nale chronique de la FEHAP<\/p>\n<p>&nbsp;<\/p>\n<p class=\"p3\"><b>Pour l\u2019ann\u00e9e 2020\u00a0: <\/b><\/p>\n<p class=\"p3\">13 publications<\/p>\n<p class=\"p3\">15 \u00e9tudes cliniques en cours<\/p>\n<p>[\/vc_column_text][vc_custom_heading text=\u00a0\u00bbPublications\u00a0\u00bb font_container=\u00a0\u00bbtag:div|text_align:left\u00a0\u00bb use_theme_fonts=\u00a0\u00bbyes\u00a0\u00bb el_class=\u00a0\u00bbcontent-sub-title\u00a0\u00bb][vc_column_text el_class=\u00a0\u00bbaura-custom-tab-item-content\u00a0\u00bb css=\u00a0\u00bb.vc_custom_1642419163482{padding-left: 50px !important;}\u00a0\u00bb]<\/p>\n<p class=\"p1\">63 publications r\u00e9f\u00e9renc\u00e9es dans Pubmed depuis 2015 : <a href=\"\/wp-content\/uploads\/2022\/01\/Liste-des-publications-depuis-2015.pdf\" target=\"_blank\" rel=\"noopener\"><span class=\"s1\">cliquer ici<\/span><\/a><\/p>\n<p>[\/vc_column_text][\/vc_column_inner][\/vc_row_inner][vc_row_inner el_class=\u00a0\u00bbaura-custom-tab-item-content\u00a0\u00bb][vc_column_inner][vc_custom_heading text=\u00a0\u00bbFonctionnement\u00a0\u00bb font_container=\u00a0\u00bbtag:div|text_align:left\u00a0\u00bb use_theme_fonts=\u00a0\u00bbyes\u00a0\u00bb el_class=\u00a0\u00bbcontent-sub-title\u00a0\u00bb][vc_column_text el_class=\u00a0\u00bbaura-custom-tab-item-content\u00a0\u00bb css=\u00a0\u00bb.vc_custom_1642339776484{padding-left: 50px !important;}\u00a0\u00bb]<\/p>\n<p class=\"p1\">Les \u00e9quipes m\u00e9dicales de l\u2019AURA m\u00e8nent des travaux de recherches en parall\u00e8le avec leurs activit\u00e9s cliniques courantes. Ces travaux conduisent l\u2019AURA \u00e0 \u00eatre promoteur d\u2019\u00e9tudes cliniques ou investigateur, dans le cadre de Programme Hospitalier de Recherche Clinique (<b>PHRC<\/b>), de partenariats avec des \u00e9tablissements de sant\u00e9 de proximit\u00e9 comme l\u2019Assistance Publique-H\u00f4pitaux de Paris, le Groupe Hospitalier Paris Saint Joseph, de r\u00e9seaux (FEHAP) ou de collaborations avec des industriels. Ainsi, les patients pris en charge \u00e0 l\u2019AURA pourront \u00eatre sollicit\u00e9s pour participer \u00e0 des projets de recherche, dans le but d\u2019am\u00e9liorer leur prise en charge.<\/p>\n<p>&nbsp;<\/p>\n<p class=\"p3\">Les derni\u00e8res ann\u00e9es ont \u00e9t\u00e9 marqu\u00e9es par une augmentation des activit\u00e9s de recherche \u00e0 l\u2019AURA et la concr\u00e9tisation de travaux communs entre ses 2 principaux centres AURA Paris Plaisance et AURA Saint Ouen.<\/p>\n<p>[\/vc_column_text][\/vc_column_inner][\/vc_row_inner][\/vc_column][\/vc_row]<\/p>\n","protected":false},"excerpt":{"rendered":"<p>[vc_row el_class=\u00a0\u00bbaura-custom-tabs-container\u00a0\u00bb][vc_column][vc_row_inner el_class=\u00a0\u00bbaura-custom-tab-item-content\u00a0\u00bb][vc_column_inner][vc_custom_heading text=\u00a0\u00bbChiffres cl\u00e9s\u00a0\u00bb font_container=\u00a0\u00bbtag:div|text_align:left\u00a0\u00bb use_theme_fonts=\u00a0\u00bbyes\u00a0\u00bb el_class=\u00a0\u00bbcontent-sub-title\u00a0\u00bb][vc_column_text el_class=\u00a0\u00bbaura-custom-tab-item-content\u00a0\u00bb css=\u00a0\u00bb.vc_custom_1642339721170{padding-left: 50px !important;}\u00a0\u00bb] 2016\u00a0: ann\u00e9e de cr\u00e9ation du Conseil Scientifique Participation aux cohortes CKD-REIN, REIN, RDPLF et DOPPS &nbsp; 2019\u00a0: participation au r\u00e9seau de recherche en maladie r\u00e9nale chronique de la FEHAP &nbsp; Pour l\u2019ann\u00e9e 2020\u00a0: 13 publications 15 \u00e9tudes cliniques en cours [\/vc_column_text][vc_custom_heading text=\u00a0\u00bbPublications\u00a0\u00bb font_container=\u00a0\u00bbtag:div|text_align:left\u00a0\u00bb &hellip; <\/p>\n<p class=\"link-more\"><a href=\"https:\/\/auraparis.org\/fr\/recherche-et-enseignement\/activites-de-recherche\/\" class=\"more-link\">Continuer la lecture <span class=\"screen-reader-text\"> \u00ab\u00a0Activit\u00e9s de recherche\u00a0\u00bb<\/span><\/a><\/p>\n","protected":false},"author":5,"featured_media":275,"parent":976,"menu_order":57,"comment_status":"closed","ping_status":"closed","template":"templates\/template-education.php","meta":{"_acf_changed":false,"footnotes":""},"class_list":["post-957","page","type-page","status-publish","has-post-thumbnail","hentry","entry"],"acf":[],"yoast_head":"<!-- This site is optimized with the Yoast SEO plugin v27.3 - https:\/\/yoast.com\/product\/yoast-seo-wordpress\/ -->\n<title>Activit\u00e9s de recherche - L&#039;AURA Paris<\/title>\n<meta name=\"robots\" content=\"index, follow, max-snippet:-1, max-image-preview:large, max-video-preview:-1\" \/>\n<link rel=\"canonical\" href=\"https:\/\/auraparis.org\/fr\/recherche-et-enseignement\/activites-de-recherche\/\" \/>\n<meta property=\"og:locale\" content=\"fr_FR\" \/>\n<meta property=\"og:type\" content=\"article\" \/>\n<meta property=\"og:title\" content=\"Activit\u00e9s de recherche - L&#039;AURA Paris\" \/>\n<meta property=\"og:description\" content=\"[vc_row el_class=\u00a0\u00bbaura-custom-tabs-container\u00a0\u00bb][vc_column][vc_row_inner el_class=\u00a0\u00bbaura-custom-tab-item-content\u00a0\u00bb][vc_column_inner][vc_custom_heading text=\u00a0\u00bbChiffres cl\u00e9s\u00a0\u00bb font_container=\u00a0\u00bbtag:div|text_align:left\u00a0\u00bb use_theme_fonts=\u00a0\u00bbyes\u00a0\u00bb el_class=\u00a0\u00bbcontent-sub-title\u00a0\u00bb][vc_column_text el_class=\u00a0\u00bbaura-custom-tab-item-content\u00a0\u00bb css=\u00a0\u00bb.vc_custom_1642339721170{padding-left: 50px !important;}\u00a0\u00bb] 2016\u00a0: ann\u00e9e de cr\u00e9ation du Conseil Scientifique Participation aux cohortes CKD-REIN, REIN, RDPLF et DOPPS &nbsp; 2019\u00a0: participation au r\u00e9seau de recherche en maladie r\u00e9nale chronique de la FEHAP &nbsp; Pour l\u2019ann\u00e9e 2020\u00a0: 13 publications 15 \u00e9tudes cliniques en cours [\/vc_column_text][vc_custom_heading text=\u00a0\u00bbPublications\u00a0\u00bb font_container=\u00a0\u00bbtag:div|text_align:left\u00a0\u00bb &hellip; Continuer la lecture \u00ab\u00a0Activit\u00e9s de recherche\u00a0\u00bb\" \/>\n<meta property=\"og:url\" content=\"https:\/\/auraparis.org\/fr\/recherche-et-enseignement\/activites-de-recherche\/\" \/>\n<meta property=\"og:site_name\" content=\"L&#039;AURA Paris\" \/>\n<meta property=\"article:modified_time\" content=\"2022-01-17T11:32:47+00:00\" \/>\n<meta property=\"og:image\" content=\"https:\/\/auraparis.org\/wp-content\/uploads\/2021\/11\/iStock-1096502340\u00a9sanjeri-scaled-1.jpg\" \/>\n\t<meta property=\"og:image:width\" content=\"2000\" \/>\n\t<meta property=\"og:image:height\" content=\"518\" \/>\n\t<meta property=\"og:image:type\" content=\"image\/jpeg\" \/>\n<meta name=\"twitter:card\" content=\"summary_large_image\" \/>\n<meta name=\"twitter:label1\" content=\"Dur\u00e9e de lecture estim\u00e9e\" \/>\n\t<meta name=\"twitter:data1\" content=\"2 minutes\" \/>\n<script type=\"application\/ld+json\" class=\"yoast-schema-graph\">{\"@context\":\"https:\\\/\\\/schema.org\",\"@graph\":[{\"@type\":\"WebPage\",\"@id\":\"https:\\\/\\\/auraparis.org\\\/fr\\\/recherche-et-enseignement\\\/activites-de-recherche\\\/\",\"url\":\"https:\\\/\\\/auraparis.org\\\/fr\\\/recherche-et-enseignement\\\/activites-de-recherche\\\/\",\"name\":\"Activit\u00e9s de recherche - L&#039;AURA Paris\",\"isPartOf\":{\"@id\":\"https:\\\/\\\/auraparis.org\\\/#website\"},\"primaryImageOfPage\":{\"@id\":\"https:\\\/\\\/auraparis.org\\\/fr\\\/recherche-et-enseignement\\\/activites-de-recherche\\\/#primaryimage\"},\"image\":{\"@id\":\"https:\\\/\\\/auraparis.org\\\/fr\\\/recherche-et-enseignement\\\/activites-de-recherche\\\/#primaryimage\"},\"thumbnailUrl\":\"https:\\\/\\\/auraparis.org\\\/wp-content\\\/uploads\\\/2021\\\/11\\\/iStock-1096502340\u00a9sanjeri-scaled-1.jpg\",\"datePublished\":\"2021-12-11T20:13:52+00:00\",\"dateModified\":\"2022-01-17T11:32:47+00:00\",\"breadcrumb\":{\"@id\":\"https:\\\/\\\/auraparis.org\\\/fr\\\/recherche-et-enseignement\\\/activites-de-recherche\\\/#breadcrumb\"},\"inLanguage\":\"fr-FR\",\"potentialAction\":[{\"@type\":\"ReadAction\",\"target\":[\"https:\\\/\\\/auraparis.org\\\/fr\\\/recherche-et-enseignement\\\/activites-de-recherche\\\/\"]}]},{\"@type\":\"ImageObject\",\"inLanguage\":\"fr-FR\",\"@id\":\"https:\\\/\\\/auraparis.org\\\/fr\\\/recherche-et-enseignement\\\/activites-de-recherche\\\/#primaryimage\",\"url\":\"https:\\\/\\\/auraparis.org\\\/wp-content\\\/uploads\\\/2021\\\/11\\\/iStock-1096502340\u00a9sanjeri-scaled-1.jpg\",\"contentUrl\":\"https:\\\/\\\/auraparis.org\\\/wp-content\\\/uploads\\\/2021\\\/11\\\/iStock-1096502340\u00a9sanjeri-scaled-1.jpg\",\"width\":2000,\"height\":518},{\"@type\":\"BreadcrumbList\",\"@id\":\"https:\\\/\\\/auraparis.org\\\/fr\\\/recherche-et-enseignement\\\/activites-de-recherche\\\/#breadcrumb\",\"itemListElement\":[{\"@type\":\"ListItem\",\"position\":1,\"name\":\"Accueil\",\"item\":\"https:\\\/\\\/auraparis.org\\\/fr\\\/\"},{\"@type\":\"ListItem\",\"position\":2,\"name\":\"Recherche et enseignement\",\"item\":\"http:\\\/\\\/auraparis.org\\\/fr\\\/recherche-et-enseignement\\\/\"},{\"@type\":\"ListItem\",\"position\":3,\"name\":\"Activit\u00e9s de recherche\"}]},{\"@type\":\"WebSite\",\"@id\":\"https:\\\/\\\/auraparis.org\\\/#website\",\"url\":\"https:\\\/\\\/auraparis.org\\\/\",\"name\":\"L&#039;AURA Paris\",\"description\":\"\",\"publisher\":{\"@id\":\"https:\\\/\\\/auraparis.org\\\/#organization\"},\"potentialAction\":[{\"@type\":\"SearchAction\",\"target\":{\"@type\":\"EntryPoint\",\"urlTemplate\":\"https:\\\/\\\/auraparis.org\\\/?s={search_term_string}\"},\"query-input\":{\"@type\":\"PropertyValueSpecification\",\"valueRequired\":true,\"valueName\":\"search_term_string\"}}],\"inLanguage\":\"fr-FR\"},{\"@type\":\"Organization\",\"@id\":\"https:\\\/\\\/auraparis.org\\\/#organization\",\"name\":\"L&#039;AURA Paris\",\"url\":\"https:\\\/\\\/auraparis.org\\\/\",\"logo\":{\"@type\":\"ImageObject\",\"inLanguage\":\"fr-FR\",\"@id\":\"https:\\\/\\\/auraparis.org\\\/#\\\/schema\\\/logo\\\/image\\\/\",\"url\":\"https:\\\/\\\/auraparis.org\\\/wp-content\\\/uploads\\\/2026\\\/02\\\/cropped-favicon-dore.jpg\",\"contentUrl\":\"https:\\\/\\\/auraparis.org\\\/wp-content\\\/uploads\\\/2026\\\/02\\\/cropped-favicon-dore.jpg\",\"width\":190,\"height\":190,\"caption\":\"L&#039;AURA Paris\"},\"image\":{\"@id\":\"https:\\\/\\\/auraparis.org\\\/#\\\/schema\\\/logo\\\/image\\\/\"}}]}<\/script>\n<!-- \/ Yoast SEO plugin. -->","yoast_head_json":{"title":"Activit\u00e9s de recherche - L&#039;AURA Paris","robots":{"index":"index","follow":"follow","max-snippet":"max-snippet:-1","max-image-preview":"max-image-preview:large","max-video-preview":"max-video-preview:-1"},"canonical":"https:\/\/auraparis.org\/fr\/recherche-et-enseignement\/activites-de-recherche\/","og_locale":"fr_FR","og_type":"article","og_title":"Activit\u00e9s de recherche - L&#039;AURA Paris","og_description":"[vc_row el_class=\u00a0\u00bbaura-custom-tabs-container\u00a0\u00bb][vc_column][vc_row_inner el_class=\u00a0\u00bbaura-custom-tab-item-content\u00a0\u00bb][vc_column_inner][vc_custom_heading text=\u00a0\u00bbChiffres cl\u00e9s\u00a0\u00bb font_container=\u00a0\u00bbtag:div|text_align:left\u00a0\u00bb use_theme_fonts=\u00a0\u00bbyes\u00a0\u00bb el_class=\u00a0\u00bbcontent-sub-title\u00a0\u00bb][vc_column_text el_class=\u00a0\u00bbaura-custom-tab-item-content\u00a0\u00bb css=\u00a0\u00bb.vc_custom_1642339721170{padding-left: 50px !important;}\u00a0\u00bb] 2016\u00a0: ann\u00e9e de cr\u00e9ation du Conseil Scientifique Participation aux cohortes CKD-REIN, REIN, RDPLF et DOPPS &nbsp; 2019\u00a0: participation au r\u00e9seau de recherche en maladie r\u00e9nale chronique de la FEHAP &nbsp; Pour l\u2019ann\u00e9e 2020\u00a0: 13 publications 15 \u00e9tudes cliniques en cours [\/vc_column_text][vc_custom_heading text=\u00a0\u00bbPublications\u00a0\u00bb font_container=\u00a0\u00bbtag:div|text_align:left\u00a0\u00bb &hellip; Continuer la lecture \u00ab\u00a0Activit\u00e9s de recherche\u00a0\u00bb","og_url":"https:\/\/auraparis.org\/fr\/recherche-et-enseignement\/activites-de-recherche\/","og_site_name":"L&#039;AURA Paris","article_modified_time":"2022-01-17T11:32:47+00:00","og_image":[{"width":2000,"height":518,"url":"https:\/\/auraparis.org\/wp-content\/uploads\/2021\/11\/iStock-1096502340\u00a9sanjeri-scaled-1.jpg","type":"image\/jpeg"}],"twitter_card":"summary_large_image","twitter_misc":{"Dur\u00e9e de lecture estim\u00e9e":"2 minutes"},"schema":{"@context":"https:\/\/schema.org","@graph":[{"@type":"WebPage","@id":"https:\/\/auraparis.org\/fr\/recherche-et-enseignement\/activites-de-recherche\/","url":"https:\/\/auraparis.org\/fr\/recherche-et-enseignement\/activites-de-recherche\/","name":"Activit\u00e9s de recherche - L&#039;AURA Paris","isPartOf":{"@id":"https:\/\/auraparis.org\/#website"},"primaryImageOfPage":{"@id":"https:\/\/auraparis.org\/fr\/recherche-et-enseignement\/activites-de-recherche\/#primaryimage"},"image":{"@id":"https:\/\/auraparis.org\/fr\/recherche-et-enseignement\/activites-de-recherche\/#primaryimage"},"thumbnailUrl":"https:\/\/auraparis.org\/wp-content\/uploads\/2021\/11\/iStock-1096502340\u00a9sanjeri-scaled-1.jpg","datePublished":"2021-12-11T20:13:52+00:00","dateModified":"2022-01-17T11:32:47+00:00","breadcrumb":{"@id":"https:\/\/auraparis.org\/fr\/recherche-et-enseignement\/activites-de-recherche\/#breadcrumb"},"inLanguage":"fr-FR","potentialAction":[{"@type":"ReadAction","target":["https:\/\/auraparis.org\/fr\/recherche-et-enseignement\/activites-de-recherche\/"]}]},{"@type":"ImageObject","inLanguage":"fr-FR","@id":"https:\/\/auraparis.org\/fr\/recherche-et-enseignement\/activites-de-recherche\/#primaryimage","url":"https:\/\/auraparis.org\/wp-content\/uploads\/2021\/11\/iStock-1096502340\u00a9sanjeri-scaled-1.jpg","contentUrl":"https:\/\/auraparis.org\/wp-content\/uploads\/2021\/11\/iStock-1096502340\u00a9sanjeri-scaled-1.jpg","width":2000,"height":518},{"@type":"BreadcrumbList","@id":"https:\/\/auraparis.org\/fr\/recherche-et-enseignement\/activites-de-recherche\/#breadcrumb","itemListElement":[{"@type":"ListItem","position":1,"name":"Accueil","item":"https:\/\/auraparis.org\/fr\/"},{"@type":"ListItem","position":2,"name":"Recherche et enseignement","item":"http:\/\/auraparis.org\/fr\/recherche-et-enseignement\/"},{"@type":"ListItem","position":3,"name":"Activit\u00e9s de recherche"}]},{"@type":"WebSite","@id":"https:\/\/auraparis.org\/#website","url":"https:\/\/auraparis.org\/","name":"L&#039;AURA Paris","description":"","publisher":{"@id":"https:\/\/auraparis.org\/#organization"},"potentialAction":[{"@type":"SearchAction","target":{"@type":"EntryPoint","urlTemplate":"https:\/\/auraparis.org\/?s={search_term_string}"},"query-input":{"@type":"PropertyValueSpecification","valueRequired":true,"valueName":"search_term_string"}}],"inLanguage":"fr-FR"},{"@type":"Organization","@id":"https:\/\/auraparis.org\/#organization","name":"L&#039;AURA Paris","url":"https:\/\/auraparis.org\/","logo":{"@type":"ImageObject","inLanguage":"fr-FR","@id":"https:\/\/auraparis.org\/#\/schema\/logo\/image\/","url":"https:\/\/auraparis.org\/wp-content\/uploads\/2026\/02\/cropped-favicon-dore.jpg","contentUrl":"https:\/\/auraparis.org\/wp-content\/uploads\/2026\/02\/cropped-favicon-dore.jpg","width":190,"height":190,"caption":"L&#039;AURA Paris"},"image":{"@id":"https:\/\/auraparis.org\/#\/schema\/logo\/image\/"}}]}},"_links":{"self":[{"href":"https:\/\/auraparis.org\/fr\/wp-json\/wp\/v2\/pages\/957","targetHints":{"allow":["GET"]}}],"collection":[{"href":"https:\/\/auraparis.org\/fr\/wp-json\/wp\/v2\/pages"}],"about":[{"href":"https:\/\/auraparis.org\/fr\/wp-json\/wp\/v2\/types\/page"}],"author":[{"embeddable":true,"href":"https:\/\/auraparis.org\/fr\/wp-json\/wp\/v2\/users\/5"}],"replies":[{"embeddable":true,"href":"https:\/\/auraparis.org\/fr\/wp-json\/wp\/v2\/comments?post=957"}],"version-history":[{"count":7,"href":"https:\/\/auraparis.org\/fr\/wp-json\/wp\/v2\/pages\/957\/revisions"}],"predecessor-version":[{"id":1159,"href":"https:\/\/auraparis.org\/fr\/wp-json\/wp\/v2\/pages\/957\/revisions\/1159"}],"up":[{"embeddable":true,"href":"https:\/\/auraparis.org\/fr\/wp-json\/wp\/v2\/pages\/976"}],"wp:featuredmedia":[{"embeddable":true,"href":"https:\/\/auraparis.org\/fr\/wp-json\/wp\/v2\/media\/275"}],"wp:attachment":[{"href":"https:\/\/auraparis.org\/fr\/wp-json\/wp\/v2\/media?parent=957"}],"curies":[{"name":"wp","href":"https:\/\/api.w.org\/{rel}","templated":true}]}}